{"id":1080,"date":"2022-07-23T10:06:59","date_gmt":"2022-07-23T02:06:59","guid":{"rendered":"https:\/\/goodsheet.bbswaimao.com\/?post_type=product&amp;p=1080"},"modified":"2022-07-23T10:06:59","modified_gmt":"2022-07-23T02:06:59","slug":"oem-personalizado-de-alta-precision-soporte-de-chapa-de-estampacion-de-piezas","status":"publish","type":"product","link":"https:\/\/metalpie.com\/es\/pieza-de-estampacion-metalica\/oem-personalizado-de-alta-precision-soporte-de-chapa-de-estampacion-de-piezas\/","title":{"rendered":"OEM personalizado de alta precisi\u00f3n soporte de chapa de estampaci\u00f3n de piezas"},"content":{"rendered":"<table style=\"height: 364px\" width=\"1425\">\n<tbody>\n<tr>\n<td width=\"206\">Nombre del producto<\/td>\n<td width=\"535\">Piezas met\u00e1licas personalizadas acero inoxidable aluminio cobre estampaci\u00f3n piezas<\/td>\n<\/tr>\n<tr>\n<td width=\"206\">Material<\/td>\n<td width=\"535\">SPCC SECC AL SST<\/td>\n<\/tr>\n<tr>\n<td width=\"206\">Talla<\/td>\n<td width=\"535\">De acuerdo con los dibujos, muestras o sus peticiones<\/td>\n<\/tr>\n<tr>\n<td width=\"206\">Servicios<\/td>\n<td width=\"535\">Proveedor \u00fanico de servicios de estampaci\u00f3n, forja, fundici\u00f3n y mecanizado para clientes<\/td>\n<\/tr>\n<tr>\n<td width=\"206\">Dise\u00f1o<\/td>\n<td width=\"535\">De acuerdo con los dibujos, muestras o sus peticiones<\/td>\n<\/tr>\n<tr>\n<td width=\"206\">Normas del sector<\/td>\n<td width=\"535\">&nbsp;<\/p>\n<p>DIN\/ ISO 9001:2015 Conforme a RoHS<\/td>\n<\/tr>\n<tr>\n<td width=\"206\">Plazo de pago<\/td>\n<td width=\"535\">\u00a0\u00a0L\/C,T\/T, Paypal, Varias opciones para hacer el pago m\u00e1s conveniente<\/td>\n<\/tr>\n<tr>\n<td width=\"206\">Control de calidad<\/td>\n<td width=\"535\">\u00a0Comprobador RoHS , calibradores , comprobador de salinidad , instrumento de medici\u00f3n de coordenadas<\/td>\n<\/tr>\n<tr>\n<td width=\"206\">M\u00e1s informaci\u00f3n en<\/td>\n<td width=\"535\">\u00a01)Se aceptan pedidos de muestra y pedidos peque\u00f1os;<br \/>\n2)Los m\u00e9todos de entrega: DHL, EMS, UPS o Fedex (m\u00e1s r\u00e1pido y m\u00e1s seguro)<br \/>\n3) Situado en la base de fabricaci\u00f3n de la ciudad de Shenzhen, China, tambi\u00e9n ayudamos a los clientes a dise\u00f1ar de acuerdo con los requisitos de los clientes y la aplicaci\u00f3n de los productos.<\/td>\n<\/tr>\n<\/tbody>\n<\/table>","protected":false},"excerpt":{"rendered":"<p>Las piezas estampadas se basan en prensas y moldes para ejercer fuerzas externas sobre placas, tiras, tubos y perfiles con el fin de producir una deformaci\u00f3n o separaci\u00f3n pl\u00e1stica.<\/p>","protected":false},"featured_media":1087,"comment_status":"closed","ping_status":"closed","template":"","meta":[],"product_cat":[110],"class_list":["post-1080","product","type-product","status-publish","has-post-thumbnail","hentry","product_cat-metal-stamping-part"],"yoast_head":"<!-- This site is optimized with the Yoast SEO plugin v21.5 - https:\/\/yoast.com\/wordpress\/plugins\/seo\/ -->\n<title>OEM custom high precision bracket sheet metal stamping parts - METALPIE<\/title>\n<meta name=\"robots\" content=\"index, follow, max-snippet:-1, max-image-preview:large, max-video-preview:-1\" \/>\n<link rel=\"canonical\" href=\"https:\/\/metalpie.com\/es\/pieza-de-estampacion-metalica\/oem-personalizado-de-alta-precision-soporte-de-chapa-de-estampacion-de-piezas\/\" \/>\n<meta property=\"og:locale\" content=\"es_ES\" \/>\n<meta property=\"og:type\" content=\"article\" \/>\n<meta property=\"og:title\" content=\"OEM custom high precision bracket sheet metal stamping parts - METALPIE\" \/>\n<meta property=\"og:description\" content=\"Stamping parts rely on presses and molds to exert external forces on plates, strips, pipes and profiles to produce plastic deformation or separation.\" \/>\n<meta property=\"og:url\" content=\"https:\/\/metalpie.com\/es\/pieza-de-estampacion-metalica\/oem-personalizado-de-alta-precision-soporte-de-chapa-de-estampacion-de-piezas\/\" \/>\n<meta property=\"og:site_name\" content=\"METALPIE\" \/>\n<meta name=\"twitter:card\" content=\"summary_large_image\" \/>\n<meta name=\"twitter:label1\" content=\"Tiempo de lectura\" \/>\n\t<meta name=\"twitter:data1\" content=\"1 minuto\" \/>\n<script type=\"application\/ld+json\" class=\"yoast-schema-graph\">{\"@context\":\"https:\/\/schema.org\",\"@graph\":[{\"@type\":\"WebPage\",\"@id\":\"https:\/\/metalpie.com\/metal-stamping-part\/oem-custom-high-precision-bracket-sheet-metal-stamping-parts\/\",\"url\":\"https:\/\/metalpie.com\/metal-stamping-part\/oem-custom-high-precision-bracket-sheet-metal-stamping-parts\/\",\"name\":\"OEM custom high precision bracket sheet metal stamping parts - METALPIE\",\"isPartOf\":{\"@id\":\"https:\/\/metalpie.com\/#website\"},\"datePublished\":\"2022-07-23T02:06:59+00:00\",\"dateModified\":\"2022-07-23T02:06:59+00:00\",\"breadcrumb\":{\"@id\":\"https:\/\/metalpie.com\/metal-stamping-part\/oem-custom-high-precision-bracket-sheet-metal-stamping-parts\/#breadcrumb\"},\"inLanguage\":\"es\",\"potentialAction\":[{\"@type\":\"ReadAction\",\"target\":[\"https:\/\/metalpie.com\/metal-stamping-part\/oem-custom-high-precision-bracket-sheet-metal-stamping-parts\/\"]}]},{\"@type\":\"BreadcrumbList\",\"@id\":\"https:\/\/metalpie.com\/metal-stamping-part\/oem-custom-high-precision-bracket-sheet-metal-stamping-parts\/#breadcrumb\",\"itemListElement\":[{\"@type\":\"ListItem\",\"position\":1,\"name\":\"Home\",\"item\":\"https:\/\/metalpie.com\/\"},{\"@type\":\"ListItem\",\"position\":2,\"name\":\"Products\",\"item\":\"https:\/\/metalpie.com\/shop\/\"},{\"@type\":\"ListItem\",\"position\":3,\"name\":\"OEM custom high precision bracket sheet metal stamping parts\"}]},{\"@type\":\"WebSite\",\"@id\":\"https:\/\/metalpie.com\/#website\",\"url\":\"https:\/\/metalpie.com\/\",\"name\":\"METALPIE\",\"description\":\"Precision Metal Fabrication | Tools, Processes &amp; More\",\"potentialAction\":[{\"@type\":\"SearchAction\",\"target\":{\"@type\":\"EntryPoint\",\"urlTemplate\":\"https:\/\/metalpie.com\/?s={search_term_string}\"},\"query-input\":\"required name=search_term_string\"}],\"inLanguage\":\"es\"}]}<\/script>\n<!-- \/ Yoast SEO plugin. -->","yoast_head_json":{"title":"OEM personalizado de alta precisi\u00f3n soporte de chapa de estampaci\u00f3n de piezas - METALPIE","robots":{"index":"index","follow":"follow","max-snippet":"max-snippet:-1","max-image-preview":"max-image-preview:large","max-video-preview":"max-video-preview:-1"},"canonical":"https:\/\/metalpie.com\/es\/pieza-de-estampacion-metalica\/oem-personalizado-de-alta-precision-soporte-de-chapa-de-estampacion-de-piezas\/","og_locale":"es_ES","og_type":"article","og_title":"OEM custom high precision bracket sheet metal stamping parts - METALPIE","og_description":"Stamping parts rely on presses and molds to exert external forces on plates, strips, pipes and profiles to produce plastic deformation or separation.","og_url":"https:\/\/metalpie.com\/es\/pieza-de-estampacion-metalica\/oem-personalizado-de-alta-precision-soporte-de-chapa-de-estampacion-de-piezas\/","og_site_name":"METALPIE","twitter_card":"summary_large_image","twitter_misc":{"Tiempo de lectura":"1 minuto"},"schema":{"@context":"https:\/\/schema.org","@graph":[{"@type":"WebPage","@id":"https:\/\/metalpie.com\/metal-stamping-part\/oem-custom-high-precision-bracket-sheet-metal-stamping-parts\/","url":"https:\/\/metalpie.com\/metal-stamping-part\/oem-custom-high-precision-bracket-sheet-metal-stamping-parts\/","name":"OEM personalizado de alta precisi\u00f3n soporte de chapa de estampaci\u00f3n de piezas - METALPIE","isPartOf":{"@id":"https:\/\/metalpie.com\/#website"},"datePublished":"2022-07-23T02:06:59+00:00","dateModified":"2022-07-23T02:06:59+00:00","breadcrumb":{"@id":"https:\/\/metalpie.com\/metal-stamping-part\/oem-custom-high-precision-bracket-sheet-metal-stamping-parts\/#breadcrumb"},"inLanguage":"es","potentialAction":[{"@type":"ReadAction","target":["https:\/\/metalpie.com\/metal-stamping-part\/oem-custom-high-precision-bracket-sheet-metal-stamping-parts\/"]}]},{"@type":"BreadcrumbList","@id":"https:\/\/metalpie.com\/metal-stamping-part\/oem-custom-high-precision-bracket-sheet-metal-stamping-parts\/#breadcrumb","itemListElement":[{"@type":"ListItem","position":1,"name":"Home","item":"https:\/\/metalpie.com\/"},{"@type":"ListItem","position":2,"name":"Products","item":"https:\/\/metalpie.com\/shop\/"},{"@type":"ListItem","position":3,"name":"OEM custom high precision bracket sheet metal stamping parts"}]},{"@type":"WebSite","@id":"https:\/\/metalpie.com\/#website","url":"https:\/\/metalpie.com\/","name":"METALPIE","description":"Fabricaci\u00f3n de metales de precisi\u00f3n | Herramientas, procesos y m\u00e1s","potentialAction":[{"@type":"SearchAction","target":{"@type":"EntryPoint","urlTemplate":"https:\/\/metalpie.com\/?s={search_term_string}"},"query-input":"required name=search_term_string"}],"inLanguage":"es"}]}},"_links":{"self":[{"href":"https:\/\/metalpie.com\/es\/wp-json\/wp\/v2\/product\/1080","targetHints":{"allow":["GET"]}}],"collection":[{"href":"https:\/\/metalpie.com\/es\/wp-json\/wp\/v2\/product"}],"about":[{"href":"https:\/\/metalpie.com\/es\/wp-json\/wp\/v2\/types\/product"}],"replies":[{"embeddable":true,"href":"https:\/\/metalpie.com\/es\/wp-json\/wp\/v2\/comments?post=1080"}],"wp:featuredmedia":[{"embeddable":true,"href":"https:\/\/metalpie.com\/es\/wp-json\/"}],"wp:attachment":[{"href":"https:\/\/metalpie.com\/es\/wp-json\/wp\/v2\/media?parent=1080"}],"wp:term":[{"taxonomy":"product_cat","embeddable":true,"href":"https:\/\/metalpie.com\/es\/wp-json\/wp\/v2\/product_cat?post=1080"}],"curies":[{"name":"wp","href":"https:\/\/api.w.org\/{rel}","templated":true}]}}