{"id":1076,"date":"2022-08-15T23:16:56","date_gmt":"2022-08-15T15:16:56","guid":{"rendered":"https:\/\/goodsheet.bbswaimao.com\/?post_type=product&amp;p=1076"},"modified":"2022-08-15T23:16:56","modified_gmt":"2022-08-15T15:16:56","slug":"lorem-ipsum-dolor-sit-amet-consectetuer-adipisci-%e5%a4%8d%e5%88%b6-duplicate-1","status":"publish","type":"product","link":"https:\/\/metalpie.com\/es\/impresora-3d-de-metal\/lorem-ipsum-dolor-sit-amet-consectetuer-adipisci-%e5%a4%8d%e5%88%b6-duplicate-1\/","title":{"rendered":"OEM personalizado de fabricaci\u00f3n de chapa met\u00e1lica carcasa de la impresora 3D"},"content":{"rendered":"<table class=\"has-title hight-light-first-column all magic-4\" style=\"height: 409px\" width=\"800\">\n<tbody>\n<tr>\n<td colspan=\"1\" rowspan=\"1\">\n<div class=\"magic-5\" data-spm-anchor-id=\"a2700.details.0.i30.64901cea8wrLjz\">Nombre<\/div>\n<\/td>\n<td colspan=\"1\" rowspan=\"1\">\n<div class=\"magic-6\">OEM Fabricaci\u00f3n de chapa met\u00e1lica personalizada Servicio de carcasa de impresora 3D<\/div>\n<\/td>\n<\/tr>\n<tr>\n<td colspan=\"1\" rowspan=\"1\">\n<div class=\"magic-5\">Material<\/div>\n<\/td>\n<td colspan=\"1\" rowspan=\"1\">\n<div class=\"magic-6\">Acero laminado<\/div>\n<\/td>\n<\/tr>\n<tr>\n<td colspan=\"1\" rowspan=\"1\">Tratamiento de superficies<\/td>\n<td colspan=\"1\" rowspan=\"1\">Recubrimiento en polvo<\/td>\n<\/tr>\n<tr>\n<td colspan=\"1\" rowspan=\"1\">Aplicaci\u00f3n<\/td>\n<td colspan=\"1\" rowspan=\"1\">Impresora 3D<\/td>\n<\/tr>\n<tr>\n<td colspan=\"1\" rowspan=\"1\">\n<div class=\"magic-5\">Embalaje<\/div>\n<\/td>\n<td colspan=\"1\" rowspan=\"1\">\n<div class=\"magic-6\">Embalaje interior: espuma \/ bolsa de pl\u00e1stico \/ papel \/ bolsa de burbujas \/ film estirable.<br \/>\nEmbalaje exterior: cajas de cart\u00f3n duro\/cajas de madera personalizadas.<\/div>\n<\/td>\n<\/tr>\n<tr>\n<td colspan=\"1\" rowspan=\"1\">\n<div class=\"magic-5\">Equipos de producci\u00f3n<\/div>\n<\/td>\n<td colspan=\"1\" rowspan=\"1\">\n<div class=\"magic-6\">Corte por l\u00e1ser Doblado Soldadura<\/div>\n<\/td>\n<\/tr>\n<tr>\n<td colspan=\"1\" rowspan=\"1\">\n<div class=\"magic-5\">Equipos de ensayo<\/div>\n<\/td>\n<td colspan=\"1\" rowspan=\"1\">\n<div class=\"magic-6\">Aparato de proyecci\u00f3n, ensayo de niebla salina, dur\u00f3metro y medidor de espesor de revestimiento<\/div>\n<\/td>\n<\/tr>\n<tr>\n<td colspan=\"1\" rowspan=\"1\">\n<div class=\"magic-5\">\u00a0Tolerancia<\/div>\n<\/td>\n<td colspan=\"1\" rowspan=\"1\">\n<div class=\"magic-6\">\u00b10,1~0,2 mm<\/div>\n<\/td>\n<\/tr>\n<tr>\n<td colspan=\"1\" rowspan=\"1\">\n<div class=\"magic-5\">Dibujo<\/div>\n<\/td>\n<td colspan=\"1\" rowspan=\"1\">\n<div class=\"magic-6\">JPG, PDF, CAD, DWG, STP, STEP<\/div>\n<\/td>\n<\/tr>\n<\/tbody>\n<\/table>\n<p>&nbsp;<\/p>","protected":false},"excerpt":{"rendered":"<p>Una carcasa de impresora 3d dise\u00f1ada para ser impresa y montada en una gran m\u00e1quina de impresi\u00f3n. Imprime un n\u00famero ilimitado de carcasas y esc\u00e1lalas a cualquier tama\u00f1o.<\/p>\n<p>Este dise\u00f1o se centra en el uso de acero laminado en fr\u00edo, as\u00ed como y hacer que el grado al aire libre de recubrimiento en polvo. Polvo de color de metal industrial de gama alta y un proceso de soldadura firme dejar\u00e1 que los productos perfectamente coinciden con las expectativas de todos los clientes.<\/p>","protected":false},"featured_media":1103,"comment_status":"closed","ping_status":"closed","template":"","meta":[],"product_cat":[111],"class_list":["post-1076","product","type-product","status-publish","has-post-thumbnail","hentry","product_cat-metal-3d-printer"],"yoast_head":"<!-- This site is optimized with the Yoast SEO plugin v21.5 - https:\/\/yoast.com\/wordpress\/plugins\/seo\/ -->\n<title>OEM Customized Sheet Metal Fabrication 3D Printer Enclosure - METALPIE<\/title>\n<meta name=\"robots\" content=\"index, follow, max-snippet:-1, max-image-preview:large, max-video-preview:-1\" \/>\n<link rel=\"canonical\" href=\"https:\/\/metalpie.com\/es\/impresora-3d-de-metal\/lorem-ipsum-dolor-sit-amet-consectetuer-adipisci-\u590d\u5236-duplicate-1\/\" \/>\n<meta property=\"og:locale\" content=\"es_ES\" \/>\n<meta property=\"og:type\" content=\"article\" \/>\n<meta property=\"og:title\" content=\"OEM Customized Sheet Metal Fabrication 3D Printer Enclosure - METALPIE\" \/>\n<meta property=\"og:description\" content=\"A 3d printer enclosure designed to be printed and assembled at big printer machine. Print out unlimited enclosures and scale them to any size. This design focuses on the use of cold rolled steel as well as and make the Outdoor grade powder coating. Up-market industrial metal color powder and a firm welding process will let the products perfectly matched all customer&#039;s expectations.\" \/>\n<meta property=\"og:url\" content=\"https:\/\/metalpie.com\/es\/impresora-3d-de-metal\/lorem-ipsum-dolor-sit-amet-consectetuer-adipisci-\u590d\u5236-duplicate-1\/\" \/>\n<meta property=\"og:site_name\" content=\"METALPIE\" \/>\n<meta name=\"twitter:card\" content=\"summary_large_image\" \/>\n<meta name=\"twitter:label1\" content=\"Tiempo de lectura\" \/>\n\t<meta name=\"twitter:data1\" content=\"1 minuto\" \/>\n<script type=\"application\/ld+json\" class=\"yoast-schema-graph\">{\"@context\":\"https:\/\/schema.org\",\"@graph\":[{\"@type\":\"WebPage\",\"@id\":\"https:\/\/metalpie.com\/metal-3d-printer\/lorem-ipsum-dolor-sit-amet-consectetuer-adipisci-%e5%a4%8d%e5%88%b6-duplicate-1\/\",\"url\":\"https:\/\/metalpie.com\/metal-3d-printer\/lorem-ipsum-dolor-sit-amet-consectetuer-adipisci-%e5%a4%8d%e5%88%b6-duplicate-1\/\",\"name\":\"OEM Customized Sheet Metal Fabrication 3D Printer Enclosure - METALPIE\",\"isPartOf\":{\"@id\":\"https:\/\/metalpie.com\/#website\"},\"datePublished\":\"2022-08-15T15:16:56+00:00\",\"dateModified\":\"2022-08-15T15:16:56+00:00\",\"breadcrumb\":{\"@id\":\"https:\/\/metalpie.com\/metal-3d-printer\/lorem-ipsum-dolor-sit-amet-consectetuer-adipisci-%e5%a4%8d%e5%88%b6-duplicate-1\/#breadcrumb\"},\"inLanguage\":\"es\",\"potentialAction\":[{\"@type\":\"ReadAction\",\"target\":[\"https:\/\/metalpie.com\/metal-3d-printer\/lorem-ipsum-dolor-sit-amet-consectetuer-adipisci-%e5%a4%8d%e5%88%b6-duplicate-1\/\"]}]},{\"@type\":\"BreadcrumbList\",\"@id\":\"https:\/\/metalpie.com\/metal-3d-printer\/lorem-ipsum-dolor-sit-amet-consectetuer-adipisci-%e5%a4%8d%e5%88%b6-duplicate-1\/#breadcrumb\",\"itemListElement\":[{\"@type\":\"ListItem\",\"position\":1,\"name\":\"Home\",\"item\":\"https:\/\/metalpie.com\/\"},{\"@type\":\"ListItem\",\"position\":2,\"name\":\"Products\",\"item\":\"https:\/\/metalpie.com\/shop\/\"},{\"@type\":\"ListItem\",\"position\":3,\"name\":\"OEM Customized Sheet Metal Fabrication 3D Printer Enclosure\"}]},{\"@type\":\"WebSite\",\"@id\":\"https:\/\/metalpie.com\/#website\",\"url\":\"https:\/\/metalpie.com\/\",\"name\":\"METALPIE\",\"description\":\"Precision Metal Fabrication | Tools, Processes &amp; More\",\"potentialAction\":[{\"@type\":\"SearchAction\",\"target\":{\"@type\":\"EntryPoint\",\"urlTemplate\":\"https:\/\/metalpie.com\/?s={search_term_string}\"},\"query-input\":\"required name=search_term_string\"}],\"inLanguage\":\"es\"}]}<\/script>\n<!-- \/ Yoast SEO plugin. -->","yoast_head_json":{"title":"OEM Fabricaci\u00f3n de chapa met\u00e1lica personalizada carcasa de la impresora 3D - METALPIE","robots":{"index":"index","follow":"follow","max-snippet":"max-snippet:-1","max-image-preview":"max-image-preview:large","max-video-preview":"max-video-preview:-1"},"canonical":"https:\/\/metalpie.com\/es\/impresora-3d-de-metal\/lorem-ipsum-dolor-sit-amet-consectetuer-adipisci-\u590d\u5236-duplicate-1\/","og_locale":"es_ES","og_type":"article","og_title":"OEM Customized Sheet Metal Fabrication 3D Printer Enclosure - METALPIE","og_description":"A 3d printer enclosure designed to be printed and assembled at big printer machine. Print out unlimited enclosures and scale them to any size. This design focuses on the use of cold rolled steel as well as and make the Outdoor grade powder coating. Up-market industrial metal color powder and a firm welding process will let the products perfectly matched all customer's expectations.","og_url":"https:\/\/metalpie.com\/es\/impresora-3d-de-metal\/lorem-ipsum-dolor-sit-amet-consectetuer-adipisci-\u590d\u5236-duplicate-1\/","og_site_name":"METALPIE","twitter_card":"summary_large_image","twitter_misc":{"Tiempo de lectura":"1 minuto"},"schema":{"@context":"https:\/\/schema.org","@graph":[{"@type":"WebPage","@id":"https:\/\/metalpie.com\/metal-3d-printer\/lorem-ipsum-dolor-sit-amet-consectetuer-adipisci-%e5%a4%8d%e5%88%b6-duplicate-1\/","url":"https:\/\/metalpie.com\/metal-3d-printer\/lorem-ipsum-dolor-sit-amet-consectetuer-adipisci-%e5%a4%8d%e5%88%b6-duplicate-1\/","name":"OEM Fabricaci\u00f3n de chapa met\u00e1lica personalizada carcasa de la impresora 3D - METALPIE","isPartOf":{"@id":"https:\/\/metalpie.com\/#website"},"datePublished":"2022-08-15T15:16:56+00:00","dateModified":"2022-08-15T15:16:56+00:00","breadcrumb":{"@id":"https:\/\/metalpie.com\/metal-3d-printer\/lorem-ipsum-dolor-sit-amet-consectetuer-adipisci-%e5%a4%8d%e5%88%b6-duplicate-1\/#breadcrumb"},"inLanguage":"es","potentialAction":[{"@type":"ReadAction","target":["https:\/\/metalpie.com\/metal-3d-printer\/lorem-ipsum-dolor-sit-amet-consectetuer-adipisci-%e5%a4%8d%e5%88%b6-duplicate-1\/"]}]},{"@type":"BreadcrumbList","@id":"https:\/\/metalpie.com\/metal-3d-printer\/lorem-ipsum-dolor-sit-amet-consectetuer-adipisci-%e5%a4%8d%e5%88%b6-duplicate-1\/#breadcrumb","itemListElement":[{"@type":"ListItem","position":1,"name":"Home","item":"https:\/\/metalpie.com\/"},{"@type":"ListItem","position":2,"name":"Products","item":"https:\/\/metalpie.com\/shop\/"},{"@type":"ListItem","position":3,"name":"OEM Customized Sheet Metal Fabrication 3D Printer Enclosure"}]},{"@type":"WebSite","@id":"https:\/\/metalpie.com\/#website","url":"https:\/\/metalpie.com\/","name":"METALPIE","description":"Fabricaci\u00f3n de metales de precisi\u00f3n | Herramientas, procesos y m\u00e1s","potentialAction":[{"@type":"SearchAction","target":{"@type":"EntryPoint","urlTemplate":"https:\/\/metalpie.com\/?s={search_term_string}"},"query-input":"required name=search_term_string"}],"inLanguage":"es"}]}},"_links":{"self":[{"href":"https:\/\/metalpie.com\/es\/wp-json\/wp\/v2\/product\/1076","targetHints":{"allow":["GET"]}}],"collection":[{"href":"https:\/\/metalpie.com\/es\/wp-json\/wp\/v2\/product"}],"about":[{"href":"https:\/\/metalpie.com\/es\/wp-json\/wp\/v2\/types\/product"}],"replies":[{"embeddable":true,"href":"https:\/\/metalpie.com\/es\/wp-json\/wp\/v2\/comments?post=1076"}],"wp:featuredmedia":[{"embeddable":true,"href":"https:\/\/metalpie.com\/es\/wp-json\/"}],"wp:attachment":[{"href":"https:\/\/metalpie.com\/es\/wp-json\/wp\/v2\/media?parent=1076"}],"wp:term":[{"taxonomy":"product_cat","embeddable":true,"href":"https:\/\/metalpie.com\/es\/wp-json\/wp\/v2\/product_cat?post=1076"}],"curies":[{"name":"wp","href":"https:\/\/api.w.org\/{rel}","templated":true}]}}