{"id":2128,"date":"2022-09-23T10:45:32","date_gmt":"2022-09-23T02:45:32","guid":{"rendered":"https:\/\/metalpie.com\/?page_id=2128"},"modified":"2022-12-30T16:50:18","modified_gmt":"2022-12-30T08:50:18","slug":"acerca-de-nosotros","status":"publish","type":"page","link":"https:\/\/metalpie.com\/es\/acerca-de-nosotros\/","title":{"rendered":"Qui\u00e9nes somos"},"content":{"rendered":"<div class=\"banner has-hover\" id=\"banner-1236548291\">\n          <div class=\"banner-inner fill\">\n        <div class=\"banner-bg fill\" >\n            <div class=\"bg fill bg-fill\"><\/div>\n                                    \n                    <\/div>\n\t\t\n        <div class=\"banner-layers container\">\n            <div class=\"fill banner-link\"><\/div>            \n\n   <div id=\"text-box-262624295\" class=\"text-box banner-layer x50 md-x5 lg-x5 y50 md-y50 lg-y50 res-text\">\n                                <div class=\"text-box-content text dark\">\n              \n              <div class=\"text-inner text-center\">\n                  \n\n\t<div id=\"text-4201181841\" class=\"text\">\n\t\t\n\n<h1>Qui\u00e9nes somos<\/h1>\n\t\t\n<style>\n#text-4201181841 {\n  text-align: center;\n}\n@media (min-width:550px) {\n  #text-4201181841 {\n    text-align: left;\n  }\n}\n<\/style>\n\t<\/div>\n\t\n\t<div id=\"text-494489415\" class=\"text\">\n\t\t\n\nInicio \/ Qui\u00e9nes somos\n\t\t\n<style>\n#text-494489415 {\n  text-align: center;\n}\n@media (min-width:550px) {\n  #text-494489415 {\n    text-align: left;\n  }\n}\n<\/style>\n\t<\/div>\n\t\n\n              <\/div>\n           <\/div>\n                            \n<style>\n#text-box-262624295 {\n  width: 74%;\n}\n#text-box-262624295 .text-box-content {\n  font-size: 100%;\n}\n@media (min-width:550px) {\n  #text-box-262624295 {\n    width: 60%;\n  }\n}\n@media (min-width:850px) {\n  #text-box-262624295 {\n    width: 18%;\n  }\n}\n<\/style>\n    <\/div>\n \n\n        <\/div>\n      <\/div>\n\n            \n<style>\n#banner-1236548291 {\n  padding-top: 44%;\n}\n#banner-1236548291 .bg.bg-loaded {\n  background-image: url(https:\/\/metalpie.com\/wp-content\/uploads\/2022\/09\/test_banner_all.webp);\n}\n#banner-1236548291 .bg {\n  background-position: 0% 90%;\n}\n@media (min-width:550px) {\n  #banner-1236548291 {\n    padding-top: 20%;\n  }\n}\n<\/style>\n  <\/div>\n\n\n\t<section class=\"section\" id=\"section_1827029527\">\n\t\t<div class=\"bg section-bg fill bg-fill  bg-loaded\" >\n\n\t\t\t\n\t\t\t\n\t\t\t\n\n\t\t<\/div>\n\n\t\t\n\n\t\t<div class=\"section-content relative\">\n\t\t\t\n\n<div class=\"row align-bottom align-center\"  id=\"row-1102980970\">\n\n\n\t<div id=\"col-84396877\" class=\"col medium-12 small-12 large-6\"  >\n\t\t\t\t<div class=\"col-inner\"  >\n\t\t\t\n\t\t\t\n\n\t<div id=\"text-3682877665\" class=\"text\">\n\t\t\n\nAcerca de Huajian\n\t\t\n<style>\n#text-3682877665 {\n  font-size: 1rem;\n  text-align: center;\n  color: rgb(240, 129, 1);\n}\n#text-3682877665 > * {\n  color: rgb(240, 129, 1);\n}\n@media (min-width:550px) {\n  #text-3682877665 {\n    font-size: 1.1rem;\n    text-align: left;\n  }\n}\n<\/style>\n\t<\/div>\n\t\n\t<div id=\"text-2521736326\" class=\"text\">\n\t\t\n\n<h2><span style=\"color: #f08101;\">Qui\u00e9n<\/span> Somos<\/h2>\n\t\t\n<style>\n#text-2521736326 {\n  font-size: 1rem;\n  text-align: center;\n}\n@media (min-width:550px) {\n  #text-2521736326 {\n    font-size: 1.2rem;\n    text-align: left;\n  }\n}\n<\/style>\n\t<\/div>\n\t\n\t<div id=\"gap-556343784\" class=\"gap-element clearfix\" style=\"display:block; height:auto;\">\n\t\t\n<style>\n#gap-556343784 {\n  padding-top: 28px;\n}\n<\/style>\n\t<\/div>\n\t\n\n<p>En el a\u00f1o 2000, se fund\u00f3 la empresa Huajian Aluminum en el condado de Linqu, China. Desde nuestros inicios, nos hemos concentrado en la producci\u00f3n de perfiles de aluminio, puertas, ventanas, moldes para concreto, etc.<br \/>Huajian Aluminum ha crecido hasta convertirse en uno de los mayores fabricantes de perfiles de aluminio de China tras 20 a\u00f1os de desarrollo. Actualmente contamos con nuestra propia marca de puertas y ventanas de aluminio y cinco f\u00e1bricas. Nuestros productos, que han recibido las certificaciones ISO9001, ISO4001 y CE, se exportan a Europa, \u00c1frica y Am\u00e9rica... y han recibido comentarios positivos de los clientes.<\/p>\n\n\t\t<\/div>\n\t\t\t\t\t<\/div>\n\n\t\n\n\t<div id=\"col-2126179603\" class=\"col medium-12 small-12 large-6\"  >\n\t\t\t\t<div class=\"col-inner\"  >\n\t\t\t\n\t\t\t\n\n<div class=\"video video-fit mb\" style=\"padding-top:56.25%;\"><iframe loading=\"lazy\" title=\"Presentaci\u00f3n del grupo de aluminio Huajian\" width=\"1020\" height=\"574\" src=\"https:\/\/www.youtube.com\/embed\/fkq4gHRezv8?feature=oembed\" frameborder=\"0\" allow=\"accelerometer; autoplay; clipboard-write; encrypted-media; gyroscope; picture-in-picture\" allowfullscreen><\/iframe><\/div>\n\n\n\t\t<\/div>\n\t\t\t\t\t<\/div>\n\n\t\n\n<\/div>\n\n\t\t<\/div>\n\n\t\t\n<style>\n#section_1827029527 {\n  padding-top: 10px;\n  padding-bottom: 10px;\n}\n@media (min-width:550px) {\n  #section_1827029527 {\n    padding-top: 30px;\n    padding-bottom: 30px;\n  }\n}\n<\/style>\n\t<\/section>\n\t\n\t<section class=\"section\" id=\"section_359085171\">\n\t\t<div class=\"bg section-bg fill bg-fill  bg-loaded\" >\n\n\t\t\t\n\t\t\t\n\t\t\t\n\n\t\t<\/div>\n\n\t\t\n\n\t\t<div class=\"section-content relative\">\n\t\t\t\n\n<div class=\"row align-middle align-center\"  id=\"row-914989214\">\n\n\n\t<div id=\"col-731930784\" class=\"col small-12 large-12\"  >\n\t\t\t\t<div class=\"col-inner\"  >\n\t\t\t\n\t\t\t\n\n\t<div id=\"gap-1329337813\" class=\"gap-element clearfix hide-for-small\" style=\"display:block; height:auto;\">\n\t\t\n<style>\n#gap-1329337813 {\n  padding-top: 0px;\n}\n@media (min-width:850px) {\n  #gap-1329337813 {\n    padding-top: 75px;\n  }\n}\n<\/style>\n\t<\/div>\n\t\n\n<div class=\"row align-center\"  id=\"row-114382169\">\n\n\n\t<div id=\"col-561926802\" class=\"col medium-5 small-12 large-5\"  >\n\t\t\t\t<div class=\"col-inner\"  >\n\t\t\t\n\t\t\t\n\n\t<div class=\"box has-hover   has-hover box-text-bottom\" >\n\n\t\t<div class=\"box-image\" >\n\t\t\t\t\t\t<div class=\"\" >\n\t\t\t\t<img loading=\"lazy\" decoding=\"async\" width=\"1000\" height=\"750\" src=\"https:\/\/metalpie.com\/wp-content\/uploads\/2022\/09\/about_page_case_002image.jpg\" class=\"attachment- size-\" alt=\"\" srcset=\"https:\/\/metalpie.com\/wp-content\/uploads\/2022\/09\/about_page_case_002image.jpg 1000w, https:\/\/metalpie.com\/wp-content\/uploads\/2022\/09\/about_page_case_002image-300x225.jpg 300w, https:\/\/metalpie.com\/wp-content\/uploads\/2022\/09\/about_page_case_002image-768x576.jpg 768w\" sizes=\"auto, (max-width: 1000px) 100vw, 1000px\" \/>\t\t\t\t\t\t\t\t\t\t\t<\/div>\n\t\t\t\t\t<\/div>\n\n\t\t<div class=\"box-text text-center\" >\n\t\t\t<div class=\"box-text-inner\">\n\t\t\t\t\n\n\n\t\t\t<\/div>\n\t\t<\/div>\n\t<\/div>\n\t\n\n\t\t<\/div>\n\t\t\t\t\t<\/div>\n\n\t\n\n\t<div id=\"col-1584785413\" class=\"col medium-1 small-12 large-1\"  >\n\t\t\t\t<div class=\"col-inner\"  >\n\t\t\t\n\t\t\t\n\n\n\t\t<\/div>\n\t\t\t\t\t<\/div>\n\n\t\n\n\t<div id=\"col-19318909\" class=\"col medium-5 small-12 large-5\"  >\n\t\t\t\t<div class=\"col-inner\"  >\n\t\t\t\n\t\t\t\n\n\t<div id=\"text-3565524891\" class=\"text\">\n\t\t\n\n<h2>Nuestra <span style=\"color: #f08101;\">Proyecto<\/span><\/h2>\n\t\t\n<style>\n#text-3565524891 {\n  font-size: 1rem;\n  text-align: center;\n}\n@media (min-width:550px) {\n  #text-3565524891 {\n    font-size: 1.3rem;\n    text-align: left;\n  }\n}\n<\/style>\n\t<\/div>\n\t\n<p>Participamos en la construcci\u00f3n de la Torre CITIC, de 528 m de altura, la estructura m\u00e1s alta de China. Sus muros cortina son de Huajian Aluminum. Adem\u00e1s, suministramos perfiles de aluminio para edificios de la CCTV, el Estadio Nacional Cubierto de China y muchos otros proyectos.<\/p>\n\t<div id=\"text-878518149\" class=\"text\">\n\t\t\n\n<a class=\"button button_orange\" style=\"border-radius: 8px;\" data-fancybox=\"\" data-src=\"#hidden-CF7\">Solicitar presupuesto<\/a>\n\t\t\n<style>\n#text-878518149 {\n  text-align: center;\n}\n@media (min-width:550px) {\n  #text-878518149 {\n    text-align: left;\n  }\n}\n<\/style>\n\t<\/div>\n\t\n\n\t\t<\/div>\n\t\t\t\t\t<\/div>\n\n\t\n\n<\/div>\n\n\t\t<\/div>\n\t\t\t\t\t<\/div>\n\n\t\n\n<\/div>\n\n\t\t<\/div>\n\n\t\t\n<style>\n#section_359085171 {\n  padding-top: 0px;\n  padding-bottom: 0px;\n}\n@media (min-width:550px) {\n  #section_359085171 {\n    padding-top: 0px;\n    padding-bottom: 0px;\n  }\n}\n@media (min-width:850px) {\n  #section_359085171 {\n    padding-top: 30px;\n    padding-bottom: 30px;\n  }\n}\n<\/style>\n\t<\/section>\n\t\n\t<section class=\"section dark has-parallax\" id=\"section_637215414\">\n\t\t<div class=\"bg section-bg fill bg-fill\" data-parallax-container=\".section\" data-parallax-background data-parallax=\"-10\">\n\n\t\t\t\n\t\t\t\n\t\t\t\n\n\t\t<\/div>\n\n\t\t\n\n\t\t<div class=\"section-content relative\">\n\t\t\t\n\n<div class=\"row\"  id=\"row-688076521\">\n\n\n\t<div id=\"col-1497763501\" class=\"col medium-12 small-12 large-9\"  >\n\t\t\t\t<div class=\"col-inner\"  >\n\t\t\t\n\t\t\t\n\n\t<div id=\"text-3935878729\" class=\"text\">\n\t\t\n\n<h3>\"Orientados al cliente, impulsados por la gesti\u00f3n, impulsados por la innovaci\u00f3n y el desarrollo\" son nuestros valores fundamentales.<\/h3>\n\t\t\n<style>\n#text-3935878729 {\n  font-size: 1rem;\n  text-align: center;\n}\n@media (min-width:550px) {\n  #text-3935878729 {\n    font-size: 1.3rem;\n  }\n}\n@media (min-width:850px) {\n  #text-3935878729 {\n    text-align: left;\n  }\n}\n<\/style>\n\t<\/div>\n\t\n\n\t\t<\/div>\n\t\t\t\t\t<\/div>\n\n\t\n\n<\/div>\n\n\t\t<\/div>\n\n\t\t\n<style>\n#section_637215414 {\n  padding-top: 15px;\n  padding-bottom: 15px;\n}\n#section_637215414 .section-bg.bg-loaded {\n  background-image: url(https:\/\/metalpie.com\/wp-content\/uploads\/2022\/09\/about_page_bg_002image.webp);\n}\n@media (min-width:550px) {\n  #section_637215414 {\n    padding-top: 30px;\n    padding-bottom: 30px;\n  }\n}\n<\/style>\n\t<\/section>\n\t\n\t<section class=\"section\" id=\"section_1902104990\">\n\t\t<div class=\"bg section-bg fill bg-fill  bg-loaded\" >\n\n\t\t\t\n\t\t\t\n\t\t\t\n\n\t\t<\/div>\n\n\t\t\n\n\t\t<div class=\"section-content relative\">\n\t\t\t\n\n<div class=\"row\"  id=\"row-1735158500\">\n\n\n\t<div id=\"col-1490935790\" class=\"col small-12 large-12\"  >\n\t\t\t\t<div class=\"col-inner\"  >\n\t\t\t\n\t\t\t\n\n\t<div id=\"text-4070249156\" class=\"text\">\n\t\t\n\n<h2>Nuestra <span style=\"color: #f08101;\">Equipo<\/span><\/h2>\n\t\t\n<style>\n#text-4070249156 {\n  font-size: 1rem;\n  text-align: center;\n}\n@media (min-width:550px) {\n  #text-4070249156 {\n    font-size: 1.3rem;\n    text-align: left;\n  }\n}\n<\/style>\n\t<\/div>\n\t\n\t<div id=\"text-534021779\" class=\"text\">\n\t\t\n\n<p>Contamos con cuatro departamentos responsables de la fabricaci\u00f3n de perfiles de aluminio espec\u00edficos para la construcci\u00f3n, perfiles de aluminio industriales, encofrados de aluminio para hormig\u00f3n y perfiles de aluminio para autom\u00f3viles. Nuestro objetivo es ser l\u00edderes en la fabricaci\u00f3n de perfiles de aluminio y producir productos de aluminio con un excelente rendimiento.<\/p>\n\t\t\n<style>\n#text-534021779 {\n  font-size: 1rem;\n}\n@media (min-width:550px) {\n  #text-534021779 {\n    font-size: 1.1rem;\n  }\n}\n<\/style>\n\t<\/div>\n\t\n\t<div class=\"img has-hover x md-x lg-x y md-y lg-y\" id=\"image_302111388\">\n\t\t\t\t\t\t\t\t<div class=\"img-inner dark\" >\n\t\t\t<img loading=\"lazy\" decoding=\"async\" width=\"1000\" height=\"417\" src=\"https:\/\/metalpie.com\/wp-content\/uploads\/2022\/09\/about_page_team_005image.webp\" class=\"attachment-original size-original\" alt=\"\" srcset=\"https:\/\/metalpie.com\/wp-content\/uploads\/2022\/09\/about_page_team_005image.webp 1000w, https:\/\/metalpie.com\/wp-content\/uploads\/2022\/09\/about_page_team_005image-300x125.webp 300w, https:\/\/metalpie.com\/wp-content\/uploads\/2022\/09\/about_page_team_005image-768x320.webp 768w\" sizes=\"auto, (max-width: 1000px) 100vw, 1000px\" \/>\t\t\t\t\t\t\n\t\t\t\t\t<\/div>\n\t\t\t\t\t\t\t\t\n<style>\n#image_302111388 {\n  width: 100%;\n}\n<\/style>\n\t<\/div>\n\t\n\n\n\n\n\t\t<\/div>\n\t\t\t\t\t<\/div>\n\n\t\n\n<\/div>\n\n\t\t<\/div>\n\n\t\t\n<style>\n#section_1902104990 {\n  padding-top: 13px;\n  padding-bottom: 13px;\n}\n@media (min-width:550px) {\n  #section_1902104990 {\n    padding-top: 30px;\n    padding-bottom: 30px;\n  }\n}\n<\/style>\n\t<\/section>\n\t\n\t<section class=\"section\" id=\"section_226831118\">\n\t\t<div class=\"bg section-bg fill bg-fill  bg-loaded\" >\n\n\t\t\t\n\t\t\t\n\t\t\t\n\n\t\t<\/div>\n\n\t\t\n\n\t\t<div class=\"section-content relative\">\n\t\t\t\n\n<div class=\"row align-center\"  id=\"row-1145349051\">\n\n\n\t<div id=\"col-1119825392\" class=\"col small-12 large-12\"  >\n\t\t\t\t<div class=\"col-inner\"  >\n\t\t\t\n\t\t\t\n\n\t<div id=\"text-1825448472\" class=\"text\">\n\t\t\n\n<h2><span style=\"color: #f08101;\">Certificado<\/span><\/h2>\n\t\t\n<style>\n#text-1825448472 {\n  font-size: 1rem;\n  text-align: center;\n}\n@media (min-width:550px) {\n  #text-1825448472 {\n    font-size: 1.3rem;\n  }\n}\n<\/style>\n\t<\/div>\n\t\n\n\n\n\t\t<\/div>\n\t\t\t\t\t<\/div>\n\n\t\n\n<\/div>\n\n\t\t<\/div>\n\n\t\t\n<style>\n#section_226831118 {\n  padding-top: 0px;\n  padding-bottom: 0px;\n}\n@media (min-width:550px) {\n  #section_226831118 {\n    padding-top: 0px;\n    padding-bottom: 0px;\n  }\n}\n@media (min-width:850px) {\n  #section_226831118 {\n    padding-top: 30px;\n    padding-bottom: 30px;\n  }\n}\n<\/style>\n\t<\/section>","protected":false},"excerpt":{"rendered":"","protected":false},"author":11,"featured_media":0,"parent":0,"menu_order":0,"comment_status":"closed","ping_status":"closed","template":"page-blank.php","meta":{"footnotes":""},"class_list":["post-2128","page","type-page","status-publish","hentry"],"yoast_head":"<!-- This site is optimized with the Yoast SEO plugin v21.5 - https:\/\/yoast.com\/wordpress\/plugins\/seo\/ -->\n<title>About Us - METALPIE<\/title>\n<meta name=\"description\" content=\"We are aluminum profiles, aluminum windows, and doors manufacturer from China. Aluminum windows are our most popular products with endless design options.\" \/>\n<meta name=\"robots\" content=\"index, follow, max-snippet:-1, max-image-preview:large, max-video-preview:-1\" \/>\n<link rel=\"canonical\" href=\"https:\/\/metalpie.com\/es\/acerca-de-nosotros\/\" \/>\n<meta property=\"og:locale\" content=\"es_ES\" \/>\n<meta property=\"og:type\" content=\"article\" \/>\n<meta property=\"og:title\" content=\"About Us - METALPIE\" \/>\n<meta property=\"og:description\" content=\"We are aluminum profiles, aluminum windows, and doors manufacturer from China. Aluminum windows are our most popular products with endless design options.\" \/>\n<meta property=\"og:url\" content=\"https:\/\/metalpie.com\/es\/acerca-de-nosotros\/\" \/>\n<meta property=\"og:site_name\" content=\"METALPIE\" \/>\n<meta property=\"article:modified_time\" content=\"2022-12-30T08:50:18+00:00\" \/>\n<meta name=\"twitter:card\" content=\"summary_large_image\" \/>\n<meta name=\"twitter:label1\" content=\"Tiempo de lectura\" \/>\n\t<meta name=\"twitter:data1\" content=\"2 minutos\" \/>\n<script type=\"application\/ld+json\" class=\"yoast-schema-graph\">{\"@context\":\"https:\/\/schema.org\",\"@graph\":[{\"@type\":\"WebPage\",\"@id\":\"https:\/\/metalpie.com\/about-us\/\",\"url\":\"https:\/\/metalpie.com\/about-us\/\",\"name\":\"About Us - METALPIE\",\"isPartOf\":{\"@id\":\"https:\/\/metalpie.com\/#website\"},\"datePublished\":\"2022-09-23T02:45:32+00:00\",\"dateModified\":\"2022-12-30T08:50:18+00:00\",\"description\":\"We are aluminum profiles, aluminum windows, and doors manufacturer from China. Aluminum windows are our most popular products with endless design options.\",\"breadcrumb\":{\"@id\":\"https:\/\/metalpie.com\/about-us\/#breadcrumb\"},\"inLanguage\":\"es\",\"potentialAction\":[{\"@type\":\"ReadAction\",\"target\":[\"https:\/\/metalpie.com\/about-us\/\"]}]},{\"@type\":\"BreadcrumbList\",\"@id\":\"https:\/\/metalpie.com\/about-us\/#breadcrumb\",\"itemListElement\":[{\"@type\":\"ListItem\",\"position\":1,\"name\":\"Home\",\"item\":\"https:\/\/metalpie.com\/\"},{\"@type\":\"ListItem\",\"position\":2,\"name\":\"About Us\"}]},{\"@type\":\"WebSite\",\"@id\":\"https:\/\/metalpie.com\/#website\",\"url\":\"https:\/\/metalpie.com\/\",\"name\":\"METALPIE\",\"description\":\"Precision Metal Fabrication | Tools, Processes &amp; More\",\"potentialAction\":[{\"@type\":\"SearchAction\",\"target\":{\"@type\":\"EntryPoint\",\"urlTemplate\":\"https:\/\/metalpie.com\/?s={search_term_string}\"},\"query-input\":\"required name=search_term_string\"}],\"inLanguage\":\"es\"}]}<\/script>\n<!-- \/ Yoast SEO plugin. -->","yoast_head_json":{"title":"Sobre nosotros - METALPIE","description":"Somos fabricantes de perfiles de aluminio, ventanas de aluminio y puertas en China. Las ventanas de aluminio son nuestros productos m\u00e1s populares con infinitas opciones de dise\u00f1o.","robots":{"index":"index","follow":"follow","max-snippet":"max-snippet:-1","max-image-preview":"max-image-preview:large","max-video-preview":"max-video-preview:-1"},"canonical":"https:\/\/metalpie.com\/es\/acerca-de-nosotros\/","og_locale":"es_ES","og_type":"article","og_title":"About Us - METALPIE","og_description":"We are aluminum profiles, aluminum windows, and doors manufacturer from China. Aluminum windows are our most popular products with endless design options.","og_url":"https:\/\/metalpie.com\/es\/acerca-de-nosotros\/","og_site_name":"METALPIE","article_modified_time":"2022-12-30T08:50:18+00:00","twitter_card":"summary_large_image","twitter_misc":{"Tiempo de lectura":"2 minutos"},"schema":{"@context":"https:\/\/schema.org","@graph":[{"@type":"WebPage","@id":"https:\/\/metalpie.com\/about-us\/","url":"https:\/\/metalpie.com\/about-us\/","name":"Sobre nosotros - METALPIE","isPartOf":{"@id":"https:\/\/metalpie.com\/#website"},"datePublished":"2022-09-23T02:45:32+00:00","dateModified":"2022-12-30T08:50:18+00:00","description":"Somos fabricantes de perfiles de aluminio, ventanas de aluminio y puertas en China. Las ventanas de aluminio son nuestros productos m\u00e1s populares con infinitas opciones de dise\u00f1o.","breadcrumb":{"@id":"https:\/\/metalpie.com\/about-us\/#breadcrumb"},"inLanguage":"es","potentialAction":[{"@type":"ReadAction","target":["https:\/\/metalpie.com\/about-us\/"]}]},{"@type":"BreadcrumbList","@id":"https:\/\/metalpie.com\/about-us\/#breadcrumb","itemListElement":[{"@type":"ListItem","position":1,"name":"Home","item":"https:\/\/metalpie.com\/"},{"@type":"ListItem","position":2,"name":"About Us"}]},{"@type":"WebSite","@id":"https:\/\/metalpie.com\/#website","url":"https:\/\/metalpie.com\/","name":"METALPIE","description":"Fabricaci\u00f3n de metales de precisi\u00f3n | Herramientas, procesos y m\u00e1s","potentialAction":[{"@type":"SearchAction","target":{"@type":"EntryPoint","urlTemplate":"https:\/\/metalpie.com\/?s={search_term_string}"},"query-input":"required name=search_term_string"}],"inLanguage":"es"}]}},"_links":{"self":[{"href":"https:\/\/metalpie.com\/es\/wp-json\/wp\/v2\/pages\/2128","targetHints":{"allow":["GET"]}}],"collection":[{"href":"https:\/\/metalpie.com\/es\/wp-json\/wp\/v2\/pages"}],"about":[{"href":"https:\/\/metalpie.com\/es\/wp-json\/wp\/v2\/types\/page"}],"author":[{"embeddable":true,"href":"https:\/\/metalpie.com\/es\/wp-json\/wp\/v2\/users\/11"}],"replies":[{"embeddable":true,"href":"https:\/\/metalpie.com\/es\/wp-json\/wp\/v2\/comments?post=2128"}],"version-history":[{"count":0,"href":"https:\/\/metalpie.com\/es\/wp-json\/wp\/v2\/pages\/2128\/revisions"}],"wp:attachment":[{"href":"https:\/\/metalpie.com\/es\/wp-json\/wp\/v2\/media?parent=2128"}],"curies":[{"name":"wp","href":"https:\/\/api.w.org\/{rel}","templated":true}]}}