{"id":391,"date":"2020-12-07T14:03:27","date_gmt":"2020-12-07T06:03:27","guid":{"rendered":"https:\/\/f.seowaimao.com\/?post_type=product&amp;p=391"},"modified":"2020-12-07T14:03:27","modified_gmt":"2020-12-07T06:03:27","slug":"oem-anpassen-computergehause-desktop-mini-kuhler-master-turme-falle-mikro-2u-aluminium-computergehause","status":"publish","type":"product","link":"https:\/\/metalpie.com\/de\/blechfertigung\/oem-anpassen-computergehause-desktop-mini-kuhler-master-turme-falle-mikro-2u-aluminium-computergehause\/","title":{"rendered":"OEM Customize Computergeh\u00e4use Desktop Mini K\u00fchler Master Towers Cases micro 2U Aluminium Computergeh\u00e4use"},"content":{"rendered":"<table width=\"640\">\n<tbody>\n<tr>\n<td width=\"125\"><span style=\"font-size: 120%\"><strong>Material<\/strong><\/span><\/td>\n<td width=\"515\"><span style=\"font-size: 120%\">Rostfreier Stahl \/Aluminium\/SPCC\/Kupfer \/Messing \/SGCC \/SECC \/Bronze \/Kohlenstoffstahl<\/span><\/td>\n<\/tr>\n<tr>\n<td width=\"125\"><span style=\"font-size: 120%\"><strong>Dicke<\/strong><\/span><\/td>\n<td width=\"515\"><span style=\"font-size: 120%\">0,2-20 mm<\/span><\/td>\n<\/tr>\n<tr>\n<td width=\"125\"><span style=\"font-size: 120%\"><strong>Farbe<\/strong><\/span><\/td>\n<td width=\"515\"><span style=\"font-size: 120%\">Farbe \/Rot\/Gr\u00fcn \/Silber \/Leber \/Silberwei\u00df \/Silberschwarz \/Silbergrau \/Lila \/Gold \/Wei\u00df \/Dunkelgrau<\/span><\/td>\n<\/tr>\n<tr>\n<td width=\"125\"><span style=\"font-size: 120%\"><strong>Verarbeitung<\/strong><\/span><\/td>\n<td width=\"515\"><span style=\"font-size: 120%\">Scheren \/Laserschneiden \/Biegen \/Stanzen \/Tiefziehen \/CNC-Bearbeitung \/Drehen \/Bohren \/Gewindeschneiden \/Nieten \/Schwei\u00dfen \/Oberfl\u00e4chenbehandlung \/Montage<\/span><\/td>\n<\/tr>\n<tr>\n<td width=\"125\"><span style=\"font-size: 120%\"><strong>Oberfl\u00e4chenbehandlung<\/strong><\/span><\/td>\n<td width=\"515\"><span style=\"font-size: 120%\">Pulverbeschichten\/Lackieren\/Verzinken\/Galvanisieren\/ Eloxieren\/Verchromen\/B\u00fcrsten\/Polieren\/Siebdrucken<\/span><\/td>\n<\/tr>\n<tr>\n<td width=\"125\"><span style=\"font-size: 120%\"><strong>Art der Dienstleistung<\/strong><\/span><\/td>\n<td width=\"515\"><span style=\"font-size: 120%\">OEM \/ ODM<\/span><\/td>\n<\/tr>\n<tr>\n<td width=\"125\"><span style=\"font-size: 120%\"><strong>Lieferfrist<\/strong><\/span><\/td>\n<td width=\"515\"><span style=\"font-size: 120%\">7-20 Tage ab Hinterlegung<\/span><\/td>\n<\/tr>\n<\/tbody>\n<\/table>","protected":false},"excerpt":{"rendered":"<p>Material Edelstahl \/Aluminium\/SPCC\/Kupfer \/Messing \/SGCC \/SECC \/Bronze \/Kohlenstoffstahl Dicke 0.2-20mm Farbe Bunt \/Rot\/Gr\u00fcn \/Silber \/Silberwei\u00df \/Silberschwarz \/Silbergrau \/Violett \/Gold \/Wei\u00df \/Dunkelgrau Verarbeitung Scheren \/Laserschneiden \/Biegen \/Stanzen \/Tiefziehen \/CNC Bearbeitung \/Drehen \/Bohren \/Gewindeschneiden \/Nieten \/Schwei\u00dfen \/Oberfl\u00e4chenbehandlung \/Montage Oberfl\u00e4chenbehandlung Pulverbeschichtung\/ Lackieren\/ Verzinken\/ Galvanisieren\/ Eloxieren\/ Verchromen\/B\u00fcrsten\/Polieren\/ Seiden-Siebdruck\/ Druck Service Typ OEM...<\/p>","protected":false},"featured_media":1044,"comment_status":"closed","ping_status":"closed","template":"","meta":[],"product_cat":[109],"class_list":["post-391","product","type-product","status-publish","has-post-thumbnail","hentry","product_cat-sheet-metal-fabrication"],"yoast_head":"<!-- This site is optimized with the Yoast SEO plugin v21.5 - https:\/\/yoast.com\/wordpress\/plugins\/seo\/ -->\n<title>OEM Customize computer case desktop Mini cooler master Towers Cases micro 2U Aluminum Computer Case - METALPIE<\/title>\n<meta name=\"robots\" content=\"index, follow, max-snippet:-1, max-image-preview:large, max-video-preview:-1\" \/>\n<link rel=\"canonical\" href=\"https:\/\/metalpie.com\/de\/blechfertigung\/oem-anpassen-computergehause-desktop-mini-kuhler-master-turme-falle-mikro-2u-aluminium-computergehause\/\" \/>\n<meta property=\"og:locale\" content=\"de_DE\" \/>\n<meta property=\"og:type\" content=\"article\" \/>\n<meta property=\"og:title\" content=\"OEM Customize computer case desktop Mini cooler master Towers Cases micro 2U Aluminum Computer Case - METALPIE\" \/>\n<meta property=\"og:description\" content=\"Material Stainless steel \/Aluminum\/SPCC\/Copper \/Brass \/SGCC \/SECC \/Bronze \/Carbon Steel Thickness 0.2-20mm Color Colorfull \/Red\/Green \/Silvery \/Sliver \/Silver White \/Silvery Black \/Silver grey \/Purple \/Golden \/White \/Dark grey Processing Shearing \/LaserCutting \/Bending \/Stamping \/DeepDrawing \/CNC machining \/Turning \/Drilling \/Tapping \/Riveting \/welding \/Surface\/treatment \/Assembling Surface Treatment Powder coating\/Painting\/Galvanizing\/ Electroplating\/ Anodising\/ Chromeplating\/Brushing\/Polishing\/ Silk-screen\/ Printing Service Type OEM...\" \/>\n<meta property=\"og:url\" content=\"https:\/\/metalpie.com\/de\/blechfertigung\/oem-anpassen-computergehause-desktop-mini-kuhler-master-turme-falle-mikro-2u-aluminium-computergehause\/\" \/>\n<meta property=\"og:site_name\" content=\"METALPIE\" \/>\n<meta name=\"twitter:card\" content=\"summary_large_image\" \/>\n<meta name=\"twitter:label1\" content=\"Gesch\u00e4tzte Lesezeit\" \/>\n\t<meta name=\"twitter:data1\" content=\"1\u00a0Minute\" \/>\n<script type=\"application\/ld+json\" class=\"yoast-schema-graph\">{\"@context\":\"https:\/\/schema.org\",\"@graph\":[{\"@type\":\"WebPage\",\"@id\":\"https:\/\/metalpie.com\/sheet-metal-fabrication\/oem-customize-computer-case-desktop-mini-cooler-master-towers-cases-micro-2u-aluminum-computer-case\/\",\"url\":\"https:\/\/metalpie.com\/sheet-metal-fabrication\/oem-customize-computer-case-desktop-mini-cooler-master-towers-cases-micro-2u-aluminum-computer-case\/\",\"name\":\"OEM Customize computer case desktop Mini cooler master Towers Cases micro 2U Aluminum Computer Case - METALPIE\",\"isPartOf\":{\"@id\":\"https:\/\/metalpie.com\/#website\"},\"datePublished\":\"2020-12-07T06:03:27+00:00\",\"dateModified\":\"2020-12-07T06:03:27+00:00\",\"breadcrumb\":{\"@id\":\"https:\/\/metalpie.com\/sheet-metal-fabrication\/oem-customize-computer-case-desktop-mini-cooler-master-towers-cases-micro-2u-aluminum-computer-case\/#breadcrumb\"},\"inLanguage\":\"de\",\"potentialAction\":[{\"@type\":\"ReadAction\",\"target\":[\"https:\/\/metalpie.com\/sheet-metal-fabrication\/oem-customize-computer-case-desktop-mini-cooler-master-towers-cases-micro-2u-aluminum-computer-case\/\"]}]},{\"@type\":\"BreadcrumbList\",\"@id\":\"https:\/\/metalpie.com\/sheet-metal-fabrication\/oem-customize-computer-case-desktop-mini-cooler-master-towers-cases-micro-2u-aluminum-computer-case\/#breadcrumb\",\"itemListElement\":[{\"@type\":\"ListItem\",\"position\":1,\"name\":\"Home\",\"item\":\"https:\/\/metalpie.com\/\"},{\"@type\":\"ListItem\",\"position\":2,\"name\":\"Products\",\"item\":\"https:\/\/metalpie.com\/shop\/\"},{\"@type\":\"ListItem\",\"position\":3,\"name\":\"OEM Customize computer case desktop Mini cooler master Towers Cases micro 2U Aluminum Computer Case\"}]},{\"@type\":\"WebSite\",\"@id\":\"https:\/\/metalpie.com\/#website\",\"url\":\"https:\/\/metalpie.com\/\",\"name\":\"METALPIE\",\"description\":\"Precision Metal Fabrication | Tools, Processes &amp; More\",\"potentialAction\":[{\"@type\":\"SearchAction\",\"target\":{\"@type\":\"EntryPoint\",\"urlTemplate\":\"https:\/\/metalpie.com\/?s={search_term_string}\"},\"query-input\":\"required name=search_term_string\"}],\"inLanguage\":\"de\"}]}<\/script>\n<!-- \/ Yoast SEO plugin. -->","yoast_head_json":{"title":"OEM Customize Computer Geh\u00e4use Desktop Mini K\u00fchler Master Towers Cases micro 2U Aluminium Computer Geh\u00e4use - METALPIE","robots":{"index":"index","follow":"follow","max-snippet":"max-snippet:-1","max-image-preview":"max-image-preview:large","max-video-preview":"max-video-preview:-1"},"canonical":"https:\/\/metalpie.com\/de\/blechfertigung\/oem-anpassen-computergehause-desktop-mini-kuhler-master-turme-falle-mikro-2u-aluminium-computergehause\/","og_locale":"de_DE","og_type":"article","og_title":"OEM Customize computer case desktop Mini cooler master Towers Cases micro 2U Aluminum Computer Case - METALPIE","og_description":"Material Stainless steel \/Aluminum\/SPCC\/Copper \/Brass \/SGCC \/SECC \/Bronze \/Carbon Steel Thickness 0.2-20mm Color Colorfull \/Red\/Green \/Silvery \/Sliver \/Silver White \/Silvery Black \/Silver grey \/Purple \/Golden \/White \/Dark grey Processing Shearing \/LaserCutting \/Bending \/Stamping \/DeepDrawing \/CNC machining \/Turning \/Drilling \/Tapping \/Riveting \/welding \/Surface\/treatment \/Assembling Surface Treatment Powder coating\/Painting\/Galvanizing\/ Electroplating\/ Anodising\/ Chromeplating\/Brushing\/Polishing\/ Silk-screen\/ Printing Service Type OEM...","og_url":"https:\/\/metalpie.com\/de\/blechfertigung\/oem-anpassen-computergehause-desktop-mini-kuhler-master-turme-falle-mikro-2u-aluminium-computergehause\/","og_site_name":"METALPIE","twitter_card":"summary_large_image","twitter_misc":{"Gesch\u00e4tzte Lesezeit":"1\u00a0Minute"},"schema":{"@context":"https:\/\/schema.org","@graph":[{"@type":"WebPage","@id":"https:\/\/metalpie.com\/sheet-metal-fabrication\/oem-customize-computer-case-desktop-mini-cooler-master-towers-cases-micro-2u-aluminum-computer-case\/","url":"https:\/\/metalpie.com\/sheet-metal-fabrication\/oem-customize-computer-case-desktop-mini-cooler-master-towers-cases-micro-2u-aluminum-computer-case\/","name":"OEM Customize Computer Geh\u00e4use Desktop Mini K\u00fchler Master Towers Cases micro 2U Aluminium Computer Geh\u00e4use - METALPIE","isPartOf":{"@id":"https:\/\/metalpie.com\/#website"},"datePublished":"2020-12-07T06:03:27+00:00","dateModified":"2020-12-07T06:03:27+00:00","breadcrumb":{"@id":"https:\/\/metalpie.com\/sheet-metal-fabrication\/oem-customize-computer-case-desktop-mini-cooler-master-towers-cases-micro-2u-aluminum-computer-case\/#breadcrumb"},"inLanguage":"de","potentialAction":[{"@type":"ReadAction","target":["https:\/\/metalpie.com\/sheet-metal-fabrication\/oem-customize-computer-case-desktop-mini-cooler-master-towers-cases-micro-2u-aluminum-computer-case\/"]}]},{"@type":"BreadcrumbList","@id":"https:\/\/metalpie.com\/sheet-metal-fabrication\/oem-customize-computer-case-desktop-mini-cooler-master-towers-cases-micro-2u-aluminum-computer-case\/#breadcrumb","itemListElement":[{"@type":"ListItem","position":1,"name":"Home","item":"https:\/\/metalpie.com\/"},{"@type":"ListItem","position":2,"name":"Products","item":"https:\/\/metalpie.com\/shop\/"},{"@type":"ListItem","position":3,"name":"OEM Customize computer case desktop Mini cooler master Towers Cases micro 2U Aluminum Computer Case"}]},{"@type":"WebSite","@id":"https:\/\/metalpie.com\/#website","url":"https:\/\/metalpie.com\/","name":"METALPIE","description":"Pr\u00e4zisionsmetallverarbeitung | Werkzeuge, Verfahren &amp; mehr","potentialAction":[{"@type":"SearchAction","target":{"@type":"EntryPoint","urlTemplate":"https:\/\/metalpie.com\/?s={search_term_string}"},"query-input":"required name=search_term_string"}],"inLanguage":"de"}]}},"_links":{"self":[{"href":"https:\/\/metalpie.com\/de\/wp-json\/wp\/v2\/product\/391","targetHints":{"allow":["GET"]}}],"collection":[{"href":"https:\/\/metalpie.com\/de\/wp-json\/wp\/v2\/product"}],"about":[{"href":"https:\/\/metalpie.com\/de\/wp-json\/wp\/v2\/types\/product"}],"replies":[{"embeddable":true,"href":"https:\/\/metalpie.com\/de\/wp-json\/wp\/v2\/comments?post=391"}],"wp:featuredmedia":[{"embeddable":true,"href":"https:\/\/metalpie.com\/de\/wp-json\/wp\/v2\/posts\/1044"}],"wp:attachment":[{"href":"https:\/\/metalpie.com\/de\/wp-json\/wp\/v2\/media?parent=391"}],"wp:term":[{"taxonomy":"product_cat","embeddable":true,"href":"https:\/\/metalpie.com\/de\/wp-json\/wp\/v2\/product_cat?post=391"}],"curies":[{"name":"wp","href":"https:\/\/api.w.org\/{rel}","templated":true}]}}