{"id":388,"date":"2020-12-07T14:03:26","date_gmt":"2020-12-07T06:03:26","guid":{"rendered":"https:\/\/f.seowaimao.com\/?post_type=product&amp;p=388"},"modified":"2020-12-07T14:03:26","modified_gmt":"2020-12-07T06:03:26","slug":"cnc-frasteile-und-cnc-drehteile","status":"publish","type":"product","link":"https:\/\/metalpie.com\/de\/cnc-bearbeitungsteile\/cnc-frasteile-und-cnc-drehteile\/","title":{"rendered":"CNC-Fr\u00e4sbearbeitung und CNC-Drehbearbeitung"},"content":{"rendered":"<table style=\"border-collapse: collapse; width: 687px; height: 306px;\" border=\"0\" width=\"703\" cellspacing=\"0\" cellpadding=\"0\">\n<tbody>\n<tr style=\"height: 15.00pt;\">\n<td class=\"et3\" style=\"height: 15.00pt; width: 141.00pt;\" width=\"188\" height=\"20\"><strong><span style=\"font-size: 120%;\">Typ<\/span><\/strong><\/td>\n<td class=\"et4\" style=\"width: 386.25pt;\" width=\"515\"><span style=\"font-size: 120%;\">BOHREN\/ Laserbearbeitung\/ Fr\u00e4sen\/ Drehen\/ Drahterodieren<\/span><\/td>\n<\/tr>\n<tr style=\"height: 14.25pt;\">\n<td class=\"et3\" style=\"height: 14.25pt; width: 141.00pt;\" width=\"188\" height=\"19\"><strong><span style=\"font-size: 120%;\">Material<\/span><\/strong><\/td>\n<td class=\"et4\" style=\"width: 386.25pt;\" width=\"515\"><span style=\"font-size: 120%;\">Aluminium\/ Edelstahl\/ Kupfer\/ Messing\/ Galvinisiert etc.<\/span><\/td>\n<\/tr>\n<tr style=\"height: 14.25pt;\">\n<td class=\"et3\" style=\"height: 14.25pt; width: 141.00pt;\" width=\"188\" height=\"19\"><strong><span style=\"font-size: 120%;\">Gr\u00f6\u00dfe<\/span><\/strong><\/td>\n<td class=\"et4\" style=\"width: 386.25pt;\" width=\"515\"><span style=\"font-size: 120%;\">Kundenspezifisch<\/span><\/td>\n<\/tr>\n<tr style=\"height: 14.25pt;\">\n<td class=\"et3\" style=\"height: 14.25pt; width: 141.00pt;\" width=\"188\" height=\"19\"><strong><span style=\"font-size: 120%;\">Oberfl\u00e4chenbehandlung<\/span><\/strong><\/td>\n<td class=\"et4\" style=\"width: 386.25pt;\" width=\"515\"><span style=\"font-size: 120%;\">Pulverbeschichtung\/ Galvanik\/ Oxidation\/ Anodisierung<\/span><\/td>\n<\/tr>\n<tr style=\"height: 14.25pt;\">\n<td class=\"et3\" style=\"height: 14.25pt; width: 141.00pt;\" width=\"188\" height=\"19\"><strong><span style=\"font-size: 120%;\">Technik<\/span><\/strong><\/td>\n<td class=\"et4\" style=\"width: 386.25pt;\" width=\"515\"><span style=\"font-size: 120%;\">Laserschneiden\/ Biegen\/ Schwei\u00dfen\/ Stanzen<\/span><\/td>\n<\/tr>\n<tr style=\"height: 14.25pt;\">\n<td class=\"et3\" style=\"height: 14.25pt; width: 141.00pt;\" width=\"188\" height=\"19\"><strong><span style=\"font-size: 120%;\">Zertifizierung<\/span><\/strong><\/td>\n<td class=\"et4\" style=\"width: 386.25pt;\" width=\"515\"><span style=\"font-size: 120%;\">ISO9001<\/span><\/td>\n<\/tr>\n<tr style=\"height: 14.25pt;\">\n<td class=\"et3\" style=\"height: 14.25pt; width: 141.00pt;\" width=\"188\" height=\"19\"><strong><span style=\"font-size: 120%;\">OEM<\/span><\/strong><\/td>\n<td class=\"et4\" style=\"width: 386.25pt;\" width=\"515\"><span style=\"font-size: 120%;\">Akzeptieren<\/span><\/td>\n<\/tr>\n<tr style=\"height: 14.25pt;\">\n<td class=\"et3\" style=\"height: 14.25pt; width: 141.00pt;\" width=\"188\" height=\"19\"><strong><span style=\"font-size: 120%;\">Zeichnung Format<\/span><\/strong><\/td>\n<td class=\"et4\" style=\"width: 386.25pt;\" width=\"515\"><span style=\"font-size: 120%;\">3D\/CAD\/Dwg\/IGS\/STP<\/span><\/td>\n<\/tr>\n<tr style=\"height: 14.25pt;\">\n<td class=\"et3\" style=\"height: 14.25pt; width: 141.00pt;\" width=\"188\" height=\"19\"><strong><span style=\"font-size: 120%;\">Farbe<\/span><\/strong><\/td>\n<td class=\"et4\" style=\"width: 386.25pt;\" width=\"515\"><span style=\"font-size: 120%;\">Kundenspezifisch<\/span><\/td>\n<\/tr>\n<tr style=\"height: 27.00pt;\">\n<td class=\"et3\" style=\"height: 27.00pt; width: 141.00pt;\" width=\"188\" height=\"36\"><strong><span style=\"font-size: 120%;\">Anmeldung<\/span><\/strong><\/td>\n<td class=\"et4\" style=\"width: 386.25pt;\" width=\"515\"><span style=\"font-size: 120%;\">Haushaltsger\u00e4te\/ Auto\/ Geb\u00e4ude\/ Investitionsg\u00fcter\/ Energie\/ Instrumente\/ Medizinische Ger\u00e4te\/ Telekommunikation<\/span><\/td>\n<\/tr>\n<\/tbody>\n<\/table>","protected":false},"excerpt":{"rendered":"<p>Typ Bohren\/ Laserbearbeitung\/ Fr\u00e4sen\/ Drehen\/ Drahterodieren Material Aluminium\/ Edelstahl\/ Kupfer\/ Messing\/ Galvinisiert etc. Gr\u00f6\u00dfe kundenspezifisch Oberfl\u00e4chenbehandlung Pulverbeschichtung\/ Galvanik\/ Oxid\/ Eloxierung Technik Laserschneiden\/ Biegen\/ Schwei\u00dfen\/ Stempeln Zertifizierung ISO9001 OEM Akzeptieren Zeichnung Format 3D\/CAD\/Dwg\/IGS\/STP Farbe kundenspezifisch Anwendung Ger\u00e4t\/ Auto\/ Bau\/ Investitionsg\u00fcter\/ Energie\/ Instrumentierung\/ Medizinisches Ger\u00e4t\/ Telekommunikation<\/p>","protected":false},"featured_media":1064,"comment_status":"open","ping_status":"closed","template":"","meta":[],"product_cat":[108],"class_list":["post-388","product","type-product","status-publish","has-post-thumbnail","hentry","product_cat-cnc-machining-parts"],"yoast_head":"<!-- This site is optimized with the Yoast SEO plugin v21.5 - https:\/\/yoast.com\/wordpress\/plugins\/seo\/ -->\n<title>CNC Milling Machining Parts and CNC Machining Turning Parts<\/title>\n<meta name=\"description\" content=\"We are a CNC machining parts manufacturer with our CNC machining turning parts factory. We provide unmatched sheet metal fabrication services.\" \/>\n<meta name=\"robots\" content=\"index, follow, max-snippet:-1, max-image-preview:large, max-video-preview:-1\" \/>\n<link rel=\"canonical\" href=\"https:\/\/metalpie.com\/de\/cnc-bearbeitungsteile\/cnc-frasteile-und-cnc-drehteile\/\" \/>\n<meta property=\"og:locale\" content=\"de_DE\" \/>\n<meta property=\"og:type\" content=\"article\" \/>\n<meta property=\"og:title\" content=\"CNC Milling Machining Parts and CNC Machining Turning Parts\" \/>\n<meta property=\"og:description\" content=\"We are a CNC machining parts manufacturer with our CNC machining turning parts factory. We provide unmatched sheet metal fabrication services.\" \/>\n<meta property=\"og:url\" content=\"https:\/\/metalpie.com\/de\/cnc-bearbeitungsteile\/cnc-frasteile-und-cnc-drehteile\/\" \/>\n<meta property=\"og:site_name\" content=\"METALPIE\" \/>\n<meta property=\"og:image\" content=\"https:\/\/metalpie.com\/wp-content\/uploads\/2023\/11\/Copper.jpg\" \/>\n\t<meta property=\"og:image:width\" content=\"1024\" \/>\n\t<meta property=\"og:image:height\" content=\"683\" \/>\n\t<meta property=\"og:image:type\" content=\"image\/jpeg\" \/>\n<meta name=\"twitter:card\" content=\"summary_large_image\" \/>\n<meta name=\"twitter:label1\" content=\"Gesch\u00e4tzte Lesezeit\" \/>\n\t<meta name=\"twitter:data1\" content=\"1\u00a0Minute\" \/>\n<script type=\"application\/ld+json\" class=\"yoast-schema-graph\">{\"@context\":\"https:\/\/schema.org\",\"@graph\":[{\"@type\":\"WebPage\",\"@id\":\"https:\/\/metalpie.com\/cnc-machining-parts\/cnc-milling-machining-parts-and-cnc-machining-turning-parts\/\",\"url\":\"https:\/\/metalpie.com\/cnc-machining-parts\/cnc-milling-machining-parts-and-cnc-machining-turning-parts\/\",\"name\":\"CNC Milling Machining Parts and CNC Machining Turning Parts\",\"isPartOf\":{\"@id\":\"https:\/\/metalpie.com\/#website\"},\"datePublished\":\"2020-12-07T06:03:26+00:00\",\"dateModified\":\"2020-12-07T06:03:26+00:00\",\"description\":\"We are a CNC machining parts manufacturer with our CNC machining turning parts factory. We provide unmatched sheet metal fabrication services.\",\"breadcrumb\":{\"@id\":\"https:\/\/metalpie.com\/cnc-machining-parts\/cnc-milling-machining-parts-and-cnc-machining-turning-parts\/#breadcrumb\"},\"inLanguage\":\"de\",\"potentialAction\":[{\"@type\":\"ReadAction\",\"target\":[\"https:\/\/metalpie.com\/cnc-machining-parts\/cnc-milling-machining-parts-and-cnc-machining-turning-parts\/\"]}]},{\"@type\":\"BreadcrumbList\",\"@id\":\"https:\/\/metalpie.com\/cnc-machining-parts\/cnc-milling-machining-parts-and-cnc-machining-turning-parts\/#breadcrumb\",\"itemListElement\":[{\"@type\":\"ListItem\",\"position\":1,\"name\":\"Home\",\"item\":\"https:\/\/metalpie.com\/\"},{\"@type\":\"ListItem\",\"position\":2,\"name\":\"Products\",\"item\":\"https:\/\/metalpie.com\/shop\/\"},{\"@type\":\"ListItem\",\"position\":3,\"name\":\"CNC Milling Machining Parts and CNC Machining Turning Parts\"}]},{\"@type\":\"WebSite\",\"@id\":\"https:\/\/metalpie.com\/#website\",\"url\":\"https:\/\/metalpie.com\/\",\"name\":\"METALPIE\",\"description\":\"Precision Metal Fabrication | Tools, Processes &amp; More\",\"potentialAction\":[{\"@type\":\"SearchAction\",\"target\":{\"@type\":\"EntryPoint\",\"urlTemplate\":\"https:\/\/metalpie.com\/?s={search_term_string}\"},\"query-input\":\"required name=search_term_string\"}],\"inLanguage\":\"de\"}]}<\/script>\n<!-- \/ Yoast SEO plugin. -->","yoast_head_json":{"title":"CNC-Fr\u00e4sbearbeitung und CNC-Drehbearbeitung","description":"Wir sind ein Hersteller von CNC-Bearbeitungsteilen mit unserer Fabrik f\u00fcr CNC-Drehteile. Wir bieten un\u00fcbertroffene Blechbearbeitungsdienstleistungen.","robots":{"index":"index","follow":"follow","max-snippet":"max-snippet:-1","max-image-preview":"max-image-preview:large","max-video-preview":"max-video-preview:-1"},"canonical":"https:\/\/metalpie.com\/de\/cnc-bearbeitungsteile\/cnc-frasteile-und-cnc-drehteile\/","og_locale":"de_DE","og_type":"article","og_title":"CNC Milling Machining Parts and CNC Machining Turning Parts","og_description":"We are a CNC machining parts manufacturer with our CNC machining turning parts factory. We provide unmatched sheet metal fabrication services.","og_url":"https:\/\/metalpie.com\/de\/cnc-bearbeitungsteile\/cnc-frasteile-und-cnc-drehteile\/","og_site_name":"METALPIE","og_image":[{"width":1024,"height":683,"url":"https:\/\/metalpie.com\/wp-content\/uploads\/2023\/11\/Copper.jpg","type":"image\/jpeg"}],"twitter_card":"summary_large_image","twitter_misc":{"Gesch\u00e4tzte Lesezeit":"1\u00a0Minute"},"schema":{"@context":"https:\/\/schema.org","@graph":[{"@type":"WebPage","@id":"https:\/\/metalpie.com\/cnc-machining-parts\/cnc-milling-machining-parts-and-cnc-machining-turning-parts\/","url":"https:\/\/metalpie.com\/cnc-machining-parts\/cnc-milling-machining-parts-and-cnc-machining-turning-parts\/","name":"CNC-Fr\u00e4sbearbeitung und CNC-Drehbearbeitung","isPartOf":{"@id":"https:\/\/metalpie.com\/#website"},"datePublished":"2020-12-07T06:03:26+00:00","dateModified":"2020-12-07T06:03:26+00:00","description":"Wir sind ein Hersteller von CNC-Bearbeitungsteilen mit unserer Fabrik f\u00fcr CNC-Drehteile. Wir bieten un\u00fcbertroffene Blechbearbeitungsdienstleistungen.","breadcrumb":{"@id":"https:\/\/metalpie.com\/cnc-machining-parts\/cnc-milling-machining-parts-and-cnc-machining-turning-parts\/#breadcrumb"},"inLanguage":"de","potentialAction":[{"@type":"ReadAction","target":["https:\/\/metalpie.com\/cnc-machining-parts\/cnc-milling-machining-parts-and-cnc-machining-turning-parts\/"]}]},{"@type":"BreadcrumbList","@id":"https:\/\/metalpie.com\/cnc-machining-parts\/cnc-milling-machining-parts-and-cnc-machining-turning-parts\/#breadcrumb","itemListElement":[{"@type":"ListItem","position":1,"name":"Home","item":"https:\/\/metalpie.com\/"},{"@type":"ListItem","position":2,"name":"Products","item":"https:\/\/metalpie.com\/shop\/"},{"@type":"ListItem","position":3,"name":"CNC Milling Machining Parts and CNC Machining Turning Parts"}]},{"@type":"WebSite","@id":"https:\/\/metalpie.com\/#website","url":"https:\/\/metalpie.com\/","name":"METALPIE","description":"Pr\u00e4zisionsmetallverarbeitung | Werkzeuge, Verfahren &amp; mehr","potentialAction":[{"@type":"SearchAction","target":{"@type":"EntryPoint","urlTemplate":"https:\/\/metalpie.com\/?s={search_term_string}"},"query-input":"required name=search_term_string"}],"inLanguage":"de"}]}},"_links":{"self":[{"href":"https:\/\/metalpie.com\/de\/wp-json\/wp\/v2\/product\/388","targetHints":{"allow":["GET"]}}],"collection":[{"href":"https:\/\/metalpie.com\/de\/wp-json\/wp\/v2\/product"}],"about":[{"href":"https:\/\/metalpie.com\/de\/wp-json\/wp\/v2\/types\/product"}],"replies":[{"embeddable":true,"href":"https:\/\/metalpie.com\/de\/wp-json\/wp\/v2\/comments?post=388"}],"wp:featuredmedia":[{"embeddable":true,"href":"https:\/\/metalpie.com\/de\/wp-json\/wp\/v2\/media\/1064"}],"wp:attachment":[{"href":"https:\/\/metalpie.com\/de\/wp-json\/wp\/v2\/media?parent=388"}],"wp:term":[{"taxonomy":"product_cat","embeddable":true,"href":"https:\/\/metalpie.com\/de\/wp-json\/wp\/v2\/product_cat?post=388"}],"curies":[{"name":"wp","href":"https:\/\/api.w.org\/{rel}","templated":true}]}}