{"id":3319,"date":"2022-12-22T08:55:21","date_gmt":"2022-12-22T00:55:21","guid":{"rendered":"https:\/\/metalpie.com\/?post_type=product&#038;p=3319"},"modified":"2023-02-01T14:27:51","modified_gmt":"2023-02-01T06:27:51","slug":"aluminium-lkw-aufbau-fur-leichte-lkw","status":"publish","type":"product","link":"https:\/\/metalpie.com\/de\/aluminiumfahrzeuge\/aluminium-lkw-aufbau-fur-leichte-lkw\/","title":{"rendered":"Aluminium Lkw-Karosserie f\u00fcr leichte Lkw"},"content":{"rendered":"<section class=\"section\" id=\"section_1199689324\">\n\t\t<div class=\"bg section-bg fill bg-fill  bg-loaded\" >\n\n\t\t\t\n\t\t\t\n\t\t\t\n\n\t\t<\/div>\n\n\t\t\n\n\t\t<div class=\"section-content relative\">\n\t\t\t\n<div class=\"row\"  id=\"row-1915473543\">\n\n\t<div id=\"col-1523090891\" class=\"col small-12 large-12\"  >\n\t\t\t\t<div class=\"col-inner\"  >\n\t\t\t\n\t\t\t\n<h2>Aluminium-Leicht-LKW-Aufbau<\/h2>\n<table style=\"font-size: 14.4px; border-collapse: collapse; width: 740px; height: 253px;\" border=\"0\" width=\"762\" cellspacing=\"0\" cellpadding=\"0\">\n<tbody>\n<tr style=\"height: 21.00pt;\">\n<td class=\"et3\" style=\"height: 21.00pt; width: 196.50pt;\" width=\"262\" height=\"28\"><strong>\u00c4u\u00dfere L\u00e4nge<\/strong><\/td>\n<td class=\"et4\" style=\"width: 182.25pt;\" width=\"243\"><strong>\u00c4u\u00dfere Breite<\/strong><\/td>\n<td class=\"et4\" style=\"width: 192.75pt;\" width=\"257\"><strong>\u00c4u\u00dfere H\u00f6he<\/strong><\/td>\n<\/tr>\n<tr style=\"height: 21.00pt;\">\n<td class=\"et5\" style=\"height: 21.00pt; width: 196.50pt;\" width=\"262\" height=\"28\">4285<\/td>\n<td class=\"et6\" style=\"width: 182.25pt;\" width=\"243\">2432<\/td>\n<td class=\"et6\" style=\"width: 192.75pt;\" width=\"257\">1735<\/td>\n<\/tr>\n<tr style=\"height: 21.00pt;\">\n<td class=\"et7\" style=\"height: 21.00pt; width: 196.50pt;\" width=\"262\" height=\"28\"><strong>Innere L\u00e4nge<\/strong><\/td>\n<td class=\"et8\" style=\"width: 182.25pt;\" width=\"243\"><strong>Innere Breite<\/strong><\/td>\n<td class=\"et8\" style=\"width: 192.75pt;\" width=\"257\"><strong>Innere H\u00f6he<\/strong><\/td>\n<\/tr>\n<tr style=\"height: 21.00pt;\">\n<td class=\"et5\" style=\"height: 21.00pt; width: 196.50pt;\" width=\"262\" height=\"28\">4165<\/td>\n<td class=\"et6\" style=\"width: 182.25pt;\" width=\"243\">2300<\/td>\n<td class=\"et6\" style=\"width: 192.75pt;\" width=\"257\">500<\/td>\n<\/tr>\n<tr style=\"height: 21.00pt;\">\n<td class=\"et7\" style=\"height: 21.00pt; width: 196.50pt;\" width=\"262\" height=\"28\"><strong>Gesamtdicke der Seitenteile<\/strong><\/td>\n<td class=\"et8\" style=\"width: 182.25pt;\" width=\"243\"><strong>Dicke des Bodens<\/strong><\/td>\n<td class=\"et8\" style=\"width: 192.75pt;\" width=\"257\"><strong>Methode der T\u00fcr\u00f6ffnung<\/strong><\/td>\n<\/tr>\n<tr style=\"height: 21.00pt;\">\n<td class=\"et5\" style=\"height: 21.00pt; width: 196.50pt;\" width=\"262\" height=\"28\">30<\/td>\n<td class=\"et6\" style=\"width: 182.25pt;\" width=\"243\">20<\/td>\n<td class=\"et6\" style=\"width: 192.75pt;\" width=\"257\">F\u00fcnf T\u00fcren\/Drei T\u00fcren<\/td>\n<\/tr>\n<tr style=\"height: 21.00pt;\">\n<td class=\"et7\" style=\"height: 21.00pt; width: 196.50pt;\" width=\"262\" height=\"28\"><strong>Formular Instrumentierung<\/strong><\/td>\n<td class=\"et10\" style=\"width: 182.25pt;\" width=\"243\"><strong>Gewicht des Kofferaufbaus<span class=\"font2\">\/kg<\/span><\/strong><\/td>\n<td class=\"et8\" style=\"width: 192.75pt;\" width=\"257\"><strong>Bemessungslast\/T<\/strong><\/td>\n<\/tr>\n<tr style=\"height: 21.00pt;\">\n<td class=\"et5\" style=\"height: 21.00pt; width: 196.50pt;\" width=\"262\" height=\"28\">Externer Pfahl<\/td>\n<td class=\"et6\" style=\"width: 182.25pt;\" width=\"243\">260<\/td>\n<td class=\"et6\" style=\"width: 192.75pt;\" width=\"257\">\n<p>5<\/p>\n<\/td>\n<\/tr>\n<\/tbody>\n<\/table>\n<h2>\u00dcbersicht<\/h2>\n<p><span data-preserver-spaces=\"true\">Der Aluminium-LKW-Aufbau ist optional in Farbe, Gr\u00f6\u00dfe und vielen anderen Details. Als ein professioneller Hersteller von Aluminium-LKW-Aufbauten k\u00f6nnen wir eine Vielzahl von Spezifikationen f\u00fcr Sie anpassen. Wir haben diese leichten LKW-Aufbauten f\u00fcr viele ber\u00fchmte globale Marken geliefert. Wir sind Ihre beste Wahl, wenn Sie einen leistungsstarken Hersteller f\u00fcr Ihre Lkw mit Aluminiumaufbauten suchen!<\/span><\/p>\n<h2>Aluminium Lkw-Aufbauten Merkmale<\/h2>\n<p><span data-preserver-spaces=\"true\">1. Wir verwenden hochschlagfeste Aluminiumprofile, um diesen Aluminium-LKW-Aufbau herzustellen. Alle Profile werden von uns selbst entwickelt und hergestellt.<\/span><\/p>\n<p><span data-preserver-spaces=\"true\">2. Nieten und Schrauben sind die Hauptverbindungsmethoden, erg\u00e4nzt durch ein geringes Ma\u00df an Schwei\u00dfen. Diese Verbindungsmethoden sind bequem f\u00fcr die Montage und Wartung von Aluminium-LKW-Aufbauten.<\/span><\/p>\n<p><span data-preserver-spaces=\"true\">3. In Bezug auf die Struktur, zus\u00e4tzlich zu der Verwendung eines Teils der Struktur der van Produkt, das Gel\u00e4nder Teil verwendet japanische Technologie als Referenz. Wir haben eine neue zusammengesetzte Gel\u00e4nderstruktur f\u00fcr diesen Aluminium-LKW-Aufbau entworfen.\u00a0<\/span><\/p>\n<p><span data-preserver-spaces=\"true\">4. Sowohl f\u00fcr die Seitenz\u00e4une als auch f\u00fcr die hinteren Z\u00e4une werden Profile mit geschlossenen Strukturen verwendet. Durch die Kombination und Anpassung von Profilen k\u00f6nnen Z\u00e4une mit Serienh\u00f6hen von 400mm, 500mm und 600mm kombiniert werden, um die Anforderungen der Kunden zu erf\u00fcllen. Der untere Teil des vorderen Zauns ist ebenfalls aus der gleichen Profilkombination gefertigt.<\/span><\/p>\n<p><span data-preserver-spaces=\"true\">5. Der Boden wird aus hochfesten Profilen extrudiert und in L\u00e4ngsrichtung verlegt. Der obere Teil des Profils hat Antirutschrippen, der untere Teil ist mit St\u00fctzrippen versehen. Der untere Teil des Bodens ist mit horizontalen St\u00fctzbalken mit hoher Gesamtsteifigkeit versehen.<\/span><\/p>\n\t\t<\/div>\n\t\t\t\t\t<\/div>\n\n\t\n<\/div>\n\t\t<\/div>\n\n\t\t\n<style>\n#section_1199689324 {\n  padding-top: 30px;\n  padding-bottom: 30px;\n}\n<\/style>\n\t<\/section>","protected":false},"excerpt":{"rendered":"<p>Der Lkw-Aufbau ist speziell f\u00fcr leichte Lkw konzipiert. Die verl\u00e4ngerten Rungen verbessern die Ladekapazit\u00e4t. Es ist ein perfektes Fahrzeug, um Ihr eigenes Gesch\u00e4ft zu machen.<\/p>","protected":false},"featured_media":3320,"comment_status":"closed","ping_status":"closed","template":"","meta":[],"product_cat":[98],"class_list":["post-3319","product","type-product","status-publish","has-post-thumbnail","hentry","product_cat-aluminum-vehicles"],"yoast_head":"<!-- This site is optimized with the Yoast SEO plugin v21.5 - https:\/\/yoast.com\/wordpress\/plugins\/seo\/ -->\n<title>Aluminum Truck Body &amp; Wing Body for Window and Door Display<\/title>\n<meta name=\"description\" content=\"We provide various aluminum truck bodies, such as box truck bodies and wing bodies. We also deliver custom truck body service.\" \/>\n<meta name=\"robots\" content=\"index, follow, max-snippet:-1, max-image-preview:large, max-video-preview:-1\" \/>\n<link rel=\"canonical\" href=\"https:\/\/metalpie.com\/de\/aluminiumfahrzeuge\/aluminium-lkw-aufbau-fur-leichte-lkw\/\" \/>\n<meta property=\"og:locale\" content=\"de_DE\" \/>\n<meta property=\"og:type\" content=\"article\" \/>\n<meta property=\"og:title\" content=\"Aluminum Truck Body &amp; Wing Body for Window and Door Display\" \/>\n<meta property=\"og:description\" content=\"We provide various aluminum truck bodies, such as box truck bodies and wing bodies. We also deliver custom truck body service.\" \/>\n<meta property=\"og:url\" content=\"https:\/\/metalpie.com\/de\/aluminiumfahrzeuge\/aluminium-lkw-aufbau-fur-leichte-lkw\/\" \/>\n<meta property=\"og:site_name\" content=\"METALPIE\" \/>\n<meta property=\"article:modified_time\" content=\"2023-02-01T06:27:51+00:00\" \/>\n<meta property=\"og:image\" content=\"https:\/\/metalpie.com\/wp-content\/uploads\/2022\/12\/aluminum_truck_bodies_side_right.webp\" \/>\n\t<meta property=\"og:image:width\" content=\"1000\" \/>\n\t<meta property=\"og:image:height\" content=\"750\" \/>\n\t<meta property=\"og:image:type\" content=\"image\/webp\" \/>\n<meta name=\"twitter:card\" content=\"summary_large_image\" \/>\n<meta name=\"twitter:label1\" content=\"Gesch\u00e4tzte Lesezeit\" \/>\n\t<meta name=\"twitter:data1\" content=\"2\u00a0Minuten\" \/>\n<script type=\"application\/ld+json\" class=\"yoast-schema-graph\">{\"@context\":\"https:\/\/schema.org\",\"@graph\":[{\"@type\":\"WebPage\",\"@id\":\"https:\/\/metalpie.com\/ru\/%d0%b0%d0%bb%d1%8e%d0%bc%d0%b8%d0%bd%d0%b8%d0%b5%d0%b2%d1%8b%d0%b5-%d0%b0%d0%b2%d1%82%d0%be%d0%bc%d0%be%d0%b1%d0%b8%d0%bb%d0%b8\/%d0%b0%d0%bb%d1%8e%d0%bc%d0%b8%d0%bd%d0%b8%d0%b5%d0%b2%d1%8b%d0%b9-%d0%ba%d1%83%d0%b7%d0%be%d0%b2-%d0%b4%d0%bb%d1%8f-%d0%bb%d0%b5%d0%b3%d0%ba%d0%be%d0%b3%d0%be-%d0%b3%d1%80%d1%83%d0%b7%d0%be%d0%b2\/\",\"url\":\"https:\/\/metalpie.com\/ru\/%d0%b0%d0%bb%d1%8e%d0%bc%d0%b8%d0%bd%d0%b8%d0%b5%d0%b2%d1%8b%d0%b5-%d0%b0%d0%b2%d1%82%d0%be%d0%bc%d0%be%d0%b1%d0%b8%d0%bb%d0%b8\/%d0%b0%d0%bb%d1%8e%d0%bc%d0%b8%d0%bd%d0%b8%d0%b5%d0%b2%d1%8b%d0%b9-%d0%ba%d1%83%d0%b7%d0%be%d0%b2-%d0%b4%d0%bb%d1%8f-%d0%bb%d0%b5%d0%b3%d0%ba%d0%be%d0%b3%d0%be-%d0%b3%d1%80%d1%83%d0%b7%d0%be%d0%b2\/\",\"name\":\"Aluminum Truck Body & Wing Body for Window and Door Display\",\"isPartOf\":{\"@id\":\"https:\/\/metalpie.com\/#website\"},\"datePublished\":\"2022-12-22T00:55:21+00:00\",\"dateModified\":\"2023-02-01T06:27:51+00:00\",\"description\":\"We provide various aluminum truck bodies, such as box truck bodies and wing bodies. We also deliver custom truck body service.\",\"breadcrumb\":{\"@id\":\"https:\/\/metalpie.com\/ru\/%d0%b0%d0%bb%d1%8e%d0%bc%d0%b8%d0%bd%d0%b8%d0%b5%d0%b2%d1%8b%d0%b5-%d0%b0%d0%b2%d1%82%d0%be%d0%bc%d0%be%d0%b1%d0%b8%d0%bb%d0%b8\/%d0%b0%d0%bb%d1%8e%d0%bc%d0%b8%d0%bd%d0%b8%d0%b5%d0%b2%d1%8b%d0%b9-%d0%ba%d1%83%d0%b7%d0%be%d0%b2-%d0%b4%d0%bb%d1%8f-%d0%bb%d0%b5%d0%b3%d0%ba%d0%be%d0%b3%d0%be-%d0%b3%d1%80%d1%83%d0%b7%d0%be%d0%b2\/#breadcrumb\"},\"inLanguage\":\"de\",\"potentialAction\":[{\"@type\":\"ReadAction\",\"target\":[\"https:\/\/metalpie.com\/ru\/%d0%b0%d0%bb%d1%8e%d0%bc%d0%b8%d0%bd%d0%b8%d0%b5%d0%b2%d1%8b%d0%b5-%d0%b0%d0%b2%d1%82%d0%be%d0%bc%d0%be%d0%b1%d0%b8%d0%bb%d0%b8\/%d0%b0%d0%bb%d1%8e%d0%bc%d0%b8%d0%bd%d0%b8%d0%b5%d0%b2%d1%8b%d0%b9-%d0%ba%d1%83%d0%b7%d0%be%d0%b2-%d0%b4%d0%bb%d1%8f-%d0%bb%d0%b5%d0%b3%d0%ba%d0%be%d0%b3%d0%be-%d0%b3%d1%80%d1%83%d0%b7%d0%be%d0%b2\/\"]}]},{\"@type\":\"BreadcrumbList\",\"@id\":\"https:\/\/metalpie.com\/ru\/%d0%b0%d0%bb%d1%8e%d0%bc%d0%b8%d0%bd%d0%b8%d0%b5%d0%b2%d1%8b%d0%b5-%d0%b0%d0%b2%d1%82%d0%be%d0%bc%d0%be%d0%b1%d0%b8%d0%bb%d0%b8\/%d0%b0%d0%bb%d1%8e%d0%bc%d0%b8%d0%bd%d0%b8%d0%b5%d0%b2%d1%8b%d0%b9-%d0%ba%d1%83%d0%b7%d0%be%d0%b2-%d0%b4%d0%bb%d1%8f-%d0%bb%d0%b5%d0%b3%d0%ba%d0%be%d0%b3%d0%be-%d0%b3%d1%80%d1%83%d0%b7%d0%be%d0%b2\/#breadcrumb\",\"itemListElement\":[{\"@type\":\"ListItem\",\"position\":1,\"name\":\"Home\",\"item\":\"https:\/\/metalpie.com\/\"},{\"@type\":\"ListItem\",\"position\":2,\"name\":\"Products\",\"item\":\"https:\/\/metalpie.com\/shop\/\"},{\"@type\":\"ListItem\",\"position\":3,\"name\":\"Aluminum Truck Body for Light Truck\"}]},{\"@type\":\"WebSite\",\"@id\":\"https:\/\/metalpie.com\/#website\",\"url\":\"https:\/\/metalpie.com\/\",\"name\":\"METALPIE\",\"description\":\"Precision Metal Fabrication | Tools, Processes &amp; More\",\"potentialAction\":[{\"@type\":\"SearchAction\",\"target\":{\"@type\":\"EntryPoint\",\"urlTemplate\":\"https:\/\/metalpie.com\/?s={search_term_string}\"},\"query-input\":\"required name=search_term_string\"}],\"inLanguage\":\"de\"}]}<\/script>\n<!-- \/ Yoast SEO plugin. -->","yoast_head_json":{"title":"Aluminium-LKW-Karosserie &amp; Fl\u00fcgelkarosserie f\u00fcr Fenster- und T\u00fcranzeigen","description":"Wir bieten verschiedene Lkw-Aufbauten aus Aluminium an, z. B. Kofferaufbauten und Fl\u00fcgelaufbauten. Wir liefern auch benutzerdefinierte LKW-Aufbau-Service.","robots":{"index":"index","follow":"follow","max-snippet":"max-snippet:-1","max-image-preview":"max-image-preview:large","max-video-preview":"max-video-preview:-1"},"canonical":"https:\/\/metalpie.com\/de\/aluminiumfahrzeuge\/aluminium-lkw-aufbau-fur-leichte-lkw\/","og_locale":"de_DE","og_type":"article","og_title":"Aluminum Truck Body & Wing Body for Window and Door Display","og_description":"We provide various aluminum truck bodies, such as box truck bodies and wing bodies. We also deliver custom truck body service.","og_url":"https:\/\/metalpie.com\/de\/aluminiumfahrzeuge\/aluminium-lkw-aufbau-fur-leichte-lkw\/","og_site_name":"METALPIE","article_modified_time":"2023-02-01T06:27:51+00:00","og_image":[{"width":1000,"height":750,"url":"https:\/\/metalpie.com\/wp-content\/uploads\/2022\/12\/aluminum_truck_bodies_side_right.webp","type":"image\/webp"}],"twitter_card":"summary_large_image","twitter_misc":{"Gesch\u00e4tzte Lesezeit":"2\u00a0Minuten"},"schema":{"@context":"https:\/\/schema.org","@graph":[{"@type":"WebPage","@id":"https:\/\/metalpie.com\/ru\/%d0%b0%d0%bb%d1%8e%d0%bc%d0%b8%d0%bd%d0%b8%d0%b5%d0%b2%d1%8b%d0%b5-%d0%b0%d0%b2%d1%82%d0%be%d0%bc%d0%be%d0%b1%d0%b8%d0%bb%d0%b8\/%d0%b0%d0%bb%d1%8e%d0%bc%d0%b8%d0%bd%d0%b8%d0%b5%d0%b2%d1%8b%d0%b9-%d0%ba%d1%83%d0%b7%d0%be%d0%b2-%d0%b4%d0%bb%d1%8f-%d0%bb%d0%b5%d0%b3%d0%ba%d0%be%d0%b3%d0%be-%d0%b3%d1%80%d1%83%d0%b7%d0%be%d0%b2\/","url":"https:\/\/metalpie.com\/ru\/%d0%b0%d0%bb%d1%8e%d0%bc%d0%b8%d0%bd%d0%b8%d0%b5%d0%b2%d1%8b%d0%b5-%d0%b0%d0%b2%d1%82%d0%be%d0%bc%d0%be%d0%b1%d0%b8%d0%bb%d0%b8\/%d0%b0%d0%bb%d1%8e%d0%bc%d0%b8%d0%bd%d0%b8%d0%b5%d0%b2%d1%8b%d0%b9-%d0%ba%d1%83%d0%b7%d0%be%d0%b2-%d0%b4%d0%bb%d1%8f-%d0%bb%d0%b5%d0%b3%d0%ba%d0%be%d0%b3%d0%be-%d0%b3%d1%80%d1%83%d0%b7%d0%be%d0%b2\/","name":"Aluminium-LKW-Karosserie &amp; Fl\u00fcgelkarosserie f\u00fcr Fenster- und T\u00fcranzeigen","isPartOf":{"@id":"https:\/\/metalpie.com\/#website"},"datePublished":"2022-12-22T00:55:21+00:00","dateModified":"2023-02-01T06:27:51+00:00","description":"Wir bieten verschiedene Lkw-Aufbauten aus Aluminium an, z. B. Kofferaufbauten und Fl\u00fcgelaufbauten. Wir liefern auch benutzerdefinierte LKW-Aufbau-Service.","breadcrumb":{"@id":"https:\/\/metalpie.com\/ru\/%d0%b0%d0%bb%d1%8e%d0%bc%d0%b8%d0%bd%d0%b8%d0%b5%d0%b2%d1%8b%d0%b5-%d0%b0%d0%b2%d1%82%d0%be%d0%bc%d0%be%d0%b1%d0%b8%d0%bb%d0%b8\/%d0%b0%d0%bb%d1%8e%d0%bc%d0%b8%d0%bd%d0%b8%d0%b5%d0%b2%d1%8b%d0%b9-%d0%ba%d1%83%d0%b7%d0%be%d0%b2-%d0%b4%d0%bb%d1%8f-%d0%bb%d0%b5%d0%b3%d0%ba%d0%be%d0%b3%d0%be-%d0%b3%d1%80%d1%83%d0%b7%d0%be%d0%b2\/#breadcrumb"},"inLanguage":"de","potentialAction":[{"@type":"ReadAction","target":["https:\/\/metalpie.com\/ru\/%d0%b0%d0%bb%d1%8e%d0%bc%d0%b8%d0%bd%d0%b8%d0%b5%d0%b2%d1%8b%d0%b5-%d0%b0%d0%b2%d1%82%d0%be%d0%bc%d0%be%d0%b1%d0%b8%d0%bb%d0%b8\/%d0%b0%d0%bb%d1%8e%d0%bc%d0%b8%d0%bd%d0%b8%d0%b5%d0%b2%d1%8b%d0%b9-%d0%ba%d1%83%d0%b7%d0%be%d0%b2-%d0%b4%d0%bb%d1%8f-%d0%bb%d0%b5%d0%b3%d0%ba%d0%be%d0%b3%d0%be-%d0%b3%d1%80%d1%83%d0%b7%d0%be%d0%b2\/"]}]},{"@type":"BreadcrumbList","@id":"https:\/\/metalpie.com\/ru\/%d0%b0%d0%bb%d1%8e%d0%bc%d0%b8%d0%bd%d0%b8%d0%b5%d0%b2%d1%8b%d0%b5-%d0%b0%d0%b2%d1%82%d0%be%d0%bc%d0%be%d0%b1%d0%b8%d0%bb%d0%b8\/%d0%b0%d0%bb%d1%8e%d0%bc%d0%b8%d0%bd%d0%b8%d0%b5%d0%b2%d1%8b%d0%b9-%d0%ba%d1%83%d0%b7%d0%be%d0%b2-%d0%b4%d0%bb%d1%8f-%d0%bb%d0%b5%d0%b3%d0%ba%d0%be%d0%b3%d0%be-%d0%b3%d1%80%d1%83%d0%b7%d0%be%d0%b2\/#breadcrumb","itemListElement":[{"@type":"ListItem","position":1,"name":"Home","item":"https:\/\/metalpie.com\/"},{"@type":"ListItem","position":2,"name":"Products","item":"https:\/\/metalpie.com\/shop\/"},{"@type":"ListItem","position":3,"name":"Aluminum Truck Body for Light Truck"}]},{"@type":"WebSite","@id":"https:\/\/metalpie.com\/#website","url":"https:\/\/metalpie.com\/","name":"METALPIE","description":"Pr\u00e4zisionsmetallverarbeitung | Werkzeuge, Verfahren &amp; mehr","potentialAction":[{"@type":"SearchAction","target":{"@type":"EntryPoint","urlTemplate":"https:\/\/metalpie.com\/?s={search_term_string}"},"query-input":"required name=search_term_string"}],"inLanguage":"de"}]}},"_links":{"self":[{"href":"https:\/\/metalpie.com\/de\/wp-json\/wp\/v2\/product\/3319","targetHints":{"allow":["GET"]}}],"collection":[{"href":"https:\/\/metalpie.com\/de\/wp-json\/wp\/v2\/product"}],"about":[{"href":"https:\/\/metalpie.com\/de\/wp-json\/wp\/v2\/types\/product"}],"replies":[{"embeddable":true,"href":"https:\/\/metalpie.com\/de\/wp-json\/wp\/v2\/comments?post=3319"}],"wp:featuredmedia":[{"embeddable":true,"href":"https:\/\/metalpie.com\/de\/wp-json\/wp\/v2\/media\/3320"}],"wp:attachment":[{"href":"https:\/\/metalpie.com\/de\/wp-json\/wp\/v2\/media?parent=3319"}],"wp:term":[{"taxonomy":"product_cat","embeddable":true,"href":"https:\/\/metalpie.com\/de\/wp-json\/wp\/v2\/product_cat?post=3319"}],"curies":[{"name":"wp","href":"https:\/\/api.w.org\/{rel}","templated":true}]}}