{"id":3229,"date":"2022-12-20T10:30:52","date_gmt":"2022-12-20T02:30:52","guid":{"rendered":"https:\/\/metalpie.com\/?post_type=product&#038;p=3229"},"modified":"2023-01-31T15:02:37","modified_gmt":"2023-01-31T07:02:37","slug":"aluminium-kastenwagenaufbauten","status":"publish","type":"product","link":"https:\/\/metalpie.com\/de\/aluminiumfahrzeuge\/aluminium-kastenwagenaufbauten\/","title":{"rendered":"Aluminium-Kastenwagenaufbau"},"content":{"rendered":"<section class=\"section\" id=\"section_1411294016\">\n\t\t<div class=\"bg section-bg fill bg-fill  bg-loaded\" >\n\n\t\t\t\n\t\t\t\n\t\t\t\n\n\t\t<\/div>\n\n\t\t\n\n\t\t<div class=\"section-content relative\">\n\t\t\t\n<div class=\"row\"  id=\"row-1772251200\">\n\n\t<div id=\"col-723169497\" class=\"col small-12 large-12\"  >\n\t\t\t\t<div class=\"col-inner\"  >\n\t\t\t\n\t\t\t\n<h2>Aluminium-Kastenwagenaufbau Parameter<\/h2>\n<table style=\"border-collapse: collapse; width: 729.02pt;\" border=\"0\" width=\"972\" cellspacing=\"0\" cellpadding=\"0\">\n<tbody>\n<tr style=\"height: 20.25pt;\">\n<td class=\"et2\" style=\"height: 20.25pt; width: 298.50pt;\" width=\"398\" height=\"27\"><strong>\u00c4u\u00dfere L\u00e4nge<\/strong><\/td>\n<td class=\"et2\" style=\"width: 215.25pt;\" width=\"287\"><strong>\u00c4u\u00dfere Breite<\/strong><\/td>\n<td class=\"et2\" style=\"width: 215.25pt;\" width=\"287\"><strong>\u00c4u\u00dfere H\u00f6he<\/strong><\/td>\n<\/tr>\n<tr style=\"height: 20.25pt;\">\n<td class=\"et6\" style=\"height: 20.25pt;\" height=\"27\">4190<\/td>\n<td class=\"et6\">2150<\/td>\n<td class=\"et6\">2325<\/td>\n<\/tr>\n<tr style=\"height: 20.25pt;\">\n<td class=\"et2\" style=\"height: 20.25pt;\" height=\"27\"><strong>Innere L\u00e4nge<\/strong><\/td>\n<td class=\"et2\"><strong>Innere Breite<\/strong><\/td>\n<td class=\"et2\"><strong>Innere H\u00f6he<\/strong><\/td>\n<\/tr>\n<tr style=\"height: 20.25pt;\">\n<td class=\"et6\" style=\"height: 20.25pt;\" height=\"27\">4140<\/td>\n<td class=\"et6\">2100<\/td>\n<td class=\"et6\">2100<\/td>\n<\/tr>\n<tr style=\"height: 20.25pt;\">\n<td class=\"et2\" style=\"height: 20.25pt;\" height=\"27\"><strong>Dicke der Seitenteile<\/strong><\/td>\n<td class=\"et2\"><strong>Dicke der Dool-Platte<\/strong><\/td>\n<td class=\"et2\"><strong>Untere Platte<\/strong><\/td>\n<\/tr>\n<tr style=\"height: 20.25pt;\">\n<td class=\"et6\" style=\"height: 20.25pt;\" height=\"27\">20<\/td>\n<td class=\"et6\">20<\/td>\n<td class=\"et6\">Aluminium-Profile<\/td>\n<\/tr>\n<tr style=\"height: 20.25pt;\">\n<td class=\"et2\" style=\"height: 20.25pt;\" height=\"27\"><strong>Seitent\u00fcr<\/strong><\/td>\n<td class=\"et2\"><strong>Hintere T\u00fcr<\/strong><\/td>\n<td class=\"et2\"><strong>Schl\u00f6sser<\/strong><\/td>\n<\/tr>\n<tr style=\"height: 20.25pt;\">\n<td class=\"et2\" style=\"height: 20.25pt;\" height=\"27\">Doppelwandige \u00d6ffnung an der rechten Seite<\/td>\n<td class=\"et2\">Doppeltes \u00d6ffnen der Paneele<\/td>\n<td class=\"et2\">Verzinkt<\/td>\n<\/tr>\n<tr style=\"height: 20.25pt;\">\n<td class=\"et2\" style=\"height: 20.25pt;\" height=\"27\"><strong>Gewicht des Kofferaufbaus<\/strong><\/td>\n<td class=\"et2\"><strong>Maximale Kapazit\u00e4t<\/strong><\/td>\n<td class=\"et2\"><strong>Bemessungslast<\/strong><\/td>\n<\/tr>\n<tr style=\"height: 20.25pt;\">\n<td class=\"et2\" style=\"height: 20.25pt;\" height=\"27\">430kg<\/td>\n<td class=\"et2\">18,2 Kubikmeter<\/td>\n<td class=\"et2\">5t<\/td>\n<\/tr>\n<\/tbody>\n<\/table>\n\t\t<\/div>\n\t\t\t\t\t<\/div>\n\n\t\n<\/div>\n\t\t<\/div>\n\n\t\t\n<style>\n#section_1411294016 {\n  padding-top: 30px;\n  padding-bottom: 30px;\n}\n<\/style>\n\t<\/section>\n\t\n\t<section class=\"section\" id=\"section_1825220307\">\n\t\t<div class=\"bg section-bg fill bg-fill  bg-loaded\" >\n\n\t\t\t\n\t\t\t\n\t\t\t\n\n\t\t<\/div>\n\n\t\t\n\n\t\t<div class=\"section-content relative\">\n\t\t\t\n<div class=\"row\"  id=\"row-1187707772\">\n\n\t<div id=\"col-976523307\" class=\"col small-12 large-12\"  >\n\t\t\t\t<div class=\"col-inner\"  >\n\t\t\t\n\t\t\t\n<h2>Beschreibung<\/h2>\n<p>Huajian ist einer der weltweit f\u00fchrenden Hersteller von Aluminium-LKW-Aufbauten. Unser Hauptsitz befindet sich im Landkreis Linqu, der \u00fcber reichlich und qualitativ hochwertige Aluminiummaterialien verf\u00fcgt. Die in unserem Unternehmen hergestellten Lkw-Aufbauten bestehen aus starken Aluminiumprofilen. Die mit speziellen Techniken verarbeiteten Aluminium-Kastenwagenaufbauten sind leicht und korrosionsbest\u00e4ndig. Gleichzeitig hilft es, das Gewicht eines Lkw zu reduzieren. <br \/>Diese Art von Kofferaufbau ist in verschiedenen Farben erh\u00e4ltlich. Sie sagen uns einfach Ihre Anforderungen, und wir werden perfekte benutzerdefinierte Aluminium-LKW-Aufbauten f\u00fcr Sie bereitstellen.<\/p>\n\t\t<\/div>\n\t\t\t\t\t<\/div>\n\n\t\n<\/div>\n\t\t<\/div>\n\n\t\t\n<style>\n#section_1825220307 {\n  padding-top: 30px;\n  padding-bottom: 30px;\n}\n<\/style>\n\t<\/section>\n\t\n\t<section class=\"section\" id=\"section_1505240405\">\n\t\t<div class=\"bg section-bg fill bg-fill  bg-loaded\" >\n\n\t\t\t\n\t\t\t\n\t\t\t\n\n\t\t<\/div>\n\n\t\t\n\n\t\t<div class=\"section-content relative\">\n\t\t\t\n<div class=\"row\"  id=\"row-1174084767\">\n\n\t<div id=\"col-832310804\" class=\"col small-12 large-12\"  >\n\t\t\t\t<div class=\"col-inner\"  >\n\t\t\t\n\t\t\t\n<h2>Eigenschaften<\/h2>\n<p>1. Die Aluminium-Van-Karosserie ist aus unseren eigenen hochfesten Aluminiumprofilen gefertigt. Es nimmt Nieten, Schwei\u00dfen und Verschrauben als die wichtigsten Methoden, um die meisten Teile zu verbinden. Die restlichen Teile werden durch Kleben miteinander verbunden. Seine Struktur macht es einfach zu montieren und zu warten.<br \/>2. Die Bodenplatte besteht aus einer zusammengesetzten Struktur aus Aluminiumprofilen. Sie hat eine gute Festigkeit und ist leicht zu montieren.<br \/>3. St\u00fctzen, Seitentr\u00e4ger und andere Strukturen werden als bogenf\u00f6rmige Strukturen entworfen, die sch\u00f6ner sind und weniger Windwiderstand haben;<br \/>4. Optionale Heckplatte aus Aluminiumlegierung. Die Gr\u00f6\u00dfe der Heckplatte ist 2100*1630. Und der obere Teil der Heckplatte ist mit einer Klappe T\u00fcr ausgestattet, die bequem f\u00fcr das Be- und Entladen ist.<\/p>\n\t\t<\/div>\n\t\t\t\t\t<\/div>\n\n\t\n<\/div>\n\t\t<\/div>\n\n\t\t\n<style>\n#section_1505240405 {\n  padding-top: 30px;\n  padding-bottom: 30px;\n}\n<\/style>\n\t<\/section>","protected":false},"excerpt":{"rendered":"<p>Dieser Kastenwagenaufbau hat ein breites Anwendungsspektrum. Es kann verwendet werden, um viele Arten von Waren zu liefern, wie Pakete, medizinische Dinge, Lebensmittel, etc. Wir verwenden starke Aluminium-Materialien, um diese Aluminium-LKW-Aufbau zu machen. Er hat eine starke Struktur und ist einfach zu montieren und zu warten. Die Gr\u00f6\u00dfe ist optional. Wir unterst\u00fctzen kundenspezifische Kofferaufbauten. Wenn Sie Fragen haben, z\u00f6gern Sie nicht, mit uns in Kontakt zu treten!<\/p>","protected":false},"featured_media":3256,"comment_status":"closed","ping_status":"closed","template":"","meta":[],"product_cat":[98],"class_list":["post-3229","product","type-product","status-publish","has-post-thumbnail","hentry","product_cat-aluminum-vehicles"],"yoast_head":"<!-- This site is optimized with the Yoast SEO plugin v21.5 - https:\/\/yoast.com\/wordpress\/plugins\/seo\/ -->\n<title>Aluminum Box Truck Body | Aluminum Truck Bodies for Sale<\/title>\n<meta name=\"description\" content=\"Hualv aluminum box truck body is of good quality. It is popular among clients due to its high quality, competitive rate, and custom size.\" \/>\n<meta name=\"robots\" content=\"index, follow, max-snippet:-1, max-image-preview:large, max-video-preview:-1\" \/>\n<link rel=\"canonical\" href=\"https:\/\/metalpie.com\/de\/aluminiumfahrzeuge\/aluminium-kastenwagenaufbauten\/\" \/>\n<meta property=\"og:locale\" content=\"de_DE\" \/>\n<meta property=\"og:type\" content=\"article\" \/>\n<meta property=\"og:title\" content=\"Aluminum Box Truck Body | Aluminum Truck Bodies for Sale\" \/>\n<meta property=\"og:description\" content=\"Hualv aluminum box truck body is of good quality. It is popular among clients due to its high quality, competitive rate, and custom size.\" \/>\n<meta property=\"og:url\" content=\"https:\/\/metalpie.com\/de\/aluminiumfahrzeuge\/aluminium-kastenwagenaufbauten\/\" \/>\n<meta property=\"og:site_name\" content=\"METALPIE\" \/>\n<meta property=\"article:modified_time\" content=\"2023-01-31T07:02:37+00:00\" \/>\n<meta property=\"og:image\" content=\"https:\/\/metalpie.com\/wp-content\/uploads\/2022\/12\/Aluminum_Truck_Bodies_new.webp\" \/>\n\t<meta property=\"og:image:width\" content=\"1000\" \/>\n\t<meta property=\"og:image:height\" content=\"750\" \/>\n\t<meta property=\"og:image:type\" content=\"image\/webp\" \/>\n<meta name=\"twitter:card\" content=\"summary_large_image\" \/>\n<meta name=\"twitter:label1\" content=\"Gesch\u00e4tzte Lesezeit\" \/>\n\t<meta name=\"twitter:data1\" content=\"1\u00a0Minute\" \/>\n<script type=\"application\/ld+json\" class=\"yoast-schema-graph\">{\"@context\":\"https:\/\/schema.org\",\"@graph\":[{\"@type\":\"WebPage\",\"@id\":\"https:\/\/metalpie.com\/ru\/%d0%b0%d0%bb%d1%8e%d0%bc%d0%b8%d0%bd%d0%b8%d0%b5%d0%b2%d1%8b%d0%b5-%d0%b0%d0%b2%d1%82%d0%be%d0%bc%d0%be%d0%b1%d0%b8%d0%bb%d0%b8\/%d0%b0%d0%bb%d1%8e%d0%bc%d0%b8%d0%bd%d0%b8%d0%b5%d0%b2%d1%8b%d0%b5-%d0%ba%d1%83%d0%b7%d0%be%d0%b2%d0%b0-%d0%b3%d1%80%d1%83%d0%b7%d0%be%d0%b2%d0%b8%d0%ba%d0%be%d0%b2\/\",\"url\":\"https:\/\/metalpie.com\/ru\/%d0%b0%d0%bb%d1%8e%d0%bc%d0%b8%d0%bd%d0%b8%d0%b5%d0%b2%d1%8b%d0%b5-%d0%b0%d0%b2%d1%82%d0%be%d0%bc%d0%be%d0%b1%d0%b8%d0%bb%d0%b8\/%d0%b0%d0%bb%d1%8e%d0%bc%d0%b8%d0%bd%d0%b8%d0%b5%d0%b2%d1%8b%d0%b5-%d0%ba%d1%83%d0%b7%d0%be%d0%b2%d0%b0-%d0%b3%d1%80%d1%83%d0%b7%d0%be%d0%b2%d0%b8%d0%ba%d0%be%d0%b2\/\",\"name\":\"Aluminum Box Truck Body | Aluminum Truck Bodies for Sale\",\"isPartOf\":{\"@id\":\"https:\/\/metalpie.com\/#website\"},\"datePublished\":\"2022-12-20T02:30:52+00:00\",\"dateModified\":\"2023-01-31T07:02:37+00:00\",\"description\":\"Hualv aluminum box truck body is of good quality. It is popular among clients due to its high quality, competitive rate, and custom size.\",\"breadcrumb\":{\"@id\":\"https:\/\/metalpie.com\/ru\/%d0%b0%d0%bb%d1%8e%d0%bc%d0%b8%d0%bd%d0%b8%d0%b5%d0%b2%d1%8b%d0%b5-%d0%b0%d0%b2%d1%82%d0%be%d0%bc%d0%be%d0%b1%d0%b8%d0%bb%d0%b8\/%d0%b0%d0%bb%d1%8e%d0%bc%d0%b8%d0%bd%d0%b8%d0%b5%d0%b2%d1%8b%d0%b5-%d0%ba%d1%83%d0%b7%d0%be%d0%b2%d0%b0-%d0%b3%d1%80%d1%83%d0%b7%d0%be%d0%b2%d0%b8%d0%ba%d0%be%d0%b2\/#breadcrumb\"},\"inLanguage\":\"de\",\"potentialAction\":[{\"@type\":\"ReadAction\",\"target\":[\"https:\/\/metalpie.com\/ru\/%d0%b0%d0%bb%d1%8e%d0%bc%d0%b8%d0%bd%d0%b8%d0%b5%d0%b2%d1%8b%d0%b5-%d0%b0%d0%b2%d1%82%d0%be%d0%bc%d0%be%d0%b1%d0%b8%d0%bb%d0%b8\/%d0%b0%d0%bb%d1%8e%d0%bc%d0%b8%d0%bd%d0%b8%d0%b5%d0%b2%d1%8b%d0%b5-%d0%ba%d1%83%d0%b7%d0%be%d0%b2%d0%b0-%d0%b3%d1%80%d1%83%d0%b7%d0%be%d0%b2%d0%b8%d0%ba%d0%be%d0%b2\/\"]}]},{\"@type\":\"BreadcrumbList\",\"@id\":\"https:\/\/metalpie.com\/ru\/%d0%b0%d0%bb%d1%8e%d0%bc%d0%b8%d0%bd%d0%b8%d0%b5%d0%b2%d1%8b%d0%b5-%d0%b0%d0%b2%d1%82%d0%be%d0%bc%d0%be%d0%b1%d0%b8%d0%bb%d0%b8\/%d0%b0%d0%bb%d1%8e%d0%bc%d0%b8%d0%bd%d0%b8%d0%b5%d0%b2%d1%8b%d0%b5-%d0%ba%d1%83%d0%b7%d0%be%d0%b2%d0%b0-%d0%b3%d1%80%d1%83%d0%b7%d0%be%d0%b2%d0%b8%d0%ba%d0%be%d0%b2\/#breadcrumb\",\"itemListElement\":[{\"@type\":\"ListItem\",\"position\":1,\"name\":\"Home\",\"item\":\"https:\/\/metalpie.com\/\"},{\"@type\":\"ListItem\",\"position\":2,\"name\":\"Products\",\"item\":\"https:\/\/metalpie.com\/shop\/\"},{\"@type\":\"ListItem\",\"position\":3,\"name\":\"Aluminum Box Truck Body\"}]},{\"@type\":\"WebSite\",\"@id\":\"https:\/\/metalpie.com\/#website\",\"url\":\"https:\/\/metalpie.com\/\",\"name\":\"METALPIE\",\"description\":\"Precision Metal Fabrication | Tools, Processes &amp; More\",\"potentialAction\":[{\"@type\":\"SearchAction\",\"target\":{\"@type\":\"EntryPoint\",\"urlTemplate\":\"https:\/\/metalpie.com\/?s={search_term_string}\"},\"query-input\":\"required name=search_term_string\"}],\"inLanguage\":\"de\"}]}<\/script>\n<!-- \/ Yoast SEO plugin. -->","yoast_head_json":{"title":"Aluminium Lkw-Kofferaufbau | Aluminium Lkw-Aufbauten zu verkaufen","description":"Hualv Aluminium-Kastenwagenaufbauten sind von guter Qualit\u00e4t. Es ist beliebt bei den Kunden wegen seiner hohen Qualit\u00e4t, wettbewerbsf\u00e4higen Preis und benutzerdefinierte Gr\u00f6\u00dfe.","robots":{"index":"index","follow":"follow","max-snippet":"max-snippet:-1","max-image-preview":"max-image-preview:large","max-video-preview":"max-video-preview:-1"},"canonical":"https:\/\/metalpie.com\/de\/aluminiumfahrzeuge\/aluminium-kastenwagenaufbauten\/","og_locale":"de_DE","og_type":"article","og_title":"Aluminum Box Truck Body | Aluminum Truck Bodies for Sale","og_description":"Hualv aluminum box truck body is of good quality. It is popular among clients due to its high quality, competitive rate, and custom size.","og_url":"https:\/\/metalpie.com\/de\/aluminiumfahrzeuge\/aluminium-kastenwagenaufbauten\/","og_site_name":"METALPIE","article_modified_time":"2023-01-31T07:02:37+00:00","og_image":[{"width":1000,"height":750,"url":"https:\/\/metalpie.com\/wp-content\/uploads\/2022\/12\/Aluminum_Truck_Bodies_new.webp","type":"image\/webp"}],"twitter_card":"summary_large_image","twitter_misc":{"Gesch\u00e4tzte Lesezeit":"1\u00a0Minute"},"schema":{"@context":"https:\/\/schema.org","@graph":[{"@type":"WebPage","@id":"https:\/\/metalpie.com\/ru\/%d0%b0%d0%bb%d1%8e%d0%bc%d0%b8%d0%bd%d0%b8%d0%b5%d0%b2%d1%8b%d0%b5-%d0%b0%d0%b2%d1%82%d0%be%d0%bc%d0%be%d0%b1%d0%b8%d0%bb%d0%b8\/%d0%b0%d0%bb%d1%8e%d0%bc%d0%b8%d0%bd%d0%b8%d0%b5%d0%b2%d1%8b%d0%b5-%d0%ba%d1%83%d0%b7%d0%be%d0%b2%d0%b0-%d0%b3%d1%80%d1%83%d0%b7%d0%be%d0%b2%d0%b8%d0%ba%d0%be%d0%b2\/","url":"https:\/\/metalpie.com\/ru\/%d0%b0%d0%bb%d1%8e%d0%bc%d0%b8%d0%bd%d0%b8%d0%b5%d0%b2%d1%8b%d0%b5-%d0%b0%d0%b2%d1%82%d0%be%d0%bc%d0%be%d0%b1%d0%b8%d0%bb%d0%b8\/%d0%b0%d0%bb%d1%8e%d0%bc%d0%b8%d0%bd%d0%b8%d0%b5%d0%b2%d1%8b%d0%b5-%d0%ba%d1%83%d0%b7%d0%be%d0%b2%d0%b0-%d0%b3%d1%80%d1%83%d0%b7%d0%be%d0%b2%d0%b8%d0%ba%d0%be%d0%b2\/","name":"Aluminium Lkw-Kofferaufbau | Aluminium Lkw-Aufbauten zu verkaufen","isPartOf":{"@id":"https:\/\/metalpie.com\/#website"},"datePublished":"2022-12-20T02:30:52+00:00","dateModified":"2023-01-31T07:02:37+00:00","description":"Hualv Aluminium-Kastenwagenaufbauten sind von guter Qualit\u00e4t. Es ist beliebt bei den Kunden wegen seiner hohen Qualit\u00e4t, wettbewerbsf\u00e4higen Preis und benutzerdefinierte Gr\u00f6\u00dfe.","breadcrumb":{"@id":"https:\/\/metalpie.com\/ru\/%d0%b0%d0%bb%d1%8e%d0%bc%d0%b8%d0%bd%d0%b8%d0%b5%d0%b2%d1%8b%d0%b5-%d0%b0%d0%b2%d1%82%d0%be%d0%bc%d0%be%d0%b1%d0%b8%d0%bb%d0%b8\/%d0%b0%d0%bb%d1%8e%d0%bc%d0%b8%d0%bd%d0%b8%d0%b5%d0%b2%d1%8b%d0%b5-%d0%ba%d1%83%d0%b7%d0%be%d0%b2%d0%b0-%d0%b3%d1%80%d1%83%d0%b7%d0%be%d0%b2%d0%b8%d0%ba%d0%be%d0%b2\/#breadcrumb"},"inLanguage":"de","potentialAction":[{"@type":"ReadAction","target":["https:\/\/metalpie.com\/ru\/%d0%b0%d0%bb%d1%8e%d0%bc%d0%b8%d0%bd%d0%b8%d0%b5%d0%b2%d1%8b%d0%b5-%d0%b0%d0%b2%d1%82%d0%be%d0%bc%d0%be%d0%b1%d0%b8%d0%bb%d0%b8\/%d0%b0%d0%bb%d1%8e%d0%bc%d0%b8%d0%bd%d0%b8%d0%b5%d0%b2%d1%8b%d0%b5-%d0%ba%d1%83%d0%b7%d0%be%d0%b2%d0%b0-%d0%b3%d1%80%d1%83%d0%b7%d0%be%d0%b2%d0%b8%d0%ba%d0%be%d0%b2\/"]}]},{"@type":"BreadcrumbList","@id":"https:\/\/metalpie.com\/ru\/%d0%b0%d0%bb%d1%8e%d0%bc%d0%b8%d0%bd%d0%b8%d0%b5%d0%b2%d1%8b%d0%b5-%d0%b0%d0%b2%d1%82%d0%be%d0%bc%d0%be%d0%b1%d0%b8%d0%bb%d0%b8\/%d0%b0%d0%bb%d1%8e%d0%bc%d0%b8%d0%bd%d0%b8%d0%b5%d0%b2%d1%8b%d0%b5-%d0%ba%d1%83%d0%b7%d0%be%d0%b2%d0%b0-%d0%b3%d1%80%d1%83%d0%b7%d0%be%d0%b2%d0%b8%d0%ba%d0%be%d0%b2\/#breadcrumb","itemListElement":[{"@type":"ListItem","position":1,"name":"Home","item":"https:\/\/metalpie.com\/"},{"@type":"ListItem","position":2,"name":"Products","item":"https:\/\/metalpie.com\/shop\/"},{"@type":"ListItem","position":3,"name":"Aluminum Box Truck Body"}]},{"@type":"WebSite","@id":"https:\/\/metalpie.com\/#website","url":"https:\/\/metalpie.com\/","name":"METALPIE","description":"Pr\u00e4zisionsmetallverarbeitung | Werkzeuge, Verfahren &amp; mehr","potentialAction":[{"@type":"SearchAction","target":{"@type":"EntryPoint","urlTemplate":"https:\/\/metalpie.com\/?s={search_term_string}"},"query-input":"required name=search_term_string"}],"inLanguage":"de"}]}},"_links":{"self":[{"href":"https:\/\/metalpie.com\/de\/wp-json\/wp\/v2\/product\/3229","targetHints":{"allow":["GET"]}}],"collection":[{"href":"https:\/\/metalpie.com\/de\/wp-json\/wp\/v2\/product"}],"about":[{"href":"https:\/\/metalpie.com\/de\/wp-json\/wp\/v2\/types\/product"}],"replies":[{"embeddable":true,"href":"https:\/\/metalpie.com\/de\/wp-json\/wp\/v2\/comments?post=3229"}],"wp:featuredmedia":[{"embeddable":true,"href":"https:\/\/metalpie.com\/de\/wp-json\/wp\/v2\/media\/3256"}],"wp:attachment":[{"href":"https:\/\/metalpie.com\/de\/wp-json\/wp\/v2\/media?parent=3229"}],"wp:term":[{"taxonomy":"product_cat","embeddable":true,"href":"https:\/\/metalpie.com\/de\/wp-json\/wp\/v2\/product_cat?post=3229"}],"curies":[{"name":"wp","href":"https:\/\/api.w.org\/{rel}","templated":true}]}}