{"id":3216,"date":"2022-12-20T09:33:23","date_gmt":"2022-12-20T01:33:23","guid":{"rendered":"https:\/\/metalpie.com\/?post_type=product&#038;p=3216"},"modified":"2023-02-17T16:50:35","modified_gmt":"2023-02-17T08:50:35","slug":"aluminium-lkw-aufbauten","status":"publish","type":"product","link":"https:\/\/metalpie.com\/de\/aluminiumfahrzeuge\/aluminium-lkw-aufbauten\/","title":{"rendered":"Aluminiumkarosserien f\u00fcr Pannendienstfahrzeuge"},"content":{"rendered":"<section class=\"section\" id=\"section_1446695297\">\n\t\t<div class=\"bg section-bg fill bg-fill  bg-loaded\" >\n\n\t\t\t\n\t\t\t\n\t\t\t\n\n\t\t<\/div>\n\n\t\t\n\n\t\t<div class=\"section-content relative\">\n\t\t\t\n<div class=\"row\"  id=\"row-817025576\">\n\n\t<div id=\"col-577843952\" class=\"col small-12 large-12\"  >\n\t\t\t\t<div class=\"col-inner\"  >\n\t\t\t\n\t\t\t\n<h2>Aluminium Lkw-Aufbauten Merkmale<\/h2>\n<table width=\"285\">\n<tbody>\n<tr>\n<td width=\"95\"><strong>\u00c4u\u00dfere L\u00e4nge<\/strong><\/td>\n<td width=\"95\"><strong>\u00c4u\u00dfere Breite<\/strong><\/td>\n<td width=\"95\"><strong>\u00c4u\u00dfere H\u00f6he<\/strong><\/td>\n<\/tr>\n<tr>\n<td width=\"95\">3220<\/td>\n<td width=\"95\">1920<\/td>\n<td width=\"95\">1995<\/td>\n<\/tr>\n<tr>\n<td width=\"95\"><strong>Innere L\u00e4nge<\/strong><\/td>\n<td width=\"95\"><strong>Innere Breite<\/strong><\/td>\n<td width=\"95\"><strong>Innere H\u00f6he<\/strong><\/td>\n<\/tr>\n<tr>\n<td width=\"95\">3175<\/td>\n<td width=\"95\">1875<\/td>\n<td width=\"95\">1775<\/td>\n<\/tr>\n<tr>\n<td width=\"95\"><strong>Gesamtdicke der Dachplatte<\/strong><\/td>\n<td width=\"95\"><strong>Gesamtdicke der T\u00fcrverkleidung<\/strong><\/td>\n<td width=\"95\"><strong>Gesamtdicke der Bodenplatte<\/strong><\/td>\n<\/tr>\n<tr>\n<td width=\"95\">20<\/td>\n<td width=\"95\">20<\/td>\n<td width=\"95\">25<\/td>\n<\/tr>\n<tr>\n<td width=\"95\"><strong>Seitent\u00fcr<\/strong><\/td>\n<td width=\"95\"><strong>Hintere T\u00fcr<\/strong><\/td>\n<td width=\"95\"><strong>Schl\u00f6sser<\/strong><\/td>\n<\/tr>\n<tr>\n<td width=\"95\">Aluminium-Rollladen<\/td>\n<td width=\"95\">Doppelt\u00fcren<\/td>\n<td width=\"95\">Rostfreier Stahl<\/td>\n<\/tr>\n<tr>\n<td width=\"95\"><strong>Gewicht des Kastenk\u00f6rpers\/kg<\/strong><\/td>\n<td width=\"95\"><strong>Bemessungslast\/Tonne<\/strong><\/td>\n<td width=\"95\">\u00a0<\/td>\n<\/tr>\n<tr>\n<td width=\"95\">470<\/td>\n<td width=\"95\">3<\/td>\n<td>\u00a0<\/td>\n<\/tr>\n<\/tbody>\n<\/table>\n<h2><strong><span data-preserver-spaces=\"true\">Aluminium-LKW-Aufbauten Beschreibung<\/span><\/strong><\/h2>\n<p><span data-preserver-spaces=\"true\">Unser Unternehmen stellt haupts\u00e4chlich alle Arten von Aluminium-LKW-Aufbauten her. Die Oberfl\u00e4che der Wagen kann in verschiedenen Farben hergestellt werden, und die Gr\u00f6\u00dfe der Wagen kann je nach Kundenwunsch angepasst werden.<\/span><\/p>\n<p><span data-preserver-spaces=\"true\">Wir verf\u00fcgen \u00fcber ein professionelles Forschungs- und Entwicklungsteam und k\u00f6nnen die von Ihnen ben\u00f6tigten Produkte entsprechend Ihren Anforderungen entwickeln.<\/span><\/p>\n<h2><strong><span data-preserver-spaces=\"true\">Eigenschaften<\/span><\/strong><\/h2>\n<p><span data-preserver-spaces=\"true\">1. Der Aluminium-Kastenwagenaufbau wird aus hochfesten Aluminiumprofilen unabh\u00e4ngig entwickelt und produziert. Je nach Kundenwunsch wird der Rahmen lackiert;<\/span><\/p>\n<p><span data-preserver-spaces=\"true\">2. Beidseitige Rollladenstruktur spart Platz und erleichtert die Bedienung;<\/span><\/p>\n<p><span data-preserver-spaces=\"true\">3. Die Aluminium-Heckklappe nimmt ein eingebautes Schloss an, kombiniert mit einer eingebauten Gummistreifenstruktur, die sch\u00f6n und gro\u00dfz\u00fcgig ist. Die Heckklappe Grenze verwendet eine Gasfeder Struktur.<\/span><\/p>\n\t\t<\/div>\n\t\t\t\t\t<\/div>\n\n\t\n<\/div>\n\t\t<\/div>\n\n\t\t\n<style>\n#section_1446695297 {\n  padding-top: 30px;\n  padding-bottom: 30px;\n}\n<\/style>\n\t<\/section>","protected":false},"excerpt":{"rendered":"","protected":false},"featured_media":3223,"comment_status":"closed","ping_status":"closed","template":"","meta":[],"product_cat":[98],"class_list":["post-3216","product","type-product","status-publish","has-post-thumbnail","hentry","product_cat-aluminum-vehicles"],"yoast_head":"<!-- This site is optimized with the Yoast SEO plugin v21.5 - https:\/\/yoast.com\/wordpress\/plugins\/seo\/ -->\n<title>Aluminum Truck Bodies for Roadside Service Vehicles<\/title>\n<meta name=\"description\" content=\"We provide unmatched aluminum truck bodies for roadside service vehicles. Welcome to contact us to make your custom truck bodies!\" \/>\n<meta name=\"robots\" content=\"index, follow, max-snippet:-1, max-image-preview:large, max-video-preview:-1\" \/>\n<link rel=\"canonical\" href=\"https:\/\/metalpie.com\/de\/aluminiumfahrzeuge\/aluminium-lkw-aufbauten\/\" \/>\n<meta property=\"og:locale\" content=\"de_DE\" \/>\n<meta property=\"og:type\" content=\"article\" \/>\n<meta property=\"og:title\" content=\"Aluminum Truck Bodies for Roadside Service Vehicles\" \/>\n<meta property=\"og:description\" content=\"We provide unmatched aluminum truck bodies for roadside service vehicles. Welcome to contact us to make your custom truck bodies!\" \/>\n<meta property=\"og:url\" content=\"https:\/\/metalpie.com\/de\/aluminiumfahrzeuge\/aluminium-lkw-aufbauten\/\" \/>\n<meta property=\"og:site_name\" content=\"METALPIE\" \/>\n<meta property=\"article:modified_time\" content=\"2023-02-17T08:50:35+00:00\" \/>\n<meta property=\"og:image\" content=\"https:\/\/metalpie.com\/wp-content\/uploads\/2022\/12\/Aluminum_Roa_side_Assistance_Truck_Bed.webp\" \/>\n\t<meta property=\"og:image:width\" content=\"1000\" \/>\n\t<meta property=\"og:image:height\" content=\"750\" \/>\n\t<meta property=\"og:image:type\" content=\"image\/webp\" \/>\n<meta name=\"twitter:card\" content=\"summary_large_image\" \/>\n<meta name=\"twitter:label1\" content=\"Gesch\u00e4tzte Lesezeit\" \/>\n\t<meta name=\"twitter:data1\" content=\"1\u00a0Minute\" \/>\n<script type=\"application\/ld+json\" class=\"yoast-schema-graph\">{\"@context\":\"https:\/\/schema.org\",\"@graph\":[{\"@type\":\"WebPage\",\"@id\":\"https:\/\/metalpie.com\/ru\/%d0%b0%d0%bb%d1%8e%d0%bc%d0%b8%d0%bd%d0%b8%d0%b5%d0%b2%d1%8b%d0%b5-%d0%b0%d0%b2%d1%82%d0%be%d0%bc%d0%be%d0%b1%d0%b8%d0%bb%d0%b8\/%d0%b0%d0%bb%d1%8e%d0%bc%d0%b8%d0%bd%d0%b8%d0%b5%d0%b2%d1%8b%d0%b5-%d0%ba%d1%83%d0%b7%d0%be%d0%b2%d0%b0-%d0%b3%d1%80%d1%83%d0%b7%d0%be%d0%b2%d0%b8%d0%ba%d0%be%d0%b2-2\/\",\"url\":\"https:\/\/metalpie.com\/ru\/%d0%b0%d0%bb%d1%8e%d0%bc%d0%b8%d0%bd%d0%b8%d0%b5%d0%b2%d1%8b%d0%b5-%d0%b0%d0%b2%d1%82%d0%be%d0%bc%d0%be%d0%b1%d0%b8%d0%bb%d0%b8\/%d0%b0%d0%bb%d1%8e%d0%bc%d0%b8%d0%bd%d0%b8%d0%b5%d0%b2%d1%8b%d0%b5-%d0%ba%d1%83%d0%b7%d0%be%d0%b2%d0%b0-%d0%b3%d1%80%d1%83%d0%b7%d0%be%d0%b2%d0%b8%d0%ba%d0%be%d0%b2-2\/\",\"name\":\"Aluminum Truck Bodies for Roadside Service Vehicles\",\"isPartOf\":{\"@id\":\"https:\/\/metalpie.com\/#website\"},\"datePublished\":\"2022-12-20T01:33:23+00:00\",\"dateModified\":\"2023-02-17T08:50:35+00:00\",\"description\":\"We provide unmatched aluminum truck bodies for roadside service vehicles. Welcome to contact us to make your custom truck bodies!\",\"breadcrumb\":{\"@id\":\"https:\/\/metalpie.com\/ru\/%d0%b0%d0%bb%d1%8e%d0%bc%d0%b8%d0%bd%d0%b8%d0%b5%d0%b2%d1%8b%d0%b5-%d0%b0%d0%b2%d1%82%d0%be%d0%bc%d0%be%d0%b1%d0%b8%d0%bb%d0%b8\/%d0%b0%d0%bb%d1%8e%d0%bc%d0%b8%d0%bd%d0%b8%d0%b5%d0%b2%d1%8b%d0%b5-%d0%ba%d1%83%d0%b7%d0%be%d0%b2%d0%b0-%d0%b3%d1%80%d1%83%d0%b7%d0%be%d0%b2%d0%b8%d0%ba%d0%be%d0%b2-2\/#breadcrumb\"},\"inLanguage\":\"de\",\"potentialAction\":[{\"@type\":\"ReadAction\",\"target\":[\"https:\/\/metalpie.com\/ru\/%d0%b0%d0%bb%d1%8e%d0%bc%d0%b8%d0%bd%d0%b8%d0%b5%d0%b2%d1%8b%d0%b5-%d0%b0%d0%b2%d1%82%d0%be%d0%bc%d0%be%d0%b1%d0%b8%d0%bb%d0%b8\/%d0%b0%d0%bb%d1%8e%d0%bc%d0%b8%d0%bd%d0%b8%d0%b5%d0%b2%d1%8b%d0%b5-%d0%ba%d1%83%d0%b7%d0%be%d0%b2%d0%b0-%d0%b3%d1%80%d1%83%d0%b7%d0%be%d0%b2%d0%b8%d0%ba%d0%be%d0%b2-2\/\"]}]},{\"@type\":\"BreadcrumbList\",\"@id\":\"https:\/\/metalpie.com\/ru\/%d0%b0%d0%bb%d1%8e%d0%bc%d0%b8%d0%bd%d0%b8%d0%b5%d0%b2%d1%8b%d0%b5-%d0%b0%d0%b2%d1%82%d0%be%d0%bc%d0%be%d0%b1%d0%b8%d0%bb%d0%b8\/%d0%b0%d0%bb%d1%8e%d0%bc%d0%b8%d0%bd%d0%b8%d0%b5%d0%b2%d1%8b%d0%b5-%d0%ba%d1%83%d0%b7%d0%be%d0%b2%d0%b0-%d0%b3%d1%80%d1%83%d0%b7%d0%be%d0%b2%d0%b8%d0%ba%d0%be%d0%b2-2\/#breadcrumb\",\"itemListElement\":[{\"@type\":\"ListItem\",\"position\":1,\"name\":\"Home\",\"item\":\"https:\/\/metalpie.com\/\"},{\"@type\":\"ListItem\",\"position\":2,\"name\":\"Products\",\"item\":\"https:\/\/metalpie.com\/shop\/\"},{\"@type\":\"ListItem\",\"position\":3,\"name\":\"Aluminum Truck Bodies for Roadside Service Vehicles\"}]},{\"@type\":\"WebSite\",\"@id\":\"https:\/\/metalpie.com\/#website\",\"url\":\"https:\/\/metalpie.com\/\",\"name\":\"METALPIE\",\"description\":\"Precision Metal Fabrication | Tools, Processes &amp; More\",\"potentialAction\":[{\"@type\":\"SearchAction\",\"target\":{\"@type\":\"EntryPoint\",\"urlTemplate\":\"https:\/\/metalpie.com\/?s={search_term_string}\"},\"query-input\":\"required name=search_term_string\"}],\"inLanguage\":\"de\"}]}<\/script>\n<!-- \/ Yoast SEO plugin. -->","yoast_head_json":{"title":"Aluminiumkarosserien f\u00fcr Pannendienstfahrzeuge","description":"Wir bieten un\u00fcbertroffene Aluminium-LKW-Aufbauten f\u00fcr Pannendienstfahrzeuge. Willkommen bei uns zu kontaktieren, um Ihre benutzerdefinierte LKW-Aufbauten zu machen!","robots":{"index":"index","follow":"follow","max-snippet":"max-snippet:-1","max-image-preview":"max-image-preview:large","max-video-preview":"max-video-preview:-1"},"canonical":"https:\/\/metalpie.com\/de\/aluminiumfahrzeuge\/aluminium-lkw-aufbauten\/","og_locale":"de_DE","og_type":"article","og_title":"Aluminum Truck Bodies for Roadside Service Vehicles","og_description":"We provide unmatched aluminum truck bodies for roadside service vehicles. Welcome to contact us to make your custom truck bodies!","og_url":"https:\/\/metalpie.com\/de\/aluminiumfahrzeuge\/aluminium-lkw-aufbauten\/","og_site_name":"METALPIE","article_modified_time":"2023-02-17T08:50:35+00:00","og_image":[{"width":1000,"height":750,"url":"https:\/\/metalpie.com\/wp-content\/uploads\/2022\/12\/Aluminum_Roa_side_Assistance_Truck_Bed.webp","type":"image\/webp"}],"twitter_card":"summary_large_image","twitter_misc":{"Gesch\u00e4tzte Lesezeit":"1\u00a0Minute"},"schema":{"@context":"https:\/\/schema.org","@graph":[{"@type":"WebPage","@id":"https:\/\/metalpie.com\/ru\/%d0%b0%d0%bb%d1%8e%d0%bc%d0%b8%d0%bd%d0%b8%d0%b5%d0%b2%d1%8b%d0%b5-%d0%b0%d0%b2%d1%82%d0%be%d0%bc%d0%be%d0%b1%d0%b8%d0%bb%d0%b8\/%d0%b0%d0%bb%d1%8e%d0%bc%d0%b8%d0%bd%d0%b8%d0%b5%d0%b2%d1%8b%d0%b5-%d0%ba%d1%83%d0%b7%d0%be%d0%b2%d0%b0-%d0%b3%d1%80%d1%83%d0%b7%d0%be%d0%b2%d0%b8%d0%ba%d0%be%d0%b2-2\/","url":"https:\/\/metalpie.com\/ru\/%d0%b0%d0%bb%d1%8e%d0%bc%d0%b8%d0%bd%d0%b8%d0%b5%d0%b2%d1%8b%d0%b5-%d0%b0%d0%b2%d1%82%d0%be%d0%bc%d0%be%d0%b1%d0%b8%d0%bb%d0%b8\/%d0%b0%d0%bb%d1%8e%d0%bc%d0%b8%d0%bd%d0%b8%d0%b5%d0%b2%d1%8b%d0%b5-%d0%ba%d1%83%d0%b7%d0%be%d0%b2%d0%b0-%d0%b3%d1%80%d1%83%d0%b7%d0%be%d0%b2%d0%b8%d0%ba%d0%be%d0%b2-2\/","name":"Aluminiumkarosserien f\u00fcr Pannendienstfahrzeuge","isPartOf":{"@id":"https:\/\/metalpie.com\/#website"},"datePublished":"2022-12-20T01:33:23+00:00","dateModified":"2023-02-17T08:50:35+00:00","description":"Wir bieten un\u00fcbertroffene Aluminium-LKW-Aufbauten f\u00fcr Pannendienstfahrzeuge. Willkommen bei uns zu kontaktieren, um Ihre benutzerdefinierte LKW-Aufbauten zu machen!","breadcrumb":{"@id":"https:\/\/metalpie.com\/ru\/%d0%b0%d0%bb%d1%8e%d0%bc%d0%b8%d0%bd%d0%b8%d0%b5%d0%b2%d1%8b%d0%b5-%d0%b0%d0%b2%d1%82%d0%be%d0%bc%d0%be%d0%b1%d0%b8%d0%bb%d0%b8\/%d0%b0%d0%bb%d1%8e%d0%bc%d0%b8%d0%bd%d0%b8%d0%b5%d0%b2%d1%8b%d0%b5-%d0%ba%d1%83%d0%b7%d0%be%d0%b2%d0%b0-%d0%b3%d1%80%d1%83%d0%b7%d0%be%d0%b2%d0%b8%d0%ba%d0%be%d0%b2-2\/#breadcrumb"},"inLanguage":"de","potentialAction":[{"@type":"ReadAction","target":["https:\/\/metalpie.com\/ru\/%d0%b0%d0%bb%d1%8e%d0%bc%d0%b8%d0%bd%d0%b8%d0%b5%d0%b2%d1%8b%d0%b5-%d0%b0%d0%b2%d1%82%d0%be%d0%bc%d0%be%d0%b1%d0%b8%d0%bb%d0%b8\/%d0%b0%d0%bb%d1%8e%d0%bc%d0%b8%d0%bd%d0%b8%d0%b5%d0%b2%d1%8b%d0%b5-%d0%ba%d1%83%d0%b7%d0%be%d0%b2%d0%b0-%d0%b3%d1%80%d1%83%d0%b7%d0%be%d0%b2%d0%b8%d0%ba%d0%be%d0%b2-2\/"]}]},{"@type":"BreadcrumbList","@id":"https:\/\/metalpie.com\/ru\/%d0%b0%d0%bb%d1%8e%d0%bc%d0%b8%d0%bd%d0%b8%d0%b5%d0%b2%d1%8b%d0%b5-%d0%b0%d0%b2%d1%82%d0%be%d0%bc%d0%be%d0%b1%d0%b8%d0%bb%d0%b8\/%d0%b0%d0%bb%d1%8e%d0%bc%d0%b8%d0%bd%d0%b8%d0%b5%d0%b2%d1%8b%d0%b5-%d0%ba%d1%83%d0%b7%d0%be%d0%b2%d0%b0-%d0%b3%d1%80%d1%83%d0%b7%d0%be%d0%b2%d0%b8%d0%ba%d0%be%d0%b2-2\/#breadcrumb","itemListElement":[{"@type":"ListItem","position":1,"name":"Home","item":"https:\/\/metalpie.com\/"},{"@type":"ListItem","position":2,"name":"Products","item":"https:\/\/metalpie.com\/shop\/"},{"@type":"ListItem","position":3,"name":"Aluminum Truck Bodies for Roadside Service Vehicles"}]},{"@type":"WebSite","@id":"https:\/\/metalpie.com\/#website","url":"https:\/\/metalpie.com\/","name":"METALPIE","description":"Pr\u00e4zisionsmetallverarbeitung | Werkzeuge, Verfahren &amp; mehr","potentialAction":[{"@type":"SearchAction","target":{"@type":"EntryPoint","urlTemplate":"https:\/\/metalpie.com\/?s={search_term_string}"},"query-input":"required name=search_term_string"}],"inLanguage":"de"}]}},"_links":{"self":[{"href":"https:\/\/metalpie.com\/de\/wp-json\/wp\/v2\/product\/3216","targetHints":{"allow":["GET"]}}],"collection":[{"href":"https:\/\/metalpie.com\/de\/wp-json\/wp\/v2\/product"}],"about":[{"href":"https:\/\/metalpie.com\/de\/wp-json\/wp\/v2\/types\/product"}],"replies":[{"embeddable":true,"href":"https:\/\/metalpie.com\/de\/wp-json\/wp\/v2\/comments?post=3216"}],"wp:featuredmedia":[{"embeddable":true,"href":"https:\/\/metalpie.com\/de\/wp-json\/wp\/v2\/media\/3223"}],"wp:attachment":[{"href":"https:\/\/metalpie.com\/de\/wp-json\/wp\/v2\/media?parent=3216"}],"wp:term":[{"taxonomy":"product_cat","embeddable":true,"href":"https:\/\/metalpie.com\/de\/wp-json\/wp\/v2\/product_cat?post=3216"}],"curies":[{"name":"wp","href":"https:\/\/api.w.org\/{rel}","templated":true}]}}