{"id":3199,"date":"2022-12-20T09:23:39","date_gmt":"2022-12-20T01:23:39","guid":{"rendered":"https:\/\/metalpie.com\/?post_type=product&#038;p=3199"},"modified":"2023-02-17T17:08:51","modified_gmt":"2023-02-17T09:08:51","slug":"13-75-meter-aluminium-sattelauflieger","status":"publish","type":"product","link":"https:\/\/metalpie.com\/de\/aluminiumfahrzeuge\/13-75-meter-aluminium-sattelauflieger\/","title":{"rendered":"13,75 Meter Aluminium-Sattelauflieger"},"content":{"rendered":"<section class=\"section\" id=\"section_124655328\">\n\t\t<div class=\"bg section-bg fill bg-fill  bg-loaded\" >\n\n\t\t\t\n\t\t\t\n\t\t\t\n\n\t\t<\/div>\n\n\t\t\n\n\t\t<div class=\"section-content relative\">\n\t\t\t\n<div class=\"row\"  id=\"row-2118554963\">\n\n\t<div id=\"col-1060733240\" class=\"col small-12 large-12\"  >\n\t\t\t\t<div class=\"col-inner\"  >\n\t\t\t\n\t\t\t\n<h2>Aluminium-Sattelauflieger Parameter<\/h2>\n<table width=\"285\">\n<tbody>\n<tr>\n<td colspan=\"3\" width=\"285\"><strong>Die wichtigsten technischen Parameter<\/strong><\/td>\n<\/tr>\n<tr>\n<td width=\"95\"><strong>\u00c4u\u00dfere L\u00e4nge<\/strong><\/td>\n<td width=\"95\"><strong>\u00c4u\u00dfere Breite<\/strong><\/td>\n<td width=\"95\"><strong>\u00c4u\u00dfere H\u00f6he<\/strong><\/td>\n<\/tr>\n<tr>\n<td width=\"95\">13750<\/td>\n<td width=\"95\">2550<\/td>\n<td width=\"95\">4000<\/td>\n<\/tr>\n<tr>\n<td width=\"95\"><strong>Innere L\u00e4nge<\/strong><\/td>\n<td width=\"95\"><strong>Innere Breite<\/strong><\/td>\n<td width=\"95\"><strong>Innere H\u00f6he<\/strong><\/td>\n<\/tr>\n<tr>\n<td width=\"95\">13700<\/td>\n<td width=\"95\">2500<\/td>\n<td width=\"95\">2630<\/td>\n<\/tr>\n<tr>\n<td width=\"95\"><strong>Dicke der Seitenteile<\/strong><\/td>\n<td width=\"95\"><strong>Dicke der T\u00fcrverkleidung<\/strong><\/td>\n<td width=\"95\"><strong>Untere Platte<\/strong><\/td>\n<\/tr>\n<tr>\n<td width=\"95\">20<\/td>\n<td width=\"95\">25<\/td>\n<td width=\"95\">Sockel aus Aluminium<\/td>\n<\/tr>\n<tr>\n<td width=\"95\"><strong>Seitent\u00fcr<\/strong><\/td>\n<td width=\"95\"><strong>Hintert\u00fcr<\/strong><\/td>\n<td width=\"95\"><strong>Schl\u00f6sser<\/strong><\/td>\n<\/tr>\n<tr>\n<td width=\"95\">Seitliche Doppelt\u00fcren<\/td>\n<td width=\"95\">Doppelt\u00fcren<\/td>\n<td width=\"95\">90<\/td>\n<\/tr>\n<tr>\n<td width=\"95\"><strong>Aufh\u00e4ngung<\/strong><\/td>\n<td width=\"95\"><strong>Achse\/Anzahl der Achsen<\/strong><\/td>\n<td width=\"95\"><strong>Bereifung<\/strong><\/td>\n<\/tr>\n<tr>\n<td width=\"95\">BPW Luftfederung<\/td>\n<td width=\"95\">BPW 10 Tonnen \/ 2Achsen<\/td>\n<td width=\"95\">425\/65R22.5<\/td>\n<\/tr>\n<tr>\n<td width=\"95\"><strong>Rad<\/strong><\/td>\n<td width=\"95\"><strong>Outrigger<\/strong><\/td>\n<td width=\"95\"><strong>Notfall-Relais-Ventil<\/strong><\/td>\n<\/tr>\n<tr>\n<td width=\"95\">13.00*22.5 Hergestellt aus Aluminium<\/td>\n<td width=\"95\">17\u2033Verkn\u00fcpfung<\/td>\n<td width=\"95\">Wabco<\/td>\n<\/tr>\n<tr>\n<td width=\"95\"><strong>Abschleppstift<\/strong><\/td>\n<td width=\"95\"><strong>ABS<\/strong><\/td>\n<td width=\"95\"><strong>Handshake-Ventil<\/strong><\/td>\n<\/tr>\n<tr>\n<td width=\"95\">50#<\/td>\n<td width=\"95\">Inl\u00e4ndisch 4S\/2M<\/td>\n<td width=\"95\">Wabco<\/td>\n<\/tr>\n<tr>\n<td width=\"95\"><strong>Gewicht\/kg<\/strong><\/td>\n<td colspan=\"2\" width=\"190\"><strong>4900<\/strong><\/td>\n<\/tr>\n<\/tbody>\n<\/table>\n<h2><strong><span data-preserver-spaces=\"true\">Aluminium-Sattelauflieger Beschreibung<\/span><\/strong><\/h2>\n<p><span data-preserver-spaces=\"true\">Unser Unternehmen stellt haupts\u00e4chlich alle Arten von Schlitten aus Aluminiumlegierungen her. Die Oberfl\u00e4che der Schlitten kann in verschiedenen Farben hergestellt werden, und wir k\u00f6nnen die Gr\u00f6\u00dfe der Schlitten nach Kundenwunsch anpassen.<\/span><\/p>\n<p><span data-preserver-spaces=\"true\">Wir verf\u00fcgen \u00fcber ein professionelles Forschungs- und Entwicklungsteam und k\u00f6nnen die von Ihnen ben\u00f6tigten Produkte entsprechend Ihren Anforderungen entwickeln.<\/span><\/p>\n<h2><strong><span data-preserver-spaces=\"true\">Eigenschaften<\/span><\/strong><\/h2>\n<p><span data-preserver-spaces=\"true\">1. Die Karosserie besteht aus hochfesten Aluminiumprofilen, die haupts\u00e4chlich durch Schwei\u00dfen und Schrauben verbunden sind;<\/span><\/p>\n<p><span data-preserver-spaces=\"true\">2. Die vordere S\u00e4ule nimmt eine gro\u00dfe Bogenstruktur an, um den Windwiderstand zu verringern und die Anforderungen von GB1589 vollst\u00e4ndig zu erf\u00fcllen;<\/span><\/p>\n<p><span data-preserver-spaces=\"true\">3. Der Gummistreifen nimmt eine eingebaute Struktur an, die sch\u00f6ner ist, eine l\u00e4ngere Lebensdauer und eine zuverl\u00e4ssigere Abdichtung hat;<\/span><\/p>\n<p><span data-preserver-spaces=\"true\">4. Die Bodenplatte ist eine Hohlprofilstruktur mit hoher Festigkeit, die den Be- und Entladevorg\u00e4ngen von Gabelstaplern gerecht wird.<\/span><\/p>\n<p><span data-preserver-spaces=\"true\">5. Der Seitenschutz kann mit einer Sch\u00fcrzen-\/Gel\u00e4nderstruktur ausgestattet werden.<\/span><\/p>\n<p><span data-preserver-spaces=\"true\">6. Die Aluminium-Seitenw\u00e4nde des Aufliegers sind stabil und lassen sich leicht \u00f6ffnen.<\/span><\/p>\n\t\t<\/div>\n\t\t\t\t\t<\/div>\n\n\t\n<\/div>\n\t\t<\/div>\n\n\t\t\n<style>\n#section_124655328 {\n  padding-top: 30px;\n  padding-bottom: 30px;\n}\n<\/style>\n\t<\/section>","protected":false},"excerpt":{"rendered":"","protected":false},"featured_media":3203,"comment_status":"closed","ping_status":"closed","template":"","meta":[],"product_cat":[98],"class_list":["post-3199","product","type-product","status-publish","has-post-thumbnail","hentry","product_cat-aluminum-vehicles"],"yoast_head":"<!-- This site is optimized with the Yoast SEO plugin v21.5 - https:\/\/yoast.com\/wordpress\/plugins\/seo\/ -->\n<title>13.75 Meters of Aluminum Semi-trailer | Aluminum Truck Body<\/title>\n<meta name=\"description\" content=\"We provide aluminum semi-trailers and aluminum cargo trailers. As a professional aluminum truck body manufacturer, we are your top choice!\" \/>\n<meta name=\"robots\" content=\"index, follow, max-snippet:-1, max-image-preview:large, max-video-preview:-1\" \/>\n<link rel=\"canonical\" href=\"https:\/\/metalpie.com\/de\/aluminiumfahrzeuge\/13-75-meter-aluminium-sattelauflieger\/\" \/>\n<meta property=\"og:locale\" content=\"de_DE\" \/>\n<meta property=\"og:type\" content=\"article\" \/>\n<meta property=\"og:title\" content=\"13.75 Meters of Aluminum Semi-trailer | Aluminum Truck Body\" \/>\n<meta property=\"og:description\" content=\"We provide aluminum semi-trailers and aluminum cargo trailers. As a professional aluminum truck body manufacturer, we are your top choice!\" \/>\n<meta property=\"og:url\" content=\"https:\/\/metalpie.com\/de\/aluminiumfahrzeuge\/13-75-meter-aluminium-sattelauflieger\/\" \/>\n<meta property=\"og:site_name\" content=\"METALPIE\" \/>\n<meta property=\"article:modified_time\" content=\"2023-02-17T09:08:51+00:00\" \/>\n<meta property=\"og:image\" content=\"https:\/\/metalpie.com\/wp-content\/uploads\/2022\/12\/Meters_13_of_Aluminum_Semi_trailer.webp\" \/>\n\t<meta property=\"og:image:width\" content=\"1000\" \/>\n\t<meta property=\"og:image:height\" content=\"750\" \/>\n\t<meta property=\"og:image:type\" content=\"image\/webp\" \/>\n<meta name=\"twitter:card\" content=\"summary_large_image\" \/>\n<meta name=\"twitter:label1\" content=\"Gesch\u00e4tzte Lesezeit\" \/>\n\t<meta name=\"twitter:data1\" content=\"2\u00a0Minuten\" \/>\n<script type=\"application\/ld+json\" class=\"yoast-schema-graph\">{\"@context\":\"https:\/\/schema.org\",\"@graph\":[{\"@type\":\"WebPage\",\"@id\":\"https:\/\/metalpie.com\/ru\/%d0%b0%d0%bb%d1%8e%d0%bc%d0%b8%d0%bd%d0%b8%d0%b5%d0%b2%d1%8b%d0%b5-%d0%b0%d0%b2%d1%82%d0%be%d0%bc%d0%be%d0%b1%d0%b8%d0%bb%d0%b8\/13-75-%d0%bc%d0%b5%d1%82%d1%80%d0%be%d0%b2-%d0%b0%d0%bb%d1%8e%d0%bc%d0%b8%d0%bd%d0%b8%d0%b5%d0%b2%d1%8b%d1%85-%d0%bf%d0%be%d0%bb%d1%83%d0%bf%d1%80%d0%b8%d1%86%d0%b5%d0%bf%d0%be%d0%b2\/\",\"url\":\"https:\/\/metalpie.com\/ru\/%d0%b0%d0%bb%d1%8e%d0%bc%d0%b8%d0%bd%d0%b8%d0%b5%d0%b2%d1%8b%d0%b5-%d0%b0%d0%b2%d1%82%d0%be%d0%bc%d0%be%d0%b1%d0%b8%d0%bb%d0%b8\/13-75-%d0%bc%d0%b5%d1%82%d1%80%d0%be%d0%b2-%d0%b0%d0%bb%d1%8e%d0%bc%d0%b8%d0%bd%d0%b8%d0%b5%d0%b2%d1%8b%d1%85-%d0%bf%d0%be%d0%bb%d1%83%d0%bf%d1%80%d0%b8%d1%86%d0%b5%d0%bf%d0%be%d0%b2\/\",\"name\":\"13.75 Meters of Aluminum Semi-trailer | Aluminum Truck Body\",\"isPartOf\":{\"@id\":\"https:\/\/metalpie.com\/#website\"},\"datePublished\":\"2022-12-20T01:23:39+00:00\",\"dateModified\":\"2023-02-17T09:08:51+00:00\",\"description\":\"We provide aluminum semi-trailers and aluminum cargo trailers. As a professional aluminum truck body manufacturer, we are your top choice!\",\"breadcrumb\":{\"@id\":\"https:\/\/metalpie.com\/ru\/%d0%b0%d0%bb%d1%8e%d0%bc%d0%b8%d0%bd%d0%b8%d0%b5%d0%b2%d1%8b%d0%b5-%d0%b0%d0%b2%d1%82%d0%be%d0%bc%d0%be%d0%b1%d0%b8%d0%bb%d0%b8\/13-75-%d0%bc%d0%b5%d1%82%d1%80%d0%be%d0%b2-%d0%b0%d0%bb%d1%8e%d0%bc%d0%b8%d0%bd%d0%b8%d0%b5%d0%b2%d1%8b%d1%85-%d0%bf%d0%be%d0%bb%d1%83%d0%bf%d1%80%d0%b8%d1%86%d0%b5%d0%bf%d0%be%d0%b2\/#breadcrumb\"},\"inLanguage\":\"de\",\"potentialAction\":[{\"@type\":\"ReadAction\",\"target\":[\"https:\/\/metalpie.com\/ru\/%d0%b0%d0%bb%d1%8e%d0%bc%d0%b8%d0%bd%d0%b8%d0%b5%d0%b2%d1%8b%d0%b5-%d0%b0%d0%b2%d1%82%d0%be%d0%bc%d0%be%d0%b1%d0%b8%d0%bb%d0%b8\/13-75-%d0%bc%d0%b5%d1%82%d1%80%d0%be%d0%b2-%d0%b0%d0%bb%d1%8e%d0%bc%d0%b8%d0%bd%d0%b8%d0%b5%d0%b2%d1%8b%d1%85-%d0%bf%d0%be%d0%bb%d1%83%d0%bf%d1%80%d0%b8%d1%86%d0%b5%d0%bf%d0%be%d0%b2\/\"]}]},{\"@type\":\"BreadcrumbList\",\"@id\":\"https:\/\/metalpie.com\/ru\/%d0%b0%d0%bb%d1%8e%d0%bc%d0%b8%d0%bd%d0%b8%d0%b5%d0%b2%d1%8b%d0%b5-%d0%b0%d0%b2%d1%82%d0%be%d0%bc%d0%be%d0%b1%d0%b8%d0%bb%d0%b8\/13-75-%d0%bc%d0%b5%d1%82%d1%80%d0%be%d0%b2-%d0%b0%d0%bb%d1%8e%d0%bc%d0%b8%d0%bd%d0%b8%d0%b5%d0%b2%d1%8b%d1%85-%d0%bf%d0%be%d0%bb%d1%83%d0%bf%d1%80%d0%b8%d1%86%d0%b5%d0%bf%d0%be%d0%b2\/#breadcrumb\",\"itemListElement\":[{\"@type\":\"ListItem\",\"position\":1,\"name\":\"Home\",\"item\":\"https:\/\/metalpie.com\/\"},{\"@type\":\"ListItem\",\"position\":2,\"name\":\"Products\",\"item\":\"https:\/\/metalpie.com\/shop\/\"},{\"@type\":\"ListItem\",\"position\":3,\"name\":\"13.75 Meters of Aluminum Semi-trailer\"}]},{\"@type\":\"WebSite\",\"@id\":\"https:\/\/metalpie.com\/#website\",\"url\":\"https:\/\/metalpie.com\/\",\"name\":\"METALPIE\",\"description\":\"Precision Metal Fabrication | Tools, Processes &amp; More\",\"potentialAction\":[{\"@type\":\"SearchAction\",\"target\":{\"@type\":\"EntryPoint\",\"urlTemplate\":\"https:\/\/metalpie.com\/?s={search_term_string}\"},\"query-input\":\"required name=search_term_string\"}],\"inLanguage\":\"de\"}]}<\/script>\n<!-- \/ Yoast SEO plugin. -->","yoast_head_json":{"title":"13,75 Meter Aluminium-Sattelauflieger | Aluminium-LKW-Aufbau","description":"Wir bieten Aluminium-Sattelauflieger und Aluminium-Frachtauflieger. Als professioneller Hersteller von Aluminium-LKW-Aufbauten sind wir Ihre erste Wahl!","robots":{"index":"index","follow":"follow","max-snippet":"max-snippet:-1","max-image-preview":"max-image-preview:large","max-video-preview":"max-video-preview:-1"},"canonical":"https:\/\/metalpie.com\/de\/aluminiumfahrzeuge\/13-75-meter-aluminium-sattelauflieger\/","og_locale":"de_DE","og_type":"article","og_title":"13.75 Meters of Aluminum Semi-trailer | Aluminum Truck Body","og_description":"We provide aluminum semi-trailers and aluminum cargo trailers. As a professional aluminum truck body manufacturer, we are your top choice!","og_url":"https:\/\/metalpie.com\/de\/aluminiumfahrzeuge\/13-75-meter-aluminium-sattelauflieger\/","og_site_name":"METALPIE","article_modified_time":"2023-02-17T09:08:51+00:00","og_image":[{"width":1000,"height":750,"url":"https:\/\/metalpie.com\/wp-content\/uploads\/2022\/12\/Meters_13_of_Aluminum_Semi_trailer.webp","type":"image\/webp"}],"twitter_card":"summary_large_image","twitter_misc":{"Gesch\u00e4tzte Lesezeit":"2\u00a0Minuten"},"schema":{"@context":"https:\/\/schema.org","@graph":[{"@type":"WebPage","@id":"https:\/\/metalpie.com\/ru\/%d0%b0%d0%bb%d1%8e%d0%bc%d0%b8%d0%bd%d0%b8%d0%b5%d0%b2%d1%8b%d0%b5-%d0%b0%d0%b2%d1%82%d0%be%d0%bc%d0%be%d0%b1%d0%b8%d0%bb%d0%b8\/13-75-%d0%bc%d0%b5%d1%82%d1%80%d0%be%d0%b2-%d0%b0%d0%bb%d1%8e%d0%bc%d0%b8%d0%bd%d0%b8%d0%b5%d0%b2%d1%8b%d1%85-%d0%bf%d0%be%d0%bb%d1%83%d0%bf%d1%80%d0%b8%d1%86%d0%b5%d0%bf%d0%be%d0%b2\/","url":"https:\/\/metalpie.com\/ru\/%d0%b0%d0%bb%d1%8e%d0%bc%d0%b8%d0%bd%d0%b8%d0%b5%d0%b2%d1%8b%d0%b5-%d0%b0%d0%b2%d1%82%d0%be%d0%bc%d0%be%d0%b1%d0%b8%d0%bb%d0%b8\/13-75-%d0%bc%d0%b5%d1%82%d1%80%d0%be%d0%b2-%d0%b0%d0%bb%d1%8e%d0%bc%d0%b8%d0%bd%d0%b8%d0%b5%d0%b2%d1%8b%d1%85-%d0%bf%d0%be%d0%bb%d1%83%d0%bf%d1%80%d0%b8%d1%86%d0%b5%d0%bf%d0%be%d0%b2\/","name":"13,75 Meter Aluminium-Sattelauflieger | Aluminium-LKW-Aufbau","isPartOf":{"@id":"https:\/\/metalpie.com\/#website"},"datePublished":"2022-12-20T01:23:39+00:00","dateModified":"2023-02-17T09:08:51+00:00","description":"Wir bieten Aluminium-Sattelauflieger und Aluminium-Frachtauflieger. Als professioneller Hersteller von Aluminium-LKW-Aufbauten sind wir Ihre erste Wahl!","breadcrumb":{"@id":"https:\/\/metalpie.com\/ru\/%d0%b0%d0%bb%d1%8e%d0%bc%d0%b8%d0%bd%d0%b8%d0%b5%d0%b2%d1%8b%d0%b5-%d0%b0%d0%b2%d1%82%d0%be%d0%bc%d0%be%d0%b1%d0%b8%d0%bb%d0%b8\/13-75-%d0%bc%d0%b5%d1%82%d1%80%d0%be%d0%b2-%d0%b0%d0%bb%d1%8e%d0%bc%d0%b8%d0%bd%d0%b8%d0%b5%d0%b2%d1%8b%d1%85-%d0%bf%d0%be%d0%bb%d1%83%d0%bf%d1%80%d0%b8%d1%86%d0%b5%d0%bf%d0%be%d0%b2\/#breadcrumb"},"inLanguage":"de","potentialAction":[{"@type":"ReadAction","target":["https:\/\/metalpie.com\/ru\/%d0%b0%d0%bb%d1%8e%d0%bc%d0%b8%d0%bd%d0%b8%d0%b5%d0%b2%d1%8b%d0%b5-%d0%b0%d0%b2%d1%82%d0%be%d0%bc%d0%be%d0%b1%d0%b8%d0%bb%d0%b8\/13-75-%d0%bc%d0%b5%d1%82%d1%80%d0%be%d0%b2-%d0%b0%d0%bb%d1%8e%d0%bc%d0%b8%d0%bd%d0%b8%d0%b5%d0%b2%d1%8b%d1%85-%d0%bf%d0%be%d0%bb%d1%83%d0%bf%d1%80%d0%b8%d1%86%d0%b5%d0%bf%d0%be%d0%b2\/"]}]},{"@type":"BreadcrumbList","@id":"https:\/\/metalpie.com\/ru\/%d0%b0%d0%bb%d1%8e%d0%bc%d0%b8%d0%bd%d0%b8%d0%b5%d0%b2%d1%8b%d0%b5-%d0%b0%d0%b2%d1%82%d0%be%d0%bc%d0%be%d0%b1%d0%b8%d0%bb%d0%b8\/13-75-%d0%bc%d0%b5%d1%82%d1%80%d0%be%d0%b2-%d0%b0%d0%bb%d1%8e%d0%bc%d0%b8%d0%bd%d0%b8%d0%b5%d0%b2%d1%8b%d1%85-%d0%bf%d0%be%d0%bb%d1%83%d0%bf%d1%80%d0%b8%d1%86%d0%b5%d0%bf%d0%be%d0%b2\/#breadcrumb","itemListElement":[{"@type":"ListItem","position":1,"name":"Home","item":"https:\/\/metalpie.com\/"},{"@type":"ListItem","position":2,"name":"Products","item":"https:\/\/metalpie.com\/shop\/"},{"@type":"ListItem","position":3,"name":"13.75 Meters of Aluminum Semi-trailer"}]},{"@type":"WebSite","@id":"https:\/\/metalpie.com\/#website","url":"https:\/\/metalpie.com\/","name":"METALPIE","description":"Pr\u00e4zisionsmetallverarbeitung | Werkzeuge, Verfahren &amp; mehr","potentialAction":[{"@type":"SearchAction","target":{"@type":"EntryPoint","urlTemplate":"https:\/\/metalpie.com\/?s={search_term_string}"},"query-input":"required name=search_term_string"}],"inLanguage":"de"}]}},"_links":{"self":[{"href":"https:\/\/metalpie.com\/de\/wp-json\/wp\/v2\/product\/3199","targetHints":{"allow":["GET"]}}],"collection":[{"href":"https:\/\/metalpie.com\/de\/wp-json\/wp\/v2\/product"}],"about":[{"href":"https:\/\/metalpie.com\/de\/wp-json\/wp\/v2\/types\/product"}],"replies":[{"embeddable":true,"href":"https:\/\/metalpie.com\/de\/wp-json\/wp\/v2\/comments?post=3199"}],"wp:featuredmedia":[{"embeddable":true,"href":"https:\/\/metalpie.com\/de\/wp-json\/wp\/v2\/media\/3203"}],"wp:attachment":[{"href":"https:\/\/metalpie.com\/de\/wp-json\/wp\/v2\/media?parent=3199"}],"wp:term":[{"taxonomy":"product_cat","embeddable":true,"href":"https:\/\/metalpie.com\/de\/wp-json\/wp\/v2\/product_cat?post=3199"}],"curies":[{"name":"wp","href":"https:\/\/api.w.org\/{rel}","templated":true}]}}