{"id":3183,"date":"2022-12-19T17:08:38","date_gmt":"2022-12-19T09:08:38","guid":{"rendered":"https:\/\/metalpie.com\/?post_type=product&#038;p=3183"},"modified":"2023-02-17T17:23:18","modified_gmt":"2023-02-17T09:23:18","slug":"9-8-meter-aluminium-lastanhanger-mit-heckverkleidung","status":"publish","type":"product","link":"https:\/\/metalpie.com\/de\/aluminiumfahrzeuge\/9-8-meter-aluminium-lastanhanger-mit-heckverkleidung\/","title":{"rendered":"9,8 Meter Vollaluminium-Frachtanh\u00e4nger mit Heckverkleidung"},"content":{"rendered":"<section class=\"section\" id=\"section_821980216\">\n\t\t<div class=\"bg section-bg fill bg-fill  bg-loaded\" >\n\n\t\t\t\n\t\t\t\n\t\t\t\n\n\t\t<\/div>\n\n\t\t\n\n\t\t<div class=\"section-content relative\">\n\t\t\t\n<div class=\"row\"  id=\"row-884318163\">\n\n\t<div id=\"col-1514720162\" class=\"col small-12 large-12\"  >\n\t\t\t\t<div class=\"col-inner\"  >\n\t\t\t\n\t\t\t\n<h2>Alluminium-Frachtanh\u00e4nger Parameter<\/h2>\n<table width=\"285\">\n<tbody>\n<tr>\n<td width=\"95\"><strong>\u00c4u\u00dfere L\u00e4nge<\/strong><\/td>\n<td width=\"95\"><strong>\u00c4u\u00dfere Breite<\/strong><\/td>\n<td width=\"95\"><strong>\u00c4u\u00dfere H\u00f6he<\/strong><\/td>\n<\/tr>\n<tr>\n<td width=\"95\">4190<\/td>\n<td width=\"95\">2150<\/td>\n<td width=\"95\">2325<\/td>\n<\/tr>\n<tr>\n<td width=\"95\"><strong>Innere L\u00e4nge<\/strong><\/td>\n<td width=\"95\"><strong>Innere Breite<\/strong><\/td>\n<td width=\"95\"><strong>Innere H\u00f6he<\/strong><\/td>\n<\/tr>\n<tr>\n<td width=\"95\">4140<\/td>\n<td width=\"95\">2100<\/td>\n<td width=\"95\">2100<\/td>\n<\/tr>\n<tr>\n<td width=\"95\"><strong>Dicke der Seitenteile<\/strong><\/td>\n<td width=\"95\"><strong>Dicke der T\u00fcrverkleidung<\/strong><\/td>\n<td width=\"95\"><strong>Untere Platte<\/strong><\/td>\n<\/tr>\n<tr>\n<td width=\"95\">20<\/td>\n<td width=\"95\">20<\/td>\n<td width=\"95\">Aluminium-Profile<\/td>\n<\/tr>\n<tr>\n<td width=\"95\"><strong>Seitent\u00fcr<\/strong><\/td>\n<td width=\"95\"><strong>Hintere T\u00fcr<\/strong><\/td>\n<td width=\"95\"><strong>Schl\u00f6sser<\/strong><\/td>\n<\/tr>\n<tr>\n<td width=\"95\">Doppelt\u00fcren<\/td>\n<td width=\"95\">Doppelt\u00fcren<\/td>\n<td width=\"95\">verzinkt<\/td>\n<\/tr>\n<tr>\n<td width=\"95\"><strong>Bare Box Gewicht\/kg<\/strong><\/td>\n<td width=\"95\"><strong>Volumen\/m\u00b3<\/strong><\/td>\n<td width=\"95\"><strong>Bemessungslast\/Tonne<\/strong><\/td>\n<\/tr>\n<tr>\n<td width=\"95\">430<\/td>\n<td width=\"95\">18.2<\/td>\n<td width=\"95\">5<\/td>\n<\/tr>\n<\/tbody>\n<\/table>\n<h2>Beschreibung<\/h2>\n<p><span data-preserver-spaces=\"true\">Unser Unternehmen stellt haupts\u00e4chlich alle Arten von Schlitten aus Aluminiumlegierungen her. Die Oberfl\u00e4che der Schlitten kann in verschiedenen Farben hergestellt werden, und die Gr\u00f6\u00dfe der Schlitten kann nach Kundenwunsch angepasst werden.<\/span><\/p>\n<p><span data-preserver-spaces=\"true\">Wir verf\u00fcgen \u00fcber ein professionelles Forschungs- und Entwicklungsteam und k\u00f6nnen die von Ihnen ben\u00f6tigten Produkte entsprechend Ihren Anforderungen entwickeln.<\/span><\/p>\n<h2>Alle Aluminium-Frachtanh\u00e4nger Merkmale<\/h2>\n<p><span data-preserver-spaces=\"true\">1. Der Kastenk\u00f6rper besteht aus hochfesten Aluminiumprofilen, die unabh\u00e4ngig voneinander entwickelt und hergestellt werden. Nieten, Schwei\u00dfen und Schrauben sind die Hauptverbindungsmethoden, die durch Kleben usw. erg\u00e4nzt werden, um die Montage und Wartung zu erleichtern;<\/span><\/p>\n<p><span data-preserver-spaces=\"true\">2. Die Aluminium-Anh\u00e4nger Deck nimmt eine zusammengesetzte Struktur von Aluminium-Profilen, die gute Festigkeit hat und ist einfach zu montieren;<\/span><\/p>\n<p><span data-preserver-spaces=\"true\">3. St\u00fctzen, Seitentr\u00e4ger und andere Strukturen werden als bogenf\u00f6rmige Strukturen entworfen, die sch\u00f6ner sind und weniger Windwiderstand haben;<\/span><\/p>\n<p><span data-preserver-spaces=\"true\">4. Optionale Aluminiumlegierung Schwanzplatte, die Gr\u00f6\u00dfe der Schwanzplatte ist 2100*1630, und der obere Teil der Schwanzplatte r\u00fcstet mit einer Klappe T\u00fcr, die f\u00fcr das Laden und Entladen bequem ist.<\/span><\/p>\n\t\t<\/div>\n\t\t\t\t\t<\/div>\n\n\t\n<\/div>\n\t\t<\/div>\n\n\t\t\n<style>\n#section_821980216 {\n  padding-top: 30px;\n  padding-bottom: 30px;\n}\n<\/style>\n\t<\/section>","protected":false},"excerpt":{"rendered":"","protected":false},"featured_media":3184,"comment_status":"closed","ping_status":"closed","template":"","meta":[],"product_cat":[98],"class_list":["post-3183","product","type-product","status-publish","has-post-thumbnail","hentry","product_cat-aluminum-vehicles"],"yoast_head":"<!-- This site is optimized with the Yoast SEO plugin v21.5 - https:\/\/yoast.com\/wordpress\/plugins\/seo\/ -->\n<title>9.8 Meters All Aluminum Cargo Trailers with Rear Fairing<\/title>\n<meta name=\"description\" content=\"We provide all aluminum cargo trailers and other aluminum truck bodies. Contact us to customize cargo trailers for your business!\" \/>\n<meta name=\"robots\" content=\"index, follow, max-snippet:-1, max-image-preview:large, max-video-preview:-1\" \/>\n<link rel=\"canonical\" href=\"https:\/\/metalpie.com\/de\/aluminiumfahrzeuge\/9-8-meter-aluminium-lastanhanger-mit-heckverkleidung\/\" \/>\n<meta property=\"og:locale\" content=\"de_DE\" \/>\n<meta property=\"og:type\" content=\"article\" \/>\n<meta property=\"og:title\" content=\"9.8 Meters All Aluminum Cargo Trailers with Rear Fairing\" \/>\n<meta property=\"og:description\" content=\"We provide all aluminum cargo trailers and other aluminum truck bodies. Contact us to customize cargo trailers for your business!\" \/>\n<meta property=\"og:url\" content=\"https:\/\/metalpie.com\/de\/aluminiumfahrzeuge\/9-8-meter-aluminium-lastanhanger-mit-heckverkleidung\/\" \/>\n<meta property=\"og:site_name\" content=\"METALPIE\" \/>\n<meta property=\"article:modified_time\" content=\"2023-02-17T09:23:18+00:00\" \/>\n<meta property=\"og:image\" content=\"https:\/\/metalpie.com\/wp-content\/uploads\/2022\/12\/Aluminum_Cargo_Trailers_with_Rear_Fairing_feature_image.jpg\" \/>\n\t<meta property=\"og:image:width\" content=\"1000\" \/>\n\t<meta property=\"og:image:height\" content=\"750\" \/>\n\t<meta property=\"og:image:type\" content=\"image\/jpeg\" \/>\n<meta name=\"twitter:card\" content=\"summary_large_image\" \/>\n<meta name=\"twitter:label1\" content=\"Gesch\u00e4tzte Lesezeit\" \/>\n\t<meta name=\"twitter:data1\" content=\"1\u00a0Minute\" \/>\n<script type=\"application\/ld+json\" class=\"yoast-schema-graph\">{\"@context\":\"https:\/\/schema.org\",\"@graph\":[{\"@type\":\"WebPage\",\"@id\":\"https:\/\/metalpie.com\/ru\/%d0%b0%d0%bb%d1%8e%d0%bc%d0%b8%d0%bd%d0%b8%d0%b5%d0%b2%d1%8b%d0%b5-%d0%b0%d0%b2%d1%82%d0%be%d0%bc%d0%be%d0%b1%d0%b8%d0%bb%d0%b8\/9-8-%d0%bc%d0%b5%d1%82%d1%80%d0%be%d0%b2-%d0%b0%d0%bb%d1%8e%d0%bc%d0%b8%d0%bd%d0%b8%d0%b5%d0%b2%d1%8b%d1%85-%d0%b3%d1%80%d1%83%d0%b7%d0%be%d0%b2%d1%8b%d1%85-%d0%bf%d1%80%d0%b8%d1%86%d0%b5%d0%bf%d0%be\/\",\"url\":\"https:\/\/metalpie.com\/ru\/%d0%b0%d0%bb%d1%8e%d0%bc%d0%b8%d0%bd%d0%b8%d0%b5%d0%b2%d1%8b%d0%b5-%d0%b0%d0%b2%d1%82%d0%be%d0%bc%d0%be%d0%b1%d0%b8%d0%bb%d0%b8\/9-8-%d0%bc%d0%b5%d1%82%d1%80%d0%be%d0%b2-%d0%b0%d0%bb%d1%8e%d0%bc%d0%b8%d0%bd%d0%b8%d0%b5%d0%b2%d1%8b%d1%85-%d0%b3%d1%80%d1%83%d0%b7%d0%be%d0%b2%d1%8b%d1%85-%d0%bf%d1%80%d0%b8%d1%86%d0%b5%d0%bf%d0%be\/\",\"name\":\"9.8 Meters All Aluminum Cargo Trailers with Rear Fairing\",\"isPartOf\":{\"@id\":\"https:\/\/metalpie.com\/#website\"},\"datePublished\":\"2022-12-19T09:08:38+00:00\",\"dateModified\":\"2023-02-17T09:23:18+00:00\",\"description\":\"We provide all aluminum cargo trailers and other aluminum truck bodies. Contact us to customize cargo trailers for your business!\",\"breadcrumb\":{\"@id\":\"https:\/\/metalpie.com\/ru\/%d0%b0%d0%bb%d1%8e%d0%bc%d0%b8%d0%bd%d0%b8%d0%b5%d0%b2%d1%8b%d0%b5-%d0%b0%d0%b2%d1%82%d0%be%d0%bc%d0%be%d0%b1%d0%b8%d0%bb%d0%b8\/9-8-%d0%bc%d0%b5%d1%82%d1%80%d0%be%d0%b2-%d0%b0%d0%bb%d1%8e%d0%bc%d0%b8%d0%bd%d0%b8%d0%b5%d0%b2%d1%8b%d1%85-%d0%b3%d1%80%d1%83%d0%b7%d0%be%d0%b2%d1%8b%d1%85-%d0%bf%d1%80%d0%b8%d1%86%d0%b5%d0%bf%d0%be\/#breadcrumb\"},\"inLanguage\":\"de\",\"potentialAction\":[{\"@type\":\"ReadAction\",\"target\":[\"https:\/\/metalpie.com\/ru\/%d0%b0%d0%bb%d1%8e%d0%bc%d0%b8%d0%bd%d0%b8%d0%b5%d0%b2%d1%8b%d0%b5-%d0%b0%d0%b2%d1%82%d0%be%d0%bc%d0%be%d0%b1%d0%b8%d0%bb%d0%b8\/9-8-%d0%bc%d0%b5%d1%82%d1%80%d0%be%d0%b2-%d0%b0%d0%bb%d1%8e%d0%bc%d0%b8%d0%bd%d0%b8%d0%b5%d0%b2%d1%8b%d1%85-%d0%b3%d1%80%d1%83%d0%b7%d0%be%d0%b2%d1%8b%d1%85-%d0%bf%d1%80%d0%b8%d1%86%d0%b5%d0%bf%d0%be\/\"]}]},{\"@type\":\"BreadcrumbList\",\"@id\":\"https:\/\/metalpie.com\/ru\/%d0%b0%d0%bb%d1%8e%d0%bc%d0%b8%d0%bd%d0%b8%d0%b5%d0%b2%d1%8b%d0%b5-%d0%b0%d0%b2%d1%82%d0%be%d0%bc%d0%be%d0%b1%d0%b8%d0%bb%d0%b8\/9-8-%d0%bc%d0%b5%d1%82%d1%80%d0%be%d0%b2-%d0%b0%d0%bb%d1%8e%d0%bc%d0%b8%d0%bd%d0%b8%d0%b5%d0%b2%d1%8b%d1%85-%d0%b3%d1%80%d1%83%d0%b7%d0%be%d0%b2%d1%8b%d1%85-%d0%bf%d1%80%d0%b8%d1%86%d0%b5%d0%bf%d0%be\/#breadcrumb\",\"itemListElement\":[{\"@type\":\"ListItem\",\"position\":1,\"name\":\"Home\",\"item\":\"https:\/\/metalpie.com\/\"},{\"@type\":\"ListItem\",\"position\":2,\"name\":\"Products\",\"item\":\"https:\/\/metalpie.com\/shop\/\"},{\"@type\":\"ListItem\",\"position\":3,\"name\":\"9.8 Meters All Aluminum Cargo Trailers with Rear Fairing\"}]},{\"@type\":\"WebSite\",\"@id\":\"https:\/\/metalpie.com\/#website\",\"url\":\"https:\/\/metalpie.com\/\",\"name\":\"METALPIE\",\"description\":\"Precision Metal Fabrication | Tools, Processes &amp; More\",\"potentialAction\":[{\"@type\":\"SearchAction\",\"target\":{\"@type\":\"EntryPoint\",\"urlTemplate\":\"https:\/\/metalpie.com\/?s={search_term_string}\"},\"query-input\":\"required name=search_term_string\"}],\"inLanguage\":\"de\"}]}<\/script>\n<!-- \/ Yoast SEO plugin. -->","yoast_head_json":{"title":"9,8 Meter Vollaluminium-Frachtanh\u00e4nger mit Heckverkleidung","description":"Wir bieten Frachtanh\u00e4nger aus Aluminium und andere LKW-Aufbauten aus Aluminium an. Kontaktieren Sie uns, um Frachtanh\u00e4nger f\u00fcr Ihr Unternehmen anzupassen!","robots":{"index":"index","follow":"follow","max-snippet":"max-snippet:-1","max-image-preview":"max-image-preview:large","max-video-preview":"max-video-preview:-1"},"canonical":"https:\/\/metalpie.com\/de\/aluminiumfahrzeuge\/9-8-meter-aluminium-lastanhanger-mit-heckverkleidung\/","og_locale":"de_DE","og_type":"article","og_title":"9.8 Meters All Aluminum Cargo Trailers with Rear Fairing","og_description":"We provide all aluminum cargo trailers and other aluminum truck bodies. Contact us to customize cargo trailers for your business!","og_url":"https:\/\/metalpie.com\/de\/aluminiumfahrzeuge\/9-8-meter-aluminium-lastanhanger-mit-heckverkleidung\/","og_site_name":"METALPIE","article_modified_time":"2023-02-17T09:23:18+00:00","og_image":[{"width":1000,"height":750,"url":"https:\/\/metalpie.com\/wp-content\/uploads\/2022\/12\/Aluminum_Cargo_Trailers_with_Rear_Fairing_feature_image.jpg","type":"image\/jpeg"}],"twitter_card":"summary_large_image","twitter_misc":{"Gesch\u00e4tzte Lesezeit":"1\u00a0Minute"},"schema":{"@context":"https:\/\/schema.org","@graph":[{"@type":"WebPage","@id":"https:\/\/metalpie.com\/ru\/%d0%b0%d0%bb%d1%8e%d0%bc%d0%b8%d0%bd%d0%b8%d0%b5%d0%b2%d1%8b%d0%b5-%d0%b0%d0%b2%d1%82%d0%be%d0%bc%d0%be%d0%b1%d0%b8%d0%bb%d0%b8\/9-8-%d0%bc%d0%b5%d1%82%d1%80%d0%be%d0%b2-%d0%b0%d0%bb%d1%8e%d0%bc%d0%b8%d0%bd%d0%b8%d0%b5%d0%b2%d1%8b%d1%85-%d0%b3%d1%80%d1%83%d0%b7%d0%be%d0%b2%d1%8b%d1%85-%d0%bf%d1%80%d0%b8%d1%86%d0%b5%d0%bf%d0%be\/","url":"https:\/\/metalpie.com\/ru\/%d0%b0%d0%bb%d1%8e%d0%bc%d0%b8%d0%bd%d0%b8%d0%b5%d0%b2%d1%8b%d0%b5-%d0%b0%d0%b2%d1%82%d0%be%d0%bc%d0%be%d0%b1%d0%b8%d0%bb%d0%b8\/9-8-%d0%bc%d0%b5%d1%82%d1%80%d0%be%d0%b2-%d0%b0%d0%bb%d1%8e%d0%bc%d0%b8%d0%bd%d0%b8%d0%b5%d0%b2%d1%8b%d1%85-%d0%b3%d1%80%d1%83%d0%b7%d0%be%d0%b2%d1%8b%d1%85-%d0%bf%d1%80%d0%b8%d1%86%d0%b5%d0%bf%d0%be\/","name":"9,8 Meter Vollaluminium-Frachtanh\u00e4nger mit Heckverkleidung","isPartOf":{"@id":"https:\/\/metalpie.com\/#website"},"datePublished":"2022-12-19T09:08:38+00:00","dateModified":"2023-02-17T09:23:18+00:00","description":"Wir bieten Frachtanh\u00e4nger aus Aluminium und andere LKW-Aufbauten aus Aluminium an. Kontaktieren Sie uns, um Frachtanh\u00e4nger f\u00fcr Ihr Unternehmen anzupassen!","breadcrumb":{"@id":"https:\/\/metalpie.com\/ru\/%d0%b0%d0%bb%d1%8e%d0%bc%d0%b8%d0%bd%d0%b8%d0%b5%d0%b2%d1%8b%d0%b5-%d0%b0%d0%b2%d1%82%d0%be%d0%bc%d0%be%d0%b1%d0%b8%d0%bb%d0%b8\/9-8-%d0%bc%d0%b5%d1%82%d1%80%d0%be%d0%b2-%d0%b0%d0%bb%d1%8e%d0%bc%d0%b8%d0%bd%d0%b8%d0%b5%d0%b2%d1%8b%d1%85-%d0%b3%d1%80%d1%83%d0%b7%d0%be%d0%b2%d1%8b%d1%85-%d0%bf%d1%80%d0%b8%d1%86%d0%b5%d0%bf%d0%be\/#breadcrumb"},"inLanguage":"de","potentialAction":[{"@type":"ReadAction","target":["https:\/\/metalpie.com\/ru\/%d0%b0%d0%bb%d1%8e%d0%bc%d0%b8%d0%bd%d0%b8%d0%b5%d0%b2%d1%8b%d0%b5-%d0%b0%d0%b2%d1%82%d0%be%d0%bc%d0%be%d0%b1%d0%b8%d0%bb%d0%b8\/9-8-%d0%bc%d0%b5%d1%82%d1%80%d0%be%d0%b2-%d0%b0%d0%bb%d1%8e%d0%bc%d0%b8%d0%bd%d0%b8%d0%b5%d0%b2%d1%8b%d1%85-%d0%b3%d1%80%d1%83%d0%b7%d0%be%d0%b2%d1%8b%d1%85-%d0%bf%d1%80%d0%b8%d1%86%d0%b5%d0%bf%d0%be\/"]}]},{"@type":"BreadcrumbList","@id":"https:\/\/metalpie.com\/ru\/%d0%b0%d0%bb%d1%8e%d0%bc%d0%b8%d0%bd%d0%b8%d0%b5%d0%b2%d1%8b%d0%b5-%d0%b0%d0%b2%d1%82%d0%be%d0%bc%d0%be%d0%b1%d0%b8%d0%bb%d0%b8\/9-8-%d0%bc%d0%b5%d1%82%d1%80%d0%be%d0%b2-%d0%b0%d0%bb%d1%8e%d0%bc%d0%b8%d0%bd%d0%b8%d0%b5%d0%b2%d1%8b%d1%85-%d0%b3%d1%80%d1%83%d0%b7%d0%be%d0%b2%d1%8b%d1%85-%d0%bf%d1%80%d0%b8%d1%86%d0%b5%d0%bf%d0%be\/#breadcrumb","itemListElement":[{"@type":"ListItem","position":1,"name":"Home","item":"https:\/\/metalpie.com\/"},{"@type":"ListItem","position":2,"name":"Products","item":"https:\/\/metalpie.com\/shop\/"},{"@type":"ListItem","position":3,"name":"9.8 Meters All Aluminum Cargo Trailers with Rear Fairing"}]},{"@type":"WebSite","@id":"https:\/\/metalpie.com\/#website","url":"https:\/\/metalpie.com\/","name":"METALPIE","description":"Pr\u00e4zisionsmetallverarbeitung | Werkzeuge, Verfahren &amp; mehr","potentialAction":[{"@type":"SearchAction","target":{"@type":"EntryPoint","urlTemplate":"https:\/\/metalpie.com\/?s={search_term_string}"},"query-input":"required name=search_term_string"}],"inLanguage":"de"}]}},"_links":{"self":[{"href":"https:\/\/metalpie.com\/de\/wp-json\/wp\/v2\/product\/3183","targetHints":{"allow":["GET"]}}],"collection":[{"href":"https:\/\/metalpie.com\/de\/wp-json\/wp\/v2\/product"}],"about":[{"href":"https:\/\/metalpie.com\/de\/wp-json\/wp\/v2\/types\/product"}],"replies":[{"embeddable":true,"href":"https:\/\/metalpie.com\/de\/wp-json\/wp\/v2\/comments?post=3183"}],"wp:featuredmedia":[{"embeddable":true,"href":"https:\/\/metalpie.com\/de\/wp-json\/wp\/v2\/media\/3184"}],"wp:attachment":[{"href":"https:\/\/metalpie.com\/de\/wp-json\/wp\/v2\/media?parent=3183"}],"wp:term":[{"taxonomy":"product_cat","embeddable":true,"href":"https:\/\/metalpie.com\/de\/wp-json\/wp\/v2\/product_cat?post=3183"}],"curies":[{"name":"wp","href":"https:\/\/api.w.org\/{rel}","templated":true}]}}