{"id":2773,"date":"2022-10-09T13:28:02","date_gmt":"2022-10-09T05:28:02","guid":{"rendered":"https:\/\/metalpie.com\/?post_type=product&#038;p=2773"},"modified":"2023-02-17T14:52:09","modified_gmt":"2023-02-17T06:52:09","slug":"es116-schiebetur","status":"publish","type":"product","link":"https:\/\/metalpie.com\/de\/aluminium-fenster-turen\/es116-schiebetur\/","title":{"rendered":"ES116 Aluminium-Glasschiebet\u00fcr"},"content":{"rendered":"<section class=\"section\" id=\"section_804954100\">\n\t\t<div class=\"bg section-bg fill bg-fill  bg-loaded\" >\n\n\t\t\t\n\t\t\t\n\t\t\t\n\n\t\t<\/div>\n\n\t\t\n\n\t\t<div class=\"section-content relative\">\n\t\t\t\n<div class=\"row\"  id=\"row-244155214\">\n\n\t<div id=\"col-1835768413\" class=\"col small-12 large-12\"  >\n\t\t\t\t<div class=\"col-inner\"  >\n\t\t\t\n\t\t\t\n<h2><span data-preserver-spaces=\"true\">ES116 Aluminium-Schiebet\u00fcr Beschreibung<\/span><\/h2>\n<p><span data-preserver-spaces=\"true\">ES116 ist einer der Bestseller unter unseren Aluminium-Glasschiebet\u00fcren. An der T\u00fcr befinden sich zwei gro\u00dfe Glasscheiben. Und die Aluminiumt\u00fcrrahmen nehmen nur einen kleinen Teil ein. Sie ist also sehr geeignet f\u00fcr alle, die viel Licht w\u00fcnschen. In Wohnungen k\u00f6nnen Sie sie auf Ihrem Balkon als Trennwand zwischen Zimmern und dem Balkon einbauen. Sie k\u00f6nnen sie auch im Badezimmer einbauen, um es abzutrennen. Wir unterst\u00fctzen die Anpassung an Kundenw\u00fcnsche, so dass wir das Glas der T\u00fcr in Milchglas umwandeln k\u00f6nnen, das besser f\u00fcr ein Badezimmer geeignet ist. Auch die Farbe kann gew\u00e4hlt werden. Jede Farbe, die Sie wollen, k\u00f6nnen Sie Ihre Idee mit uns teilen. Wir werden eine fantastische Schiebet\u00fcr f\u00fcr Sie bereitstellen.\u00a0<\/span><\/p>\n<h2>Aluminium-T\u00fcrbeschl\u00e4ge<\/h2>\n<ul>\n<li>Hochwertiger T\u00fcrknauf. Er ist aus hochwertigem Material gefertigt. Sie brauchen sich also keine Sorgen zu machen, dass er leicht bricht oder sich abl\u00f6st. Und die Oberfl\u00e4chenbeschichtung l\u00f6st sich aufgrund des speziellen Verfahrens auch nicht ab.<\/li>\n<li>T\u00fcrscharnier. Ausgezeichnete T\u00fcrscharniere sind stark und verschlei\u00dffest.<\/li>\n<\/ul>\n<h2 class=\"okr-block-clipboard lark-doc\" data-okr=\"%7B%22okrDelta%22%3A%5B%7B%22lineType%22%3A%22text%22%2C%22lineOptions%22%3A%7B%7D%2C%22lineContent%22%3A%5B%7B%22opType%22%3A%22text%22%2C%22options%22%3A%7B%22text%22%3A%22Color%20%26%20Size%22%7D%7D%5D%7D%2C%7B%22lineType%22%3A%22text%22%2C%22lineOptions%22%3A%7B%7D%2C%22lineContent%22%3A%5B%7B%22opType%22%3A%22text%22%2C%22options%22%3A%7B%22text%22%3A%22We%20use%20five%20processes%20powder%20coating%2C%20PVDF%20coating%2C%20wood%20grain%2C%20anodized%2C%20and%20electrophoresis%20to%20color%20aluminum%20window%20frames.%20Custom%20colors%20and%20sizes%20are%20also%20available.%22%7D%7D%5D%7D%5D%2C%22businessKey%22%3A%22lark-doc%22%7D\"><span style=\"font-size: 23.04px;\">Farbe &amp; Gr\u00f6\u00dfe<\/span><\/h2>\n<div data-zone-id=\"grpfj1bsuo\" data-line-index=\"1\">Wir verwenden f\u00fcnf Verfahren: Pulverbeschichtung, PVDF-Beschichtung, Holzmaserung, Eloxierung und Elektrophorese, um Aluminiumfensterrahmen zu f\u00e4rben. Kundenspezifische Farben und Gr\u00f6\u00dfen sind ebenfalls erh\u00e4ltlich.<\/div>\n<div data-zone-id=\"grpfj1bsuo\" data-line-index=\"1\"><\/div>\n<div data-zone-id=\"grpfj1bsuo\" data-line-index=\"1\">\n<h2>Eigenschaften<\/h2>\n<ul>\n<li><span data-preserver-spaces=\"true\">Gro\u00dfer \u00d6ffnungsbereich und weite Sicht<\/span><\/li>\n<li><span data-preserver-spaces=\"true\">Weniger Profile und einfache Verarbeitung<\/span><\/li>\n<li><span data-preserver-spaces=\"true\">Halten Sie sich nach dem \u00d6ffnen nicht in Innenr\u00e4umen auf.<\/span><\/li>\n<li><span data-preserver-spaces=\"true\">Glasperlen innen, machen das Fenster sicher und solide\u3002<\/span><\/li>\n<li><span data-preserver-spaces=\"true\">Europ\u00e4isches Standarddesign, Hardware mit hoher Kompatibilit\u00e4t.<\/span><\/li>\n<li><span data-preserver-spaces=\"true\">Mehrkanaliges Dichtungsdesign f\u00fcr eine perfekte Abdichtung.<\/span><\/li>\n<li><span data-preserver-spaces=\"true\">Sie kann sowohl als Innen- als auch als Au\u00dfent\u00fcr verwendet werden.<\/span><\/li>\n<\/ul>\n<\/div>\n<div data-zone-id=\"grpfj1bsuo\" data-line-index=\"1\"><\/div>\n\t\t<\/div>\n\t\t\t\t\t<\/div>\n\n\t\n<\/div>\n\t\t<\/div>\n\n\t\t\n<style>\n#section_804954100 {\n  padding-top: 30px;\n  padding-bottom: 30px;\n}\n<\/style>\n\t<\/section>\n\t\n\t<section class=\"section\" id=\"section_1554926571\">\n\t\t<div class=\"bg section-bg fill bg-fill  bg-loaded\" >\n\n\t\t\t\n\t\t\t\n\t\t\t\n\n\t\t<\/div>\n\n\t\t\t<div class=\"ux-shape-divider ux-shape-divider--top ux-shape-divider--style-curve-opacity\">\n\t\t<svg viewbox=\"0 0 1000 100\" xmlns=\"http:\/\/www.w3.org\/2000\/svg\" preserveaspectratio=\"none\">\n\t\t<path class=\"ux-shape-fill\" opacity=\"0.15\" d=\"M0 14C0 14 88.64 17.48 300 50C560 90 814 77 1003 40L1015 68L1018 104H0V14Z\"\/>\n\t\t<path class=\"ux-shape-fill\" opacity=\"0.3\" d=\"M0 45C0 45 271 90.13 500 77C657 68 830 30 1015 14V100H0V45Z\"\/>\n\t\t<path class=\"ux-shape-fill\" d=\"M0 58C0 58 188.29 90 508 90C798 90 1002 55 1002 55V100H0V58Z\"\/>\n<\/svg>\n\t<\/div>\n\n\n\t\t<div class=\"section-content relative\">\n\t\t\t\n<div class=\"is-divider divider clearfix\" style=\"margin-top:0px;margin-bottom:0px;max-width:0px;height:30px;\"><\/div>\n<div class=\"row row-collapse align-middle\"  id=\"row-1686107186\">\n\n\t<div id=\"col-1421864028\" class=\"col medium-6 small-12 large-6\"  >\n\t\t\t\t<div class=\"col-inner\"  >\n\t\t\t\n\t\t\t\n<div class=\"row row-small align-middle\"  id=\"row-918271243\">\n\n\t<div id=\"col-793794402\" class=\"col medium-7 small-12 large-7\"  >\n\t\t\t\t<div class=\"col-inner\"  >\n\t\t\t\n\t\t\t\n\t<div class=\"img has-hover x md-x lg-x y md-y lg-y\" id=\"image_257669244\">\n\t\t\t\t\t\t\t\t<div class=\"img-inner dark\" >\n\t\t\t<img loading=\"lazy\" decoding=\"async\" width=\"532\" height=\"366\" src=\"https:\/\/metalpie.com\/wp-content\/uploads\/2022\/09\/block_Universal_products_bottom_001.1image.jpg.webp\" class=\"attachment-original size-original\" alt=\"\" srcset=\"https:\/\/metalpie.com\/wp-content\/uploads\/2022\/09\/block_Universal_products_bottom_001.1image.jpg.webp 532w, https:\/\/metalpie.com\/wp-content\/uploads\/2022\/09\/block_Universal_products_bottom_001.1image.jpg-300x206.webp 300w\" sizes=\"auto, (max-width: 532px) 100vw, 532px\" \/>\t\t\t\t\t\t\n\t\t\t\t\t<\/div>\n\t\t\t\t\t\t\t\t\n<style>\n#image_257669244 {\n  width: 100%;\n}\n<\/style>\n\t<\/div>\n\t\n\t\t<\/div>\n\t\t\t\t\t<\/div>\n\n\t\n\n\t<div id=\"col-1097486500\" class=\"col medium-5 small-12 large-5\"  >\n\t\t\t\t<div class=\"col-inner\"  >\n\t\t\t\n\t\t\t\n\t<div id=\"text-74487811\" class=\"text\">\n\t\t\n<h5>Luftdichte Leistung<\/h5>\n\t\t\n<style>\n#text-74487811 {\n  text-align: center;\n}\n@media (min-width:550px) {\n  #text-74487811 {\n    text-align: left;\n  }\n}\n<\/style>\n\t<\/div>\n\t\n\t<div id=\"text-862622295\" class=\"text\">\n\t\t\n<p><b>Stufe 5<\/b><\/p>\n\t\t\n<style>\n#text-862622295 {\n  text-align: center;\n}\n@media (min-width:550px) {\n  #text-862622295 {\n    text-align: left;\n  }\n}\n<\/style>\n\t<\/div>\n\t\n\t\t<\/div>\n\t\t\t\t\t<\/div>\n\n\t\n<\/div>\n\t\t<\/div>\n\t\t\t\t\t<\/div>\n\n\t\n\n\t<div id=\"col-1299324248\" class=\"col medium-6 small-12 large-6\"  >\n\t\t\t\t<div class=\"col-inner\"  >\n\t\t\t\n\t\t\t\n<div class=\"row row-small align-middle\"  id=\"row-1954351004\">\n\n\t<div id=\"col-1059249386\" class=\"col medium-7 small-12 large-7\"  >\n\t\t\t\t<div class=\"col-inner\"  >\n\t\t\t\n\t\t\t\n\t<div class=\"img has-hover x md-x lg-x y md-y lg-y\" id=\"image_1417883722\">\n\t\t\t\t\t\t\t\t<div class=\"img-inner dark\" >\n\t\t\t<img loading=\"lazy\" decoding=\"async\" width=\"534\" height=\"368\" src=\"https:\/\/metalpie.com\/wp-content\/uploads\/2022\/09\/block_Universal_products_bottom_002.2image.jpg.webp\" class=\"attachment-original size-original\" alt=\"\" srcset=\"https:\/\/metalpie.com\/wp-content\/uploads\/2022\/09\/block_Universal_products_bottom_002.2image.jpg.webp 534w, https:\/\/metalpie.com\/wp-content\/uploads\/2022\/09\/block_Universal_products_bottom_002.2image.jpg-300x207.webp 300w\" sizes=\"auto, (max-width: 534px) 100vw, 534px\" \/>\t\t\t\t\t\t\n\t\t\t\t\t<\/div>\n\t\t\t\t\t\t\t\t\n<style>\n#image_1417883722 {\n  width: 100%;\n}\n<\/style>\n\t<\/div>\n\t\n\t\t<\/div>\n\t\t\t\t\t<\/div>\n\n\t\n\n\t<div id=\"col-1867802983\" class=\"col medium-5 small-12 large-5\"  >\n\t\t\t\t<div class=\"col-inner\"  >\n\t\t\t\n\t\t\t\n\t<div id=\"text-136237484\" class=\"text\">\n\t\t\n<h5>Wind Druckfestigkeit<\/h5>\n\t\t\n<style>\n#text-136237484 {\n  text-align: center;\n}\n@media (min-width:550px) {\n  #text-136237484 {\n    text-align: left;\n  }\n}\n<\/style>\n\t<\/div>\n\t\n\t<div id=\"text-1315329275\" class=\"text\">\n\t\t\n<p><strong>Stufe 9<\/strong><\/p>\n\t\t\n<style>\n#text-1315329275 {\n  text-align: center;\n}\n@media (min-width:550px) {\n  #text-1315329275 {\n    text-align: left;\n  }\n}\n<\/style>\n\t<\/div>\n\t\n\t\t<\/div>\n\t\t\t\t\t<\/div>\n\n\t\n<\/div>\n\t\t<\/div>\n\t\t\t\t\t<\/div>\n\n\t\n\n\t<div id=\"col-847911828\" class=\"col medium-6 small-12 large-6\"  >\n\t\t\t\t<div class=\"col-inner\"  >\n\t\t\t\n\t\t\t\n<div class=\"row row-small align-middle\"  id=\"row-831839865\">\n\n\t<div id=\"col-418302333\" class=\"col medium-7 small-12 large-7\"  >\n\t\t\t\t<div class=\"col-inner\"  >\n\t\t\t\n\t\t\t\n\t<div class=\"img has-hover x md-x lg-x y md-y lg-y\" id=\"image_106822394\">\n\t\t\t\t\t\t\t\t<div class=\"img-inner dark\" >\n\t\t\t<img loading=\"lazy\" decoding=\"async\" width=\"531\" height=\"366\" src=\"https:\/\/metalpie.com\/wp-content\/uploads\/2022\/09\/block_Universal_products_bottom_003.3image.jpg.webp\" class=\"attachment-original size-original\" alt=\"\" srcset=\"https:\/\/metalpie.com\/wp-content\/uploads\/2022\/09\/block_Universal_products_bottom_003.3image.jpg.webp 531w, https:\/\/metalpie.com\/wp-content\/uploads\/2022\/09\/block_Universal_products_bottom_003.3image.jpg-300x207.webp 300w\" sizes=\"auto, (max-width: 531px) 100vw, 531px\" \/>\t\t\t\t\t\t\n\t\t\t\t\t<\/div>\n\t\t\t\t\t\t\t\t\n<style>\n#image_106822394 {\n  width: 100%;\n}\n<\/style>\n\t<\/div>\n\t\n\t\t<\/div>\n\t\t\t\t\t<\/div>\n\n\t\n\n\t<div id=\"col-1004509306\" class=\"col medium-5 small-12 large-5\"  >\n\t\t\t\t<div class=\"col-inner\"  >\n\t\t\t\n\t\t\t\n\t<div id=\"text-1221512947\" class=\"text\">\n\t\t\n<h5>Wasserdichte Leistung<\/h5>\n\t\t\n<style>\n#text-1221512947 {\n  text-align: center;\n}\n@media (min-width:550px) {\n  #text-1221512947 {\n    text-align: left;\n  }\n}\n<\/style>\n\t<\/div>\n\t\n\t<div id=\"text-2251911952\" class=\"text\">\n\t\t\n<p><strong>Stufe 3<\/strong><\/p>\n\t\t\n<style>\n#text-2251911952 {\n  text-align: center;\n}\n@media (min-width:550px) {\n  #text-2251911952 {\n    text-align: left;\n  }\n}\n<\/style>\n\t<\/div>\n\t\n\t\t<\/div>\n\t\t\t\t\t<\/div>\n\n\t\n<\/div>\n\t\t<\/div>\n\t\t\t\t\t<\/div>\n\n\t\n\n\t<div id=\"col-746707535\" class=\"col medium-6 small-12 large-6\"  >\n\t\t\t\t<div class=\"col-inner\"  >\n\t\t\t\n\t\t\t\n<div class=\"row row-small align-middle\"  id=\"row-1720890730\">\n\n\t<div id=\"col-1841903970\" class=\"col medium-7 small-12 large-7\"  >\n\t\t\t\t<div class=\"col-inner\"  >\n\t\t\t\n\t\t\t\n\t<div class=\"img has-hover x md-x lg-x y md-y lg-y\" id=\"image_237254682\">\n\t\t\t\t\t\t\t\t<div class=\"img-inner dark\" >\n\t\t\t<img loading=\"lazy\" decoding=\"async\" width=\"531\" height=\"365\" src=\"https:\/\/metalpie.com\/wp-content\/uploads\/2022\/09\/block_Universal_products_bottom_004.4image.jpg.webp\" class=\"attachment-original size-original\" alt=\"\" srcset=\"https:\/\/metalpie.com\/wp-content\/uploads\/2022\/09\/block_Universal_products_bottom_004.4image.jpg.webp 531w, https:\/\/metalpie.com\/wp-content\/uploads\/2022\/09\/block_Universal_products_bottom_004.4image.jpg-300x206.webp 300w\" sizes=\"auto, (max-width: 531px) 100vw, 531px\" \/>\t\t\t\t\t\t\n\t\t\t\t\t<\/div>\n\t\t\t\t\t\t\t\t\n<style>\n#image_237254682 {\n  width: 100%;\n}\n<\/style>\n\t<\/div>\n\t\n\t\t<\/div>\n\t\t\t\t\t<\/div>\n\n\t\n\n\t<div id=\"col-1647593103\" class=\"col medium-5 small-12 large-5\"  >\n\t\t\t\t<div class=\"col-inner\"  >\n\t\t\t\n\t\t\t\n\t<div id=\"text-2472668468\" class=\"text\">\n\t\t\n<h5>Leistung der Isolierung<\/h5>\n\t\t\n<style>\n#text-2472668468 {\n  text-align: center;\n}\n@media (min-width:550px) {\n  #text-2472668468 {\n    text-align: left;\n  }\n}\n<\/style>\n\t<\/div>\n\t\n\t<div id=\"text-1824286134\" class=\"text\">\n\t\t\n<p>K=2,2~ 2,8W\/(\u33a1.K)<\/p>\n\t\t\n<style>\n#text-1824286134 {\n  text-align: center;\n}\n@media (min-width:550px) {\n  #text-1824286134 {\n    text-align: left;\n  }\n}\n<\/style>\n\t<\/div>\n\t\n\t\t<\/div>\n\t\t\t\t\t<\/div>\n\n\t\n<\/div>\n\t\t<\/div>\n\t\t\t\t\t<\/div>\n\n\t\n\n<style>\n#row-1686107186 > .col > .col-inner {\n  padding: 0px 20px 0px 20px;\n}\n<\/style>\n<\/div>\n\t\t<\/div>\n\n\t\t\n<style>\n#section_1554926571 {\n  padding-top: 0px;\n  padding-bottom: 0px;\n  background-color: rgb(245, 245, 245);\n}\n#section_1554926571 .ux-shape-divider--top svg {\n  height: 143px;\n  --divider-top-width: 100%;\n}\n<\/style>\n\t<\/section>\n\t\n\t<section class=\"section\" id=\"section_1451190496\">\n\t\t<div class=\"bg section-bg fill bg-fill  bg-loaded\" >\n\n\t\t\t\n\t\t\t\n\t\t\t\n\n\t\t<\/div>\n\n\t\t\n\n\t\t<div class=\"section-content relative\">\n\t\t\t\n<div class=\"row\"  id=\"row-1424640231\">\n\n\t<div id=\"col-120649818\" class=\"col small-12 large-12\"  >\n\t\t\t\t<div class=\"col-inner\"  >\n\t\t\t\n\t\t\t\n<h2>Anwendungsbereiche der ES116 Aluminium-Schiebet\u00fcr<\/h2>\n<ul>\n<li>Studie<\/li>\n<li>Einkaufszentren<\/li>\n<li>Villen<\/li>\n<li>B\u00fcrogeb\u00e4ude<\/li>\n<\/ul>\n\t\t<\/div>\n\t\t\t\t\t<\/div>\n\n\t\n<\/div>\n\t\t<\/div>\n\n\t\t\n<style>\n#section_1451190496 {\n  padding-top: 30px;\n  padding-bottom: 30px;\n}\n<\/style>\n\t<\/section>\n\t\n\t<section class=\"section\" id=\"section_1548634955\">\n\t\t<div class=\"bg section-bg fill bg-fill  bg-loaded\" >\n\n\t\t\t\n\t\t\t<div class=\"section-bg-overlay absolute fill\"><\/div>\n\t\t\t\n\n\t\t<\/div>\n\n\t\t\n\n\t\t<div class=\"section-content relative\">\n\t\t\t\n<div class=\"is-divider divider clearfix\" style=\"margin-top:0.0em;margin-bottom:0.0em;max-width:0px;height:20px;\"><\/div>\n<div class=\"row row-large align-middle\"  id=\"row-1368066741\">\n\n\t<div id=\"col-1666736981\" class=\"col medium-6 small-12 large-6\"  >\n\t\t\t\t<div class=\"col-inner\"  >\n\t\t\t\n\t\t\t\n\t<div class=\"img has-hover x md-x lg-x y md-y lg-y\" id=\"image_1220584343\">\n\t\t\t\t\t\t\t\t<div class=\"img-inner dark\" >\n\t\t\t<img loading=\"lazy\" decoding=\"async\" width=\"1000\" height=\"1000\" src=\"https:\/\/metalpie.com\/wp-content\/uploads\/2022\/11\/ES_116.webp\" class=\"attachment-large size-large\" alt=\"ES116 Aluminium-Schiebet\u00fcr Muster\" srcset=\"https:\/\/metalpie.com\/wp-content\/uploads\/2022\/11\/ES_116.webp 1000w, https:\/\/metalpie.com\/wp-content\/uploads\/2022\/11\/ES_116-300x300.webp 300w, https:\/\/metalpie.com\/wp-content\/uploads\/2022\/11\/ES_116-80x80.webp 80w, https:\/\/metalpie.com\/wp-content\/uploads\/2022\/11\/ES_116-768x768.webp 768w, https:\/\/metalpie.com\/wp-content\/uploads\/2022\/11\/ES_116-500x500.webp 500w, https:\/\/metalpie.com\/wp-content\/uploads\/2022\/11\/ES_116-800x800.webp 800w, https:\/\/metalpie.com\/wp-content\/uploads\/2022\/11\/ES_116-100x100.webp 100w\" sizes=\"auto, (max-width: 1000px) 100vw, 1000px\" \/>\t\t\t\t\t\t\n\t\t\t\t\t<\/div>\n\t\t\t\t\t\t\t\t\n<style>\n#image_1220584343 {\n  width: 100%;\n}\n<\/style>\n\t<\/div>\n\t\n\t\t<\/div>\n\t\t\t\t\t<\/div>\n\n\t\n\n\t<div id=\"col-374806880\" class=\"col medium-6 small-12 large-6\"  >\n\t\t\t\t<div class=\"col-inner text-left\"  >\n\t\t\t\n\t\t\t\n<h2><span data-preserver-spaces=\"true\">ES116 Aluminium-Schiebet\u00fcr Muster<\/span><\/h2>\n<p><span data-preserver-spaces=\"true\">Auf dem Bild k\u00f6nnen Sie sehen, dass die ES116 Aluminium-Schiebet\u00fcr mit zwei Glasscheiben ausgestattet ist. Wir f\u00fcgen eine thermische Trennung hinzu, um den Aluminiumt\u00fcrrahmen f\u00fcr eine bessere W\u00e4rmed\u00e4mmung zu trennen. Dies ist eine beliebte gebrochene Br\u00fccke Aluminium-Design. Wenn Sie eine T\u00fcr Probe wollen, willkommen, uns zu kontaktieren!<\/span><\/p>\n<p><strong>Spezifikationen:<\/strong><\/p>\n<ul>\n<li><span data-preserver-spaces=\"true\">Rahmentiefe: 116mm<\/span><\/li>\n<li><span data-preserver-spaces=\"true\">Thermische Trennung: 15mm\/18.6mm<\/span><\/li>\n<li><span data-preserver-spaces=\"true\">L\u00fcftertiefe: 52mm<\/span><\/li>\n<li><span data-preserver-spaces=\"true\">Thermische Trennung: 15mm<\/span><\/li>\n<\/ul>\n\t\t<\/div>\n\t\t\t\t\t<\/div>\n\n\t\n\n<style>\n#row-1368066741 > .col > .col-inner {\n  padding: 0px 20px 0px 20px;\n}\n<\/style>\n<\/div>\n\t\t<\/div>\n\n\t\t\n<style>\n#section_1548634955 {\n  padding-top: 0px;\n  padding-bottom: 0px;\n  background-color: rgb(193, 193, 193);\n}\n#section_1548634955 .section-bg-overlay {\n  background-color: rgba(255, 255, 255, 0.85);\n}\n<\/style>\n\t<\/section>","protected":false},"excerpt":{"rendered":"<p>Die ES116-Faltt\u00fcr ist ein einfaches Modell, das an der K\u00fcchent\u00fcr, dem Balkon, dem Konferenzraum usw. angebracht werden kann. Diese Faltt\u00fcr l\u00e4sst Ihren Raum viel sauberer und aufger\u00e4umter aussehen.<\/p>","protected":false},"featured_media":2774,"comment_status":"closed","ping_status":"closed","template":"","meta":[],"product_cat":[15],"class_list":["post-2773","product","type-product","status-publish","has-post-thumbnail","hentry","product_cat-aluminum-windows-doors"],"yoast_head":"<!-- This site is optimized with the Yoast SEO plugin v21.5 - https:\/\/yoast.com\/wordpress\/plugins\/seo\/ -->\n<title>ES116 Sliding Door | Aluminum Sliding Glass Doors- METALPIE<\/title>\n<meta name=\"description\" content=\"ES116 sliding door is suitable for home, hotel, and company, including kitchen, balcony, bathroom, and meeting room... We can customize the size you want.\" \/>\n<meta name=\"robots\" content=\"index, follow, max-snippet:-1, max-image-preview:large, max-video-preview:-1\" \/>\n<link rel=\"canonical\" href=\"https:\/\/metalpie.com\/de\/aluminium-fenster-turen\/es116-schiebetur\/\" \/>\n<meta property=\"og:locale\" content=\"de_DE\" \/>\n<meta property=\"og:type\" content=\"article\" \/>\n<meta property=\"og:title\" content=\"ES116 Sliding Door | Aluminum Sliding Glass Doors- METALPIE\" \/>\n<meta property=\"og:description\" content=\"ES116 sliding door is suitable for home, hotel, and company, including kitchen, balcony, bathroom, and meeting room... We can customize the size you want.\" \/>\n<meta property=\"og:url\" content=\"https:\/\/metalpie.com\/de\/aluminium-fenster-turen\/es116-schiebetur\/\" \/>\n<meta property=\"og:site_name\" content=\"METALPIE\" \/>\n<meta property=\"article:modified_time\" content=\"2023-02-17T06:52:09+00:00\" \/>\n<meta property=\"og:image\" content=\"https:\/\/metalpie.com\/wp-content\/uploads\/2022\/10\/ES116_sliding_door_001image.webp\" \/>\n\t<meta property=\"og:image:width\" content=\"1000\" \/>\n\t<meta property=\"og:image:height\" content=\"1000\" \/>\n\t<meta property=\"og:image:type\" content=\"image\/webp\" \/>\n<meta name=\"twitter:card\" content=\"summary_large_image\" \/>\n<meta name=\"twitter:label1\" content=\"Gesch\u00e4tzte Lesezeit\" \/>\n\t<meta name=\"twitter:data1\" content=\"3\u00a0Minuten\" \/>\n<script type=\"application\/ld+json\" class=\"yoast-schema-graph\">{\"@context\":\"https:\/\/schema.org\",\"@graph\":[{\"@type\":\"WebPage\",\"@id\":\"https:\/\/metalpie.com\/aluminum-windows-doors\/es116-sliding-door\/\",\"url\":\"https:\/\/metalpie.com\/aluminum-windows-doors\/es116-sliding-door\/\",\"name\":\"ES116 Sliding Door | Aluminum Sliding Glass Doors- METALPIE\",\"isPartOf\":{\"@id\":\"https:\/\/metalpie.com\/#website\"},\"datePublished\":\"2022-10-09T05:28:02+00:00\",\"dateModified\":\"2023-02-17T06:52:09+00:00\",\"description\":\"ES116 sliding door is suitable for home, hotel, and company, including kitchen, balcony, bathroom, and meeting room... We can customize the size you want.\",\"breadcrumb\":{\"@id\":\"https:\/\/metalpie.com\/aluminum-windows-doors\/es116-sliding-door\/#breadcrumb\"},\"inLanguage\":\"de\",\"potentialAction\":[{\"@type\":\"ReadAction\",\"target\":[\"https:\/\/metalpie.com\/aluminum-windows-doors\/es116-sliding-door\/\"]}]},{\"@type\":\"BreadcrumbList\",\"@id\":\"https:\/\/metalpie.com\/aluminum-windows-doors\/es116-sliding-door\/#breadcrumb\",\"itemListElement\":[{\"@type\":\"ListItem\",\"position\":1,\"name\":\"Home\",\"item\":\"https:\/\/metalpie.com\/\"},{\"@type\":\"ListItem\",\"position\":2,\"name\":\"Products\",\"item\":\"https:\/\/metalpie.com\/shop\/\"},{\"@type\":\"ListItem\",\"position\":3,\"name\":\"ES116 Aluminum Sliding Glass Door\"}]},{\"@type\":\"WebSite\",\"@id\":\"https:\/\/metalpie.com\/#website\",\"url\":\"https:\/\/metalpie.com\/\",\"name\":\"METALPIE\",\"description\":\"Precision Metal Fabrication | Tools, Processes &amp; More\",\"potentialAction\":[{\"@type\":\"SearchAction\",\"target\":{\"@type\":\"EntryPoint\",\"urlTemplate\":\"https:\/\/metalpie.com\/?s={search_term_string}\"},\"query-input\":\"required name=search_term_string\"}],\"inLanguage\":\"de\"}]}<\/script>\n<!-- \/ Yoast SEO plugin. -->","yoast_head_json":{"title":"ES116 Schiebet\u00fcr | Aluminium-Glasschiebet\u00fcren- METALPIE","description":"ES116 Schiebet\u00fcr ist geeignet f\u00fcr Haus, Hotel und Unternehmen, einschlie\u00dflich K\u00fcche, Balkon, Bad und Tagungsraum ... Wir k\u00f6nnen die Gr\u00f6\u00dfe anpassen, die Sie w\u00fcnschen.","robots":{"index":"index","follow":"follow","max-snippet":"max-snippet:-1","max-image-preview":"max-image-preview:large","max-video-preview":"max-video-preview:-1"},"canonical":"https:\/\/metalpie.com\/de\/aluminium-fenster-turen\/es116-schiebetur\/","og_locale":"de_DE","og_type":"article","og_title":"ES116 Sliding Door | Aluminum Sliding Glass Doors- METALPIE","og_description":"ES116 sliding door is suitable for home, hotel, and company, including kitchen, balcony, bathroom, and meeting room... We can customize the size you want.","og_url":"https:\/\/metalpie.com\/de\/aluminium-fenster-turen\/es116-schiebetur\/","og_site_name":"METALPIE","article_modified_time":"2023-02-17T06:52:09+00:00","og_image":[{"width":1000,"height":1000,"url":"https:\/\/metalpie.com\/wp-content\/uploads\/2022\/10\/ES116_sliding_door_001image.webp","type":"image\/webp"}],"twitter_card":"summary_large_image","twitter_misc":{"Gesch\u00e4tzte Lesezeit":"3\u00a0Minuten"},"schema":{"@context":"https:\/\/schema.org","@graph":[{"@type":"WebPage","@id":"https:\/\/metalpie.com\/aluminum-windows-doors\/es116-sliding-door\/","url":"https:\/\/metalpie.com\/aluminum-windows-doors\/es116-sliding-door\/","name":"ES116 Schiebet\u00fcr | Aluminium-Glasschiebet\u00fcren- METALPIE","isPartOf":{"@id":"https:\/\/metalpie.com\/#website"},"datePublished":"2022-10-09T05:28:02+00:00","dateModified":"2023-02-17T06:52:09+00:00","description":"ES116 Schiebet\u00fcr ist geeignet f\u00fcr Haus, Hotel und Unternehmen, einschlie\u00dflich K\u00fcche, Balkon, Bad und Tagungsraum ... Wir k\u00f6nnen die Gr\u00f6\u00dfe anpassen, die Sie w\u00fcnschen.","breadcrumb":{"@id":"https:\/\/metalpie.com\/aluminum-windows-doors\/es116-sliding-door\/#breadcrumb"},"inLanguage":"de","potentialAction":[{"@type":"ReadAction","target":["https:\/\/metalpie.com\/aluminum-windows-doors\/es116-sliding-door\/"]}]},{"@type":"BreadcrumbList","@id":"https:\/\/metalpie.com\/aluminum-windows-doors\/es116-sliding-door\/#breadcrumb","itemListElement":[{"@type":"ListItem","position":1,"name":"Home","item":"https:\/\/metalpie.com\/"},{"@type":"ListItem","position":2,"name":"Products","item":"https:\/\/metalpie.com\/shop\/"},{"@type":"ListItem","position":3,"name":"ES116 Aluminum Sliding Glass Door"}]},{"@type":"WebSite","@id":"https:\/\/metalpie.com\/#website","url":"https:\/\/metalpie.com\/","name":"METALPIE","description":"Pr\u00e4zisionsmetallverarbeitung | Werkzeuge, Verfahren &amp; mehr","potentialAction":[{"@type":"SearchAction","target":{"@type":"EntryPoint","urlTemplate":"https:\/\/metalpie.com\/?s={search_term_string}"},"query-input":"required name=search_term_string"}],"inLanguage":"de"}]}},"_links":{"self":[{"href":"https:\/\/metalpie.com\/de\/wp-json\/wp\/v2\/product\/2773","targetHints":{"allow":["GET"]}}],"collection":[{"href":"https:\/\/metalpie.com\/de\/wp-json\/wp\/v2\/product"}],"about":[{"href":"https:\/\/metalpie.com\/de\/wp-json\/wp\/v2\/types\/product"}],"replies":[{"embeddable":true,"href":"https:\/\/metalpie.com\/de\/wp-json\/wp\/v2\/comments?post=2773"}],"wp:featuredmedia":[{"embeddable":true,"href":"https:\/\/metalpie.com\/de\/wp-json\/wp\/v2\/media\/2774"}],"wp:attachment":[{"href":"https:\/\/metalpie.com\/de\/wp-json\/wp\/v2\/media?parent=2773"}],"wp:term":[{"taxonomy":"product_cat","embeddable":true,"href":"https:\/\/metalpie.com\/de\/wp-json\/wp\/v2\/product_cat?post=2773"}],"curies":[{"name":"wp","href":"https:\/\/api.w.org\/{rel}","templated":true}]}}