{"id":2768,"date":"2022-10-09T13:17:33","date_gmt":"2022-10-09T05:17:33","guid":{"rendered":"https:\/\/metalpie.com\/?post_type=product&#038;p=2768"},"modified":"2022-11-29T08:27:23","modified_gmt":"2022-11-29T00:27:23","slug":"ep86-aluminium-schiebetur","status":"publish","type":"product","link":"https:\/\/metalpie.com\/de\/aluminium-fenster-turen\/ep86-aluminium-schiebetur\/","title":{"rendered":"EP86 Aluminium-Schiebet\u00fcr"},"content":{"rendered":"<section class=\"section\" id=\"section_717165399\">\n\t\t<div class=\"bg section-bg fill bg-fill  bg-loaded\" >\n\n\t\t\t\n\t\t\t\n\t\t\t\n\n\t\t<\/div>\n\n\t\t\n\n\t\t<div class=\"section-content relative\">\n\t\t\t\n<div class=\"row\"  id=\"row-78587974\">\n\n\t<div id=\"col-1597045400\" class=\"col small-12 large-12\"  >\n\t\t\t\t<div class=\"col-inner\"  >\n\t\t\t\n\t\t\t\n<h2>Aluminium-Schiebet\u00fcr Beschreibung<\/h2>\n<p>EP86 ist eine einspurige Schiebet\u00fcr. Durch Verschieben der rechten und linken Seite l\u00e4sst sie sich leicht \u00f6ffnen. Viele Aluminiumrahmen unterteilen das Glas in mehrere Teile, was f\u00fcr eine Trennwandt\u00fcr gut ist. Die schwarzen Rahmen lenken die Aufmerksamkeit ab, so dass diese T\u00fcr Ihre Dekoration besser bereichert. Diese T\u00fcr kann nur teilweise ge\u00f6ffnet werden, und beim \u00d6ffnen werden zwei Paneele fixiert.<\/p>\n<h2><span data-preserver-spaces=\"true\">Aluminium-T\u00fcrbeschl\u00e4ge<\/span><\/h2>\n<ul>\n<li><span data-preserver-spaces=\"true\">Es gibt vier Paneele. Zwei Paneele sind feststehend, und zwei weitere Paneele sind verschiebbar. Die aktiven Paneele haben einen verl\u00e4ngerten Aluminium-T\u00fcrrahmen als T\u00fcrgriff. So ist es einfach und sicher, die T\u00fcr zu \u00f6ffnen.<\/span><\/li>\n<li><span data-preserver-spaces=\"true\">Der Aluminium-T\u00fcrrahmen ist keine gebrochene Br\u00fccke aus Aluminium. Wenn Ihr Haus hat W\u00e4rme im Winter, wird es leicht sein, W\u00e4rme in jeden Raum zu \u00fcbertragen.\u00a0\u00a0<\/span><\/li>\n<\/ul>\n<h2>Farbe &amp; Gr\u00f6\u00dfe<\/h2>\n<p>Wir verwenden f\u00fcnf Verfahren: Pulverbeschichtung, PVDF-Beschichtung, Holzmaserung, Eloxierung und Elektrophorese, um Aluminiumfensterrahmen zu f\u00e4rben. Kundenspezifische Farben und Gr\u00f6\u00dfen sind ebenfalls erh\u00e4ltlich.<\/p>\n<h2><span data-preserver-spaces=\"true\">Eigenschaften<\/span><\/h2>\n<ul>\n<li><span data-preserver-spaces=\"true\">Herausragend sind die Aluminiumt\u00fcrrahmen, die die Sicht versperren k\u00f6nnen, um die Funktion einer Trennwand zu erreichen.<\/span><\/li>\n<li><span data-preserver-spaces=\"true\">Es handelt sich um eine einspurige Schiebet\u00fcr.\u00a0<\/span><\/li>\n<li><span data-preserver-spaces=\"true\">Es handelt sich um eine beidseitig \u00f6ffnende T\u00fcr.<\/span><\/li>\n<\/ul>\n\t\t<\/div>\n\t\t\t\t\t<\/div>\n\n\t\n<\/div>\n\t\t<\/div>\n\n\t\t\n<style>\n#section_717165399 {\n  padding-top: 30px;\n  padding-bottom: 30px;\n}\n<\/style>\n\t<\/section>\n\t\n\t<section class=\"section\" id=\"section_1065276092\">\n\t\t<div class=\"bg section-bg fill bg-fill  bg-loaded\" >\n\n\t\t\t\n\t\t\t\n\t\t\t\n\n\t\t<\/div>\n\n\t\t\t<div class=\"ux-shape-divider ux-shape-divider--top ux-shape-divider--style-curve-opacity\">\n\t\t<svg viewbox=\"0 0 1000 100\" xmlns=\"http:\/\/www.w3.org\/2000\/svg\" preserveaspectratio=\"none\">\n\t\t<path class=\"ux-shape-fill\" opacity=\"0.15\" d=\"M0 14C0 14 88.64 17.48 300 50C560 90 814 77 1003 40L1015 68L1018 104H0V14Z\"\/>\n\t\t<path class=\"ux-shape-fill\" opacity=\"0.3\" d=\"M0 45C0 45 271 90.13 500 77C657 68 830 30 1015 14V100H0V45Z\"\/>\n\t\t<path class=\"ux-shape-fill\" d=\"M0 58C0 58 188.29 90 508 90C798 90 1002 55 1002 55V100H0V58Z\"\/>\n<\/svg>\n\t<\/div>\n\n\n\t\t<div class=\"section-content relative\">\n\t\t\t\n<div class=\"is-divider divider clearfix\" style=\"margin-top:0px;margin-bottom:0px;max-width:0px;height:30px;\"><\/div>\n<div class=\"row row-collapse align-middle\"  id=\"row-397082225\">\n\n\t<div id=\"col-325588791\" class=\"col medium-6 small-12 large-6\"  >\n\t\t\t\t<div class=\"col-inner\"  >\n\t\t\t\n\t\t\t\n<div class=\"row row-small align-middle\"  id=\"row-2085876498\">\n\n\t<div id=\"col-1509383438\" class=\"col medium-7 small-12 large-7\"  >\n\t\t\t\t<div class=\"col-inner\"  >\n\t\t\t\n\t\t\t\n\t<div class=\"img has-hover x md-x lg-x y md-y lg-y\" id=\"image_1048363342\">\n\t\t\t\t\t\t\t\t<div class=\"img-inner dark\" >\n\t\t\t<img loading=\"lazy\" decoding=\"async\" width=\"532\" height=\"366\" src=\"https:\/\/metalpie.com\/wp-content\/uploads\/2022\/09\/block_Universal_products_bottom_001.1image.jpg.webp\" class=\"attachment-original size-original\" alt=\"\" srcset=\"https:\/\/metalpie.com\/wp-content\/uploads\/2022\/09\/block_Universal_products_bottom_001.1image.jpg.webp 532w, https:\/\/metalpie.com\/wp-content\/uploads\/2022\/09\/block_Universal_products_bottom_001.1image.jpg-300x206.webp 300w\" sizes=\"auto, (max-width: 532px) 100vw, 532px\" \/>\t\t\t\t\t\t\n\t\t\t\t\t<\/div>\n\t\t\t\t\t\t\t\t\n<style>\n#image_1048363342 {\n  width: 100%;\n}\n<\/style>\n\t<\/div>\n\t\n\t\t<\/div>\n\t\t\t\t\t<\/div>\n\n\t\n\n\t<div id=\"col-744913052\" class=\"col medium-5 small-12 large-5\"  >\n\t\t\t\t<div class=\"col-inner\"  >\n\t\t\t\n\t\t\t\n\t<div id=\"text-3399417337\" class=\"text\">\n\t\t\n<h5>Gute luftdichte Leistung<\/h5>\n\t\t\n<style>\n#text-3399417337 {\n  text-align: center;\n}\n@media (min-width:550px) {\n  #text-3399417337 {\n    text-align: left;\n  }\n}\n<\/style>\n\t<\/div>\n\t\n\t\t<\/div>\n\t\t\t\t\t<\/div>\n\n\t\n<\/div>\n\t\t<\/div>\n\t\t\t\t\t<\/div>\n\n\t\n\n\t<div id=\"col-370235148\" class=\"col medium-6 small-12 large-6\"  >\n\t\t\t\t<div class=\"col-inner\"  >\n\t\t\t\n\t\t\t\n<div class=\"row row-small align-middle\"  id=\"row-1960951384\">\n\n\t<div id=\"col-110185885\" class=\"col medium-7 small-12 large-7\"  >\n\t\t\t\t<div class=\"col-inner\"  >\n\t\t\t\n\t\t\t\n\t<div class=\"img has-hover x md-x lg-x y md-y lg-y\" id=\"image_1818202236\">\n\t\t\t\t\t\t\t\t<div class=\"img-inner dark\" >\n\t\t\t<img loading=\"lazy\" decoding=\"async\" width=\"534\" height=\"368\" src=\"https:\/\/metalpie.com\/wp-content\/uploads\/2022\/09\/block_Universal_products_bottom_002.2image.jpg.webp\" class=\"attachment-original size-original\" alt=\"\" srcset=\"https:\/\/metalpie.com\/wp-content\/uploads\/2022\/09\/block_Universal_products_bottom_002.2image.jpg.webp 534w, https:\/\/metalpie.com\/wp-content\/uploads\/2022\/09\/block_Universal_products_bottom_002.2image.jpg-300x207.webp 300w\" sizes=\"auto, (max-width: 534px) 100vw, 534px\" \/>\t\t\t\t\t\t\n\t\t\t\t\t<\/div>\n\t\t\t\t\t\t\t\t\n<style>\n#image_1818202236 {\n  width: 100%;\n}\n<\/style>\n\t<\/div>\n\t\n\t\t<\/div>\n\t\t\t\t\t<\/div>\n\n\t\n\n\t<div id=\"col-881727399\" class=\"col medium-5 small-12 large-5\"  >\n\t\t\t\t<div class=\"col-inner\"  >\n\t\t\t\n\t\t\t\n\t<div id=\"text-1203347060\" class=\"text\">\n\t\t\n<h5>Gute Winddruckbest\u00e4ndigkeit<\/h5>\n\t\t\n<style>\n#text-1203347060 {\n  text-align: center;\n}\n@media (min-width:550px) {\n  #text-1203347060 {\n    text-align: left;\n  }\n}\n<\/style>\n\t<\/div>\n\t\n\t\t<\/div>\n\t\t\t\t\t<\/div>\n\n\t\n<\/div>\n\t\t<\/div>\n\t\t\t\t\t<\/div>\n\n\t\n\n\t<div id=\"col-567181026\" class=\"col medium-6 small-12 large-6\"  >\n\t\t\t\t<div class=\"col-inner\"  >\n\t\t\t\n\t\t\t\n<div class=\"row row-small align-middle\"  id=\"row-449548174\">\n\n\t<div id=\"col-838278752\" class=\"col medium-7 small-12 large-7\"  >\n\t\t\t\t<div class=\"col-inner\"  >\n\t\t\t\n\t\t\t\n\t<div class=\"img has-hover x md-x lg-x y md-y lg-y\" id=\"image_1446973929\">\n\t\t\t\t\t\t\t\t<div class=\"img-inner dark\" >\n\t\t\t<img loading=\"lazy\" decoding=\"async\" width=\"531\" height=\"366\" src=\"https:\/\/metalpie.com\/wp-content\/uploads\/2022\/09\/block_Universal_products_bottom_003.3image.jpg.webp\" class=\"attachment-original size-original\" alt=\"\" srcset=\"https:\/\/metalpie.com\/wp-content\/uploads\/2022\/09\/block_Universal_products_bottom_003.3image.jpg.webp 531w, https:\/\/metalpie.com\/wp-content\/uploads\/2022\/09\/block_Universal_products_bottom_003.3image.jpg-300x207.webp 300w\" sizes=\"auto, (max-width: 531px) 100vw, 531px\" \/>\t\t\t\t\t\t\n\t\t\t\t\t<\/div>\n\t\t\t\t\t\t\t\t\n<style>\n#image_1446973929 {\n  width: 100%;\n}\n<\/style>\n\t<\/div>\n\t\n\t\t<\/div>\n\t\t\t\t\t<\/div>\n\n\t\n\n\t<div id=\"col-506405839\" class=\"col medium-5 small-12 large-5\"  >\n\t\t\t\t<div class=\"col-inner\"  >\n\t\t\t\n\t\t\t\n\t<div id=\"text-393577088\" class=\"text\">\n\t\t\n<h5>Gute Wasserdichtigkeit<\/h5>\n\t\t\n<style>\n#text-393577088 {\n  text-align: center;\n}\n@media (min-width:550px) {\n  #text-393577088 {\n    text-align: left;\n  }\n}\n<\/style>\n\t<\/div>\n\t\n\t\t<\/div>\n\t\t\t\t\t<\/div>\n\n\t\n<\/div>\n\t\t<\/div>\n\t\t\t\t\t<\/div>\n\n\t\n\n\t<div id=\"col-1154014788\" class=\"col medium-6 small-12 large-6\"  >\n\t\t\t\t<div class=\"col-inner\"  >\n\t\t\t\n\t\t\t\n<div class=\"row row-small align-middle\"  id=\"row-1036803373\">\n\n\t<div id=\"col-1017496887\" class=\"col medium-7 small-12 large-7\"  >\n\t\t\t\t<div class=\"col-inner\"  >\n\t\t\t\n\t\t\t\n\t<div class=\"img has-hover x md-x lg-x y md-y lg-y\" id=\"image_1002909040\">\n\t\t\t\t\t\t\t\t<div class=\"img-inner dark\" >\n\t\t\t<img loading=\"lazy\" decoding=\"async\" width=\"531\" height=\"365\" src=\"https:\/\/metalpie.com\/wp-content\/uploads\/2022\/09\/block_Universal_products_bottom_004.4image.jpg.webp\" class=\"attachment-original size-original\" alt=\"\" srcset=\"https:\/\/metalpie.com\/wp-content\/uploads\/2022\/09\/block_Universal_products_bottom_004.4image.jpg.webp 531w, https:\/\/metalpie.com\/wp-content\/uploads\/2022\/09\/block_Universal_products_bottom_004.4image.jpg-300x206.webp 300w\" sizes=\"auto, (max-width: 531px) 100vw, 531px\" \/>\t\t\t\t\t\t\n\t\t\t\t\t<\/div>\n\t\t\t\t\t\t\t\t\n<style>\n#image_1002909040 {\n  width: 100%;\n}\n<\/style>\n\t<\/div>\n\t\n\t\t<\/div>\n\t\t\t\t\t<\/div>\n\n\t\n\n\t<div id=\"col-2077594314\" class=\"col medium-5 small-12 large-5\"  >\n\t\t\t\t<div class=\"col-inner\"  >\n\t\t\t\n\t\t\t\n\t<div id=\"text-4126450284\" class=\"text\">\n\t\t\n<h5>Gute W\u00e4rmed\u00e4mmleistung<\/h5>\n\t\t\n<style>\n#text-4126450284 {\n  text-align: center;\n}\n@media (min-width:550px) {\n  #text-4126450284 {\n    text-align: left;\n  }\n}\n<\/style>\n\t<\/div>\n\t\n\t\t<\/div>\n\t\t\t\t\t<\/div>\n\n\t\n<\/div>\n\t\t<\/div>\n\t\t\t\t\t<\/div>\n\n\t\n\n<style>\n#row-397082225 > .col > .col-inner {\n  padding: 0px 20px 0px 20px;\n}\n<\/style>\n<\/div>\n\t\t<\/div>\n\n\t\t\n<style>\n#section_1065276092 {\n  padding-top: 0px;\n  padding-bottom: 0px;\n  background-color: rgb(245, 245, 245);\n}\n#section_1065276092 .ux-shape-divider--top svg {\n  height: 143px;\n  --divider-top-width: 100%;\n}\n<\/style>\n\t<\/section>\n\t\n\t<section class=\"section\" id=\"section_2132607773\">\n\t\t<div class=\"bg section-bg fill bg-fill  bg-loaded\" >\n\n\t\t\t\n\t\t\t\n\t\t\t\n\n\t\t<\/div>\n\n\t\t\n\n\t\t<div class=\"section-content relative\">\n\t\t\t\n<div class=\"row\"  id=\"row-650962220\">\n\n\t<div id=\"col-683259613\" class=\"col small-12 large-12\"  >\n\t\t\t\t<div class=\"col-inner\"  >\n\t\t\t\n\t\t\t\n<h2>Anwendungsbereiche der EP86 Aluminium-Schiebet\u00fcr<\/h2>\n<ul>\n<li>H\u00e4user<\/li>\n<li>Villen<\/li>\n<li>B\u00fcrogeb\u00e4ude<\/li>\n<li>Einkaufszentren<\/li>\n<\/ul>\n\t\t<\/div>\n\t\t\t\t\t<\/div>\n\n\t\n<\/div>\n\t\t<\/div>\n\n\t\t\n<style>\n#section_2132607773 {\n  padding-top: 30px;\n  padding-bottom: 30px;\n}\n<\/style>\n\t<\/section>","protected":false},"excerpt":{"rendered":"<p>Die EP86-Schiebet\u00fcr kann in verschiedenen Spezifikationen angepasst werden. Sie k\u00f6nnen die Farbe des Aluminiumt\u00fcrrahmens entsprechend Ihrem Dekorationsstil w\u00e4hlen, wie z. B. die h\u00e4ufigste, wei\u00df oder schwarz.<\/p>","protected":false},"featured_media":2769,"comment_status":"closed","ping_status":"closed","template":"","meta":[],"product_cat":[15],"class_list":["post-2768","product","type-product","status-publish","has-post-thumbnail","hentry","product_cat-aluminum-windows-doors"],"yoast_head":"<!-- This site is optimized with the Yoast SEO plugin v21.5 - https:\/\/yoast.com\/wordpress\/plugins\/seo\/ -->\n<title>EP86 Aluminum Sliding Door | Aluminum Door Frame<\/title>\n<meta name=\"description\" content=\"EP86 aluminum sliding door is a simple style with multiple square or rectangular frames. These frames will not block the view and are very fashionable.\" \/>\n<meta name=\"robots\" content=\"index, follow, max-snippet:-1, max-image-preview:large, max-video-preview:-1\" \/>\n<link rel=\"canonical\" href=\"https:\/\/metalpie.com\/de\/aluminium-fenster-turen\/ep86-aluminium-schiebetur\/\" \/>\n<meta property=\"og:locale\" content=\"de_DE\" \/>\n<meta property=\"og:type\" content=\"article\" \/>\n<meta property=\"og:title\" content=\"EP86 Aluminum Sliding Door | Aluminum Door Frame\" \/>\n<meta property=\"og:description\" content=\"EP86 aluminum sliding door is a simple style with multiple square or rectangular frames. These frames will not block the view and are very fashionable.\" \/>\n<meta property=\"og:url\" content=\"https:\/\/metalpie.com\/de\/aluminium-fenster-turen\/ep86-aluminium-schiebetur\/\" \/>\n<meta property=\"og:site_name\" content=\"METALPIE\" \/>\n<meta property=\"article:modified_time\" content=\"2022-11-29T00:27:23+00:00\" \/>\n<meta property=\"og:image\" content=\"https:\/\/metalpie.com\/wp-content\/uploads\/2022\/10\/EP86_sliding_door_001image.webp\" \/>\n\t<meta property=\"og:image:width\" content=\"1000\" \/>\n\t<meta property=\"og:image:height\" content=\"1000\" \/>\n\t<meta property=\"og:image:type\" content=\"image\/webp\" \/>\n<meta name=\"twitter:card\" content=\"summary_large_image\" \/>\n<meta name=\"twitter:label1\" content=\"Gesch\u00e4tzte Lesezeit\" \/>\n\t<meta name=\"twitter:data1\" content=\"2\u00a0Minuten\" \/>\n<script type=\"application\/ld+json\" class=\"yoast-schema-graph\">{\"@context\":\"https:\/\/schema.org\",\"@graph\":[{\"@type\":\"WebPage\",\"@id\":\"https:\/\/metalpie.com\/pt\/janelas-e-portas-de-aluminio\/porta-deslizante-de-aluminio-ep86\/\",\"url\":\"https:\/\/metalpie.com\/pt\/janelas-e-portas-de-aluminio\/porta-deslizante-de-aluminio-ep86\/\",\"name\":\"EP86 Aluminum Sliding Door | Aluminum Door Frame\",\"isPartOf\":{\"@id\":\"https:\/\/metalpie.com\/#website\"},\"datePublished\":\"2022-10-09T05:17:33+00:00\",\"dateModified\":\"2022-11-29T00:27:23+00:00\",\"description\":\"EP86 aluminum sliding door is a simple style with multiple square or rectangular frames. These frames will not block the view and are very fashionable.\",\"breadcrumb\":{\"@id\":\"https:\/\/metalpie.com\/pt\/janelas-e-portas-de-aluminio\/porta-deslizante-de-aluminio-ep86\/#breadcrumb\"},\"inLanguage\":\"de\",\"potentialAction\":[{\"@type\":\"ReadAction\",\"target\":[\"https:\/\/metalpie.com\/pt\/janelas-e-portas-de-aluminio\/porta-deslizante-de-aluminio-ep86\/\"]}]},{\"@type\":\"BreadcrumbList\",\"@id\":\"https:\/\/metalpie.com\/pt\/janelas-e-portas-de-aluminio\/porta-deslizante-de-aluminio-ep86\/#breadcrumb\",\"itemListElement\":[{\"@type\":\"ListItem\",\"position\":1,\"name\":\"Home\",\"item\":\"https:\/\/metalpie.com\/\"},{\"@type\":\"ListItem\",\"position\":2,\"name\":\"Products\",\"item\":\"https:\/\/metalpie.com\/shop\/\"},{\"@type\":\"ListItem\",\"position\":3,\"name\":\"EP86 Aluminum Sliding Door\"}]},{\"@type\":\"WebSite\",\"@id\":\"https:\/\/metalpie.com\/#website\",\"url\":\"https:\/\/metalpie.com\/\",\"name\":\"METALPIE\",\"description\":\"Precision Metal Fabrication | Tools, Processes &amp; More\",\"potentialAction\":[{\"@type\":\"SearchAction\",\"target\":{\"@type\":\"EntryPoint\",\"urlTemplate\":\"https:\/\/metalpie.com\/?s={search_term_string}\"},\"query-input\":\"required name=search_term_string\"}],\"inLanguage\":\"de\"}]}<\/script>\n<!-- \/ Yoast SEO plugin. -->","yoast_head_json":{"title":"EP86 Aluminium-Schiebet\u00fcr | Aluminium-T\u00fcrrahmen","description":"Die Aluminium-Schiebet\u00fcr EP86 ist ein einfaches Modell mit mehreren quadratischen oder rechteckigen Rahmen. Diese Rahmen versperren nicht die Sicht und sind sehr modisch.","robots":{"index":"index","follow":"follow","max-snippet":"max-snippet:-1","max-image-preview":"max-image-preview:large","max-video-preview":"max-video-preview:-1"},"canonical":"https:\/\/metalpie.com\/de\/aluminium-fenster-turen\/ep86-aluminium-schiebetur\/","og_locale":"de_DE","og_type":"article","og_title":"EP86 Aluminum Sliding Door | Aluminum Door Frame","og_description":"EP86 aluminum sliding door is a simple style with multiple square or rectangular frames. These frames will not block the view and are very fashionable.","og_url":"https:\/\/metalpie.com\/de\/aluminium-fenster-turen\/ep86-aluminium-schiebetur\/","og_site_name":"METALPIE","article_modified_time":"2022-11-29T00:27:23+00:00","og_image":[{"width":1000,"height":1000,"url":"https:\/\/metalpie.com\/wp-content\/uploads\/2022\/10\/EP86_sliding_door_001image.webp","type":"image\/webp"}],"twitter_card":"summary_large_image","twitter_misc":{"Gesch\u00e4tzte Lesezeit":"2\u00a0Minuten"},"schema":{"@context":"https:\/\/schema.org","@graph":[{"@type":"WebPage","@id":"https:\/\/metalpie.com\/pt\/janelas-e-portas-de-aluminio\/porta-deslizante-de-aluminio-ep86\/","url":"https:\/\/metalpie.com\/pt\/janelas-e-portas-de-aluminio\/porta-deslizante-de-aluminio-ep86\/","name":"EP86 Aluminium-Schiebet\u00fcr | Aluminium-T\u00fcrrahmen","isPartOf":{"@id":"https:\/\/metalpie.com\/#website"},"datePublished":"2022-10-09T05:17:33+00:00","dateModified":"2022-11-29T00:27:23+00:00","description":"Die Aluminium-Schiebet\u00fcr EP86 ist ein einfaches Modell mit mehreren quadratischen oder rechteckigen Rahmen. Diese Rahmen versperren nicht die Sicht und sind sehr modisch.","breadcrumb":{"@id":"https:\/\/metalpie.com\/pt\/janelas-e-portas-de-aluminio\/porta-deslizante-de-aluminio-ep86\/#breadcrumb"},"inLanguage":"de","potentialAction":[{"@type":"ReadAction","target":["https:\/\/metalpie.com\/pt\/janelas-e-portas-de-aluminio\/porta-deslizante-de-aluminio-ep86\/"]}]},{"@type":"BreadcrumbList","@id":"https:\/\/metalpie.com\/pt\/janelas-e-portas-de-aluminio\/porta-deslizante-de-aluminio-ep86\/#breadcrumb","itemListElement":[{"@type":"ListItem","position":1,"name":"Home","item":"https:\/\/metalpie.com\/"},{"@type":"ListItem","position":2,"name":"Products","item":"https:\/\/metalpie.com\/shop\/"},{"@type":"ListItem","position":3,"name":"EP86 Aluminum Sliding Door"}]},{"@type":"WebSite","@id":"https:\/\/metalpie.com\/#website","url":"https:\/\/metalpie.com\/","name":"METALPIE","description":"Pr\u00e4zisionsmetallverarbeitung | Werkzeuge, Verfahren &amp; mehr","potentialAction":[{"@type":"SearchAction","target":{"@type":"EntryPoint","urlTemplate":"https:\/\/metalpie.com\/?s={search_term_string}"},"query-input":"required name=search_term_string"}],"inLanguage":"de"}]}},"_links":{"self":[{"href":"https:\/\/metalpie.com\/de\/wp-json\/wp\/v2\/product\/2768","targetHints":{"allow":["GET"]}}],"collection":[{"href":"https:\/\/metalpie.com\/de\/wp-json\/wp\/v2\/product"}],"about":[{"href":"https:\/\/metalpie.com\/de\/wp-json\/wp\/v2\/types\/product"}],"replies":[{"embeddable":true,"href":"https:\/\/metalpie.com\/de\/wp-json\/wp\/v2\/comments?post=2768"}],"wp:featuredmedia":[{"embeddable":true,"href":"https:\/\/metalpie.com\/de\/wp-json\/wp\/v2\/media\/2769"}],"wp:attachment":[{"href":"https:\/\/metalpie.com\/de\/wp-json\/wp\/v2\/media?parent=2768"}],"wp:term":[{"taxonomy":"product_cat","embeddable":true,"href":"https:\/\/metalpie.com\/de\/wp-json\/wp\/v2\/product_cat?post=2768"}],"curies":[{"name":"wp","href":"https:\/\/api.w.org\/{rel}","templated":true}]}}