{"id":2763,"date":"2022-10-09T13:11:44","date_gmt":"2022-10-09T05:11:44","guid":{"rendered":"https:\/\/metalpie.com\/?post_type=product&#038;p=2763"},"modified":"2023-02-17T14:53:48","modified_gmt":"2023-02-17T06:53:48","slug":"el197-aluminium-schiebetur","status":"publish","type":"product","link":"https:\/\/metalpie.com\/de\/aluminium-fenster-turen\/el197-aluminium-schiebetur\/","title":{"rendered":"EL197 Aluminium-Schiebet\u00fcr"},"content":{"rendered":"<section class=\"section\" id=\"section_639226901\">\n\t\t<div class=\"bg section-bg fill bg-fill  bg-loaded\" >\n\n\t\t\t\n\t\t\t\n\t\t\t\n\n\t\t<\/div>\n\n\t\t\n\n\t\t<div class=\"section-content relative\">\n\t\t\t\n<div class=\"row\"  id=\"row-753584995\">\n\n\t<div id=\"col-603069537\" class=\"col small-12 large-12\"  >\n\t\t\t\t<div class=\"col-inner\"  >\n\t\t\t\n\t\t\t\n<h2><span data-preserver-spaces=\"true\">Aluminium-Schiebet\u00fcr Beschreibung<\/span><\/h2>\n<p><span data-preserver-spaces=\"true\">Diese Glasschiebet\u00fcr hat ein gro\u00dfes Glas und einen kleinen T\u00fcrrahmen, was einen guten Anblick bietet. Sie verwendet geh\u00e4rtetes Glas, das sicher und stark ist. Sie ist mit einem Zugangskontrollsystem ausgestattet, und die T\u00fcr \u00f6ffnet sich automatisch nach der Gesichtserkennung. Diese Schiebet\u00fcr ist eine erstklassige Wahl als Innent\u00fcr f\u00fcr B\u00fcrogeb\u00e4ude.\u00a0<\/span><\/p>\n<h2><span data-preserver-spaces=\"true\">Aluminium-T\u00fcrbeschl\u00e4ge<\/span><\/h2>\n<ul>\n<li><span data-preserver-spaces=\"true\">Schmale Aluminium-T\u00fcrrahmen. Obwohl er schmal ist, hat er eine ausgezeichnete Tragf\u00e4higkeit. Eine Platte kann 600 kg tragen.<\/span><\/li>\n<\/ul>\n<h2><span data-preserver-spaces=\"true\">Farbe &amp; Gr\u00f6\u00dfe<\/span><\/h2>\n<p><span data-preserver-spaces=\"true\">Wir verwenden f\u00fcnf Verfahren: Pulverbeschichtung, PVDF-Beschichtung, Holzmaserung, Eloxierung und Elektrophorese, um Aluminiumfensterrahmen zu f\u00e4rben. Kundenspezifische Farben und Gr\u00f6\u00dfen sind ebenfalls erh\u00e4ltlich.<\/span><\/p>\n<h2><span data-preserver-spaces=\"true\">Eigenschaften<\/span><\/h2>\n<ul>\n<li><span data-preserver-spaces=\"true\">Automatisches \u00d6ffnen und Schlie\u00dfen. Personen gelangen nach einer Gesichtserkennung ins Innere. Das Zutrittskontrollsystem erleichtert nicht nur den Zugang von Insidern, sondern verhindert auch, dass Au\u00dfenstehende Ihr Unternehmen betreten und verbessert die Sicherheit.<\/span><\/li>\n<\/ul>\n\t\t<\/div>\n\t\t\t\t\t<\/div>\n\n\t\n<\/div>\n\t\t<\/div>\n\n\t\t\n<style>\n#section_639226901 {\n  padding-top: 30px;\n  padding-bottom: 30px;\n}\n<\/style>\n\t<\/section>\n\t\n\t<section class=\"section\" id=\"section_918104479\">\n\t\t<div class=\"bg section-bg fill bg-fill  bg-loaded\" >\n\n\t\t\t\n\t\t\t\n\t\t\t\n\n\t\t<\/div>\n\n\t\t\t<div class=\"ux-shape-divider ux-shape-divider--top ux-shape-divider--style-curve-opacity\">\n\t\t<svg viewbox=\"0 0 1000 100\" xmlns=\"http:\/\/www.w3.org\/2000\/svg\" preserveaspectratio=\"none\">\n\t\t<path class=\"ux-shape-fill\" opacity=\"0.15\" d=\"M0 14C0 14 88.64 17.48 300 50C560 90 814 77 1003 40L1015 68L1018 104H0V14Z\"\/>\n\t\t<path class=\"ux-shape-fill\" opacity=\"0.3\" d=\"M0 45C0 45 271 90.13 500 77C657 68 830 30 1015 14V100H0V45Z\"\/>\n\t\t<path class=\"ux-shape-fill\" d=\"M0 58C0 58 188.29 90 508 90C798 90 1002 55 1002 55V100H0V58Z\"\/>\n<\/svg>\n\t<\/div>\n\n\n\t\t<div class=\"section-content relative\">\n\t\t\t\n<div class=\"is-divider divider clearfix\" style=\"margin-top:0px;margin-bottom:0px;max-width:0px;height:30px;\"><\/div>\n<div class=\"row row-collapse align-middle\"  id=\"row-2137442041\">\n\n\t<div id=\"col-1901087969\" class=\"col medium-6 small-12 large-6\"  >\n\t\t\t\t<div class=\"col-inner\"  >\n\t\t\t\n\t\t\t\n<div class=\"row row-small align-middle\"  id=\"row-86464750\">\n\n\t<div id=\"col-617125856\" class=\"col medium-7 small-12 large-7\"  >\n\t\t\t\t<div class=\"col-inner\"  >\n\t\t\t\n\t\t\t\n\t<div class=\"img has-hover x md-x lg-x y md-y lg-y\" id=\"image_437541699\">\n\t\t\t\t\t\t\t\t<div class=\"img-inner dark\" >\n\t\t\t<img loading=\"lazy\" decoding=\"async\" width=\"532\" height=\"366\" src=\"https:\/\/metalpie.com\/wp-content\/uploads\/2022\/09\/block_Universal_products_bottom_001.1image.jpg.webp\" class=\"attachment-original size-original\" alt=\"\" srcset=\"https:\/\/metalpie.com\/wp-content\/uploads\/2022\/09\/block_Universal_products_bottom_001.1image.jpg.webp 532w, https:\/\/metalpie.com\/wp-content\/uploads\/2022\/09\/block_Universal_products_bottom_001.1image.jpg-300x206.webp 300w\" sizes=\"auto, (max-width: 532px) 100vw, 532px\" \/>\t\t\t\t\t\t\n\t\t\t\t\t<\/div>\n\t\t\t\t\t\t\t\t\n<style>\n#image_437541699 {\n  width: 100%;\n}\n<\/style>\n\t<\/div>\n\t\n\t\t<\/div>\n\t\t\t\t\t<\/div>\n\n\t\n\n\t<div id=\"col-1620067066\" class=\"col medium-5 small-12 large-5\"  >\n\t\t\t\t<div class=\"col-inner\"  >\n\t\t\t\n\t\t\t\n\t<div id=\"text-193303930\" class=\"text\">\n\t\t\n<h5>Luftdichte Leistung<\/h5>\n\t\t\n<style>\n#text-193303930 {\n  text-align: center;\n}\n@media (min-width:550px) {\n  #text-193303930 {\n    text-align: left;\n  }\n}\n<\/style>\n\t<\/div>\n\t\n\t<div id=\"text-2650441125\" class=\"text\">\n\t\t\n<p><b>Stufe 7<br \/>\n<\/b>q1=0,8 m\u00b3 \/ (m.h)<br \/>\nq2=2,2 m\u00b3\/ ( \u33a1.h )<\/p>\n\t\t\n<style>\n#text-2650441125 {\n  text-align: center;\n}\n@media (min-width:550px) {\n  #text-2650441125 {\n    text-align: left;\n  }\n}\n<\/style>\n\t<\/div>\n\t\n\t\t<\/div>\n\t\t\t\t\t<\/div>\n\n\t\n<\/div>\n\t\t<\/div>\n\t\t\t\t\t<\/div>\n\n\t\n\n\t<div id=\"col-23691830\" class=\"col medium-6 small-12 large-6\"  >\n\t\t\t\t<div class=\"col-inner\"  >\n\t\t\t\n\t\t\t\n<div class=\"row row-small align-middle\"  id=\"row-454561504\">\n\n\t<div id=\"col-341145450\" class=\"col medium-7 small-12 large-7\"  >\n\t\t\t\t<div class=\"col-inner\"  >\n\t\t\t\n\t\t\t\n\t<div class=\"img has-hover x md-x lg-x y md-y lg-y\" id=\"image_1240606935\">\n\t\t\t\t\t\t\t\t<div class=\"img-inner dark\" >\n\t\t\t<img loading=\"lazy\" decoding=\"async\" width=\"534\" height=\"368\" src=\"https:\/\/metalpie.com\/wp-content\/uploads\/2022\/09\/block_Universal_products_bottom_002.2image.jpg.webp\" class=\"attachment-original size-original\" alt=\"\" srcset=\"https:\/\/metalpie.com\/wp-content\/uploads\/2022\/09\/block_Universal_products_bottom_002.2image.jpg.webp 534w, https:\/\/metalpie.com\/wp-content\/uploads\/2022\/09\/block_Universal_products_bottom_002.2image.jpg-300x207.webp 300w\" sizes=\"auto, (max-width: 534px) 100vw, 534px\" \/>\t\t\t\t\t\t\n\t\t\t\t\t<\/div>\n\t\t\t\t\t\t\t\t\n<style>\n#image_1240606935 {\n  width: 100%;\n}\n<\/style>\n\t<\/div>\n\t\n\t\t<\/div>\n\t\t\t\t\t<\/div>\n\n\t\n\n\t<div id=\"col-1581927486\" class=\"col medium-5 small-12 large-5\"  >\n\t\t\t\t<div class=\"col-inner\"  >\n\t\t\t\n\t\t\t\n\t<div id=\"text-2501860894\" class=\"text\">\n\t\t\n<h5>Wind Druckfestigkeit<\/h5>\n\t\t\n<style>\n#text-2501860894 {\n  text-align: center;\n}\n@media (min-width:550px) {\n  #text-2501860894 {\n    text-align: left;\n  }\n}\n<\/style>\n\t<\/div>\n\t\n\t<div id=\"text-445606511\" class=\"text\">\n\t\t\n<p><strong>Stufe 9<\/strong><br \/>\np3=5,0 Kpa<\/p>\n\t\t\n<style>\n#text-445606511 {\n  text-align: center;\n}\n@media (min-width:550px) {\n  #text-445606511 {\n    text-align: left;\n  }\n}\n<\/style>\n\t<\/div>\n\t\n\t\t<\/div>\n\t\t\t\t\t<\/div>\n\n\t\n<\/div>\n\t\t<\/div>\n\t\t\t\t\t<\/div>\n\n\t\n\n\t<div id=\"col-468705439\" class=\"col medium-6 small-12 large-6\"  >\n\t\t\t\t<div class=\"col-inner\"  >\n\t\t\t\n\t\t\t\n<div class=\"row row-small align-middle\"  id=\"row-1656976696\">\n\n\t<div id=\"col-903774014\" class=\"col medium-7 small-12 large-7\"  >\n\t\t\t\t<div class=\"col-inner\"  >\n\t\t\t\n\t\t\t\n\t<div class=\"img has-hover x md-x lg-x y md-y lg-y\" id=\"image_1561622248\">\n\t\t\t\t\t\t\t\t<div class=\"img-inner dark\" >\n\t\t\t<img loading=\"lazy\" decoding=\"async\" width=\"531\" height=\"366\" src=\"https:\/\/metalpie.com\/wp-content\/uploads\/2022\/09\/block_Universal_products_bottom_003.3image.jpg.webp\" class=\"attachment-original size-original\" alt=\"\" srcset=\"https:\/\/metalpie.com\/wp-content\/uploads\/2022\/09\/block_Universal_products_bottom_003.3image.jpg.webp 531w, https:\/\/metalpie.com\/wp-content\/uploads\/2022\/09\/block_Universal_products_bottom_003.3image.jpg-300x207.webp 300w\" sizes=\"auto, (max-width: 531px) 100vw, 531px\" \/>\t\t\t\t\t\t\n\t\t\t\t\t<\/div>\n\t\t\t\t\t\t\t\t\n<style>\n#image_1561622248 {\n  width: 100%;\n}\n<\/style>\n\t<\/div>\n\t\n\t\t<\/div>\n\t\t\t\t\t<\/div>\n\n\t\n\n\t<div id=\"col-811486695\" class=\"col medium-5 small-12 large-5\"  >\n\t\t\t\t<div class=\"col-inner\"  >\n\t\t\t\n\t\t\t\n\t<div id=\"text-1703675228\" class=\"text\">\n\t\t\n<h5>Wasserdichte Leistung<\/h5>\n\t\t\n<style>\n#text-1703675228 {\n  text-align: center;\n}\n@media (min-width:550px) {\n  #text-1703675228 {\n    text-align: left;\n  }\n}\n<\/style>\n\t<\/div>\n\t\n\t<div id=\"text-345437138\" class=\"text\">\n\t\t\n<p><strong>Stufe 3<\/strong><br \/>\n\u25b3P=283 pa<\/p>\n\t\t\n<style>\n#text-345437138 {\n  text-align: center;\n}\n@media (min-width:550px) {\n  #text-345437138 {\n    text-align: left;\n  }\n}\n<\/style>\n\t<\/div>\n\t\n\t\t<\/div>\n\t\t\t\t\t<\/div>\n\n\t\n<\/div>\n\t\t<\/div>\n\t\t\t\t\t<\/div>\n\n\t\n\n\t<div id=\"col-1713951911\" class=\"col medium-6 small-12 large-6\"  >\n\t\t\t\t<div class=\"col-inner\"  >\n\t\t\t\n\t\t\t\n<div class=\"row row-small align-middle\"  id=\"row-1220903284\">\n\n\t<div id=\"col-861815804\" class=\"col medium-7 small-12 large-7\"  >\n\t\t\t\t<div class=\"col-inner\"  >\n\t\t\t\n\t\t\t\n\t<div class=\"img has-hover x md-x lg-x y md-y lg-y\" id=\"image_857052337\">\n\t\t\t\t\t\t\t\t<div class=\"img-inner dark\" >\n\t\t\t<img loading=\"lazy\" decoding=\"async\" width=\"531\" height=\"365\" src=\"https:\/\/metalpie.com\/wp-content\/uploads\/2022\/09\/block_Universal_products_bottom_004.4image.jpg.webp\" class=\"attachment-original size-original\" alt=\"\" srcset=\"https:\/\/metalpie.com\/wp-content\/uploads\/2022\/09\/block_Universal_products_bottom_004.4image.jpg.webp 531w, https:\/\/metalpie.com\/wp-content\/uploads\/2022\/09\/block_Universal_products_bottom_004.4image.jpg-300x206.webp 300w\" sizes=\"auto, (max-width: 531px) 100vw, 531px\" \/>\t\t\t\t\t\t\n\t\t\t\t\t<\/div>\n\t\t\t\t\t\t\t\t\n<style>\n#image_857052337 {\n  width: 100%;\n}\n<\/style>\n\t<\/div>\n\t\n\t\t<\/div>\n\t\t\t\t\t<\/div>\n\n\t\n\n\t<div id=\"col-323195604\" class=\"col medium-5 small-12 large-5\"  >\n\t\t\t\t<div class=\"col-inner\"  >\n\t\t\t\n\t\t\t\n\t<div id=\"text-78263502\" class=\"text\">\n\t\t\n<h5>Leistung der Isolierung<\/h5>\n\t\t\n<style>\n#text-78263502 {\n  text-align: center;\n}\n@media (min-width:550px) {\n  #text-78263502 {\n    text-align: left;\n  }\n}\n<\/style>\n\t<\/div>\n\t\n\t<div id=\"text-2934468926\" class=\"text\">\n\t\t\n<p><strong>Stufe 6<\/strong><br \/>\nK=2.3W\/(\u33a1.K)<\/p>\n\t\t\n<style>\n#text-2934468926 {\n  text-align: center;\n}\n@media (min-width:550px) {\n  #text-2934468926 {\n    text-align: left;\n  }\n}\n<\/style>\n\t<\/div>\n\t\n\t\t<\/div>\n\t\t\t\t\t<\/div>\n\n\t\n<\/div>\n\t\t<\/div>\n\t\t\t\t\t<\/div>\n\n\t\n\n<style>\n#row-2137442041 > .col > .col-inner {\n  padding: 0px 20px 0px 20px;\n}\n<\/style>\n<\/div>\n\t\t<\/div>\n\n\t\t\n<style>\n#section_918104479 {\n  padding-top: 0px;\n  padding-bottom: 0px;\n  background-color: rgb(245, 245, 245);\n}\n#section_918104479 .ux-shape-divider--top svg {\n  height: 143px;\n  --divider-top-width: 100%;\n}\n<\/style>\n\t<\/section>\n\t\n\t<section class=\"section\" id=\"section_567505127\">\n\t\t<div class=\"bg section-bg fill bg-fill  bg-loaded\" >\n\n\t\t\t\n\t\t\t\n\t\t\t\n\n\t\t<\/div>\n\n\t\t\n\n\t\t<div class=\"section-content relative\">\n\t\t\t\n<div class=\"row\"  id=\"row-1672267018\">\n\n\t<div id=\"col-1890736106\" class=\"col small-12 large-12\"  >\n\t\t\t\t<div class=\"col-inner\"  >\n\t\t\t\n\t\t\t\n<h2>Anwendungsbereiche der EL197 Aluminium-Schiebet\u00fcr<\/h2>\n<ul>\n<li>B\u00fcrogeb\u00e4ude<\/li>\n<li>Wohnungen<\/li>\n<li>Villen<\/li>\n<\/ul>\n<p>&#8230;<\/p>\n\t\t<\/div>\n\t\t\t\t\t<\/div>\n\n\t\n<\/div>\n\t\t<\/div>\n\n\t\t\n<style>\n#section_567505127 {\n  padding-top: 30px;\n  padding-bottom: 30px;\n}\n<\/style>\n\t<\/section>\n\t\n\t<section class=\"section\" id=\"section_650174883\">\n\t\t<div class=\"bg section-bg fill bg-fill  bg-loaded\" >\n\n\t\t\t\n\t\t\t<div class=\"section-bg-overlay absolute fill\"><\/div>\n\t\t\t\n\n\t\t<\/div>\n\n\t\t\n\n\t\t<div class=\"section-content relative\">\n\t\t\t\n<div class=\"is-divider divider clearfix\" style=\"margin-top:0.0em;margin-bottom:0.0em;max-width:0px;height:20px;\"><\/div>\n<div class=\"row row-large align-middle\"  id=\"row-912793982\">\n\n\t<div id=\"col-1004161617\" class=\"col medium-6 small-12 large-6\"  >\n\t\t\t\t<div class=\"col-inner\"  >\n\t\t\t\n\t\t\t\n\t<div class=\"img has-hover x md-x lg-x y md-y lg-y\" id=\"image_951568577\">\n\t\t\t\t\t\t\t\t<div class=\"img-inner dark\" >\n\t\t\t<img loading=\"lazy\" decoding=\"async\" width=\"1000\" height=\"1000\" src=\"https:\/\/metalpie.com\/wp-content\/uploads\/2022\/09\/ES70-sample-aluminium-door-frame.webp\" class=\"attachment-large size-large\" alt=\"\" srcset=\"https:\/\/metalpie.com\/wp-content\/uploads\/2022\/09\/ES70-sample-aluminium-door-frame.webp 1000w, https:\/\/metalpie.com\/wp-content\/uploads\/2022\/09\/ES70-sample-aluminium-door-frame-300x300.webp 300w, https:\/\/metalpie.com\/wp-content\/uploads\/2022\/09\/ES70-sample-aluminium-door-frame-80x80.webp 80w, https:\/\/metalpie.com\/wp-content\/uploads\/2022\/09\/ES70-sample-aluminium-door-frame-768x768.webp 768w, https:\/\/metalpie.com\/wp-content\/uploads\/2022\/09\/ES70-sample-aluminium-door-frame-500x500.webp 500w, https:\/\/metalpie.com\/wp-content\/uploads\/2022\/09\/ES70-sample-aluminium-door-frame-800x800.webp 800w, https:\/\/metalpie.com\/wp-content\/uploads\/2022\/09\/ES70-sample-aluminium-door-frame-100x100.webp 100w\" sizes=\"auto, (max-width: 1000px) 100vw, 1000px\" \/>\t\t\t\t\t\t\n\t\t\t\t\t<\/div>\n\t\t\t\t\t\t\t\t\n<style>\n#image_951568577 {\n  width: 100%;\n}\n<\/style>\n\t<\/div>\n\t\n\t\t<\/div>\n\t\t\t\t\t<\/div>\n\n\t\n\n\t<div id=\"col-623468514\" class=\"col medium-6 small-12 large-6\"  >\n\t\t\t\t<div class=\"col-inner text-left\"  >\n\t\t\t\n\t\t\t\n<h2><span data-preserver-spaces=\"true\">EL197 Aluminium Schiebet\u00fcr Muster<\/span><\/h2>\n<p><span data-preserver-spaces=\"true\">Auf dem Bild sehen Sie, dass die EL70 Aluminium-Faltt\u00fcr mit zwei Glasscheiben ausgestattet ist. Wir f\u00fcgen eine thermische Trennung hinzu, um den Aluminiumt\u00fcrrahmen f\u00fcr eine bessere W\u00e4rmed\u00e4mmung zu trennen. Dies ist eine beliebte gebrochene Br\u00fccke Aluminium-Design. Wenn Sie eine T\u00fcr Probe wollen, willkommen, uns zu kontaktieren!<\/span><\/p>\n<p><strong>Spezifikationen:<\/strong><\/p>\n<ul>\n<li><span data-preserver-spaces=\"true\">Rahmentiefe: 197mm<\/span><\/li>\n<li><span data-preserver-spaces=\"true\">Tiefe der thermischen Trennung: 18,6 mm<\/span><\/li>\n<li><span data-preserver-spaces=\"true\">L\u00fcftertiefe: 75mm<\/span><\/li>\n<li><span data-preserver-spaces=\"true\">Thermische Trennung: 18,6 mm<\/span><\/li>\n<\/ul>\n\t\t<\/div>\n\t\t\t\t\t<\/div>\n\n\t\n\n<style>\n#row-912793982 > .col > .col-inner {\n  padding: 0px 20px 0px 20px;\n}\n<\/style>\n<\/div>\n\t\t<\/div>\n\n\t\t\n<style>\n#section_650174883 {\n  padding-top: 0px;\n  padding-bottom: 0px;\n  background-color: rgb(193, 193, 193);\n}\n#section_650174883 .section-bg-overlay {\n  background-color: rgba(255, 255, 255, 0.85);\n}\n<\/style>\n\t<\/section>","protected":false},"excerpt":{"rendered":"<p>Diese Aluminiumt\u00fcr ist f\u00fcr alle, die einen offenen Stil m\u00f6gen. Sie l\u00e4sst Ihr Zuhause ger\u00e4umiger und heller erscheinen. Sie k\u00f6nnen sie zum Beispiel als Trennwand zwischen dem Schlafzimmer und dem Wohnzimmer einbauen.<\/p>","protected":false},"featured_media":2764,"comment_status":"closed","ping_status":"closed","template":"","meta":[],"product_cat":[15],"class_list":["post-2763","product","type-product","status-publish","has-post-thumbnail","hentry","product_cat-aluminum-windows-doors"],"yoast_head":"<!-- This site is optimized with the Yoast SEO plugin v21.5 - https:\/\/yoast.com\/wordpress\/plugins\/seo\/ -->\n<title>EL197 Sliding Door | Aluminum Sliding Glass Doors<\/title>\n<meta name=\"description\" content=\"EL197 sliding door is made of a high-quality aluminum profile. It can be a partition door between the bedroom and living room.\" \/>\n<meta name=\"robots\" content=\"index, follow, max-snippet:-1, max-image-preview:large, max-video-preview:-1\" \/>\n<link rel=\"canonical\" href=\"https:\/\/metalpie.com\/de\/aluminium-fenster-turen\/el197-aluminium-schiebetur\/\" \/>\n<meta property=\"og:locale\" content=\"de_DE\" \/>\n<meta property=\"og:type\" content=\"article\" \/>\n<meta property=\"og:title\" content=\"EL197 Sliding Door | Aluminum Sliding Glass Doors\" \/>\n<meta property=\"og:description\" content=\"EL197 sliding door is made of a high-quality aluminum profile. It can be a partition door between the bedroom and living room.\" \/>\n<meta property=\"og:url\" content=\"https:\/\/metalpie.com\/de\/aluminium-fenster-turen\/el197-aluminium-schiebetur\/\" \/>\n<meta property=\"og:site_name\" content=\"METALPIE\" \/>\n<meta property=\"article:modified_time\" content=\"2023-02-17T06:53:48+00:00\" \/>\n<meta property=\"og:image\" content=\"https:\/\/metalpie.com\/wp-content\/uploads\/2022\/10\/EL197_sliding_door_001image.webp\" \/>\n\t<meta property=\"og:image:width\" content=\"1000\" \/>\n\t<meta property=\"og:image:height\" content=\"1000\" \/>\n\t<meta property=\"og:image:type\" content=\"image\/webp\" \/>\n<meta name=\"twitter:card\" content=\"summary_large_image\" \/>\n<meta name=\"twitter:label1\" content=\"Gesch\u00e4tzte Lesezeit\" \/>\n\t<meta name=\"twitter:data1\" content=\"2\u00a0Minuten\" \/>\n<script type=\"application\/ld+json\" class=\"yoast-schema-graph\">{\"@context\":\"https:\/\/schema.org\",\"@graph\":[{\"@type\":\"WebPage\",\"@id\":\"https:\/\/metalpie.com\/ru\/%d0%b0%d0%bb%d1%8e%d0%bc%d0%b8%d0%bd%d0%b8%d0%b5%d0%b2%d1%8b%d0%b5-%d0%be%d0%ba%d0%bd%d0%b0-%d0%b4%d0%b2%d0%b5%d1%80%d0%b8\/%d0%b0%d0%bb%d1%8e%d0%bc%d0%b8%d0%bd%d0%b8%d0%b5%d0%b2%d0%b0%d1%8f-%d1%80%d0%b0%d0%b7%d0%b4%d0%b2%d0%b8%d0%b6%d0%bd%d0%b0%d1%8f-%d0%b4%d0%b2%d0%b5%d1%80%d1%8c-el197\/\",\"url\":\"https:\/\/metalpie.com\/ru\/%d0%b0%d0%bb%d1%8e%d0%bc%d0%b8%d0%bd%d0%b8%d0%b5%d0%b2%d1%8b%d0%b5-%d0%be%d0%ba%d0%bd%d0%b0-%d0%b4%d0%b2%d0%b5%d1%80%d0%b8\/%d0%b0%d0%bb%d1%8e%d0%bc%d0%b8%d0%bd%d0%b8%d0%b5%d0%b2%d0%b0%d1%8f-%d1%80%d0%b0%d0%b7%d0%b4%d0%b2%d0%b8%d0%b6%d0%bd%d0%b0%d1%8f-%d0%b4%d0%b2%d0%b5%d1%80%d1%8c-el197\/\",\"name\":\"EL197 Sliding Door | Aluminum Sliding Glass Doors\",\"isPartOf\":{\"@id\":\"https:\/\/metalpie.com\/#website\"},\"datePublished\":\"2022-10-09T05:11:44+00:00\",\"dateModified\":\"2023-02-17T06:53:48+00:00\",\"description\":\"EL197 sliding door is made of a high-quality aluminum profile. It can be a partition door between the bedroom and living room.\",\"breadcrumb\":{\"@id\":\"https:\/\/metalpie.com\/ru\/%d0%b0%d0%bb%d1%8e%d0%bc%d0%b8%d0%bd%d0%b8%d0%b5%d0%b2%d1%8b%d0%b5-%d0%be%d0%ba%d0%bd%d0%b0-%d0%b4%d0%b2%d0%b5%d1%80%d0%b8\/%d0%b0%d0%bb%d1%8e%d0%bc%d0%b8%d0%bd%d0%b8%d0%b5%d0%b2%d0%b0%d1%8f-%d1%80%d0%b0%d0%b7%d0%b4%d0%b2%d0%b8%d0%b6%d0%bd%d0%b0%d1%8f-%d0%b4%d0%b2%d0%b5%d1%80%d1%8c-el197\/#breadcrumb\"},\"inLanguage\":\"de\",\"potentialAction\":[{\"@type\":\"ReadAction\",\"target\":[\"https:\/\/metalpie.com\/ru\/%d0%b0%d0%bb%d1%8e%d0%bc%d0%b8%d0%bd%d0%b8%d0%b5%d0%b2%d1%8b%d0%b5-%d0%be%d0%ba%d0%bd%d0%b0-%d0%b4%d0%b2%d0%b5%d1%80%d0%b8\/%d0%b0%d0%bb%d1%8e%d0%bc%d0%b8%d0%bd%d0%b8%d0%b5%d0%b2%d0%b0%d1%8f-%d1%80%d0%b0%d0%b7%d0%b4%d0%b2%d0%b8%d0%b6%d0%bd%d0%b0%d1%8f-%d0%b4%d0%b2%d0%b5%d1%80%d1%8c-el197\/\"]}]},{\"@type\":\"BreadcrumbList\",\"@id\":\"https:\/\/metalpie.com\/ru\/%d0%b0%d0%bb%d1%8e%d0%bc%d0%b8%d0%bd%d0%b8%d0%b5%d0%b2%d1%8b%d0%b5-%d0%be%d0%ba%d0%bd%d0%b0-%d0%b4%d0%b2%d0%b5%d1%80%d0%b8\/%d0%b0%d0%bb%d1%8e%d0%bc%d0%b8%d0%bd%d0%b8%d0%b5%d0%b2%d0%b0%d1%8f-%d1%80%d0%b0%d0%b7%d0%b4%d0%b2%d0%b8%d0%b6%d0%bd%d0%b0%d1%8f-%d0%b4%d0%b2%d0%b5%d1%80%d1%8c-el197\/#breadcrumb\",\"itemListElement\":[{\"@type\":\"ListItem\",\"position\":1,\"name\":\"Home\",\"item\":\"https:\/\/metalpie.com\/\"},{\"@type\":\"ListItem\",\"position\":2,\"name\":\"Products\",\"item\":\"https:\/\/metalpie.com\/shop\/\"},{\"@type\":\"ListItem\",\"position\":3,\"name\":\"EL197 Aluminum Sliding Door\"}]},{\"@type\":\"WebSite\",\"@id\":\"https:\/\/metalpie.com\/#website\",\"url\":\"https:\/\/metalpie.com\/\",\"name\":\"METALPIE\",\"description\":\"Precision Metal Fabrication | Tools, Processes &amp; More\",\"potentialAction\":[{\"@type\":\"SearchAction\",\"target\":{\"@type\":\"EntryPoint\",\"urlTemplate\":\"https:\/\/metalpie.com\/?s={search_term_string}\"},\"query-input\":\"required name=search_term_string\"}],\"inLanguage\":\"de\"}]}<\/script>\n<!-- \/ Yoast SEO plugin. -->","yoast_head_json":{"title":"EL197 Schiebet\u00fcr | Aluminium-Glasschiebet\u00fcren","description":"Die Schiebet\u00fcr EL197 ist aus einem hochwertigen Aluminiumprofil gefertigt. Sie kann als Trennwand zwischen dem Schlafzimmer und dem Wohnzimmer dienen.","robots":{"index":"index","follow":"follow","max-snippet":"max-snippet:-1","max-image-preview":"max-image-preview:large","max-video-preview":"max-video-preview:-1"},"canonical":"https:\/\/metalpie.com\/de\/aluminium-fenster-turen\/el197-aluminium-schiebetur\/","og_locale":"de_DE","og_type":"article","og_title":"EL197 Sliding Door | Aluminum Sliding Glass Doors","og_description":"EL197 sliding door is made of a high-quality aluminum profile. It can be a partition door between the bedroom and living room.","og_url":"https:\/\/metalpie.com\/de\/aluminium-fenster-turen\/el197-aluminium-schiebetur\/","og_site_name":"METALPIE","article_modified_time":"2023-02-17T06:53:48+00:00","og_image":[{"width":1000,"height":1000,"url":"https:\/\/metalpie.com\/wp-content\/uploads\/2022\/10\/EL197_sliding_door_001image.webp","type":"image\/webp"}],"twitter_card":"summary_large_image","twitter_misc":{"Gesch\u00e4tzte Lesezeit":"2\u00a0Minuten"},"schema":{"@context":"https:\/\/schema.org","@graph":[{"@type":"WebPage","@id":"https:\/\/metalpie.com\/ru\/%d0%b0%d0%bb%d1%8e%d0%bc%d0%b8%d0%bd%d0%b8%d0%b5%d0%b2%d1%8b%d0%b5-%d0%be%d0%ba%d0%bd%d0%b0-%d0%b4%d0%b2%d0%b5%d1%80%d0%b8\/%d0%b0%d0%bb%d1%8e%d0%bc%d0%b8%d0%bd%d0%b8%d0%b5%d0%b2%d0%b0%d1%8f-%d1%80%d0%b0%d0%b7%d0%b4%d0%b2%d0%b8%d0%b6%d0%bd%d0%b0%d1%8f-%d0%b4%d0%b2%d0%b5%d1%80%d1%8c-el197\/","url":"https:\/\/metalpie.com\/ru\/%d0%b0%d0%bb%d1%8e%d0%bc%d0%b8%d0%bd%d0%b8%d0%b5%d0%b2%d1%8b%d0%b5-%d0%be%d0%ba%d0%bd%d0%b0-%d0%b4%d0%b2%d0%b5%d1%80%d0%b8\/%d0%b0%d0%bb%d1%8e%d0%bc%d0%b8%d0%bd%d0%b8%d0%b5%d0%b2%d0%b0%d1%8f-%d1%80%d0%b0%d0%b7%d0%b4%d0%b2%d0%b8%d0%b6%d0%bd%d0%b0%d1%8f-%d0%b4%d0%b2%d0%b5%d1%80%d1%8c-el197\/","name":"EL197 Schiebet\u00fcr | Aluminium-Glasschiebet\u00fcren","isPartOf":{"@id":"https:\/\/metalpie.com\/#website"},"datePublished":"2022-10-09T05:11:44+00:00","dateModified":"2023-02-17T06:53:48+00:00","description":"Die Schiebet\u00fcr EL197 ist aus einem hochwertigen Aluminiumprofil gefertigt. Sie kann als Trennwand zwischen dem Schlafzimmer und dem Wohnzimmer dienen.","breadcrumb":{"@id":"https:\/\/metalpie.com\/ru\/%d0%b0%d0%bb%d1%8e%d0%bc%d0%b8%d0%bd%d0%b8%d0%b5%d0%b2%d1%8b%d0%b5-%d0%be%d0%ba%d0%bd%d0%b0-%d0%b4%d0%b2%d0%b5%d1%80%d0%b8\/%d0%b0%d0%bb%d1%8e%d0%bc%d0%b8%d0%bd%d0%b8%d0%b5%d0%b2%d0%b0%d1%8f-%d1%80%d0%b0%d0%b7%d0%b4%d0%b2%d0%b8%d0%b6%d0%bd%d0%b0%d1%8f-%d0%b4%d0%b2%d0%b5%d1%80%d1%8c-el197\/#breadcrumb"},"inLanguage":"de","potentialAction":[{"@type":"ReadAction","target":["https:\/\/metalpie.com\/ru\/%d0%b0%d0%bb%d1%8e%d0%bc%d0%b8%d0%bd%d0%b8%d0%b5%d0%b2%d1%8b%d0%b5-%d0%be%d0%ba%d0%bd%d0%b0-%d0%b4%d0%b2%d0%b5%d1%80%d0%b8\/%d0%b0%d0%bb%d1%8e%d0%bc%d0%b8%d0%bd%d0%b8%d0%b5%d0%b2%d0%b0%d1%8f-%d1%80%d0%b0%d0%b7%d0%b4%d0%b2%d0%b8%d0%b6%d0%bd%d0%b0%d1%8f-%d0%b4%d0%b2%d0%b5%d1%80%d1%8c-el197\/"]}]},{"@type":"BreadcrumbList","@id":"https:\/\/metalpie.com\/ru\/%d0%b0%d0%bb%d1%8e%d0%bc%d0%b8%d0%bd%d0%b8%d0%b5%d0%b2%d1%8b%d0%b5-%d0%be%d0%ba%d0%bd%d0%b0-%d0%b4%d0%b2%d0%b5%d1%80%d0%b8\/%d0%b0%d0%bb%d1%8e%d0%bc%d0%b8%d0%bd%d0%b8%d0%b5%d0%b2%d0%b0%d1%8f-%d1%80%d0%b0%d0%b7%d0%b4%d0%b2%d0%b8%d0%b6%d0%bd%d0%b0%d1%8f-%d0%b4%d0%b2%d0%b5%d1%80%d1%8c-el197\/#breadcrumb","itemListElement":[{"@type":"ListItem","position":1,"name":"Home","item":"https:\/\/metalpie.com\/"},{"@type":"ListItem","position":2,"name":"Products","item":"https:\/\/metalpie.com\/shop\/"},{"@type":"ListItem","position":3,"name":"EL197 Aluminum Sliding Door"}]},{"@type":"WebSite","@id":"https:\/\/metalpie.com\/#website","url":"https:\/\/metalpie.com\/","name":"METALPIE","description":"Pr\u00e4zisionsmetallverarbeitung | Werkzeuge, Verfahren &amp; mehr","potentialAction":[{"@type":"SearchAction","target":{"@type":"EntryPoint","urlTemplate":"https:\/\/metalpie.com\/?s={search_term_string}"},"query-input":"required name=search_term_string"}],"inLanguage":"de"}]}},"_links":{"self":[{"href":"https:\/\/metalpie.com\/de\/wp-json\/wp\/v2\/product\/2763","targetHints":{"allow":["GET"]}}],"collection":[{"href":"https:\/\/metalpie.com\/de\/wp-json\/wp\/v2\/product"}],"about":[{"href":"https:\/\/metalpie.com\/de\/wp-json\/wp\/v2\/types\/product"}],"replies":[{"embeddable":true,"href":"https:\/\/metalpie.com\/de\/wp-json\/wp\/v2\/comments?post=2763"}],"wp:featuredmedia":[{"embeddable":true,"href":"https:\/\/metalpie.com\/de\/wp-json\/wp\/v2\/media\/2764"}],"wp:attachment":[{"href":"https:\/\/metalpie.com\/de\/wp-json\/wp\/v2\/media?parent=2763"}],"wp:term":[{"taxonomy":"product_cat","embeddable":true,"href":"https:\/\/metalpie.com\/de\/wp-json\/wp\/v2\/product_cat?post=2763"}],"curies":[{"name":"wp","href":"https:\/\/api.w.org\/{rel}","templated":true}]}}