{"id":2743,"date":"2022-10-09T12:44:33","date_gmt":"2022-10-09T04:44:33","guid":{"rendered":"https:\/\/metalpie.com\/?post_type=product&#038;p=2743"},"modified":"2022-12-08T17:00:20","modified_gmt":"2022-12-08T09:00:20","slug":"es40-flugeltur","status":"publish","type":"product","link":"https:\/\/metalpie.com\/de\/aluminium-fenster-turen\/es40-flugeltur\/","title":{"rendered":"ES40 Fl\u00fcgelt\u00fcr"},"content":{"rendered":"<section class=\"section\" id=\"section_1557157325\">\n\t\t<div class=\"bg section-bg fill bg-fill  bg-loaded\" >\n\n\t\t\t\n\t\t\t\n\t\t\t\n\n\t\t<\/div>\n\n\t\t\n\n\t\t<div class=\"section-content relative\">\n\t\t\t\n<div class=\"row\"  id=\"row-1168755226\">\n\n\t<div id=\"col-1493180186\" class=\"col small-12 large-12\"  >\n\t\t\t\t<div class=\"col-inner\"  >\n\t\t\t\n\t\t\t\n<h2>ES40 Aluminium-Fl\u00fcgelt\u00fcr Beschreibung<\/h2>\n<p><span data-preserver-spaces=\"true\">Der ES40 ist ein eint\u00fcriges Modell. Auf dem Bild sehen Sie, dass es zwei T\u00fcrfl\u00fcgel gibt, von denen nur ein Fl\u00fcgel ge\u00f6ffnet werden kann. Das andere T\u00fcrblatt ist fest und schmaler. Der Aluminium-T\u00fcrrahmen ist breit und gibt der T\u00fcr einen festen Halt. Es wird Milchglas verwendet, das Ihre Privatsph\u00e4re besser sch\u00fctzen kann.\u00a0<\/span><\/p>\n<p><span data-preserver-spaces=\"true\">Wir liefern kundenspezifische Aluminiumt\u00fcren. Diese Bilder zeigen schwarze Aluminium-T\u00fcrrahmen. Es gibt Dutzende von Farben zur Verf\u00fcgung, so k\u00f6nnen Sie die Farbe aus verschiedenen Farben, wie grau, Champagner, Gold und Holzmaserung w\u00e4hlen. Gegenw\u00e4rtig bieten wir mehr als 60 Farben f\u00fcr die individuelle Gestaltung an. Wenn es um die Anpassung von Aluminiumt\u00fcren geht, ist der Prozess wie folgt:<\/span><\/p>\n<p><span data-preserver-spaces=\"true\">1 Der Kunde sendet Zeichnungen oder Spezifikationen f\u00fcr Aluminium-Fl\u00fcgelt\u00fcren an unseren Vertrieb.<\/span><\/p>\n<p><span data-preserver-spaces=\"true\">2 Wir best\u00e4tigen die Details, den Preis und die Lieferfrist mit den Kunden.<\/span><\/p>\n<p><span data-preserver-spaces=\"true\">3 Wir beginnen mit der Produktion von Aluminium-Fl\u00fcgelt\u00fcren.<\/span><\/p>\n<p><span data-preserver-spaces=\"true\">4 Nach der Qualit\u00e4tspr\u00fcfung werden sie versandt.<\/span><\/p>\n<h2>Aluminium-T\u00fcrbeschl\u00e4ge<\/h2>\n<ul>\n<li><span data-preserver-spaces=\"true\">Mit dem doppelseitigen Griff l\u00e4sst sich die T\u00fcr leicht \u00f6ffnen.<\/span><\/li>\n<li><span data-preserver-spaces=\"true\">Mehrpunkt-Verriegelungssystem, sicher und zuverl\u00e4ssig.<\/span><\/li>\n<li><span data-preserver-spaces=\"true\">Hochwertige Scharniere sorgen f\u00fcr geringste Toleranzen und machen die Aluminium-Fl\u00fcgelt\u00fcr strapazierf\u00e4hig und leicht zu \u00f6ffnen und zu schlie\u00dfen.<\/span><\/li>\n<\/ul>\n<h2>Farbe &amp; Gr\u00f6\u00dfe<\/h2>\n<p><span data-preserver-spaces=\"true\">Wir bieten \u00fcber 60 Farben zur individuellen Gestaltung an. Wir verwenden f\u00fcnf Prozesse Pulverbeschichtung, PVDF-Beschichtung, Holzmaserung, eloxiert, und Elektrophorese zu f\u00e4rben Aluminium T\u00fcrrahmen. Es gibt Silber, Gold, Champagner, etc. Kundenspezifische Farben und Gr\u00f6\u00dfen sind ebenfalls erh\u00e4ltlich. Wenn Sie Ihre einzigartige Farbe anpassen m\u00f6chten, z\u00f6gern Sie nicht, unseren Vertrieb zu kontaktieren!<\/span><\/p>\n<h2>Eigenschaften<\/h2>\n<ul>\n<li><span data-preserver-spaces=\"true\">Optional gibt es Milchglas und Klarglas. Mattiertes Glas sch\u00fctzt die Privatsph\u00e4re besser, und klares Glas l\u00e4sst ein Maximum an Licht in den Raum fallen.\u00a0<\/span><\/li>\n<li><span data-preserver-spaces=\"true\">Ein T\u00fcrfl\u00fcgel ist fest, so dass man ihn nicht \u00f6ffnen kann. Diese Aluminium-Glast\u00fcr ist keine gute Wahl f\u00fcr ein B\u00fcrogeb\u00e4ude oder andere \u00f6ffentliche Orte mit vielen Menschen. Aber diese Aluminium-Fl\u00fcgelt\u00fcr ist eine gute Wahl f\u00fcr Ihr Haus. Ob Sie sie als Badezimmert\u00fcr oder als Sturmt\u00fcr verwenden, sie ist eine perfekte Wahl.<\/span><\/li>\n<li><span data-preserver-spaces=\"true\">Diese Aluminium-Glast\u00fcr ist einfach zu installieren. Sie k\u00f6nnen sie selbst einbauen und so Geld in Ihrer Tasche sparen.<\/span><\/li>\n<li><span data-preserver-spaces=\"true\">Er ist mit einem Dichtungsstreifen ausgestattet, der eine gute Dichtungsleistung aufweist.<\/span><\/li>\n<li><span data-preserver-spaces=\"true\">Sie kann sowohl als Innent\u00fcr als auch als Au\u00dfent\u00fcr verwendet werden.<\/span><\/li>\n<\/ul>\n\t\t<\/div>\n\t\t\t\t\t<\/div>\n\n\t\n<\/div>\n\t\t<\/div>\n\n\t\t\n<style>\n#section_1557157325 {\n  padding-top: 30px;\n  padding-bottom: 30px;\n}\n<\/style>\n\t<\/section>\n\t\n\t<section class=\"section\" id=\"section_790897580\">\n\t\t<div class=\"bg section-bg fill bg-fill  bg-loaded\" >\n\n\t\t\t\n\t\t\t\n\t\t\t\n\n\t\t<\/div>\n\n\t\t\t<div class=\"ux-shape-divider ux-shape-divider--top ux-shape-divider--style-curve-opacity\">\n\t\t<svg viewbox=\"0 0 1000 100\" xmlns=\"http:\/\/www.w3.org\/2000\/svg\" preserveaspectratio=\"none\">\n\t\t<path class=\"ux-shape-fill\" opacity=\"0.15\" d=\"M0 14C0 14 88.64 17.48 300 50C560 90 814 77 1003 40L1015 68L1018 104H0V14Z\"\/>\n\t\t<path class=\"ux-shape-fill\" opacity=\"0.3\" d=\"M0 45C0 45 271 90.13 500 77C657 68 830 30 1015 14V100H0V45Z\"\/>\n\t\t<path class=\"ux-shape-fill\" d=\"M0 58C0 58 188.29 90 508 90C798 90 1002 55 1002 55V100H0V58Z\"\/>\n<\/svg>\n\t<\/div>\n\n\n\t\t<div class=\"section-content relative\">\n\t\t\t\n<div class=\"is-divider divider clearfix\" style=\"margin-top:0px;margin-bottom:0px;max-width:0px;height:30px;\"><\/div>\n<div class=\"row row-collapse align-middle\"  id=\"row-1858718855\">\n\n\t<div id=\"col-1327533979\" class=\"col medium-6 small-12 large-6\"  >\n\t\t\t\t<div class=\"col-inner\"  >\n\t\t\t\n\t\t\t\n<div class=\"row row-small align-middle\"  id=\"row-1706338320\">\n\n\t<div id=\"col-895214469\" class=\"col medium-7 small-12 large-7\"  >\n\t\t\t\t<div class=\"col-inner\"  >\n\t\t\t\n\t\t\t\n\t<div class=\"img has-hover x md-x lg-x y md-y lg-y\" id=\"image_1575027900\">\n\t\t\t\t\t\t\t\t<div class=\"img-inner dark\" >\n\t\t\t<img loading=\"lazy\" decoding=\"async\" width=\"532\" height=\"366\" src=\"https:\/\/metalpie.com\/wp-content\/uploads\/2022\/09\/block_Universal_products_bottom_001.1image.jpg.webp\" class=\"attachment-original size-original\" alt=\"\" srcset=\"https:\/\/metalpie.com\/wp-content\/uploads\/2022\/09\/block_Universal_products_bottom_001.1image.jpg.webp 532w, https:\/\/metalpie.com\/wp-content\/uploads\/2022\/09\/block_Universal_products_bottom_001.1image.jpg-300x206.webp 300w\" sizes=\"auto, (max-width: 532px) 100vw, 532px\" \/>\t\t\t\t\t\t\n\t\t\t\t\t<\/div>\n\t\t\t\t\t\t\t\t\n<style>\n#image_1575027900 {\n  width: 100%;\n}\n<\/style>\n\t<\/div>\n\t\n\t\t<\/div>\n\t\t\t\t\t<\/div>\n\n\t\n\n\t<div id=\"col-92323838\" class=\"col medium-5 small-12 large-5\"  >\n\t\t\t\t<div class=\"col-inner\"  >\n\t\t\t\n\t\t\t\n\t<div id=\"text-1145599569\" class=\"text\">\n\t\t\n<h5>Gute luftdichte Leistung<\/h5>\n\t\t\n<style>\n#text-1145599569 {\n  text-align: center;\n}\n@media (min-width:550px) {\n  #text-1145599569 {\n    text-align: left;\n  }\n}\n<\/style>\n\t<\/div>\n\t\n\t\t<\/div>\n\t\t\t\t\t<\/div>\n\n\t\n<\/div>\n\t\t<\/div>\n\t\t\t\t\t<\/div>\n\n\t\n\n\t<div id=\"col-304263968\" class=\"col medium-6 small-12 large-6\"  >\n\t\t\t\t<div class=\"col-inner\"  >\n\t\t\t\n\t\t\t\n<div class=\"row row-small align-middle\"  id=\"row-2050078272\">\n\n\t<div id=\"col-763268557\" class=\"col medium-7 small-12 large-7\"  >\n\t\t\t\t<div class=\"col-inner\"  >\n\t\t\t\n\t\t\t\n\t<div class=\"img has-hover x md-x lg-x y md-y lg-y\" id=\"image_702048594\">\n\t\t\t\t\t\t\t\t<div class=\"img-inner dark\" >\n\t\t\t<img loading=\"lazy\" decoding=\"async\" width=\"534\" height=\"368\" src=\"https:\/\/metalpie.com\/wp-content\/uploads\/2022\/09\/block_Universal_products_bottom_002.2image.jpg.webp\" class=\"attachment-original size-original\" alt=\"\" srcset=\"https:\/\/metalpie.com\/wp-content\/uploads\/2022\/09\/block_Universal_products_bottom_002.2image.jpg.webp 534w, https:\/\/metalpie.com\/wp-content\/uploads\/2022\/09\/block_Universal_products_bottom_002.2image.jpg-300x207.webp 300w\" sizes=\"auto, (max-width: 534px) 100vw, 534px\" \/>\t\t\t\t\t\t\n\t\t\t\t\t<\/div>\n\t\t\t\t\t\t\t\t\n<style>\n#image_702048594 {\n  width: 100%;\n}\n<\/style>\n\t<\/div>\n\t\n\t\t<\/div>\n\t\t\t\t\t<\/div>\n\n\t\n\n\t<div id=\"col-1826760577\" class=\"col medium-5 small-12 large-5\"  >\n\t\t\t\t<div class=\"col-inner\"  >\n\t\t\t\n\t\t\t\n\t<div id=\"text-552005167\" class=\"text\">\n\t\t\n<h5>Hohe Winddruckbest\u00e4ndigkeit<\/h5>\n\t\t\n<style>\n#text-552005167 {\n  text-align: center;\n}\n@media (min-width:550px) {\n  #text-552005167 {\n    text-align: left;\n  }\n}\n<\/style>\n\t<\/div>\n\t\n\t\t<\/div>\n\t\t\t\t\t<\/div>\n\n\t\n<\/div>\n\t\t<\/div>\n\t\t\t\t\t<\/div>\n\n\t\n\n\t<div id=\"col-1753308109\" class=\"col medium-6 small-12 large-6\"  >\n\t\t\t\t<div class=\"col-inner\"  >\n\t\t\t\n\t\t\t\n<div class=\"row row-small align-middle\"  id=\"row-15084521\">\n\n\t<div id=\"col-534914056\" class=\"col medium-7 small-12 large-7\"  >\n\t\t\t\t<div class=\"col-inner\"  >\n\t\t\t\n\t\t\t\n\t<div class=\"img has-hover x md-x lg-x y md-y lg-y\" id=\"image_1117834809\">\n\t\t\t\t\t\t\t\t<div class=\"img-inner dark\" >\n\t\t\t<img loading=\"lazy\" decoding=\"async\" width=\"531\" height=\"366\" src=\"https:\/\/metalpie.com\/wp-content\/uploads\/2022\/09\/block_Universal_products_bottom_003.3image.jpg.webp\" class=\"attachment-original size-original\" alt=\"\" srcset=\"https:\/\/metalpie.com\/wp-content\/uploads\/2022\/09\/block_Universal_products_bottom_003.3image.jpg.webp 531w, https:\/\/metalpie.com\/wp-content\/uploads\/2022\/09\/block_Universal_products_bottom_003.3image.jpg-300x207.webp 300w\" sizes=\"auto, (max-width: 531px) 100vw, 531px\" \/>\t\t\t\t\t\t\n\t\t\t\t\t<\/div>\n\t\t\t\t\t\t\t\t\n<style>\n#image_1117834809 {\n  width: 100%;\n}\n<\/style>\n\t<\/div>\n\t\n\t\t<\/div>\n\t\t\t\t\t<\/div>\n\n\t\n\n\t<div id=\"col-139009323\" class=\"col medium-5 small-12 large-5\"  >\n\t\t\t\t<div class=\"col-inner\"  >\n\t\t\t\n\t\t\t\n\t<div id=\"text-2268181503\" class=\"text\">\n\t\t\n<h5>Gute Wasserdichtigkeit<\/h5>\n\t\t\n<style>\n#text-2268181503 {\n  text-align: center;\n}\n@media (min-width:550px) {\n  #text-2268181503 {\n    text-align: left;\n  }\n}\n<\/style>\n\t<\/div>\n\t\n\t\t<\/div>\n\t\t\t\t\t<\/div>\n\n\t\n<\/div>\n\t\t<\/div>\n\t\t\t\t\t<\/div>\n\n\t\n\n\t<div id=\"col-113034514\" class=\"col medium-6 small-12 large-6\"  >\n\t\t\t\t<div class=\"col-inner\"  >\n\t\t\t\n\t\t\t\n<div class=\"row row-small align-middle\"  id=\"row-657451262\">\n\n\t<div id=\"col-756075301\" class=\"col medium-7 small-12 large-7\"  >\n\t\t\t\t<div class=\"col-inner\"  >\n\t\t\t\n\t\t\t\n\t<div class=\"img has-hover x md-x lg-x y md-y lg-y\" id=\"image_627456677\">\n\t\t\t\t\t\t\t\t<div class=\"img-inner dark\" >\n\t\t\t<img loading=\"lazy\" decoding=\"async\" width=\"531\" height=\"365\" src=\"https:\/\/metalpie.com\/wp-content\/uploads\/2022\/09\/block_Universal_products_bottom_004.4image.jpg.webp\" class=\"attachment-original size-original\" alt=\"\" srcset=\"https:\/\/metalpie.com\/wp-content\/uploads\/2022\/09\/block_Universal_products_bottom_004.4image.jpg.webp 531w, https:\/\/metalpie.com\/wp-content\/uploads\/2022\/09\/block_Universal_products_bottom_004.4image.jpg-300x206.webp 300w\" sizes=\"auto, (max-width: 531px) 100vw, 531px\" \/>\t\t\t\t\t\t\n\t\t\t\t\t<\/div>\n\t\t\t\t\t\t\t\t\n<style>\n#image_627456677 {\n  width: 100%;\n}\n<\/style>\n\t<\/div>\n\t\n\t\t<\/div>\n\t\t\t\t\t<\/div>\n\n\t\n\n\t<div id=\"col-745381704\" class=\"col medium-5 small-12 large-5\"  >\n\t\t\t\t<div class=\"col-inner\"  >\n\t\t\t\n\t\t\t\n\t<div id=\"text-3149939698\" class=\"text\">\n\t\t\n<h5>Hervorragende Isolationsleistung<\/h5>\n\t\t\n<style>\n#text-3149939698 {\n  text-align: center;\n}\n@media (min-width:550px) {\n  #text-3149939698 {\n    text-align: left;\n  }\n}\n<\/style>\n\t<\/div>\n\t\n\t\t<\/div>\n\t\t\t\t\t<\/div>\n\n\t\n<\/div>\n\t\t<\/div>\n\t\t\t\t\t<\/div>\n\n\t\n\n<style>\n#row-1858718855 > .col > .col-inner {\n  padding: 0px 20px 0px 20px;\n}\n<\/style>\n<\/div>\n\t\t<\/div>\n\n\t\t\n<style>\n#section_790897580 {\n  padding-top: 0px;\n  padding-bottom: 0px;\n  background-color: rgb(245, 245, 245);\n}\n#section_790897580 .ux-shape-divider--top svg {\n  height: 143px;\n  --divider-top-width: 100%;\n}\n<\/style>\n\t<\/section>\n\t\n\t<section class=\"section\" id=\"section_788257375\">\n\t\t<div class=\"bg section-bg fill bg-fill  bg-loaded\" >\n\n\t\t\t\n\t\t\t\n\t\t\t\n\n\t\t<\/div>\n\n\t\t\n\n\t\t<div class=\"section-content relative\">\n\t\t\t\n<div class=\"row\"  id=\"row-1179858772\">\n\n\t<div id=\"col-1105860735\" class=\"col small-12 large-12\"  >\n\t\t\t\t<div class=\"col-inner\"  >\n\t\t\t\n\t\t\t\n<h2>Anwendungsbereiche der ES40-Aluminium-Fl\u00fcgelt\u00fcr<\/h2>\n<ul>\n<li>Wohnungen<\/li>\n<li>Einkaufszentren<\/li>\n<li>Villen<\/li>\n<li>B\u00fcrogeb\u00e4ude<\/li>\n<li>Hotels<\/li>\n<\/ul>\n\t\t<\/div>\n\t\t\t\t\t<\/div>\n\n\t\n<\/div>\n\t\t<\/div>\n\n\t\t\n<style>\n#section_788257375 {\n  padding-top: 30px;\n  padding-bottom: 30px;\n}\n<\/style>\n\t<\/section>","protected":false},"excerpt":{"rendered":"<p>Die ES40-Fl\u00fcgelt\u00fcr ist eine gute Wahl f\u00fcr das Badezimmer. Das eint\u00fcrige Design und das Milchglas k\u00f6nnen Ihre Privatsph\u00e4re besser sch\u00fctzen, geben Ihnen einen privaten Raum und vermitteln Ihnen das gr\u00f6\u00dfte Gef\u00fchl von Sicherheit.<\/p>","protected":false},"featured_media":2744,"comment_status":"closed","ping_status":"closed","template":"","meta":[],"product_cat":[15],"class_list":["post-2743","product","type-product","status-publish","has-post-thumbnail","hentry","product_cat-aluminum-windows-doors"],"yoast_head":"<!-- This site is optimized with the Yoast SEO plugin v21.5 - https:\/\/yoast.com\/wordpress\/plugins\/seo\/ -->\n<title>ES40 Aluminum Casement Door | Frosted Glass Door<\/title>\n<meta name=\"description\" content=\"ES40 casement door consists of aluminum profiles and frosted glass, which protects your privacy. This door is a good choice if you want some private space.\" \/>\n<meta name=\"robots\" content=\"index, follow, max-snippet:-1, max-image-preview:large, max-video-preview:-1\" \/>\n<link rel=\"canonical\" href=\"https:\/\/metalpie.com\/de\/aluminium-fenster-turen\/es40-flugeltur\/\" \/>\n<meta property=\"og:locale\" content=\"de_DE\" \/>\n<meta property=\"og:type\" content=\"article\" \/>\n<meta property=\"og:title\" content=\"ES40 Aluminum Casement Door | Frosted Glass Door\" \/>\n<meta property=\"og:description\" content=\"ES40 casement door consists of aluminum profiles and frosted glass, which protects your privacy. This door is a good choice if you want some private space.\" \/>\n<meta property=\"og:url\" content=\"https:\/\/metalpie.com\/de\/aluminium-fenster-turen\/es40-flugeltur\/\" \/>\n<meta property=\"og:site_name\" content=\"METALPIE\" \/>\n<meta property=\"article:modified_time\" content=\"2022-12-08T09:00:20+00:00\" \/>\n<meta property=\"og:image\" content=\"https:\/\/metalpie.com\/wp-content\/uploads\/2022\/10\/ES40_casement_door_001image.webp\" \/>\n\t<meta property=\"og:image:width\" content=\"1000\" \/>\n\t<meta property=\"og:image:height\" content=\"1000\" \/>\n\t<meta property=\"og:image:type\" content=\"image\/webp\" \/>\n<meta name=\"twitter:card\" content=\"summary_large_image\" \/>\n<meta name=\"twitter:label1\" content=\"Gesch\u00e4tzte Lesezeit\" \/>\n\t<meta name=\"twitter:data1\" content=\"3\u00a0Minuten\" \/>\n<script type=\"application\/ld+json\" class=\"yoast-schema-graph\">{\"@context\":\"https:\/\/schema.org\",\"@graph\":[{\"@type\":\"WebPage\",\"@id\":\"https:\/\/metalpie.com\/ru\/%d0%b0%d0%bb%d1%8e%d0%bc%d0%b8%d0%bd%d0%b8%d0%b5%d0%b2%d1%8b%d0%b5-%d0%be%d0%ba%d0%bd%d0%b0-%d0%b4%d0%b2%d0%b5%d1%80%d0%b8\/%d1%81%d1%82%d0%b2%d0%be%d1%80%d1%87%d0%b0%d1%82%d0%b0%d1%8f-%d0%b4%d0%b2%d0%b5%d1%80%d1%8c-es40\/\",\"url\":\"https:\/\/metalpie.com\/ru\/%d0%b0%d0%bb%d1%8e%d0%bc%d0%b8%d0%bd%d0%b8%d0%b5%d0%b2%d1%8b%d0%b5-%d0%be%d0%ba%d0%bd%d0%b0-%d0%b4%d0%b2%d0%b5%d1%80%d0%b8\/%d1%81%d1%82%d0%b2%d0%be%d1%80%d1%87%d0%b0%d1%82%d0%b0%d1%8f-%d0%b4%d0%b2%d0%b5%d1%80%d1%8c-es40\/\",\"name\":\"ES40 Aluminum Casement Door | Frosted Glass Door\",\"isPartOf\":{\"@id\":\"https:\/\/metalpie.com\/#website\"},\"datePublished\":\"2022-10-09T04:44:33+00:00\",\"dateModified\":\"2022-12-08T09:00:20+00:00\",\"description\":\"ES40 casement door consists of aluminum profiles and frosted glass, which protects your privacy. This door is a good choice if you want some private space.\",\"breadcrumb\":{\"@id\":\"https:\/\/metalpie.com\/ru\/%d0%b0%d0%bb%d1%8e%d0%bc%d0%b8%d0%bd%d0%b8%d0%b5%d0%b2%d1%8b%d0%b5-%d0%be%d0%ba%d0%bd%d0%b0-%d0%b4%d0%b2%d0%b5%d1%80%d0%b8\/%d1%81%d1%82%d0%b2%d0%be%d1%80%d1%87%d0%b0%d1%82%d0%b0%d1%8f-%d0%b4%d0%b2%d0%b5%d1%80%d1%8c-es40\/#breadcrumb\"},\"inLanguage\":\"de\",\"potentialAction\":[{\"@type\":\"ReadAction\",\"target\":[\"https:\/\/metalpie.com\/ru\/%d0%b0%d0%bb%d1%8e%d0%bc%d0%b8%d0%bd%d0%b8%d0%b5%d0%b2%d1%8b%d0%b5-%d0%be%d0%ba%d0%bd%d0%b0-%d0%b4%d0%b2%d0%b5%d1%80%d0%b8\/%d1%81%d1%82%d0%b2%d0%be%d1%80%d1%87%d0%b0%d1%82%d0%b0%d1%8f-%d0%b4%d0%b2%d0%b5%d1%80%d1%8c-es40\/\"]}]},{\"@type\":\"BreadcrumbList\",\"@id\":\"https:\/\/metalpie.com\/ru\/%d0%b0%d0%bb%d1%8e%d0%bc%d0%b8%d0%bd%d0%b8%d0%b5%d0%b2%d1%8b%d0%b5-%d0%be%d0%ba%d0%bd%d0%b0-%d0%b4%d0%b2%d0%b5%d1%80%d0%b8\/%d1%81%d1%82%d0%b2%d0%be%d1%80%d1%87%d0%b0%d1%82%d0%b0%d1%8f-%d0%b4%d0%b2%d0%b5%d1%80%d1%8c-es40\/#breadcrumb\",\"itemListElement\":[{\"@type\":\"ListItem\",\"position\":1,\"name\":\"Home\",\"item\":\"https:\/\/metalpie.com\/\"},{\"@type\":\"ListItem\",\"position\":2,\"name\":\"Products\",\"item\":\"https:\/\/metalpie.com\/shop\/\"},{\"@type\":\"ListItem\",\"position\":3,\"name\":\"ES40 Casement Door\"}]},{\"@type\":\"WebSite\",\"@id\":\"https:\/\/metalpie.com\/#website\",\"url\":\"https:\/\/metalpie.com\/\",\"name\":\"METALPIE\",\"description\":\"Precision Metal Fabrication | Tools, Processes &amp; More\",\"potentialAction\":[{\"@type\":\"SearchAction\",\"target\":{\"@type\":\"EntryPoint\",\"urlTemplate\":\"https:\/\/metalpie.com\/?s={search_term_string}\"},\"query-input\":\"required name=search_term_string\"}],\"inLanguage\":\"de\"}]}<\/script>\n<!-- \/ Yoast SEO plugin. -->","yoast_head_json":{"title":"ES40 Aluminium-Fl\u00fcgelt\u00fcr | T\u00fcr aus mattiertem Glas","description":"Die ES40-Fl\u00fcgelt\u00fcr besteht aus Aluminiumprofilen und mattiertem Glas, das Ihre Privatsph\u00e4re sch\u00fctzt. Diese T\u00fcr ist eine gute Wahl, wenn Sie etwas Privatsph\u00e4re w\u00fcnschen.","robots":{"index":"index","follow":"follow","max-snippet":"max-snippet:-1","max-image-preview":"max-image-preview:large","max-video-preview":"max-video-preview:-1"},"canonical":"https:\/\/metalpie.com\/de\/aluminium-fenster-turen\/es40-flugeltur\/","og_locale":"de_DE","og_type":"article","og_title":"ES40 Aluminum Casement Door | Frosted Glass Door","og_description":"ES40 casement door consists of aluminum profiles and frosted glass, which protects your privacy. This door is a good choice if you want some private space.","og_url":"https:\/\/metalpie.com\/de\/aluminium-fenster-turen\/es40-flugeltur\/","og_site_name":"METALPIE","article_modified_time":"2022-12-08T09:00:20+00:00","og_image":[{"width":1000,"height":1000,"url":"https:\/\/metalpie.com\/wp-content\/uploads\/2022\/10\/ES40_casement_door_001image.webp","type":"image\/webp"}],"twitter_card":"summary_large_image","twitter_misc":{"Gesch\u00e4tzte Lesezeit":"3\u00a0Minuten"},"schema":{"@context":"https:\/\/schema.org","@graph":[{"@type":"WebPage","@id":"https:\/\/metalpie.com\/ru\/%d0%b0%d0%bb%d1%8e%d0%bc%d0%b8%d0%bd%d0%b8%d0%b5%d0%b2%d1%8b%d0%b5-%d0%be%d0%ba%d0%bd%d0%b0-%d0%b4%d0%b2%d0%b5%d1%80%d0%b8\/%d1%81%d1%82%d0%b2%d0%be%d1%80%d1%87%d0%b0%d1%82%d0%b0%d1%8f-%d0%b4%d0%b2%d0%b5%d1%80%d1%8c-es40\/","url":"https:\/\/metalpie.com\/ru\/%d0%b0%d0%bb%d1%8e%d0%bc%d0%b8%d0%bd%d0%b8%d0%b5%d0%b2%d1%8b%d0%b5-%d0%be%d0%ba%d0%bd%d0%b0-%d0%b4%d0%b2%d0%b5%d1%80%d0%b8\/%d1%81%d1%82%d0%b2%d0%be%d1%80%d1%87%d0%b0%d1%82%d0%b0%d1%8f-%d0%b4%d0%b2%d0%b5%d1%80%d1%8c-es40\/","name":"ES40 Aluminium-Fl\u00fcgelt\u00fcr | T\u00fcr aus mattiertem Glas","isPartOf":{"@id":"https:\/\/metalpie.com\/#website"},"datePublished":"2022-10-09T04:44:33+00:00","dateModified":"2022-12-08T09:00:20+00:00","description":"Die ES40-Fl\u00fcgelt\u00fcr besteht aus Aluminiumprofilen und mattiertem Glas, das Ihre Privatsph\u00e4re sch\u00fctzt. Diese T\u00fcr ist eine gute Wahl, wenn Sie etwas Privatsph\u00e4re w\u00fcnschen.","breadcrumb":{"@id":"https:\/\/metalpie.com\/ru\/%d0%b0%d0%bb%d1%8e%d0%bc%d0%b8%d0%bd%d0%b8%d0%b5%d0%b2%d1%8b%d0%b5-%d0%be%d0%ba%d0%bd%d0%b0-%d0%b4%d0%b2%d0%b5%d1%80%d0%b8\/%d1%81%d1%82%d0%b2%d0%be%d1%80%d1%87%d0%b0%d1%82%d0%b0%d1%8f-%d0%b4%d0%b2%d0%b5%d1%80%d1%8c-es40\/#breadcrumb"},"inLanguage":"de","potentialAction":[{"@type":"ReadAction","target":["https:\/\/metalpie.com\/ru\/%d0%b0%d0%bb%d1%8e%d0%bc%d0%b8%d0%bd%d0%b8%d0%b5%d0%b2%d1%8b%d0%b5-%d0%be%d0%ba%d0%bd%d0%b0-%d0%b4%d0%b2%d0%b5%d1%80%d0%b8\/%d1%81%d1%82%d0%b2%d0%be%d1%80%d1%87%d0%b0%d1%82%d0%b0%d1%8f-%d0%b4%d0%b2%d0%b5%d1%80%d1%8c-es40\/"]}]},{"@type":"BreadcrumbList","@id":"https:\/\/metalpie.com\/ru\/%d0%b0%d0%bb%d1%8e%d0%bc%d0%b8%d0%bd%d0%b8%d0%b5%d0%b2%d1%8b%d0%b5-%d0%be%d0%ba%d0%bd%d0%b0-%d0%b4%d0%b2%d0%b5%d1%80%d0%b8\/%d1%81%d1%82%d0%b2%d0%be%d1%80%d1%87%d0%b0%d1%82%d0%b0%d1%8f-%d0%b4%d0%b2%d0%b5%d1%80%d1%8c-es40\/#breadcrumb","itemListElement":[{"@type":"ListItem","position":1,"name":"Home","item":"https:\/\/metalpie.com\/"},{"@type":"ListItem","position":2,"name":"Products","item":"https:\/\/metalpie.com\/shop\/"},{"@type":"ListItem","position":3,"name":"ES40 Casement Door"}]},{"@type":"WebSite","@id":"https:\/\/metalpie.com\/#website","url":"https:\/\/metalpie.com\/","name":"METALPIE","description":"Pr\u00e4zisionsmetallverarbeitung | Werkzeuge, Verfahren &amp; mehr","potentialAction":[{"@type":"SearchAction","target":{"@type":"EntryPoint","urlTemplate":"https:\/\/metalpie.com\/?s={search_term_string}"},"query-input":"required name=search_term_string"}],"inLanguage":"de"}]}},"_links":{"self":[{"href":"https:\/\/metalpie.com\/de\/wp-json\/wp\/v2\/product\/2743","targetHints":{"allow":["GET"]}}],"collection":[{"href":"https:\/\/metalpie.com\/de\/wp-json\/wp\/v2\/product"}],"about":[{"href":"https:\/\/metalpie.com\/de\/wp-json\/wp\/v2\/types\/product"}],"replies":[{"embeddable":true,"href":"https:\/\/metalpie.com\/de\/wp-json\/wp\/v2\/comments?post=2743"}],"wp:featuredmedia":[{"embeddable":true,"href":"https:\/\/metalpie.com\/de\/wp-json\/wp\/v2\/media\/2744"}],"wp:attachment":[{"href":"https:\/\/metalpie.com\/de\/wp-json\/wp\/v2\/media?parent=2743"}],"wp:term":[{"taxonomy":"product_cat","embeddable":true,"href":"https:\/\/metalpie.com\/de\/wp-json\/wp\/v2\/product_cat?post=2743"}],"curies":[{"name":"wp","href":"https:\/\/api.w.org\/{rel}","templated":true}]}}