{"id":2731,"date":"2022-10-09T12:30:36","date_gmt":"2022-10-09T04:30:36","guid":{"rendered":"https:\/\/metalpie.com\/?post_type=product&#038;p=2731"},"modified":"2022-11-08T15:15:50","modified_gmt":"2022-11-08T07:15:50","slug":"es65-zweiflugeliges-nach-ausen-offnendes-fenster","status":"publish","type":"product","link":"https:\/\/metalpie.com\/de\/aluminium-fenster-turen\/es65-zweiflugeliges-nach-ausen-offnendes-fenster\/","title":{"rendered":"ES65 Zweifl\u00fcgeliges Fenster"},"content":{"rendered":"<section class=\"section\" id=\"section_1405536540\">\n\t\t<div class=\"bg section-bg fill bg-fill  bg-loaded\" >\n\n\t\t\t\n\t\t\t\n\t\t\t\n\n\t\t<\/div>\n\n\t\t\t<div class=\"ux-shape-divider ux-shape-divider--top ux-shape-divider--style-curve-opacity\">\n\t\t<svg viewbox=\"0 0 1000 100\" xmlns=\"http:\/\/www.w3.org\/2000\/svg\" preserveaspectratio=\"none\">\n\t\t<path class=\"ux-shape-fill\" opacity=\"0.15\" d=\"M0 14C0 14 88.64 17.48 300 50C560 90 814 77 1003 40L1015 68L1018 104H0V14Z\"\/>\n\t\t<path class=\"ux-shape-fill\" opacity=\"0.3\" d=\"M0 45C0 45 271 90.13 500 77C657 68 830 30 1015 14V100H0V45Z\"\/>\n\t\t<path class=\"ux-shape-fill\" d=\"M0 58C0 58 188.29 90 508 90C798 90 1002 55 1002 55V100H0V58Z\"\/>\n<\/svg>\n\t<\/div>\n\n\n\t\t<div class=\"section-content relative\">\n\t\t\t\n<div class=\"is-divider divider clearfix\" style=\"margin-top:0px;margin-bottom:0px;max-width:0px;height:30px;\"><\/div>\n<div class=\"row row-collapse align-middle\"  id=\"row-867401451\">\n\n\t<div id=\"col-977243410\" class=\"col medium-6 small-12 large-6\"  >\n\t\t\t\t<div class=\"col-inner\"  >\n\t\t\t\n\t\t\t\n<div class=\"row row-small align-middle\"  id=\"row-2045233065\">\n\n\t<div id=\"col-1718296538\" class=\"col medium-7 small-12 large-7\"  >\n\t\t\t\t<div class=\"col-inner\"  >\n\t\t\t\n\t\t\t\n\t<div class=\"img has-hover x md-x lg-x y md-y lg-y\" id=\"image_2015389137\">\n\t\t\t\t\t\t\t\t<div class=\"img-inner dark\" >\n\t\t\t<img loading=\"lazy\" decoding=\"async\" width=\"532\" height=\"366\" src=\"https:\/\/metalpie.com\/wp-content\/uploads\/2022\/09\/block_Universal_products_bottom_001.1image.jpg.webp\" class=\"attachment-original size-original\" alt=\"\" srcset=\"https:\/\/metalpie.com\/wp-content\/uploads\/2022\/09\/block_Universal_products_bottom_001.1image.jpg.webp 532w, https:\/\/metalpie.com\/wp-content\/uploads\/2022\/09\/block_Universal_products_bottom_001.1image.jpg-300x206.webp 300w\" sizes=\"auto, (max-width: 532px) 100vw, 532px\" \/>\t\t\t\t\t\t\n\t\t\t\t\t<\/div>\n\t\t\t\t\t\t\t\t\n<style>\n#image_2015389137 {\n  width: 100%;\n}\n<\/style>\n\t<\/div>\n\t\n\t\t<\/div>\n\t\t\t\t\t<\/div>\n\n\t\n\n\t<div id=\"col-1059337833\" class=\"col medium-5 small-12 large-5\"  >\n\t\t\t\t<div class=\"col-inner\"  >\n\t\t\t\n\t\t\t\n\t<div id=\"text-1825934951\" class=\"text\">\n\t\t\n<h5>Luftdichte Leistung<\/h5>\n\t\t\n<style>\n#text-1825934951 {\n  text-align: center;\n}\n@media (min-width:550px) {\n  #text-1825934951 {\n    text-align: left;\n  }\n}\n<\/style>\n\t<\/div>\n\t\n\t<div id=\"text-2532221171\" class=\"text\">\n\t\t\n<p><b>Stufe 8<br \/><\/b>q1=0,3 m\u00b3 \/ (m.h)<br \/>q2=0,5 m\u00b3\/ ( \u33a1.h )<\/p>\n\t\t\n<style>\n#text-2532221171 {\n  text-align: center;\n}\n@media (min-width:550px) {\n  #text-2532221171 {\n    text-align: left;\n  }\n}\n<\/style>\n\t<\/div>\n\t\n\t\t<\/div>\n\t\t\t\t\t<\/div>\n\n\t\n<\/div>\n\t\t<\/div>\n\t\t\t\t\t<\/div>\n\n\t\n\n\t<div id=\"col-748475970\" class=\"col medium-6 small-12 large-6\"  >\n\t\t\t\t<div class=\"col-inner\"  >\n\t\t\t\n\t\t\t\n<div class=\"row row-small align-middle\"  id=\"row-1775088034\">\n\n\t<div id=\"col-156608818\" class=\"col medium-7 small-12 large-7\"  >\n\t\t\t\t<div class=\"col-inner\"  >\n\t\t\t\n\t\t\t\n\t<div class=\"img has-hover x md-x lg-x y md-y lg-y\" id=\"image_1082080705\">\n\t\t\t\t\t\t\t\t<div class=\"img-inner dark\" >\n\t\t\t<img loading=\"lazy\" decoding=\"async\" width=\"534\" height=\"368\" src=\"https:\/\/metalpie.com\/wp-content\/uploads\/2022\/09\/block_Universal_products_bottom_002.2image.jpg.webp\" class=\"attachment-original size-original\" alt=\"\" srcset=\"https:\/\/metalpie.com\/wp-content\/uploads\/2022\/09\/block_Universal_products_bottom_002.2image.jpg.webp 534w, https:\/\/metalpie.com\/wp-content\/uploads\/2022\/09\/block_Universal_products_bottom_002.2image.jpg-300x207.webp 300w\" sizes=\"auto, (max-width: 534px) 100vw, 534px\" \/>\t\t\t\t\t\t\n\t\t\t\t\t<\/div>\n\t\t\t\t\t\t\t\t\n<style>\n#image_1082080705 {\n  width: 100%;\n}\n<\/style>\n\t<\/div>\n\t\n\t\t<\/div>\n\t\t\t\t\t<\/div>\n\n\t\n\n\t<div id=\"col-1498990801\" class=\"col medium-5 small-12 large-5\"  >\n\t\t\t\t<div class=\"col-inner\"  >\n\t\t\t\n\t\t\t\n\t<div id=\"text-416391986\" class=\"text\">\n\t\t\n<h5>Wind Druckfestigkeit<\/h5>\n\t\t\n<style>\n#text-416391986 {\n  text-align: center;\n}\n@media (min-width:550px) {\n  #text-416391986 {\n    text-align: left;\n  }\n}\n<\/style>\n\t<\/div>\n\t\n\t<div id=\"text-211577307\" class=\"text\">\n\t\t\n<p><strong>Stufe 9<\/strong><br \/>p3=5,0 Kpa<\/p>\n\t\t\n<style>\n#text-211577307 {\n  text-align: center;\n}\n@media (min-width:550px) {\n  #text-211577307 {\n    text-align: left;\n  }\n}\n<\/style>\n\t<\/div>\n\t\n\t\t<\/div>\n\t\t\t\t\t<\/div>\n\n\t\n<\/div>\n\t\t<\/div>\n\t\t\t\t\t<\/div>\n\n\t\n\n\t<div id=\"col-1477421167\" class=\"col medium-6 small-12 large-6\"  >\n\t\t\t\t<div class=\"col-inner\"  >\n\t\t\t\n\t\t\t\n<div class=\"row row-small align-middle\"  id=\"row-746705069\">\n\n\t<div id=\"col-112467113\" class=\"col medium-7 small-12 large-7\"  >\n\t\t\t\t<div class=\"col-inner\"  >\n\t\t\t\n\t\t\t\n\t<div class=\"img has-hover x md-x lg-x y md-y lg-y\" id=\"image_1414061320\">\n\t\t\t\t\t\t\t\t<div class=\"img-inner dark\" >\n\t\t\t<img loading=\"lazy\" decoding=\"async\" width=\"531\" height=\"366\" src=\"https:\/\/metalpie.com\/wp-content\/uploads\/2022\/09\/block_Universal_products_bottom_003.3image.jpg.webp\" class=\"attachment-original size-original\" alt=\"\" srcset=\"https:\/\/metalpie.com\/wp-content\/uploads\/2022\/09\/block_Universal_products_bottom_003.3image.jpg.webp 531w, https:\/\/metalpie.com\/wp-content\/uploads\/2022\/09\/block_Universal_products_bottom_003.3image.jpg-300x207.webp 300w\" sizes=\"auto, (max-width: 531px) 100vw, 531px\" \/>\t\t\t\t\t\t\n\t\t\t\t\t<\/div>\n\t\t\t\t\t\t\t\t\n<style>\n#image_1414061320 {\n  width: 100%;\n}\n<\/style>\n\t<\/div>\n\t\n\t\t<\/div>\n\t\t\t\t\t<\/div>\n\n\t\n\n\t<div id=\"col-867870825\" class=\"col medium-5 small-12 large-5\"  >\n\t\t\t\t<div class=\"col-inner\"  >\n\t\t\t\n\t\t\t\n\t<div id=\"text-2505578490\" class=\"text\">\n\t\t\n<h5>Wasserdichte Leistung<\/h5>\n\t\t\n<style>\n#text-2505578490 {\n  text-align: center;\n}\n@media (min-width:550px) {\n  #text-2505578490 {\n    text-align: left;\n  }\n}\n<\/style>\n\t<\/div>\n\t\n\t<div id=\"text-2856250940\" class=\"text\">\n\t\t\n<p><strong>Stufe 6<\/strong><br \/>\u25b3P=700 pa<\/p>\n\t\t\n<style>\n#text-2856250940 {\n  text-align: center;\n}\n@media (min-width:550px) {\n  #text-2856250940 {\n    text-align: left;\n  }\n}\n<\/style>\n\t<\/div>\n\t\n\t\t<\/div>\n\t\t\t\t\t<\/div>\n\n\t\n<\/div>\n\t\t<\/div>\n\t\t\t\t\t<\/div>\n\n\t\n\n\t<div id=\"col-1380121798\" class=\"col medium-6 small-12 large-6\"  >\n\t\t\t\t<div class=\"col-inner\"  >\n\t\t\t\n\t\t\t\n<div class=\"row row-small align-middle\"  id=\"row-461058365\">\n\n\t<div id=\"col-593899820\" class=\"col medium-7 small-12 large-7\"  >\n\t\t\t\t<div class=\"col-inner\"  >\n\t\t\t\n\t\t\t\n\t<div class=\"img has-hover x md-x lg-x y md-y lg-y\" id=\"image_1451078155\">\n\t\t\t\t\t\t\t\t<div class=\"img-inner dark\" >\n\t\t\t<img loading=\"lazy\" decoding=\"async\" width=\"531\" height=\"365\" src=\"https:\/\/metalpie.com\/wp-content\/uploads\/2022\/09\/block_Universal_products_bottom_004.4image.jpg.webp\" class=\"attachment-original size-original\" alt=\"\" srcset=\"https:\/\/metalpie.com\/wp-content\/uploads\/2022\/09\/block_Universal_products_bottom_004.4image.jpg.webp 531w, https:\/\/metalpie.com\/wp-content\/uploads\/2022\/09\/block_Universal_products_bottom_004.4image.jpg-300x206.webp 300w\" sizes=\"auto, (max-width: 531px) 100vw, 531px\" \/>\t\t\t\t\t\t\n\t\t\t\t\t<\/div>\n\t\t\t\t\t\t\t\t\n<style>\n#image_1451078155 {\n  width: 100%;\n}\n<\/style>\n\t<\/div>\n\t\n\t\t<\/div>\n\t\t\t\t\t<\/div>\n\n\t\n\n\t<div id=\"col-283496888\" class=\"col medium-5 small-12 large-5\"  >\n\t\t\t\t<div class=\"col-inner\"  >\n\t\t\t\n\t\t\t\n\t<div id=\"text-2550451588\" class=\"text\">\n\t\t\n<h5>Leistung der Isolierung<\/h5>\n\t\t\n<style>\n#text-2550451588 {\n  text-align: center;\n}\n@media (min-width:550px) {\n  #text-2550451588 {\n    text-align: left;\n  }\n}\n<\/style>\n\t<\/div>\n\t\n\t<div id=\"text-1405462161\" class=\"text\">\n\t\t\n<p><strong>Stufe 7<\/strong><br \/>K=1,8~ 2,2W\/(\u33a1.K)<\/p>\n\t\t\n<style>\n#text-1405462161 {\n  text-align: center;\n}\n@media (min-width:550px) {\n  #text-1405462161 {\n    text-align: left;\n  }\n}\n<\/style>\n\t<\/div>\n\t\n\t\t<\/div>\n\t\t\t\t\t<\/div>\n\n\t\n<\/div>\n\t\t<\/div>\n\t\t\t\t\t<\/div>\n\n\t\n\n<style>\n#row-867401451 > .col > .col-inner {\n  padding: 0px 20px 0px 20px;\n}\n<\/style>\n<\/div>\n\t\t<\/div>\n\n\t\t\n<style>\n#section_1405536540 {\n  padding-top: 0px;\n  padding-bottom: 0px;\n  background-color: rgb(245, 245, 245);\n}\n#section_1405536540 .ux-shape-divider--top svg {\n  height: 143px;\n  --divider-top-width: 100%;\n}\n<\/style>\n\t<\/section>","protected":false},"excerpt":{"rendered":"<p>Das doppelfl\u00fcgelige Fenster ES65 ist ein nach au\u00dfen \u00f6ffnendes Fenster, so dass es sehr sicher ist, wenn Kinder unter dem Fenster spielen. Die nach au\u00dfen \u00f6ffnenden Fenster sind auch platzsparend. Obwohl es ein gro\u00dfes Fenster ist, kann sein Aluminiumrahmen bei schlechtem Wetter starkem Wind widerstehen. Dieses Fenster ist f\u00fcr Orte geeignet, an denen das Wetter wechselhaft ist.<\/p>","protected":false},"featured_media":2727,"comment_status":"closed","ping_status":"closed","template":"","meta":[],"product_cat":[15],"class_list":["post-2731","product","type-product","status-publish","has-post-thumbnail","hentry","product_cat-aluminum-windows-doors"],"yoast_head":"<!-- This site is optimized with the Yoast SEO plugin v21.5 - https:\/\/yoast.com\/wordpress\/plugins\/seo\/ -->\n<title>ES65 Double Sash Window | Windows that open outward<\/title>\n<meta name=\"description\" content=\"ES65 double sash window is a sliding window that opens outward. Its window frames are good aluminum profiles that are solid and can resist strong winds.\" \/>\n<meta name=\"robots\" content=\"index, follow, max-snippet:-1, max-image-preview:large, max-video-preview:-1\" \/>\n<link rel=\"canonical\" href=\"https:\/\/metalpie.com\/de\/aluminium-fenster-turen\/es65-zweiflugeliges-nach-ausen-offnendes-fenster\/\" \/>\n<meta property=\"og:locale\" content=\"de_DE\" \/>\n<meta property=\"og:type\" content=\"article\" \/>\n<meta property=\"og:title\" content=\"ES65 Double Sash Window | Windows that open outward\" \/>\n<meta property=\"og:description\" content=\"ES65 double sash window is a sliding window that opens outward. Its window frames are good aluminum profiles that are solid and can resist strong winds.\" \/>\n<meta property=\"og:url\" content=\"https:\/\/metalpie.com\/de\/aluminium-fenster-turen\/es65-zweiflugeliges-nach-ausen-offnendes-fenster\/\" \/>\n<meta property=\"og:site_name\" content=\"METALPIE\" \/>\n<meta property=\"article:modified_time\" content=\"2022-11-08T07:15:50+00:00\" \/>\n<meta property=\"og:image\" content=\"https:\/\/metalpie.com\/wp-content\/uploads\/2022\/10\/ES65_double_sash_outward_open_window_001image.webp\" \/>\n\t<meta property=\"og:image:width\" content=\"1000\" \/>\n\t<meta property=\"og:image:height\" content=\"1000\" \/>\n\t<meta property=\"og:image:type\" content=\"image\/webp\" \/>\n<meta name=\"twitter:card\" content=\"summary_large_image\" \/>\n<script type=\"application\/ld+json\" class=\"yoast-schema-graph\">{\"@context\":\"https:\/\/schema.org\",\"@graph\":[{\"@type\":\"WebPage\",\"@id\":\"https:\/\/metalpie.com\/es\/ventanas-puertas-de-aluminio\/es65-ventana-de-doble-hoja-con-apertura-hacia-el-exterior\/\",\"url\":\"https:\/\/metalpie.com\/es\/ventanas-puertas-de-aluminio\/es65-ventana-de-doble-hoja-con-apertura-hacia-el-exterior\/\",\"name\":\"ES65 Double Sash Window | Windows that open outward\",\"isPartOf\":{\"@id\":\"https:\/\/metalpie.com\/#website\"},\"datePublished\":\"2022-10-09T04:30:36+00:00\",\"dateModified\":\"2022-11-08T07:15:50+00:00\",\"description\":\"ES65 double sash window is a sliding window that opens outward. Its window frames are good aluminum profiles that are solid and can resist strong winds.\",\"breadcrumb\":{\"@id\":\"https:\/\/metalpie.com\/es\/ventanas-puertas-de-aluminio\/es65-ventana-de-doble-hoja-con-apertura-hacia-el-exterior\/#breadcrumb\"},\"inLanguage\":\"de\",\"potentialAction\":[{\"@type\":\"ReadAction\",\"target\":[\"https:\/\/metalpie.com\/es\/ventanas-puertas-de-aluminio\/es65-ventana-de-doble-hoja-con-apertura-hacia-el-exterior\/\"]}]},{\"@type\":\"BreadcrumbList\",\"@id\":\"https:\/\/metalpie.com\/es\/ventanas-puertas-de-aluminio\/es65-ventana-de-doble-hoja-con-apertura-hacia-el-exterior\/#breadcrumb\",\"itemListElement\":[{\"@type\":\"ListItem\",\"position\":1,\"name\":\"Home\",\"item\":\"https:\/\/metalpie.com\/\"},{\"@type\":\"ListItem\",\"position\":2,\"name\":\"Products\",\"item\":\"https:\/\/metalpie.com\/shop\/\"},{\"@type\":\"ListItem\",\"position\":3,\"name\":\"ES65 Double Sash Window\"}]},{\"@type\":\"WebSite\",\"@id\":\"https:\/\/metalpie.com\/#website\",\"url\":\"https:\/\/metalpie.com\/\",\"name\":\"METALPIE\",\"description\":\"Precision Metal Fabrication | Tools, Processes &amp; More\",\"potentialAction\":[{\"@type\":\"SearchAction\",\"target\":{\"@type\":\"EntryPoint\",\"urlTemplate\":\"https:\/\/metalpie.com\/?s={search_term_string}\"},\"query-input\":\"required name=search_term_string\"}],\"inLanguage\":\"de\"}]}<\/script>\n<!-- \/ Yoast SEO plugin. -->","yoast_head_json":{"title":"ES65 Double Sash Window | Fenster, die nach au\u00dfen \u00f6ffnen","description":"Das doppelfl\u00fcgelige Fenster ES65 ist ein nach au\u00dfen \u00f6ffnendes Schiebefenster. Seine Fensterrahmen sind gute Aluminiumprofile, die solide sind und starken Winden standhalten k\u00f6nnen.","robots":{"index":"index","follow":"follow","max-snippet":"max-snippet:-1","max-image-preview":"max-image-preview:large","max-video-preview":"max-video-preview:-1"},"canonical":"https:\/\/metalpie.com\/de\/aluminium-fenster-turen\/es65-zweiflugeliges-nach-ausen-offnendes-fenster\/","og_locale":"de_DE","og_type":"article","og_title":"ES65 Double Sash Window | Windows that open outward","og_description":"ES65 double sash window is a sliding window that opens outward. Its window frames are good aluminum profiles that are solid and can resist strong winds.","og_url":"https:\/\/metalpie.com\/de\/aluminium-fenster-turen\/es65-zweiflugeliges-nach-ausen-offnendes-fenster\/","og_site_name":"METALPIE","article_modified_time":"2022-11-08T07:15:50+00:00","og_image":[{"width":1000,"height":1000,"url":"https:\/\/metalpie.com\/wp-content\/uploads\/2022\/10\/ES65_double_sash_outward_open_window_001image.webp","type":"image\/webp"}],"twitter_card":"summary_large_image","schema":{"@context":"https:\/\/schema.org","@graph":[{"@type":"WebPage","@id":"https:\/\/metalpie.com\/es\/ventanas-puertas-de-aluminio\/es65-ventana-de-doble-hoja-con-apertura-hacia-el-exterior\/","url":"https:\/\/metalpie.com\/es\/ventanas-puertas-de-aluminio\/es65-ventana-de-doble-hoja-con-apertura-hacia-el-exterior\/","name":"ES65 Double Sash Window | Fenster, die nach au\u00dfen \u00f6ffnen","isPartOf":{"@id":"https:\/\/metalpie.com\/#website"},"datePublished":"2022-10-09T04:30:36+00:00","dateModified":"2022-11-08T07:15:50+00:00","description":"Das doppelfl\u00fcgelige Fenster ES65 ist ein nach au\u00dfen \u00f6ffnendes Schiebefenster. Seine Fensterrahmen sind gute Aluminiumprofile, die solide sind und starken Winden standhalten k\u00f6nnen.","breadcrumb":{"@id":"https:\/\/metalpie.com\/es\/ventanas-puertas-de-aluminio\/es65-ventana-de-doble-hoja-con-apertura-hacia-el-exterior\/#breadcrumb"},"inLanguage":"de","potentialAction":[{"@type":"ReadAction","target":["https:\/\/metalpie.com\/es\/ventanas-puertas-de-aluminio\/es65-ventana-de-doble-hoja-con-apertura-hacia-el-exterior\/"]}]},{"@type":"BreadcrumbList","@id":"https:\/\/metalpie.com\/es\/ventanas-puertas-de-aluminio\/es65-ventana-de-doble-hoja-con-apertura-hacia-el-exterior\/#breadcrumb","itemListElement":[{"@type":"ListItem","position":1,"name":"Home","item":"https:\/\/metalpie.com\/"},{"@type":"ListItem","position":2,"name":"Products","item":"https:\/\/metalpie.com\/shop\/"},{"@type":"ListItem","position":3,"name":"ES65 Double Sash Window"}]},{"@type":"WebSite","@id":"https:\/\/metalpie.com\/#website","url":"https:\/\/metalpie.com\/","name":"METALPIE","description":"Pr\u00e4zisionsmetallverarbeitung | Werkzeuge, Verfahren &amp; mehr","potentialAction":[{"@type":"SearchAction","target":{"@type":"EntryPoint","urlTemplate":"https:\/\/metalpie.com\/?s={search_term_string}"},"query-input":"required name=search_term_string"}],"inLanguage":"de"}]}},"_links":{"self":[{"href":"https:\/\/metalpie.com\/de\/wp-json\/wp\/v2\/product\/2731","targetHints":{"allow":["GET"]}}],"collection":[{"href":"https:\/\/metalpie.com\/de\/wp-json\/wp\/v2\/product"}],"about":[{"href":"https:\/\/metalpie.com\/de\/wp-json\/wp\/v2\/types\/product"}],"replies":[{"embeddable":true,"href":"https:\/\/metalpie.com\/de\/wp-json\/wp\/v2\/comments?post=2731"}],"wp:featuredmedia":[{"embeddable":true,"href":"https:\/\/metalpie.com\/de\/wp-json\/wp\/v2\/media\/2727"}],"wp:attachment":[{"href":"https:\/\/metalpie.com\/de\/wp-json\/wp\/v2\/media?parent=2731"}],"wp:term":[{"taxonomy":"product_cat","embeddable":true,"href":"https:\/\/metalpie.com\/de\/wp-json\/wp\/v2\/product_cat?post=2731"}],"curies":[{"name":"wp","href":"https:\/\/api.w.org\/{rel}","templated":true}]}}