{"id":2692,"date":"2022-10-09T09:00:48","date_gmt":"2022-10-09T01:00:48","guid":{"rendered":"https:\/\/metalpie.com\/?post_type=product&#038;p=2692"},"modified":"2023-08-23T14:15:46","modified_gmt":"2023-08-23T06:15:46","slug":"aluminiumschalung","status":"publish","type":"product","link":"https:\/\/metalpie.com\/de\/aluminiumschalung-2\/aluminiumschalung\/","title":{"rendered":"Aluminium-Schalung"},"content":{"rendered":"<section class=\"section\" id=\"section_472263425\">\n\t\t<div class=\"bg section-bg fill bg-fill  bg-loaded\" >\n\n\t\t\t\n\t\t\t\n\t\t\t\n\n\t\t<\/div>\n\n\t\t\n\n\t\t<div class=\"section-content relative\">\n\t\t\t\n<div class=\"row\"  id=\"row-57051901\">\n\n\t<div id=\"col-395845901\" class=\"col small-12 large-12\"  >\n\t\t\t\t<div class=\"col-inner\"  >\n\t\t\t\n\t\t\t\n<h2><strong>Aluminium-Betonschalungen<\/strong><\/h2>\n<p>In immer mehr Industriel\u00e4ndern werden weltweit Aluminiumschalungen eingesetzt. Sie ist in Bezug auf Material und Konstruktionseffekte \u00fcberlegen. Sie ist auch besser in Bezug auf das Kostenbudget, die Nutzungsdauer und den Umweltschutz. Aluminiumschalungen reduzieren die Projektkosten, verbessern die Qualit\u00e4t der Konstruktion, beschleunigen den Bau und vermeiden menschliche Fehler im Prozess. Somit bietet sie eine sichere und zivilisierte Arbeitsumgebung f\u00fcr die Bauarbeiter.<\/p>\n<div class=\"row\"  id=\"row-325524401\">\n\n\t<div id=\"col-1720800386\" class=\"col medium-6 small-12 large-6\"  >\n\t\t\t\t<div class=\"col-inner\"  >\n\t\t\t\n\t\t\t\n\t<div class=\"img has-hover x md-x lg-x y md-y lg-y\" id=\"image_1468256967\">\n\t\t\t\t\t\t\t\t<div class=\"img-inner dark\" >\n\t\t\t<img loading=\"lazy\" decoding=\"async\" width=\"554\" height=\"341\" src=\"https:\/\/metalpie.com\/wp-content\/uploads\/2022\/10\/ALUMINIUM_FORMA_WORK_PLATE_004image.webp\" class=\"attachment-original size-original\" alt=\"\" srcset=\"https:\/\/metalpie.com\/wp-content\/uploads\/2022\/10\/ALUMINIUM_FORMA_WORK_PLATE_004image.webp 554w, https:\/\/metalpie.com\/wp-content\/uploads\/2022\/10\/ALUMINIUM_FORMA_WORK_PLATE_004image-300x185.webp 300w\" sizes=\"auto, (max-width: 554px) 100vw, 554px\" \/>\t\t\t\t\t\t\n\t\t\t\t\t<\/div>\n\t\t\t\t\t\t\t\t\n<style>\n#image_1468256967 {\n  width: 100%;\n}\n<\/style>\n\t<\/div>\n\t\n\t\t<\/div>\n\t\t\t\t\t<\/div>\n\n\t\n\n\t<div id=\"col-1887322278\" class=\"col medium-6 small-12 large-6\"  >\n\t\t\t\t<div class=\"col-inner\"  >\n\t\t\t\n\t\t\t\n\t\t<\/div>\n\t\t\t\t\t<\/div>\n\n\t\n<\/div>\n\t\t<\/div>\n\t\t\t\t\t<\/div>\n\n\t\n<\/div>\n<div class=\"row\"  id=\"row-1655418712\">\n\n\t<div id=\"col-2064909470\" class=\"col small-12 large-12\"  >\n\t\t\t\t<div class=\"col-inner\"  >\n\t\t\t\n\t\t\t\n<p>Die Aluminiumschablone hat die Eigenschaften von Leichtigkeit und Flexibilit\u00e4t. Sie hat eine hohe Steifigkeit, eine lange Lebensdauer und eine gro\u00dfe Plattenoberfl\u00e4che. Weitere Eigenschaften sind geringe Schlitze, hohe Pr\u00e4zision und eine glatte Oberfl\u00e4che. F\u00fcr die Konstruktion sind nur wenige Maschinen erforderlich. Sie erm\u00f6glicht niedrige Kosten f\u00fcr Arbeit und Material. Die Schablone aus Aluminiumlegierung hat einen breiten Anwendungsbereich, niedrige Wartungskosten, eine hohe Baueffizienz und einen hohen R\u00fcckgewinnungswert.<\/p>\n<div class=\"row\"  id=\"row-1472916130\">\n\n\t<div id=\"col-750055694\" class=\"col medium-6 small-12 large-6\"  >\n\t\t\t\t<div class=\"col-inner\"  >\n\t\t\t\n\t\t\t\n\t<div class=\"img has-hover x md-x lg-x y md-y lg-y\" id=\"image_1797275707\">\n\t\t\t\t\t\t\t\t<div class=\"img-inner dark\" >\n\t\t\t<img loading=\"lazy\" decoding=\"async\" width=\"553\" height=\"369\" src=\"https:\/\/metalpie.com\/wp-content\/uploads\/2022\/10\/ALUMINIUM_FORMA_WORK_PLATE_005image.webp\" class=\"attachment-original size-original\" alt=\"\" srcset=\"https:\/\/metalpie.com\/wp-content\/uploads\/2022\/10\/ALUMINIUM_FORMA_WORK_PLATE_005image.webp 553w, https:\/\/metalpie.com\/wp-content\/uploads\/2022\/10\/ALUMINIUM_FORMA_WORK_PLATE_005image-300x200.webp 300w\" sizes=\"auto, (max-width: 553px) 100vw, 553px\" \/>\t\t\t\t\t\t\n\t\t\t\t\t<\/div>\n\t\t\t\t\t\t\t\t\n<style>\n#image_1797275707 {\n  width: 100%;\n}\n<\/style>\n\t<\/div>\n\t\n\t\t<\/div>\n\t\t\t\t\t<\/div>\n\n\t\n\n\t<div id=\"col-1080061257\" class=\"col medium-6 small-12 large-6\"  >\n\t\t\t\t<div class=\"col-inner\"  >\n\t\t\t\n\t\t\t\n\t\t<\/div>\n\t\t\t\t\t<\/div>\n\n\t\n<\/div>\n\t\t<\/div>\n\t\t\t\t\t<\/div>\n\n\t\n<\/div>\n<div class=\"row\"  id=\"row-767819197\">\n\n\t<div id=\"col-748125420\" class=\"col small-12 large-12\"  >\n\t\t\t\t<div class=\"col-inner\"  >\n\t\t\t\n\t\t\t\n<p>Das Produkt kann nach den Konstruktionszeichnungen der Bauprojekte der Kunden entworfen und verarbeitet werden. Mit der Spannleiste kann der Abstand zwischen den Platten eingestellt werden. Die L\u00f6cher am Rand der Schablone sind nach einem bestimmten Abstand verteilt. Bei den Verbindungen handelt es sich haupts\u00e4chlich um zylindrische Eins\u00e4tze und keilf\u00f6rmige Eins\u00e4tze. Eine Diagonale oder ein Vierkant hinter jeder Schablone st\u00fctzt die R\u00fcckenlehne und sorgt f\u00fcr Bequemlichkeit und Praktikabilit\u00e4t.<\/p>\n<div class=\"row\"  id=\"row-127427143\">\n\n\t<div id=\"col-736469195\" class=\"col medium-6 small-12 large-6\"  >\n\t\t\t\t<div class=\"col-inner\"  >\n\t\t\t\n\t\t\t\n\t<div class=\"img has-hover x md-x lg-x y md-y lg-y\" id=\"image_712708688\">\n\t\t\t\t\t\t\t\t<div class=\"img-inner dark\" >\n\t\t\t<img loading=\"lazy\" decoding=\"async\" width=\"554\" height=\"342\" src=\"https:\/\/metalpie.com\/wp-content\/uploads\/2022\/10\/ALUMINIUM_FORMA_WORK_PLATE_006image.webp\" class=\"attachment-original size-original\" alt=\"\" srcset=\"https:\/\/metalpie.com\/wp-content\/uploads\/2022\/10\/ALUMINIUM_FORMA_WORK_PLATE_006image.webp 554w, https:\/\/metalpie.com\/wp-content\/uploads\/2022\/10\/ALUMINIUM_FORMA_WORK_PLATE_006image-300x185.webp 300w\" sizes=\"auto, (max-width: 554px) 100vw, 554px\" \/>\t\t\t\t\t\t\n\t\t\t\t\t<\/div>\n\t\t\t\t\t\t\t\t\n<style>\n#image_712708688 {\n  width: 100%;\n}\n<\/style>\n\t<\/div>\n\t\n\t\t<\/div>\n\t\t\t\t\t<\/div>\n\n\t\n\n\t<div id=\"col-858825294\" class=\"col medium-6 small-12 large-6\"  >\n\t\t\t\t<div class=\"col-inner\"  >\n\t\t\t\n\t\t\t\n\t\t<\/div>\n\t\t\t\t\t<\/div>\n\n\t\n<\/div>\n\t\t<\/div>\n\t\t\t\t\t<\/div>\n\n\t\n<\/div>\n<div class=\"row\"  id=\"row-1906992446\">\n\n\t<div id=\"col-327636065\" class=\"col small-12 large-12\"  >\n\t\t\t\t<div class=\"col-inner\"  >\n\t\t\t\n\t\t\t\n<h3>\u00a0Was kann Aluminiumschalung leisten?<\/h3>\n<p>Die Schalung aus Aluminiumlegierung ist f\u00fcr die Verwendung von Schablonen geeignet. Diese k\u00f6nnen Wandschalung, horizontale Boden-, S\u00e4ulen-, Balken-, Raupen- und Br\u00fcckenschalung sein. Sie wird als kleine, mittlere oder gro\u00dfe Schablone hergestellt. Das Produkt hat ein geringes Gewicht, kann komplett von Menschenhand hergestellt werden und kann auch nach mechanischem Heben geschalt werden. Die Hauptverbindung ist eine Keilbolzenverbindung. F\u00fcr die Konstruktion ist in der Regel nur ein Schraubenschl\u00fcssel oder ein kleiner Hammer erforderlich, was bequem und schnell ist. Vor der Installation ist lediglich eine einfache Schulung des Baupersonals erforderlich. Unabh\u00e4ngig davon, wie das Aluminiumschalungssystem verwendet wird, sind die grundlegenden Methoden und Komponenten die gleichen, und die Bauarbeiter k\u00f6nnen sie geschickt einsetzen. Das Ergebnis ist eine hohe Pr\u00e4zision der Schablone. Au\u00dferdem spart sie Sekund\u00e4rputz- und Arbeitskosten und verleiht dem Geb\u00e4ude einen h\u00f6heren Faktor an Sicherheit und Qualit\u00e4t.<\/p>\n<p>Die Aluminiumlegierung hat einen h\u00f6heren Wiederherstellungswert und eine geringere Kostenbeteiligung. Mit mehr als zehn Jahren Geschichte in fortgeschrittenen L\u00e4ndern und Regionen, wird es heutzutage immer beliebter. Aufgrund seiner klaren Vorteile ist es auch eine erneuerbare Energie. Es h\u00e4lt sich an \"vier Abschnitte und ein Umweltschutz,\"; die zuk\u00fcnftige Entwicklung Richtung.<\/p>\n<div class=\"row\"  id=\"row-1355129424\">\n\n\t<div id=\"col-197926447\" class=\"col medium-6 small-12 large-6\"  >\n\t\t\t\t<div class=\"col-inner\"  >\n\t\t\t\n\t\t\t\n\t<div class=\"img has-hover x md-x lg-x y md-y lg-y\" id=\"image_533586052\">\n\t\t\t\t\t\t\t\t<div class=\"img-inner dark\" >\n\t\t\t<img loading=\"lazy\" decoding=\"async\" width=\"553\" height=\"337\" src=\"https:\/\/metalpie.com\/wp-content\/uploads\/2022\/10\/ALUMINIUM_FORMA_WORK_PLATE_007image.webp\" class=\"attachment-original size-original\" alt=\"\" srcset=\"https:\/\/metalpie.com\/wp-content\/uploads\/2022\/10\/ALUMINIUM_FORMA_WORK_PLATE_007image.webp 553w, https:\/\/metalpie.com\/wp-content\/uploads\/2022\/10\/ALUMINIUM_FORMA_WORK_PLATE_007image-300x183.webp 300w\" sizes=\"auto, (max-width: 553px) 100vw, 553px\" \/>\t\t\t\t\t\t\n\t\t\t\t\t<\/div>\n\t\t\t\t\t\t\t\t\n<style>\n#image_533586052 {\n  width: 100%;\n}\n<\/style>\n\t<\/div>\n\t\n\t\t<\/div>\n\t\t\t\t\t<\/div>\n\n\t\n\n\t<div id=\"col-1268513752\" class=\"col medium-6 small-12 large-6\"  >\n\t\t\t\t<div class=\"col-inner\"  >\n\t\t\t\n\t\t\t\n\t\t<\/div>\n\t\t\t\t\t<\/div>\n\n\t\n<\/div>\n\t\t<\/div>\n\t\t\t\t\t<\/div>\n\n\t\n<\/div>\n<div class=\"row\"  id=\"row-2100326713\">\n\n\t<div id=\"col-844216209\" class=\"col small-12 large-12\"  >\n\t\t\t\t<div class=\"col-inner\"  >\n\t\t\t\n\t\t\t\n<h2>Die 10 wichtigsten Vorteile von Aluminiumbetonschalungen<\/h2>\n<div><\/div>\n<h3>1 Niedrige Kosten:<\/h3>\n<div><\/div>\n<div>Das Aluminium-Schalungssystem besteht aus einer Aluminiumlegierung, auch bekannt als 6061-T6, die eine sehr langlebige Komponente ist und zu einem sehr wirtschaftlichen Preis mehr als 300 Mal verwendet werden kann. Dies liegt daran, dass es weniger Wartung und F\u00e4higkeiten erfordert und aufgrund seines geringen Gewichts leicht angehoben und transportiert werden kann, ohne dass schwere Maschinen eingesetzt werden m\u00fcssen.<\/div>\n<div><\/div>\n<h3>2 Sicher und effizient:<\/h3>\n<div><\/div>\n<div>Seine leichte und robuste Beschaffenheit bietet ein stabiles Ger\u00fcst f\u00fcr Hochh\u00e4user und Wohnungen sowie eine sichere Baustelle f\u00fcr die Arbeiter. Au\u00dferdem ist es leicht zu reinigen und zu reparieren, im Gegensatz zu anderen Schalungsmaterialien wie Stahl, Sperrholz und Kunststoff, die korrosiv und nicht wiederverwertbar sind.<\/div>\n<div><\/div>\n<h3>3 Zeitsparende Installation:<\/h3>\n<div><\/div>\n<div>Die Alu-Schalung ist ein schnelles Auf- und Abbausystem, das die Bauzeit verk\u00fcrzt und Verwaltungskosten spart. Mit einem Gewicht von ca. 23-24 kg\/m2 kann die Schalung manuell und ohne den Einsatz von Maschinen montiert werden. Ein ge\u00fcbter Monteur kann 20-30 Quadratmeter pro Tag mit minimaler \u00dcberwachung montieren.<\/div>\n<div><\/div>\n<h3>4 Breite Anwendung und Flexibilit\u00e4t:<\/h3>\n<div><\/div>\n<div>Die Aluminiumschalung kann f\u00fcr eine Vielzahl von Anwendungen wie W\u00e4nde, horizontale B\u00f6den, S\u00e4ulen, Tr\u00e4ger, Treppen, Fensterb\u00e4nke, Klappen usw. eingesetzt werden und bietet strukturelle Unterst\u00fctzung f\u00fcr Ringbalken, tragende S\u00e4ulen und Sto\u00dfd\u00e4mpfer. Dar\u00fcber hinaus ist die Aluminiumschalung in verschiedenen Standardgr\u00f6\u00dfen und -abmessungen erh\u00e4ltlich und kann entsprechend den Projektanforderungen zugeschnitten werden.<\/div>\n<div><\/div>\n<h3>5 Umweltfreundlich:<\/h3>\n<div><\/div>\n<div>Der Einsatz und die Installation von Schalungen aus Aluminiumlegierungen hinterlassen wenig bis keine R\u00fcckst\u00e4nde auf der Baustelle. Die Schalung kann nach Abschluss des Projekts leicht demontiert und entfernt werden, so dass die gesamte Bauumgebung sicher, sauber und aufger\u00e4umt bleibt. Au\u00dferdem entsprechen alle Materialien des Aluminiumschalungssystems den Vorschriften zur Energieeinsparung, zum Umweltschutz und zu geringen Kohlenstoffemissionen.<\/div>\n<div><\/div>\n<h3>6 Zuverl\u00e4ssige Langlebigkeit:<\/h3>\n<div><\/div>\n<div>Die Schalung besteht aus Aluminiumlegierungsplatten, die eine robuste Stabilit\u00e4t und eine explosive Tragf\u00e4higkeit von bis zu 60 kg pro Quadratmeter bieten. Die Schalung kann eine Menge Druck und schweres Maschinengewicht aushalten, was den Bauprozess weiter vereinfachen kann.<\/div>\n<div><\/div>\n<h3>7 Bequemes Unterst\u00fctzungssystem:<\/h3>\n<div><\/div>\n<div>Im Gegensatz zu herk\u00f6mmlichen Konstruktionsmethoden, bei denen ein kompletter Rahmen mit h\u00f6heren Kosten erforderlich ist, sind die St\u00fctzbalken f\u00fcr die Aluminiumschablone relativ kosteng\u00fcnstig (Abstand zwischen den einzelnen unabh\u00e4ngigen St\u00fctzen ca. 1350 mm) und bieten daher einen gr\u00f6\u00dferen Arbeitsbereich, einen besseren Zugang f\u00fcr das Personal und einen einfacheren Materialtransport.<\/div>\n<div><\/div>\n<h3>8 H\u00f6here Teppichbodenfl\u00e4che<\/h3>\n<div><\/div>\n<div>Das Schalungssystem besteht aus d\u00fcnnen Scherw\u00e4nden, die weniger Platz beanspruchen und eine gr\u00f6\u00dfere Oberfl\u00e4che f\u00fcr den reibungslosen Ablauf der Bauarbeiten bieten. Dadurch kann jederzeit eine erhebliche Menge an Maschinen und Arbeitskr\u00e4ften eingesetzt werden, um Bauprojekte zu beschleunigen.<\/div>\n<div><\/div>\n<h3>9 Hoher Wiederbeschaffungswert:<\/h3>\n<div><\/div>\n<div>Aluminiumschalungen haben einen hohen Wiederverwertungswert. Das bedeutet, dass das Material in Form von Abf\u00e4llen verschrottet wird, die 100% recycelbar sind und in mehreren Bauprojekten wiederverwendet werden k\u00f6nnen.<\/div>\n<div><\/div>\n<div><\/div>\n<h3>10 Gute Oberfl\u00e4cheneffekte:<\/h3>\n<div><\/div>\n<div>Die Schalung aus Aluminiumlegierung l\u00e4sst sich leicht entfernen, und wenn sie einmal entfernt ist, hat sie keine negativen Auswirkungen auf die Qualit\u00e4t der Betonoberfl\u00e4che. Die Oberfl\u00e4che bleibt glatt und sauber und macht somit Investitionen in Innen- und Au\u00dfenputz \u00fcberfl\u00fcssig.<\/div>\n<div class=\"row\"  id=\"row-48364104\">\n\n\t<div id=\"col-790475337\" class=\"col medium-6 small-12 large-6\"  >\n\t\t\t\t<div class=\"col-inner\"  >\n\t\t\t\n\t\t\t\n\t<div class=\"img has-hover x md-x lg-x y md-y lg-y\" id=\"image_2100898053\">\n\t\t\t\t\t\t\t\t<div class=\"img-inner dark\" >\n\t\t\t<img loading=\"lazy\" decoding=\"async\" width=\"553\" height=\"369\" src=\"https:\/\/metalpie.com\/wp-content\/uploads\/2022\/10\/ALUMINIUM_FORMA_WORK_PLATE_008image.webp\" class=\"attachment-original size-original\" alt=\"\" srcset=\"https:\/\/metalpie.com\/wp-content\/uploads\/2022\/10\/ALUMINIUM_FORMA_WORK_PLATE_008image.webp 553w, https:\/\/metalpie.com\/wp-content\/uploads\/2022\/10\/ALUMINIUM_FORMA_WORK_PLATE_008image-300x200.webp 300w\" sizes=\"auto, (max-width: 553px) 100vw, 553px\" \/>\t\t\t\t\t\t\n\t\t\t\t\t<\/div>\n\t\t\t\t\t\t\t\t\n<style>\n#image_2100898053 {\n  width: 100%;\n}\n<\/style>\n\t<\/div>\n\t\n\t\t<\/div>\n\t\t\t\t\t<\/div>\n\n\t\n\n\t<div id=\"col-2058996009\" class=\"col medium-6 small-12 large-6\"  >\n\t\t\t\t<div class=\"col-inner\"  >\n\t\t\t\n\t\t\t\n\t\t<\/div>\n\t\t\t\t\t<\/div>\n\n\t\n<\/div>\n\t\t<\/div>\n\t\t\t\t\t<\/div>\n\n\t\n<\/div>\n<div class=\"row\"  id=\"row-179140329\">\n\n\t<div id=\"col-312763323\" class=\"col small-12 large-12\"  >\n\t\t\t\t<div class=\"col-inner\"  >\n\t\t\t\n\t\t\t\n<h2>Shandong Huajian Aluminum schafft ein neues Muster f\u00fcr Bauschalungen.<\/h2>\n<p>Shandong Hualv Formwork Co., Ltd. befindet sich im Bezirk Linqu, Provinz Shandong Longshan hi-tech Industrial Park. Es ist ein umfassendes Unternehmen mit einer Fl\u00e4che von mehr als 200 mu und einer Fl\u00e4che von mehr als 170.000 Quadratmetern. Es verf\u00fcgt \u00fcber eine Kapazit\u00e4t von Aluminiumlegierungsschalungen und Aluminiumlegierungsschalungen. Seine Produktionskapazit\u00e4t betr\u00e4gt 200.000 Quadratmeter pro Jahr. Es hat:<\/p>\n<ul>\n<li>fortschrittliche Produktionslinie f\u00fcr Schablonen aus Aluminiumlegierungen 5.<\/li>\n<li>automatisch einstellbare elektronische Vorschubs\u00e4ge 8.<\/li>\n<li>numerisch gesteuerte Lineals\u00e4ge 8,<\/li>\n<li>Arbitr\u00e4rwinkel-S\u00e4ge mit numerischer Steuerung 4,<\/li>\n<li>Kuka-Schwei\u00dfroboter mit Doppelpositionierung.<\/li>\n<li>strenges Produktionsmanagementsystem<\/li>\n<li>wissenschaftlicher Prozess und fortschrittliche Verarbeitungstechnologie.<\/li>\n<\/ul>\n<p>Das Unternehmen verf\u00fcgt \u00fcber ein Zentrum f\u00fcr Produktentwicklung, Design und Qualit\u00e4tskontrolle. Huajian folgt der strengen Kontrolle der Produktqualit\u00e4t und der Umsetzung der 6S-Management-Methode f\u00fcr Benutzer. Dies gew\u00e4hrleistet den Bau von erstklassigen Produkten und hochwertigen Dienstleistungen.<\/p>\n\t\t<\/div>\n\t\t\t\t\t<\/div>\n\n\t\n<\/div>\n\t\t<\/div>\n\n\t\t\n<style>\n#section_472263425 {\n  padding-top: 30px;\n  padding-bottom: 30px;\n}\n<\/style>\n\t<\/section>","protected":false},"excerpt":{"rendered":"<p>In immer mehr entwickelten L\u00e4ndern werden weltweit Aluminiumschalungen f\u00fcr den Bau eingesetzt. Aluminiumschalungen sind in Bezug auf Material und Konstruktionseffekte \u00fcberlegen. Sie ist auch besser in Bezug auf das Kostenbudget, die Nutzungsdauer und den Umweltschutz. Aluminiumschalungen reduzieren die Projektkosten, verbessern die technische Qualit\u00e4t, beschleunigen den Bau und vermeiden menschliche Fehler im Prozess. Somit bietet sie eine sichere und zivilisierte Arbeitsumgebung f\u00fcr die Bauarbeiter.<\/p>","protected":false},"featured_media":2693,"comment_status":"closed","ping_status":"closed","template":"","meta":[],"product_cat":[97],"class_list":["post-2692","product","type-product","status-publish","has-post-thumbnail","hentry","product_cat-aluminum-formwork"],"yoast_head":"<!-- This site is optimized with the Yoast SEO plugin v21.5 - https:\/\/yoast.com\/wordpress\/plugins\/seo\/ -->\n<title>Aluminum Formwork Suppliers | Aluminum Concrete Forms<\/title>\n<meta name=\"description\" content=\"Aluminum formwork is a popular construction material. Huajian delivers high-quality aluminum concrete forms for our customers.\" \/>\n<meta name=\"robots\" content=\"index, follow, max-snippet:-1, max-image-preview:large, max-video-preview:-1\" \/>\n<link rel=\"canonical\" href=\"https:\/\/metalpie.com\/de\/aluminiumschalung-2\/aluminiumschalung\/\" \/>\n<meta property=\"og:locale\" content=\"de_DE\" \/>\n<meta property=\"og:type\" content=\"article\" \/>\n<meta property=\"og:title\" content=\"Aluminum Formwork Suppliers | Aluminum Concrete Forms\" \/>\n<meta property=\"og:description\" content=\"Aluminum formwork is a popular construction material. Huajian delivers high-quality aluminum concrete forms for our customers.\" \/>\n<meta property=\"og:url\" content=\"https:\/\/metalpie.com\/de\/aluminiumschalung-2\/aluminiumschalung\/\" \/>\n<meta property=\"og:site_name\" content=\"METALPIE\" \/>\n<meta property=\"article:modified_time\" content=\"2023-08-23T06:15:46+00:00\" \/>\n<meta property=\"og:image\" content=\"https:\/\/metalpie.com\/wp-content\/uploads\/2022\/10\/ALUMINIUM_FORMA_WORK_PLATE_001image.webp\" \/>\n\t<meta property=\"og:image:width\" content=\"800\" \/>\n\t<meta property=\"og:image:height\" content=\"800\" \/>\n\t<meta property=\"og:image:type\" content=\"image\/webp\" \/>\n<meta name=\"twitter:card\" content=\"summary_large_image\" \/>\n<meta name=\"twitter:label1\" content=\"Gesch\u00e4tzte Lesezeit\" \/>\n\t<meta name=\"twitter:data1\" content=\"6\u00a0Minuten\" \/>\n<script type=\"application\/ld+json\" class=\"yoast-schema-graph\">{\"@context\":\"https:\/\/schema.org\",\"@graph\":[{\"@type\":\"WebPage\",\"@id\":\"https:\/\/metalpie.com\/pt\/formas-de-aluminio\/formas-de-aluminio-2\/\",\"url\":\"https:\/\/metalpie.com\/pt\/formas-de-aluminio\/formas-de-aluminio-2\/\",\"name\":\"Aluminum Formwork Suppliers | Aluminum Concrete Forms\",\"isPartOf\":{\"@id\":\"https:\/\/metalpie.com\/#website\"},\"datePublished\":\"2022-10-09T01:00:48+00:00\",\"dateModified\":\"2023-08-23T06:15:46+00:00\",\"description\":\"Aluminum formwork is a popular construction material. Huajian delivers high-quality aluminum concrete forms for our customers.\",\"breadcrumb\":{\"@id\":\"https:\/\/metalpie.com\/pt\/formas-de-aluminio\/formas-de-aluminio-2\/#breadcrumb\"},\"inLanguage\":\"de\",\"potentialAction\":[{\"@type\":\"ReadAction\",\"target\":[\"https:\/\/metalpie.com\/pt\/formas-de-aluminio\/formas-de-aluminio-2\/\"]}]},{\"@type\":\"BreadcrumbList\",\"@id\":\"https:\/\/metalpie.com\/pt\/formas-de-aluminio\/formas-de-aluminio-2\/#breadcrumb\",\"itemListElement\":[{\"@type\":\"ListItem\",\"position\":1,\"name\":\"Home\",\"item\":\"https:\/\/metalpie.com\/\"},{\"@type\":\"ListItem\",\"position\":2,\"name\":\"Products\",\"item\":\"https:\/\/metalpie.com\/shop\/\"},{\"@type\":\"ListItem\",\"position\":3,\"name\":\"Aluminium Formwork\"}]},{\"@type\":\"WebSite\",\"@id\":\"https:\/\/metalpie.com\/#website\",\"url\":\"https:\/\/metalpie.com\/\",\"name\":\"METALPIE\",\"description\":\"Precision Metal Fabrication | Tools, Processes &amp; More\",\"potentialAction\":[{\"@type\":\"SearchAction\",\"target\":{\"@type\":\"EntryPoint\",\"urlTemplate\":\"https:\/\/metalpie.com\/?s={search_term_string}\"},\"query-input\":\"required name=search_term_string\"}],\"inLanguage\":\"de\"}]}<\/script>\n<!-- \/ Yoast SEO plugin. -->","yoast_head_json":{"title":"Lieferanten von Aluminiumschalungen | Aluminium-Betonschalungen","description":"Aluminiumschalungen sind ein beliebtes Baumaterial. Huajian liefert hochwertige Aluminiumbetonschalungen f\u00fcr unsere Kunden.","robots":{"index":"index","follow":"follow","max-snippet":"max-snippet:-1","max-image-preview":"max-image-preview:large","max-video-preview":"max-video-preview:-1"},"canonical":"https:\/\/metalpie.com\/de\/aluminiumschalung-2\/aluminiumschalung\/","og_locale":"de_DE","og_type":"article","og_title":"Aluminum Formwork Suppliers | Aluminum Concrete Forms","og_description":"Aluminum formwork is a popular construction material. Huajian delivers high-quality aluminum concrete forms for our customers.","og_url":"https:\/\/metalpie.com\/de\/aluminiumschalung-2\/aluminiumschalung\/","og_site_name":"METALPIE","article_modified_time":"2023-08-23T06:15:46+00:00","og_image":[{"width":800,"height":800,"url":"https:\/\/metalpie.com\/wp-content\/uploads\/2022\/10\/ALUMINIUM_FORMA_WORK_PLATE_001image.webp","type":"image\/webp"}],"twitter_card":"summary_large_image","twitter_misc":{"Gesch\u00e4tzte Lesezeit":"6\u00a0Minuten"},"schema":{"@context":"https:\/\/schema.org","@graph":[{"@type":"WebPage","@id":"https:\/\/metalpie.com\/pt\/formas-de-aluminio\/formas-de-aluminio-2\/","url":"https:\/\/metalpie.com\/pt\/formas-de-aluminio\/formas-de-aluminio-2\/","name":"Lieferanten von Aluminiumschalungen | Aluminium-Betonschalungen","isPartOf":{"@id":"https:\/\/metalpie.com\/#website"},"datePublished":"2022-10-09T01:00:48+00:00","dateModified":"2023-08-23T06:15:46+00:00","description":"Aluminiumschalungen sind ein beliebtes Baumaterial. Huajian liefert hochwertige Aluminiumbetonschalungen f\u00fcr unsere Kunden.","breadcrumb":{"@id":"https:\/\/metalpie.com\/pt\/formas-de-aluminio\/formas-de-aluminio-2\/#breadcrumb"},"inLanguage":"de","potentialAction":[{"@type":"ReadAction","target":["https:\/\/metalpie.com\/pt\/formas-de-aluminio\/formas-de-aluminio-2\/"]}]},{"@type":"BreadcrumbList","@id":"https:\/\/metalpie.com\/pt\/formas-de-aluminio\/formas-de-aluminio-2\/#breadcrumb","itemListElement":[{"@type":"ListItem","position":1,"name":"Home","item":"https:\/\/metalpie.com\/"},{"@type":"ListItem","position":2,"name":"Products","item":"https:\/\/metalpie.com\/shop\/"},{"@type":"ListItem","position":3,"name":"Aluminium Formwork"}]},{"@type":"WebSite","@id":"https:\/\/metalpie.com\/#website","url":"https:\/\/metalpie.com\/","name":"METALPIE","description":"Pr\u00e4zisionsmetallverarbeitung | Werkzeuge, Verfahren &amp; mehr","potentialAction":[{"@type":"SearchAction","target":{"@type":"EntryPoint","urlTemplate":"https:\/\/metalpie.com\/?s={search_term_string}"},"query-input":"required name=search_term_string"}],"inLanguage":"de"}]}},"_links":{"self":[{"href":"https:\/\/metalpie.com\/de\/wp-json\/wp\/v2\/product\/2692","targetHints":{"allow":["GET"]}}],"collection":[{"href":"https:\/\/metalpie.com\/de\/wp-json\/wp\/v2\/product"}],"about":[{"href":"https:\/\/metalpie.com\/de\/wp-json\/wp\/v2\/types\/product"}],"replies":[{"embeddable":true,"href":"https:\/\/metalpie.com\/de\/wp-json\/wp\/v2\/comments?post=2692"}],"wp:featuredmedia":[{"embeddable":true,"href":"https:\/\/metalpie.com\/de\/wp-json\/wp\/v2\/media\/2693"}],"wp:attachment":[{"href":"https:\/\/metalpie.com\/de\/wp-json\/wp\/v2\/media?parent=2692"}],"wp:term":[{"taxonomy":"product_cat","embeddable":true,"href":"https:\/\/metalpie.com\/de\/wp-json\/wp\/v2\/product_cat?post=2692"}],"curies":[{"name":"wp","href":"https:\/\/api.w.org\/{rel}","templated":true}]}}