{"id":2651,"date":"2022-10-08T22:04:59","date_gmt":"2022-10-08T14:04:59","guid":{"rendered":"https:\/\/metalpie.com\/?post_type=product&#038;p=2651"},"modified":"2022-10-08T22:11:00","modified_gmt":"2022-10-08T14:11:00","slug":"autoaluminiumprofil","status":"publish","type":"product","link":"https:\/\/metalpie.com\/de\/aluminiumfahrzeuge\/autoaluminiumprofil\/","title":{"rendered":"Aluminiumprofile f\u00fcr Kraftfahrzeuge"},"content":{"rendered":"<section class=\"section\" id=\"section_900879544\">\n\t\t<div class=\"bg section-bg fill bg-fill  bg-loaded\" >\n\n\t\t\t\n\t\t\t\n\t\t\t\n\n\t\t<\/div>\n\n\t\t\n\n\t\t<div class=\"section-content relative\">\n\t\t\t\n<div class=\"row align-middle\"  id=\"row-1633641401\">\n\n\t<div id=\"col-506602774\" class=\"col medium-6 small-12 large-6\"  >\n\t\t\t\t<div class=\"col-inner\"  >\n\t\t\t\n\t\t\t\n\t<div class=\"img has-hover x md-x lg-x y md-y lg-y\" id=\"image_250455713\">\n\t\t\t\t\t\t\t\t<div class=\"img-inner dark\" >\n\t\t\t<img loading=\"lazy\" decoding=\"async\" width=\"652\" height=\"490\" src=\"https:\/\/metalpie.com\/wp-content\/uploads\/2022\/10\/AUTOMOBILE_ALUMINIUM_PROFILE_004image.webp\" class=\"attachment-original size-original\" alt=\"\" srcset=\"https:\/\/metalpie.com\/wp-content\/uploads\/2022\/10\/AUTOMOBILE_ALUMINIUM_PROFILE_004image.webp 652w, https:\/\/metalpie.com\/wp-content\/uploads\/2022\/10\/AUTOMOBILE_ALUMINIUM_PROFILE_004image-300x225.webp 300w\" sizes=\"auto, (max-width: 652px) 100vw, 652px\" \/>\t\t\t\t\t\t\n\t\t\t\t\t<\/div>\n\t\t\t\t\t\t\t\t\n<style>\n#image_250455713 {\n  width: 100%;\n}\n<\/style>\n\t<\/div>\n\t\n\t\t<\/div>\n\t\t\t\t\t<\/div>\n\n\t\n\n\t<div id=\"col-1917568692\" class=\"col medium-6 small-12 large-6\"  >\n\t\t\t\t<div class=\"col-inner\"  >\n\t\t\t\n\t\t\t\n<p>Untersuchungen der Huajian Aluminium Group zeigen, dass etwa 75% des Energieverbrauchs mit dem Gewicht des Autos zusammenh\u00e4ngen. Eine Verringerung des Gewichts des Autos kann den Kraftstoffverbrauch und die Emissionen effektiv reduzieren. Im Vergleich zu Stahl hat Aluminium offensichtliche Vorteile. Die Dichte von Aluminium betr\u00e4gt nur etwa 1\/3 von der von Stahl. Gleichzeitig ist Aluminium nach Stahl der zweitwichtigste Werkstoff in der heimischen Industrie. Es ist in der Produktions- und Zulieferindustrie sehr ausgereift und hat die F\u00e4higkeit, die Automobilindustrie stabil zu versorgen, was die Anforderungen der Automobilindustrie an das Qualit\u00e4tskontrollsystem erf\u00fcllen kann.t.<\/p>\n\t\t<\/div>\n\t\t\t\t\t<\/div>\n\n\t\n<\/div>\n<div class=\"row\"  id=\"row-19474103\">\n\n\t<div id=\"col-974837848\" class=\"col small-12 large-12\"  >\n\t\t\t\t<div class=\"col-inner\"  >\n\t\t\t\n\t\t\t\n\t<div class=\"img has-hover x md-x lg-x y md-y lg-y\" id=\"image_1971826098\">\n\t\t\t\t\t\t\t\t<div class=\"img-inner dark\" >\n\t\t\t<img loading=\"lazy\" decoding=\"async\" width=\"747\" height=\"484\" src=\"https:\/\/metalpie.com\/wp-content\/uploads\/2022\/10\/AUTOMOBILE_ALUMINIUM_PROFILE_005image.webp\" class=\"attachment-original size-original\" alt=\"\" srcset=\"https:\/\/metalpie.com\/wp-content\/uploads\/2022\/10\/AUTOMOBILE_ALUMINIUM_PROFILE_005image.webp 747w, https:\/\/metalpie.com\/wp-content\/uploads\/2022\/10\/AUTOMOBILE_ALUMINIUM_PROFILE_005image-300x194.webp 300w\" sizes=\"auto, (max-width: 747px) 100vw, 747px\" \/>\t\t\t\t\t\t\n\t\t\t\t\t<\/div>\n\t\t\t\t\t\t\t\t\n<style>\n#image_1971826098 {\n  width: 100%;\n}\n<\/style>\n\t<\/div>\n\t\n<p>Es gibt drei Hauptformen der Aluminiumlegierung in Karosserieanwendungen: Stanzen, Strangpressen, Gie\u00dfen. Stanzen basiert haupts\u00e4chlich auf Blech, durch die Gestaltung von Formen, Verarbeitung und Umformung, erfordert in der Regel mehrere Sequenzen zu erreichen, besser geeignet f\u00fcr die Massenproduktion von Teilen, wie T\u00fcr Au\u00dfenverkleidungen, Haarabdeckung Innen- und Au\u00dfenverkleidungen und andere Teile; Strangpressen bilden Es ist vor allem geeignet f\u00fcr die Herstellung einiger langen Strahl Teile. Durch den konstruierten Querschnitt, der komplizierter ist als Stahl, ist die Gesamtleistung in Bezug auf Steifigkeit und Kollision, wie z.B. L\u00e4ngstr\u00e4ger, vordere und hintere Antikollisionstr\u00e4ger, etc. Einige Teile, f\u00fcr die Stahl verwendet wird, erfordern mehrere Teile, w\u00e4hrend bei der Verwendung von Aluminiumguss nur ein Teil ben\u00f6tigt wird, wie z. B. Turmst\u00fctzen. Die Besonderheit von Aluminium ist, dass sein Elastizit\u00e4tsmodul 1\/3 desjenigen von Stahl betr\u00e4gt. Nach einer theoretischen Analyse kann die Steifigkeit der 1,4-fachen Dicke von Aluminium der von Stahl entsprechen. Theoretisch kann durch den Ersatz von Stahl durch Aluminium mit der 1,4-fachen Dicke von Stahl die gleiche Steifigkeit erreicht und das Gewicht um 50% reduziert werden, wenn die Steifigkeit der Karosserie gew\u00e4hrleistet werden soll. Bei den bestehenden Modellen besteht die Innenplatte haupts\u00e4chlich aus einer Aluminiumlegierung der Serie 5 und die Au\u00dfenplatte aus einer Aluminiumlegierung der Serie 6 mit Bake-Hardening-Eigenschaften. Gegossenes Aluminium und stranggepresstes Aluminium k\u00f6nnen durch komplexes Querschnittsdesign weitere Leistungen erzielen.<\/p>\n\t\t<\/div>\n\t\t\t\t\t<\/div>\n\n\t\n<\/div>\n<div class=\"row align-middle\"  id=\"row-267464873\">\n\n\t<div id=\"col-279424599\" class=\"col medium-6 small-12 large-6\"  >\n\t\t\t\t<div class=\"col-inner\"  >\n\t\t\t\n\t\t\t\n\t<div class=\"img has-hover x md-x lg-x y md-y lg-y\" id=\"image_397742008\">\n\t\t\t\t\t\t\t\t<div class=\"img-inner dark\" >\n\t\t\t<img loading=\"lazy\" decoding=\"async\" width=\"641\" height=\"516\" src=\"https:\/\/metalpie.com\/wp-content\/uploads\/2022\/10\/AUTOMOBILE_ALUMINIUM_PROFILE_006image.webp\" class=\"attachment-original size-original\" alt=\"\" srcset=\"https:\/\/metalpie.com\/wp-content\/uploads\/2022\/10\/AUTOMOBILE_ALUMINIUM_PROFILE_006image.webp 641w, https:\/\/metalpie.com\/wp-content\/uploads\/2022\/10\/AUTOMOBILE_ALUMINIUM_PROFILE_006image-300x241.webp 300w\" sizes=\"auto, (max-width: 641px) 100vw, 641px\" \/>\t\t\t\t\t\t\n\t\t\t\t\t<\/div>\n\t\t\t\t\t\t\t\t\n<style>\n#image_397742008 {\n  width: 100%;\n}\n<\/style>\n\t<\/div>\n\t\n\t\t<\/div>\n\t\t\t\t\t<\/div>\n\n\t\n\n\t<div id=\"col-1681776998\" class=\"col medium-6 small-12 large-6\"  >\n\t\t\t\t<div class=\"col-inner\"  >\n\t\t\t\n\t\t\t\n<p>Stranggepresste Aluminiumlegierungen werden haupts\u00e4chlich f\u00fcr einige Tr\u00e4gerteile der Fahrzeugkarosserie verwendet.<\/p>\n<p>Stranggepresstes Aluminium, wie z. B. T\u00fcrschweller, L\u00e4ngstr\u00e4ger, Balken usw., kann durch eine komplexere Querschnittsstruktur als Stahl eine bessere Steifigkeit und Kollisionsfestigkeit erreichen. In den 1990er Jahren baute Japan einen NSX-Sportwagen mit einer Vollaluminiumkarosserie. Strangpressprofile machten 12% des Gesamtgewichts aus. Mit dem allm\u00e4hlichen Fortschritt der hochpr\u00e4zisen dreidimensionalen Biegetechnik der Profile und der Technologie zur Struktur- und Festigkeitskontrolle von 6-Serien-Legierungen stieg das Gewicht der stranggepressten Aluminiumlegierung, die im INSIGHT von Honda verwendet wurde, auf 30%. Mit der Entwicklung anderer Technologien und den Auswirkungen des Marktumfelds liegt das Gewicht der stranggepressten Profile in der EZB-Karosserie in den letzten 10 Jahren jedoch bei etwa 3%, und die Palette der verwendeten Teile ist relativ stabil.<\/p>\n\t\t<\/div>\n\t\t\t\t\t<\/div>\n\n\t\n<\/div>\n\t<div class=\"img has-hover x md-x lg-x y md-y lg-y\" id=\"image_1823881169\">\n\t\t\t\t\t\t\t\t<div class=\"img-inner dark\" >\n\t\t\t<img loading=\"lazy\" decoding=\"async\" width=\"757\" height=\"569\" src=\"https:\/\/metalpie.com\/wp-content\/uploads\/2022\/10\/AUTOMOBILE_ALUMINIUM_PROFILE_007image.webp\" class=\"attachment-original size-original\" alt=\"\" srcset=\"https:\/\/metalpie.com\/wp-content\/uploads\/2022\/10\/AUTOMOBILE_ALUMINIUM_PROFILE_007image.webp 757w, https:\/\/metalpie.com\/wp-content\/uploads\/2022\/10\/AUTOMOBILE_ALUMINIUM_PROFILE_007image-300x225.webp 300w\" sizes=\"auto, (max-width: 757px) 100vw, 757px\" \/>\t\t\t\t\t\t\n\t\t\t\t\t<\/div>\n\t\t\t\t\t\t\t\t\n<style>\n#image_1823881169 {\n  width: 100%;\n}\n<\/style>\n\t<\/div>\n\t\n<p>Die geringe Dichte der Aluminiumlegierung macht sie zu einem wichtigen Werkstoff f\u00fcr leichte Karosserien.<\/p>\n<p>Was die Substitution von Stahl betrifft, so kann die Leistung des gesamten Fahrzeugs durch die etwa 1,5-fache Dicke und die besondere strukturelle Gestaltung des Gussteils verbessert werden; was das Gewichtsverh\u00e4ltnis des Fahrrads betrifft, so ist der Anteil des gestanzten Aluminiumblechs am gr\u00f6\u00dften, gefolgt von gegossenem und stranggepresstem Aluminium. Bei der Montage der Seitenwand, die Energie effizient absorbieren und das Eindringen von Fremdk\u00f6rpern verringern muss, hat es jedoch keine Vorteile gegen\u00fcber warmgeformtem Stahl.<\/p>\n<p>Die Huajian Aluminium Gruppe bem\u00fcht sich seit dem Jahr 2000 um das Strangpressen von Aluminiummaterial, und die Produktionsf\u00e4higkeiten des Unternehmens sind im Bereich der Automobilzulieferung ausgereift.<\/p>\n\t\t<\/div>\n\n\t\t\n<style>\n#section_900879544 {\n  padding-top: 30px;\n  padding-bottom: 30px;\n}\n<\/style>\n\t<\/section>","protected":false},"excerpt":{"rendered":"<p>Untersuchungen der Huajian Aluminium Group zeigen, dass etwa 75% des Energieverbrauchs mit dem Gewicht des Autos zusammenh\u00e4ngen. Eine Verringerung des Gewichts des Autos kann den Kraftstoffverbrauch und die Emissionen effektiv reduzieren. Im Vergleich zu Stahl hat Aluminium offensichtliche Vorteile.<\/p>","protected":false},"featured_media":2652,"comment_status":"closed","ping_status":"closed","template":"","meta":[],"product_cat":[98],"class_list":["post-2651","product","type-product","status-publish","has-post-thumbnail","hentry","product_cat-aluminum-vehicles"],"yoast_head":"<!-- This site is optimized with the Yoast SEO plugin v21.5 - https:\/\/yoast.com\/wordpress\/plugins\/seo\/ -->\n<title>Fresh Air Window - METALPIE<\/title>\n<meta name=\"robots\" content=\"index, follow, max-snippet:-1, max-image-preview:large, max-video-preview:-1\" \/>\n<link rel=\"canonical\" href=\"https:\/\/metalpie.com\/de\/aluminiumfahrzeuge\/autoaluminiumprofil\/\" \/>\n<meta property=\"og:locale\" content=\"de_DE\" \/>\n<meta property=\"og:type\" content=\"article\" \/>\n<meta property=\"og:title\" content=\"Fresh Air Window - METALPIE\" \/>\n<meta property=\"og:description\" content=\"Huajian Aluminium group research shows that about 75% of energy consumption is related to the weight of automobile\uff0cdecrease car\u2018s weight can effectively reduce fuel consumption and emissions. Compared with steel, aluminum has obvious advantages.\" \/>\n<meta property=\"og:url\" content=\"https:\/\/metalpie.com\/de\/aluminiumfahrzeuge\/autoaluminiumprofil\/\" \/>\n<meta property=\"og:site_name\" content=\"METALPIE\" \/>\n<meta property=\"article:modified_time\" content=\"2022-10-08T14:11:00+00:00\" \/>\n<meta property=\"og:image\" content=\"https:\/\/metalpie.com\/wp-content\/uploads\/2022\/10\/AUTOMOBILE_ALUMINIUM_PROFILE_001image.webp\" \/>\n\t<meta property=\"og:image:width\" content=\"800\" \/>\n\t<meta property=\"og:image:height\" content=\"800\" \/>\n\t<meta property=\"og:image:type\" content=\"image\/webp\" \/>\n<meta name=\"twitter:card\" content=\"summary_large_image\" \/>\n<meta name=\"twitter:label1\" content=\"Gesch\u00e4tzte Lesezeit\" \/>\n\t<meta name=\"twitter:data1\" content=\"4\u00a0Minuten\" \/>\n<script type=\"application\/ld+json\" class=\"yoast-schema-graph\">{\"@context\":\"https:\/\/schema.org\",\"@graph\":[{\"@type\":\"WebPage\",\"@id\":\"https:\/\/metalpie.com\/ru\/%d0%b0%d0%bb%d1%8e%d0%bc%d0%b8%d0%bd%d0%b8%d0%b5%d0%b2%d1%8b%d0%b5-%d0%b0%d0%b2%d1%82%d0%be%d0%bc%d0%be%d0%b1%d0%b8%d0%bb%d0%b8\/%d0%b0%d0%b2%d1%82%d0%be%d0%bc%d0%be%d0%b1%d0%b8%d0%bb%d1%8c%d0%bd%d1%8b%d0%b9-%d0%b0%d0%bb%d1%8e%d0%bc%d0%b8%d0%bd%d0%b8%d0%b5%d0%b2%d1%8b%d0%b9-%d0%bf%d1%80%d0%be%d1%84%d0%b8%d0%bb%d1%8c\/\",\"url\":\"https:\/\/metalpie.com\/ru\/%d0%b0%d0%bb%d1%8e%d0%bc%d0%b8%d0%bd%d0%b8%d0%b5%d0%b2%d1%8b%d0%b5-%d0%b0%d0%b2%d1%82%d0%be%d0%bc%d0%be%d0%b1%d0%b8%d0%bb%d0%b8\/%d0%b0%d0%b2%d1%82%d0%be%d0%bc%d0%be%d0%b1%d0%b8%d0%bb%d1%8c%d0%bd%d1%8b%d0%b9-%d0%b0%d0%bb%d1%8e%d0%bc%d0%b8%d0%bd%d0%b8%d0%b5%d0%b2%d1%8b%d0%b9-%d0%bf%d1%80%d0%be%d1%84%d0%b8%d0%bb%d1%8c\/\",\"name\":\"Fresh Air Window - METALPIE\",\"isPartOf\":{\"@id\":\"https:\/\/metalpie.com\/#website\"},\"datePublished\":\"2022-10-08T14:04:59+00:00\",\"dateModified\":\"2022-10-08T14:11:00+00:00\",\"breadcrumb\":{\"@id\":\"https:\/\/metalpie.com\/ru\/%d0%b0%d0%bb%d1%8e%d0%bc%d0%b8%d0%bd%d0%b8%d0%b5%d0%b2%d1%8b%d0%b5-%d0%b0%d0%b2%d1%82%d0%be%d0%bc%d0%be%d0%b1%d0%b8%d0%bb%d0%b8\/%d0%b0%d0%b2%d1%82%d0%be%d0%bc%d0%be%d0%b1%d0%b8%d0%bb%d1%8c%d0%bd%d1%8b%d0%b9-%d0%b0%d0%bb%d1%8e%d0%bc%d0%b8%d0%bd%d0%b8%d0%b5%d0%b2%d1%8b%d0%b9-%d0%bf%d1%80%d0%be%d1%84%d0%b8%d0%bb%d1%8c\/#breadcrumb\"},\"inLanguage\":\"de\",\"potentialAction\":[{\"@type\":\"ReadAction\",\"target\":[\"https:\/\/metalpie.com\/ru\/%d0%b0%d0%bb%d1%8e%d0%bc%d0%b8%d0%bd%d0%b8%d0%b5%d0%b2%d1%8b%d0%b5-%d0%b0%d0%b2%d1%82%d0%be%d0%bc%d0%be%d0%b1%d0%b8%d0%bb%d0%b8\/%d0%b0%d0%b2%d1%82%d0%be%d0%bc%d0%be%d0%b1%d0%b8%d0%bb%d1%8c%d0%bd%d1%8b%d0%b9-%d0%b0%d0%bb%d1%8e%d0%bc%d0%b8%d0%bd%d0%b8%d0%b5%d0%b2%d1%8b%d0%b9-%d0%bf%d1%80%d0%be%d1%84%d0%b8%d0%bb%d1%8c\/\"]}]},{\"@type\":\"BreadcrumbList\",\"@id\":\"https:\/\/metalpie.com\/ru\/%d0%b0%d0%bb%d1%8e%d0%bc%d0%b8%d0%bd%d0%b8%d0%b5%d0%b2%d1%8b%d0%b5-%d0%b0%d0%b2%d1%82%d0%be%d0%bc%d0%be%d0%b1%d0%b8%d0%bb%d0%b8\/%d0%b0%d0%b2%d1%82%d0%be%d0%bc%d0%be%d0%b1%d0%b8%d0%bb%d1%8c%d0%bd%d1%8b%d0%b9-%d0%b0%d0%bb%d1%8e%d0%bc%d0%b8%d0%bd%d0%b8%d0%b5%d0%b2%d1%8b%d0%b9-%d0%bf%d1%80%d0%be%d1%84%d0%b8%d0%bb%d1%8c\/#breadcrumb\",\"itemListElement\":[{\"@type\":\"ListItem\",\"position\":1,\"name\":\"Home\",\"item\":\"https:\/\/metalpie.com\/\"},{\"@type\":\"ListItem\",\"position\":2,\"name\":\"Products\",\"item\":\"https:\/\/metalpie.com\/shop\/\"},{\"@type\":\"ListItem\",\"position\":3,\"name\":\"Automobile Aluminium Profile\"}]},{\"@type\":\"WebSite\",\"@id\":\"https:\/\/metalpie.com\/#website\",\"url\":\"https:\/\/metalpie.com\/\",\"name\":\"METALPIE\",\"description\":\"Precision Metal Fabrication | Tools, Processes &amp; More\",\"potentialAction\":[{\"@type\":\"SearchAction\",\"target\":{\"@type\":\"EntryPoint\",\"urlTemplate\":\"https:\/\/metalpie.com\/?s={search_term_string}\"},\"query-input\":\"required name=search_term_string\"}],\"inLanguage\":\"de\"}]}<\/script>\n<!-- \/ Yoast SEO plugin. -->","yoast_head_json":{"title":"Frischluftfenster - METALPIE","robots":{"index":"index","follow":"follow","max-snippet":"max-snippet:-1","max-image-preview":"max-image-preview:large","max-video-preview":"max-video-preview:-1"},"canonical":"https:\/\/metalpie.com\/de\/aluminiumfahrzeuge\/autoaluminiumprofil\/","og_locale":"de_DE","og_type":"article","og_title":"Fresh Air Window - METALPIE","og_description":"Huajian Aluminium group research shows that about 75% of energy consumption is related to the weight of automobile\uff0cdecrease car\u2018s weight can effectively reduce fuel consumption and emissions. Compared with steel, aluminum has obvious advantages.","og_url":"https:\/\/metalpie.com\/de\/aluminiumfahrzeuge\/autoaluminiumprofil\/","og_site_name":"METALPIE","article_modified_time":"2022-10-08T14:11:00+00:00","og_image":[{"width":800,"height":800,"url":"https:\/\/metalpie.com\/wp-content\/uploads\/2022\/10\/AUTOMOBILE_ALUMINIUM_PROFILE_001image.webp","type":"image\/webp"}],"twitter_card":"summary_large_image","twitter_misc":{"Gesch\u00e4tzte Lesezeit":"4\u00a0Minuten"},"schema":{"@context":"https:\/\/schema.org","@graph":[{"@type":"WebPage","@id":"https:\/\/metalpie.com\/ru\/%d0%b0%d0%bb%d1%8e%d0%bc%d0%b8%d0%bd%d0%b8%d0%b5%d0%b2%d1%8b%d0%b5-%d0%b0%d0%b2%d1%82%d0%be%d0%bc%d0%be%d0%b1%d0%b8%d0%bb%d0%b8\/%d0%b0%d0%b2%d1%82%d0%be%d0%bc%d0%be%d0%b1%d0%b8%d0%bb%d1%8c%d0%bd%d1%8b%d0%b9-%d0%b0%d0%bb%d1%8e%d0%bc%d0%b8%d0%bd%d0%b8%d0%b5%d0%b2%d1%8b%d0%b9-%d0%bf%d1%80%d0%be%d1%84%d0%b8%d0%bb%d1%8c\/","url":"https:\/\/metalpie.com\/ru\/%d0%b0%d0%bb%d1%8e%d0%bc%d0%b8%d0%bd%d0%b8%d0%b5%d0%b2%d1%8b%d0%b5-%d0%b0%d0%b2%d1%82%d0%be%d0%bc%d0%be%d0%b1%d0%b8%d0%bb%d0%b8\/%d0%b0%d0%b2%d1%82%d0%be%d0%bc%d0%be%d0%b1%d0%b8%d0%bb%d1%8c%d0%bd%d1%8b%d0%b9-%d0%b0%d0%bb%d1%8e%d0%bc%d0%b8%d0%bd%d0%b8%d0%b5%d0%b2%d1%8b%d0%b9-%d0%bf%d1%80%d0%be%d1%84%d0%b8%d0%bb%d1%8c\/","name":"Frischluftfenster - METALPIE","isPartOf":{"@id":"https:\/\/metalpie.com\/#website"},"datePublished":"2022-10-08T14:04:59+00:00","dateModified":"2022-10-08T14:11:00+00:00","breadcrumb":{"@id":"https:\/\/metalpie.com\/ru\/%d0%b0%d0%bb%d1%8e%d0%bc%d0%b8%d0%bd%d0%b8%d0%b5%d0%b2%d1%8b%d0%b5-%d0%b0%d0%b2%d1%82%d0%be%d0%bc%d0%be%d0%b1%d0%b8%d0%bb%d0%b8\/%d0%b0%d0%b2%d1%82%d0%be%d0%bc%d0%be%d0%b1%d0%b8%d0%bb%d1%8c%d0%bd%d1%8b%d0%b9-%d0%b0%d0%bb%d1%8e%d0%bc%d0%b8%d0%bd%d0%b8%d0%b5%d0%b2%d1%8b%d0%b9-%d0%bf%d1%80%d0%be%d1%84%d0%b8%d0%bb%d1%8c\/#breadcrumb"},"inLanguage":"de","potentialAction":[{"@type":"ReadAction","target":["https:\/\/metalpie.com\/ru\/%d0%b0%d0%bb%d1%8e%d0%bc%d0%b8%d0%bd%d0%b8%d0%b5%d0%b2%d1%8b%d0%b5-%d0%b0%d0%b2%d1%82%d0%be%d0%bc%d0%be%d0%b1%d0%b8%d0%bb%d0%b8\/%d0%b0%d0%b2%d1%82%d0%be%d0%bc%d0%be%d0%b1%d0%b8%d0%bb%d1%8c%d0%bd%d1%8b%d0%b9-%d0%b0%d0%bb%d1%8e%d0%bc%d0%b8%d0%bd%d0%b8%d0%b5%d0%b2%d1%8b%d0%b9-%d0%bf%d1%80%d0%be%d1%84%d0%b8%d0%bb%d1%8c\/"]}]},{"@type":"BreadcrumbList","@id":"https:\/\/metalpie.com\/ru\/%d0%b0%d0%bb%d1%8e%d0%bc%d0%b8%d0%bd%d0%b8%d0%b5%d0%b2%d1%8b%d0%b5-%d0%b0%d0%b2%d1%82%d0%be%d0%bc%d0%be%d0%b1%d0%b8%d0%bb%d0%b8\/%d0%b0%d0%b2%d1%82%d0%be%d0%bc%d0%be%d0%b1%d0%b8%d0%bb%d1%8c%d0%bd%d1%8b%d0%b9-%d0%b0%d0%bb%d1%8e%d0%bc%d0%b8%d0%bd%d0%b8%d0%b5%d0%b2%d1%8b%d0%b9-%d0%bf%d1%80%d0%be%d1%84%d0%b8%d0%bb%d1%8c\/#breadcrumb","itemListElement":[{"@type":"ListItem","position":1,"name":"Home","item":"https:\/\/metalpie.com\/"},{"@type":"ListItem","position":2,"name":"Products","item":"https:\/\/metalpie.com\/shop\/"},{"@type":"ListItem","position":3,"name":"Automobile Aluminium Profile"}]},{"@type":"WebSite","@id":"https:\/\/metalpie.com\/#website","url":"https:\/\/metalpie.com\/","name":"METALPIE","description":"Pr\u00e4zisionsmetallverarbeitung | Werkzeuge, Verfahren &amp; mehr","potentialAction":[{"@type":"SearchAction","target":{"@type":"EntryPoint","urlTemplate":"https:\/\/metalpie.com\/?s={search_term_string}"},"query-input":"required name=search_term_string"}],"inLanguage":"de"}]}},"_links":{"self":[{"href":"https:\/\/metalpie.com\/de\/wp-json\/wp\/v2\/product\/2651","targetHints":{"allow":["GET"]}}],"collection":[{"href":"https:\/\/metalpie.com\/de\/wp-json\/wp\/v2\/product"}],"about":[{"href":"https:\/\/metalpie.com\/de\/wp-json\/wp\/v2\/types\/product"}],"replies":[{"embeddable":true,"href":"https:\/\/metalpie.com\/de\/wp-json\/wp\/v2\/comments?post=2651"}],"wp:featuredmedia":[{"embeddable":true,"href":"https:\/\/metalpie.com\/de\/wp-json\/wp\/v2\/media\/2652"}],"wp:attachment":[{"href":"https:\/\/metalpie.com\/de\/wp-json\/wp\/v2\/media?parent=2651"}],"wp:term":[{"taxonomy":"product_cat","embeddable":true,"href":"https:\/\/metalpie.com\/de\/wp-json\/wp\/v2\/product_cat?post=2651"}],"curies":[{"name":"wp","href":"https:\/\/api.w.org\/{rel}","templated":true}]}}