{"id":1300,"date":"2022-08-19T17:20:50","date_gmt":"2022-08-19T09:20:50","guid":{"rendered":"https:\/\/goodsheet.bbswaimao.com\/?post_type=product&amp;p=1300"},"modified":"2022-08-19T17:20:50","modified_gmt":"2022-08-19T09:20:50","slug":"blechverarbeitung-edelstahlhalterungen-fur-3d-drucker-maschine","status":"publish","type":"product","link":"https:\/\/metalpie.com\/de\/metall-3d-drucker\/blechverarbeitung-edelstahlhalterungen-fur-3d-drucker-maschine\/","title":{"rendered":"Blechbearbeitung Edelstahl-Halterungen f\u00fcr 3D-Drucker Maschine"},"content":{"rendered":"<p><span style=\"font-size: 170%\">\u00a0Spezifikation der Halterung Blechbearbeitung<\/span><\/p>\n<div class=\"over-tabs\">\n<table style=\"height: 584px\" width=\"718\" cellspacing=\"0\" cellpadding=\"0\">\n<colgroup>\n<col \/>\n<col \/>\n<col \/><\/colgroup>\n<tbody>\n<tr class=\"firstRow\">\n<td>Material<\/td>\n<td colspan=\"2\">Aluminium, Kupfer, Messing, rostfreier Stahl<\/td>\n<\/tr>\n<tr>\n<td>Dicke der Platte<\/td>\n<td colspan=\"2\">0,9 mm - 20 mm<\/td>\n<\/tr>\n<tr>\n<td>Prozess<\/td>\n<td colspan=\"2\">Stanzen, Schneiden, Pr\u00e4gen, Biegen<\/td>\n<\/tr>\n<tr>\n<td>Anmeldung<\/td>\n<td colspan=\"2\">Blechhalterungen, Wandhalterungen, Montagehalterungen,<br \/>\nTV-Halterungen, TV-Wandhalterungen, LCD-Wandhalterungen, etc.<\/td>\n<\/tr>\n<tr>\n<td>Oberfl\u00e4cheng\u00fcte<\/td>\n<td colspan=\"2\">Eloxieren, Verzinken, Verchromen, Pulverbeschichten und Siebdruck, etc.<\/td>\n<\/tr>\n<tr>\n<td rowspan=\"6\">Toleranz<\/td>\n<td>An das Loch oder das Merkmal biegen:<\/td>\n<td>\u00b10,2mm<\/td>\n<\/tr>\n<tr>\n<td>Verformung und Biegung:<\/td>\n<td>\u00b10,4mm<\/td>\n<\/tr>\n<tr>\n<td>Durchmesser mit Eins\u00e4tzen:<\/td>\n<td>\u00b10,06 mm<\/td>\n<\/tr>\n<tr>\n<td>Lineare Abmessungen ohne<br \/>\nStandorte zu Kurven:<\/td>\n<td>\u00b10,1mm<\/td>\n<\/tr>\n<tr>\n<td>Angularit\u00e4t<\/td>\n<td>\u00b12 Grad<\/td>\n<\/tr>\n<tr>\n<td>Oberfl\u00e4chenrauhigkeit<\/td>\n<td>\u00b13,2 Mikrometer<\/td>\n<\/tr>\n<tr>\n<td>Vorlaufzeit<\/td>\n<td colspan=\"2\">7-35 Tage, abh\u00e4ngig von der Menge<\/td>\n<\/tr>\n<\/tbody>\n<\/table>\n<p>&nbsp;<\/p>\n<\/div>","protected":false},"excerpt":{"rendered":"<p>Halterungen aus Blech sind weit verbreitet in elektronischen Ger\u00e4ten, Kommunikation, Automobilindustrie, medizinischen Ger\u00e4ten und anderen Bereichen. Die Merkmale der Blechklammer sind geringes Gewicht, hohe Festigkeit, elektrische Leitf\u00e4higkeit ow Kosten, gute Massenproduktion Leistung und so weiter.<\/p>","protected":false},"featured_media":1304,"comment_status":"open","ping_status":"closed","template":"","meta":[],"product_cat":[111],"class_list":["post-1300","product","type-product","status-publish","has-post-thumbnail","hentry","product_cat-metal-3d-printer"],"yoast_head":"<!-- This site is optimized with the Yoast SEO plugin v21.5 - https:\/\/yoast.com\/wordpress\/plugins\/seo\/ -->\n<title>Sheet Metal Fabrication Stainless Steel Brackets For 3D Printer Machine - METALPIE<\/title>\n<meta name=\"robots\" content=\"index, follow, max-snippet:-1, max-image-preview:large, max-video-preview:-1\" \/>\n<link rel=\"canonical\" href=\"https:\/\/metalpie.com\/de\/metall-3d-drucker\/blechverarbeitung-edelstahlhalterungen-fur-3d-drucker-maschine\/\" \/>\n<meta property=\"og:locale\" content=\"de_DE\" \/>\n<meta property=\"og:type\" content=\"article\" \/>\n<meta property=\"og:title\" content=\"Sheet Metal Fabrication Stainless Steel Brackets For 3D Printer Machine - METALPIE\" \/>\n<meta property=\"og:description\" content=\"Bracket sheet metal fabrication has widely used in electronic appliances, communication, automobile industry, medical equipment and other fields. The characteristics of sheet metal bracket are light weight, high strength, electrical conductivity ow cost, good mass production performance and so on.\" \/>\n<meta property=\"og:url\" content=\"https:\/\/metalpie.com\/de\/metall-3d-drucker\/blechverarbeitung-edelstahlhalterungen-fur-3d-drucker-maschine\/\" \/>\n<meta property=\"og:site_name\" content=\"METALPIE\" \/>\n<meta name=\"twitter:card\" content=\"summary_large_image\" \/>\n<script type=\"application\/ld+json\" class=\"yoast-schema-graph\">{\"@context\":\"https:\/\/schema.org\",\"@graph\":[{\"@type\":\"WebPage\",\"@id\":\"https:\/\/metalpie.com\/metal-3d-printer\/sheet-metal-fabrication-stainless-steel-brackets-for-3d-printer-machine\/\",\"url\":\"https:\/\/metalpie.com\/metal-3d-printer\/sheet-metal-fabrication-stainless-steel-brackets-for-3d-printer-machine\/\",\"name\":\"Sheet Metal Fabrication Stainless Steel Brackets For 3D Printer Machine - METALPIE\",\"isPartOf\":{\"@id\":\"https:\/\/metalpie.com\/#website\"},\"datePublished\":\"2022-08-19T09:20:50+00:00\",\"dateModified\":\"2022-08-19T09:20:50+00:00\",\"breadcrumb\":{\"@id\":\"https:\/\/metalpie.com\/metal-3d-printer\/sheet-metal-fabrication-stainless-steel-brackets-for-3d-printer-machine\/#breadcrumb\"},\"inLanguage\":\"de\",\"potentialAction\":[{\"@type\":\"ReadAction\",\"target\":[\"https:\/\/metalpie.com\/metal-3d-printer\/sheet-metal-fabrication-stainless-steel-brackets-for-3d-printer-machine\/\"]}]},{\"@type\":\"BreadcrumbList\",\"@id\":\"https:\/\/metalpie.com\/metal-3d-printer\/sheet-metal-fabrication-stainless-steel-brackets-for-3d-printer-machine\/#breadcrumb\",\"itemListElement\":[{\"@type\":\"ListItem\",\"position\":1,\"name\":\"Home\",\"item\":\"https:\/\/metalpie.com\/\"},{\"@type\":\"ListItem\",\"position\":2,\"name\":\"Products\",\"item\":\"https:\/\/metalpie.com\/shop\/\"},{\"@type\":\"ListItem\",\"position\":3,\"name\":\"Sheet Metal Fabrication Stainless Steel Brackets For 3D Printer Machine\"}]},{\"@type\":\"WebSite\",\"@id\":\"https:\/\/metalpie.com\/#website\",\"url\":\"https:\/\/metalpie.com\/\",\"name\":\"METALPIE\",\"description\":\"Precision Metal Fabrication | Tools, Processes &amp; More\",\"potentialAction\":[{\"@type\":\"SearchAction\",\"target\":{\"@type\":\"EntryPoint\",\"urlTemplate\":\"https:\/\/metalpie.com\/?s={search_term_string}\"},\"query-input\":\"required name=search_term_string\"}],\"inLanguage\":\"de\"}]}<\/script>\n<!-- \/ Yoast SEO plugin. -->","yoast_head_json":{"title":"Blechbearbeitung Edelstahl-Halterungen f\u00fcr 3D-Drucker-Maschine - METALPIE","robots":{"index":"index","follow":"follow","max-snippet":"max-snippet:-1","max-image-preview":"max-image-preview:large","max-video-preview":"max-video-preview:-1"},"canonical":"https:\/\/metalpie.com\/de\/metall-3d-drucker\/blechverarbeitung-edelstahlhalterungen-fur-3d-drucker-maschine\/","og_locale":"de_DE","og_type":"article","og_title":"Sheet Metal Fabrication Stainless Steel Brackets For 3D Printer Machine - METALPIE","og_description":"Bracket sheet metal fabrication has widely used in electronic appliances, communication, automobile industry, medical equipment and other fields. The characteristics of sheet metal bracket are light weight, high strength, electrical conductivity ow cost, good mass production performance and so on.","og_url":"https:\/\/metalpie.com\/de\/metall-3d-drucker\/blechverarbeitung-edelstahlhalterungen-fur-3d-drucker-maschine\/","og_site_name":"METALPIE","twitter_card":"summary_large_image","schema":{"@context":"https:\/\/schema.org","@graph":[{"@type":"WebPage","@id":"https:\/\/metalpie.com\/metal-3d-printer\/sheet-metal-fabrication-stainless-steel-brackets-for-3d-printer-machine\/","url":"https:\/\/metalpie.com\/metal-3d-printer\/sheet-metal-fabrication-stainless-steel-brackets-for-3d-printer-machine\/","name":"Blechbearbeitung Edelstahl-Halterungen f\u00fcr 3D-Drucker-Maschine - METALPIE","isPartOf":{"@id":"https:\/\/metalpie.com\/#website"},"datePublished":"2022-08-19T09:20:50+00:00","dateModified":"2022-08-19T09:20:50+00:00","breadcrumb":{"@id":"https:\/\/metalpie.com\/metal-3d-printer\/sheet-metal-fabrication-stainless-steel-brackets-for-3d-printer-machine\/#breadcrumb"},"inLanguage":"de","potentialAction":[{"@type":"ReadAction","target":["https:\/\/metalpie.com\/metal-3d-printer\/sheet-metal-fabrication-stainless-steel-brackets-for-3d-printer-machine\/"]}]},{"@type":"BreadcrumbList","@id":"https:\/\/metalpie.com\/metal-3d-printer\/sheet-metal-fabrication-stainless-steel-brackets-for-3d-printer-machine\/#breadcrumb","itemListElement":[{"@type":"ListItem","position":1,"name":"Home","item":"https:\/\/metalpie.com\/"},{"@type":"ListItem","position":2,"name":"Products","item":"https:\/\/metalpie.com\/shop\/"},{"@type":"ListItem","position":3,"name":"Sheet Metal Fabrication Stainless Steel Brackets For 3D Printer Machine"}]},{"@type":"WebSite","@id":"https:\/\/metalpie.com\/#website","url":"https:\/\/metalpie.com\/","name":"METALPIE","description":"Pr\u00e4zisionsmetallverarbeitung | Werkzeuge, Verfahren &amp; mehr","potentialAction":[{"@type":"SearchAction","target":{"@type":"EntryPoint","urlTemplate":"https:\/\/metalpie.com\/?s={search_term_string}"},"query-input":"required name=search_term_string"}],"inLanguage":"de"}]}},"_links":{"self":[{"href":"https:\/\/metalpie.com\/de\/wp-json\/wp\/v2\/product\/1300","targetHints":{"allow":["GET"]}}],"collection":[{"href":"https:\/\/metalpie.com\/de\/wp-json\/wp\/v2\/product"}],"about":[{"href":"https:\/\/metalpie.com\/de\/wp-json\/wp\/v2\/types\/product"}],"replies":[{"embeddable":true,"href":"https:\/\/metalpie.com\/de\/wp-json\/wp\/v2\/comments?post=1300"}],"wp:featuredmedia":[{"embeddable":true,"href":"https:\/\/metalpie.com\/de\/wp-json\/"}],"wp:attachment":[{"href":"https:\/\/metalpie.com\/de\/wp-json\/wp\/v2\/media?parent=1300"}],"wp:term":[{"taxonomy":"product_cat","embeddable":true,"href":"https:\/\/metalpie.com\/de\/wp-json\/wp\/v2\/product_cat?post=1300"}],"curies":[{"name":"wp","href":"https:\/\/api.w.org\/{rel}","templated":true}]}}