{"id":1293,"date":"2022-08-19T16:44:22","date_gmt":"2022-08-19T08:44:22","guid":{"rendered":"https:\/\/goodsheet.bbswaimao.com\/?post_type=product&amp;p=1293"},"modified":"2022-08-19T16:44:22","modified_gmt":"2022-08-19T08:44:22","slug":"kundenspezifische-blech-ersatzteile-grau-pulverbeschichtung-schale-fur-3d-drucker-platte-teile","status":"publish","type":"product","link":"https:\/\/metalpie.com\/de\/metall-3d-drucker\/kundenspezifische-blech-ersatzteile-grau-pulverbeschichtung-schale-fur-3d-drucker-platte-teile\/","title":{"rendered":"Benutzerdefinierte Blech-Ersatzteile Grau Pulverbeschichtung Shell f\u00fcr 3D-Drucker Platte Teile"},"content":{"rendered":"<h3 class=\"specifications-title\" data-v-a1e7a598=\"\">Wichtige Spezifikationen\/Besonderheiten:<\/h3>\n<div class=\"tpl_txt_editor\" data-v-a1e7a598=\"\"><b>Materialien\u00a0<\/b><br \/>\nAluminiumlegierung: 5052\/6061\/6063\/7075 usw.<br \/>\nBrass Alloy:3602\/2604\/h59\/h62\/etc<br \/>\nEdelstahl-Legierung:303\/304\/316\/412\/etc<br \/>\nStahllegierung:Kohlenstoffstahl\/Gewindestahl\/etc<br \/>\nAndere besondere Materialien:Lucite\/Nylon\/Bakelite\/etc<br \/>\nWir verarbeiten auch viele andere Materialien. Bitte setzen Sie sich mit uns in Verbindung, wenn Ihr gew\u00fcnschtes Material oben nicht aufgef\u00fchrt ist.<br \/>\n<b>Oberfl\u00e4chenbehandlung\u00a0<\/b><br \/>\nSchw\u00e4rzen, Polieren, Eloxieren, Verchromen, Verzinken, Vernickeln, F\u00e4rben<br \/>\n<b>Pr\u00fcfger\u00e4te\u00a0<\/b><br \/>\nCMM;Werkzeugmikroskop;Multigelenkarm;Automatisches H\u00f6henmessger\u00e4t;Manuelles H\u00f6henmessger\u00e4t;Messuhr;Marmorplattform;Rauheitsmessung<br \/>\n<b>Inspektion<\/b><br \/>\nUnser Mitutoyo Werkzeugmikroskop kann bis zu 300mmX x 175mmY x 220mmZ messen<br \/>\n<b>Dateiformate<\/b><br \/>\nSolid Works, Pro\/Engineer, AutoCAD (DXF, DWG), PDF, TIF usw.<br \/>\n<b>Verpacken\u00a0<\/b><br \/>\n1. industrielle Verpackung Kunststoffrohr+Karton+Holzkiste<br \/>\n2. kommerzielle Verpackung Plastikt\u00fcte + Box + Karton + h\u00f6lzerne Paletten<br \/>\n3. als die Anforderung der Kunden<br \/>\n<b>Liefern Sie\u00a0<\/b><br \/>\nDHL,FEDEX. TNT, SF oder nach Anforderung des Kunden<br \/>\nLiefertermin:Normalerweise fertige Ware und Lager innerhalb von 5-25 Arbeitstagen<br \/>\n<b>Qualit\u00e4tssicherung<\/b><br \/>\nISO9001:2008 zertifiziert.TUV<br \/>\n<b>Prozessf\u00e4higkeit<\/b><br \/>\nWir sind in der Lage, Bleche, mechanische Bearbeitungen und Oberfl\u00e4chenbehandlungen wie Eloxieren und Beschichten entsprechend den Anforderungen unserer Kunden zu liefern.<br \/>\n<b>nutzbare Bandbreite<\/b><br \/>\nDie Teile werden in Fahrzeugen, Druckmaschinen, Lebensmittelverarbeitungsmaschinen, Textilmaschinen, elektronischen Maschinen usw. verwendet.<br \/>\n<b>Exportiert nach<\/b><br \/>\nJapan, Amerika, Kanada, England und Belgien Deutschland, Russland, Frankreich, Italien und alle L\u00e4nder<br \/>\n<b>Anmeldung<\/b><br \/>\nMaschinenersatzteile, Elektromaschinen, Elektrowerkzeuge, Sportger\u00e4te, K\u00fcchenger\u00e4te, B\u00fcroger\u00e4te, Roller, Aluminiumfenster, Duschbl\u00f6cke, H\u00e4ngeschr\u00e4nke, Schrankr\u00e4der, Spielzeug usw.<br \/>\n<b>Zertifizierung<\/b>ISO9001, RoHS, SGS usw.<\/div>","protected":false},"excerpt":{"rendered":"<p>Unser Schwei\u00dfteam ist im gesamten Werk im Einsatz, um WIG-, MIG-, Bolzen- und Punktschwei\u00dfen in andere Fertigungsschritte zu integrieren und so die Gesamtproduktionszeit zu verk\u00fcrzen. H\u00e4ufig werden sie in den Umform- oder Beschlagsprozess eingebunden, wenn Teile auf ein bestimmtes Ma\u00df gebogen oder Beschl\u00e4ge in die Bleche eingesetzt werden.<\/p>","protected":false},"featured_media":1294,"comment_status":"open","ping_status":"closed","template":"","meta":[],"product_cat":[111],"class_list":["post-1293","product","type-product","status-publish","has-post-thumbnail","hentry","product_cat-metal-3d-printer"],"yoast_head":"<!-- This site is optimized with the Yoast SEO plugin v21.5 - https:\/\/yoast.com\/wordpress\/plugins\/seo\/ -->\n<title>Custom Sheet Metal Spare Parts Grey Powder Coating Shell for 3D Printer Plate Parts - METALPIE<\/title>\n<meta name=\"robots\" content=\"index, follow, max-snippet:-1, max-image-preview:large, max-video-preview:-1\" \/>\n<link rel=\"canonical\" href=\"https:\/\/metalpie.com\/de\/metall-3d-drucker\/kundenspezifische-blech-ersatzteile-grau-pulverbeschichtung-schale-fur-3d-drucker-platte-teile\/\" \/>\n<meta property=\"og:locale\" content=\"de_DE\" \/>\n<meta property=\"og:type\" content=\"article\" \/>\n<meta property=\"og:title\" content=\"Custom Sheet Metal Spare Parts Grey Powder Coating Shell for 3D Printer Plate Parts - METALPIE\" \/>\n<meta property=\"og:description\" content=\"Our weld team mobilizes across the facility to integrate TIG, MIG, Stud, and Spot welding into other fabrication steps, reducing overall production time. Frequently, they will join the forming or hardware process where parts are being bent to specified dimension or where hardware is inserted into the sheet metal.\" \/>\n<meta property=\"og:url\" content=\"https:\/\/metalpie.com\/de\/metall-3d-drucker\/kundenspezifische-blech-ersatzteile-grau-pulverbeschichtung-schale-fur-3d-drucker-platte-teile\/\" \/>\n<meta property=\"og:site_name\" content=\"METALPIE\" \/>\n<meta name=\"twitter:card\" content=\"summary_large_image\" \/>\n<meta name=\"twitter:label1\" content=\"Gesch\u00e4tzte Lesezeit\" \/>\n\t<meta name=\"twitter:data1\" content=\"1\u00a0Minute\" \/>\n<script type=\"application\/ld+json\" class=\"yoast-schema-graph\">{\"@context\":\"https:\/\/schema.org\",\"@graph\":[{\"@type\":\"WebPage\",\"@id\":\"https:\/\/metalpie.com\/metal-3d-printer\/custom-sheet-metal-spare-parts-grey-powder-coating-shell-for-3d-printer-plate-parts\/\",\"url\":\"https:\/\/metalpie.com\/metal-3d-printer\/custom-sheet-metal-spare-parts-grey-powder-coating-shell-for-3d-printer-plate-parts\/\",\"name\":\"Custom Sheet Metal Spare Parts Grey Powder Coating Shell for 3D Printer Plate Parts - METALPIE\",\"isPartOf\":{\"@id\":\"https:\/\/metalpie.com\/#website\"},\"datePublished\":\"2022-08-19T08:44:22+00:00\",\"dateModified\":\"2022-08-19T08:44:22+00:00\",\"breadcrumb\":{\"@id\":\"https:\/\/metalpie.com\/metal-3d-printer\/custom-sheet-metal-spare-parts-grey-powder-coating-shell-for-3d-printer-plate-parts\/#breadcrumb\"},\"inLanguage\":\"de\",\"potentialAction\":[{\"@type\":\"ReadAction\",\"target\":[\"https:\/\/metalpie.com\/metal-3d-printer\/custom-sheet-metal-spare-parts-grey-powder-coating-shell-for-3d-printer-plate-parts\/\"]}]},{\"@type\":\"BreadcrumbList\",\"@id\":\"https:\/\/metalpie.com\/metal-3d-printer\/custom-sheet-metal-spare-parts-grey-powder-coating-shell-for-3d-printer-plate-parts\/#breadcrumb\",\"itemListElement\":[{\"@type\":\"ListItem\",\"position\":1,\"name\":\"Home\",\"item\":\"https:\/\/metalpie.com\/\"},{\"@type\":\"ListItem\",\"position\":2,\"name\":\"Products\",\"item\":\"https:\/\/metalpie.com\/shop\/\"},{\"@type\":\"ListItem\",\"position\":3,\"name\":\"Custom Sheet Metal Spare Parts Grey Powder Coating Shell for 3D Printer Plate Parts\"}]},{\"@type\":\"WebSite\",\"@id\":\"https:\/\/metalpie.com\/#website\",\"url\":\"https:\/\/metalpie.com\/\",\"name\":\"METALPIE\",\"description\":\"Precision Metal Fabrication | Tools, Processes &amp; More\",\"potentialAction\":[{\"@type\":\"SearchAction\",\"target\":{\"@type\":\"EntryPoint\",\"urlTemplate\":\"https:\/\/metalpie.com\/?s={search_term_string}\"},\"query-input\":\"required name=search_term_string\"}],\"inLanguage\":\"de\"}]}<\/script>\n<!-- \/ Yoast SEO plugin. -->","yoast_head_json":{"title":"Benutzerdefinierte Blech-Ersatzteile Grau Pulverbeschichtung Shell f\u00fcr 3D-Drucker Platte Teile - METALPIE","robots":{"index":"index","follow":"follow","max-snippet":"max-snippet:-1","max-image-preview":"max-image-preview:large","max-video-preview":"max-video-preview:-1"},"canonical":"https:\/\/metalpie.com\/de\/metall-3d-drucker\/kundenspezifische-blech-ersatzteile-grau-pulverbeschichtung-schale-fur-3d-drucker-platte-teile\/","og_locale":"de_DE","og_type":"article","og_title":"Custom Sheet Metal Spare Parts Grey Powder Coating Shell for 3D Printer Plate Parts - METALPIE","og_description":"Our weld team mobilizes across the facility to integrate TIG, MIG, Stud, and Spot welding into other fabrication steps, reducing overall production time. Frequently, they will join the forming or hardware process where parts are being bent to specified dimension or where hardware is inserted into the sheet metal.","og_url":"https:\/\/metalpie.com\/de\/metall-3d-drucker\/kundenspezifische-blech-ersatzteile-grau-pulverbeschichtung-schale-fur-3d-drucker-platte-teile\/","og_site_name":"METALPIE","twitter_card":"summary_large_image","twitter_misc":{"Gesch\u00e4tzte Lesezeit":"1\u00a0Minute"},"schema":{"@context":"https:\/\/schema.org","@graph":[{"@type":"WebPage","@id":"https:\/\/metalpie.com\/metal-3d-printer\/custom-sheet-metal-spare-parts-grey-powder-coating-shell-for-3d-printer-plate-parts\/","url":"https:\/\/metalpie.com\/metal-3d-printer\/custom-sheet-metal-spare-parts-grey-powder-coating-shell-for-3d-printer-plate-parts\/","name":"Benutzerdefinierte Blech-Ersatzteile Grau Pulverbeschichtung Shell f\u00fcr 3D-Drucker Platte Teile - METALPIE","isPartOf":{"@id":"https:\/\/metalpie.com\/#website"},"datePublished":"2022-08-19T08:44:22+00:00","dateModified":"2022-08-19T08:44:22+00:00","breadcrumb":{"@id":"https:\/\/metalpie.com\/metal-3d-printer\/custom-sheet-metal-spare-parts-grey-powder-coating-shell-for-3d-printer-plate-parts\/#breadcrumb"},"inLanguage":"de","potentialAction":[{"@type":"ReadAction","target":["https:\/\/metalpie.com\/metal-3d-printer\/custom-sheet-metal-spare-parts-grey-powder-coating-shell-for-3d-printer-plate-parts\/"]}]},{"@type":"BreadcrumbList","@id":"https:\/\/metalpie.com\/metal-3d-printer\/custom-sheet-metal-spare-parts-grey-powder-coating-shell-for-3d-printer-plate-parts\/#breadcrumb","itemListElement":[{"@type":"ListItem","position":1,"name":"Home","item":"https:\/\/metalpie.com\/"},{"@type":"ListItem","position":2,"name":"Products","item":"https:\/\/metalpie.com\/shop\/"},{"@type":"ListItem","position":3,"name":"Custom Sheet Metal Spare Parts Grey Powder Coating Shell for 3D Printer Plate Parts"}]},{"@type":"WebSite","@id":"https:\/\/metalpie.com\/#website","url":"https:\/\/metalpie.com\/","name":"METALPIE","description":"Pr\u00e4zisionsmetallverarbeitung | Werkzeuge, Verfahren &amp; mehr","potentialAction":[{"@type":"SearchAction","target":{"@type":"EntryPoint","urlTemplate":"https:\/\/metalpie.com\/?s={search_term_string}"},"query-input":"required name=search_term_string"}],"inLanguage":"de"}]}},"_links":{"self":[{"href":"https:\/\/metalpie.com\/de\/wp-json\/wp\/v2\/product\/1293","targetHints":{"allow":["GET"]}}],"collection":[{"href":"https:\/\/metalpie.com\/de\/wp-json\/wp\/v2\/product"}],"about":[{"href":"https:\/\/metalpie.com\/de\/wp-json\/wp\/v2\/types\/product"}],"replies":[{"embeddable":true,"href":"https:\/\/metalpie.com\/de\/wp-json\/wp\/v2\/comments?post=1293"}],"wp:featuredmedia":[{"embeddable":true,"href":"https:\/\/metalpie.com\/de\/wp-json\/"}],"wp:attachment":[{"href":"https:\/\/metalpie.com\/de\/wp-json\/wp\/v2\/media?parent=1293"}],"wp:term":[{"taxonomy":"product_cat","embeddable":true,"href":"https:\/\/metalpie.com\/de\/wp-json\/wp\/v2\/product_cat?post=1293"}],"curies":[{"name":"wp","href":"https:\/\/api.w.org\/{rel}","templated":true}]}}