{"id":1080,"date":"2022-07-23T10:06:59","date_gmt":"2022-07-23T02:06:59","guid":{"rendered":"https:\/\/goodsheet.bbswaimao.com\/?post_type=product&amp;p=1080"},"modified":"2022-07-23T10:06:59","modified_gmt":"2022-07-23T02:06:59","slug":"oem-benutzerdefinierte-hochprazise-klammer-blech-stanzteile","status":"publish","type":"product","link":"https:\/\/metalpie.com\/de\/stanzteil-aus-metall\/oem-benutzerdefinierte-hochprazise-klammer-blech-stanzteile\/","title":{"rendered":"OEM benutzerdefinierte hochpr\u00e4zise Klammer Blech Stanzen Teile"},"content":{"rendered":"<table style=\"height: 364px\" width=\"1425\">\n<tbody>\n<tr>\n<td width=\"206\">Produktname<\/td>\n<td width=\"535\">Kundenspezifische Metallteile Edelstahl Aluminium Kupfer Stanzteile<\/td>\n<\/tr>\n<tr>\n<td width=\"206\">Material<\/td>\n<td width=\"535\">SPCC SECC AL SST<\/td>\n<\/tr>\n<tr>\n<td width=\"206\">Gr\u00f6\u00dfe<\/td>\n<td width=\"535\">Gem\u00e4\u00df den Zeichnungen, Mustern oder Ihren Anfragen<\/td>\n<\/tr>\n<tr>\n<td width=\"206\">Dienstleistungen<\/td>\n<td width=\"535\">One-Stop-Services-Lieferant, der Kunden beim Stanzen, Schmieden, Gie\u00dfen und Bearbeiten unterst\u00fctzt<\/td>\n<\/tr>\n<tr>\n<td width=\"206\">Gestaltung<\/td>\n<td width=\"535\">Gem\u00e4\u00df den Zeichnungen, Mustern oder Ihren Anfragen<\/td>\n<\/tr>\n<tr>\n<td width=\"206\">Industrie-Normen<\/td>\n<td width=\"535\">&nbsp;<\/p>\n<p>DIN\/ ISO 9001:2015 RoHS-konform<\/td>\n<\/tr>\n<tr>\n<td width=\"206\">Zahlungsfrist<\/td>\n<td width=\"535\">\u00a0\u00a0L\/C, T\/T, Paypal, verschiedene Optionen, um die Zahlung bequemer zu machen<\/td>\n<\/tr>\n<tr>\n<td width=\"206\">Qualit\u00e4tskontrolle<\/td>\n<td width=\"535\">\u00a0RoHS-Tester , Messschieber , Salzspr\u00fcher , Koordonatmessger\u00e4t<\/td>\n<\/tr>\n<tr>\n<td width=\"206\">Zus\u00e4tzliche<\/td>\n<td width=\"535\">\u00a01) Musterauftrag und Kleinauftrag sind akzeptabel;<br \/>\n2) Die Methoden der Lieferung: DHL, EMS, UPS oder Fedex (schneller und sicherer)<br \/>\n3) Mit Sitz in der Produktionsst\u00e4tte in Shenzhen, China, helfen wir unseren Kunden auch bei der Entwicklung von Produkten, die den Anforderungen der Kunden und deren Anwendung entsprechen.<\/td>\n<\/tr>\n<\/tbody>\n<\/table>","protected":false},"excerpt":{"rendered":"<p>Stanzteile sind auf Pressen und Formen angewiesen, um \u00e4u\u00dfere Kr\u00e4fte auf Platten, B\u00e4nder, Rohre und Profile auszu\u00fcben, die eine plastische Verformung oder Trennung bewirken.<\/p>","protected":false},"featured_media":1087,"comment_status":"closed","ping_status":"closed","template":"","meta":[],"product_cat":[110],"class_list":["post-1080","product","type-product","status-publish","has-post-thumbnail","hentry","product_cat-metal-stamping-part"],"yoast_head":"<!-- This site is optimized with the Yoast SEO plugin v21.5 - https:\/\/yoast.com\/wordpress\/plugins\/seo\/ -->\n<title>OEM custom high precision bracket sheet metal stamping parts - METALPIE<\/title>\n<meta name=\"robots\" content=\"index, follow, max-snippet:-1, max-image-preview:large, max-video-preview:-1\" \/>\n<link rel=\"canonical\" href=\"https:\/\/metalpie.com\/de\/stanzteil-aus-metall\/oem-benutzerdefinierte-hochprazise-klammer-blech-stanzteile\/\" \/>\n<meta property=\"og:locale\" content=\"de_DE\" \/>\n<meta property=\"og:type\" content=\"article\" \/>\n<meta property=\"og:title\" content=\"OEM custom high precision bracket sheet metal stamping parts - METALPIE\" \/>\n<meta property=\"og:description\" content=\"Stamping parts rely on presses and molds to exert external forces on plates, strips, pipes and profiles to produce plastic deformation or separation.\" \/>\n<meta property=\"og:url\" content=\"https:\/\/metalpie.com\/de\/stanzteil-aus-metall\/oem-benutzerdefinierte-hochprazise-klammer-blech-stanzteile\/\" \/>\n<meta property=\"og:site_name\" content=\"METALPIE\" \/>\n<meta name=\"twitter:card\" content=\"summary_large_image\" \/>\n<meta name=\"twitter:label1\" content=\"Gesch\u00e4tzte Lesezeit\" \/>\n\t<meta name=\"twitter:data1\" content=\"1\u00a0Minute\" \/>\n<script type=\"application\/ld+json\" class=\"yoast-schema-graph\">{\"@context\":\"https:\/\/schema.org\",\"@graph\":[{\"@type\":\"WebPage\",\"@id\":\"https:\/\/metalpie.com\/metal-stamping-part\/oem-custom-high-precision-bracket-sheet-metal-stamping-parts\/\",\"url\":\"https:\/\/metalpie.com\/metal-stamping-part\/oem-custom-high-precision-bracket-sheet-metal-stamping-parts\/\",\"name\":\"OEM custom high precision bracket sheet metal stamping parts - METALPIE\",\"isPartOf\":{\"@id\":\"https:\/\/metalpie.com\/#website\"},\"datePublished\":\"2022-07-23T02:06:59+00:00\",\"dateModified\":\"2022-07-23T02:06:59+00:00\",\"breadcrumb\":{\"@id\":\"https:\/\/metalpie.com\/metal-stamping-part\/oem-custom-high-precision-bracket-sheet-metal-stamping-parts\/#breadcrumb\"},\"inLanguage\":\"de\",\"potentialAction\":[{\"@type\":\"ReadAction\",\"target\":[\"https:\/\/metalpie.com\/metal-stamping-part\/oem-custom-high-precision-bracket-sheet-metal-stamping-parts\/\"]}]},{\"@type\":\"BreadcrumbList\",\"@id\":\"https:\/\/metalpie.com\/metal-stamping-part\/oem-custom-high-precision-bracket-sheet-metal-stamping-parts\/#breadcrumb\",\"itemListElement\":[{\"@type\":\"ListItem\",\"position\":1,\"name\":\"Home\",\"item\":\"https:\/\/metalpie.com\/\"},{\"@type\":\"ListItem\",\"position\":2,\"name\":\"Products\",\"item\":\"https:\/\/metalpie.com\/shop\/\"},{\"@type\":\"ListItem\",\"position\":3,\"name\":\"OEM custom high precision bracket sheet metal stamping parts\"}]},{\"@type\":\"WebSite\",\"@id\":\"https:\/\/metalpie.com\/#website\",\"url\":\"https:\/\/metalpie.com\/\",\"name\":\"METALPIE\",\"description\":\"Precision Metal Fabrication | Tools, Processes &amp; More\",\"potentialAction\":[{\"@type\":\"SearchAction\",\"target\":{\"@type\":\"EntryPoint\",\"urlTemplate\":\"https:\/\/metalpie.com\/?s={search_term_string}\"},\"query-input\":\"required name=search_term_string\"}],\"inLanguage\":\"de\"}]}<\/script>\n<!-- \/ Yoast SEO plugin. -->","yoast_head_json":{"title":"OEM benutzerdefinierte hochpr\u00e4zise Klammer Blech Stanzen Teile - METALPIE","robots":{"index":"index","follow":"follow","max-snippet":"max-snippet:-1","max-image-preview":"max-image-preview:large","max-video-preview":"max-video-preview:-1"},"canonical":"https:\/\/metalpie.com\/de\/stanzteil-aus-metall\/oem-benutzerdefinierte-hochprazise-klammer-blech-stanzteile\/","og_locale":"de_DE","og_type":"article","og_title":"OEM custom high precision bracket sheet metal stamping parts - METALPIE","og_description":"Stamping parts rely on presses and molds to exert external forces on plates, strips, pipes and profiles to produce plastic deformation or separation.","og_url":"https:\/\/metalpie.com\/de\/stanzteil-aus-metall\/oem-benutzerdefinierte-hochprazise-klammer-blech-stanzteile\/","og_site_name":"METALPIE","twitter_card":"summary_large_image","twitter_misc":{"Gesch\u00e4tzte Lesezeit":"1\u00a0Minute"},"schema":{"@context":"https:\/\/schema.org","@graph":[{"@type":"WebPage","@id":"https:\/\/metalpie.com\/metal-stamping-part\/oem-custom-high-precision-bracket-sheet-metal-stamping-parts\/","url":"https:\/\/metalpie.com\/metal-stamping-part\/oem-custom-high-precision-bracket-sheet-metal-stamping-parts\/","name":"OEM benutzerdefinierte hochpr\u00e4zise Klammer Blech Stanzen Teile - METALPIE","isPartOf":{"@id":"https:\/\/metalpie.com\/#website"},"datePublished":"2022-07-23T02:06:59+00:00","dateModified":"2022-07-23T02:06:59+00:00","breadcrumb":{"@id":"https:\/\/metalpie.com\/metal-stamping-part\/oem-custom-high-precision-bracket-sheet-metal-stamping-parts\/#breadcrumb"},"inLanguage":"de","potentialAction":[{"@type":"ReadAction","target":["https:\/\/metalpie.com\/metal-stamping-part\/oem-custom-high-precision-bracket-sheet-metal-stamping-parts\/"]}]},{"@type":"BreadcrumbList","@id":"https:\/\/metalpie.com\/metal-stamping-part\/oem-custom-high-precision-bracket-sheet-metal-stamping-parts\/#breadcrumb","itemListElement":[{"@type":"ListItem","position":1,"name":"Home","item":"https:\/\/metalpie.com\/"},{"@type":"ListItem","position":2,"name":"Products","item":"https:\/\/metalpie.com\/shop\/"},{"@type":"ListItem","position":3,"name":"OEM custom high precision bracket sheet metal stamping parts"}]},{"@type":"WebSite","@id":"https:\/\/metalpie.com\/#website","url":"https:\/\/metalpie.com\/","name":"METALPIE","description":"Pr\u00e4zisionsmetallverarbeitung | Werkzeuge, Verfahren &amp; mehr","potentialAction":[{"@type":"SearchAction","target":{"@type":"EntryPoint","urlTemplate":"https:\/\/metalpie.com\/?s={search_term_string}"},"query-input":"required name=search_term_string"}],"inLanguage":"de"}]}},"_links":{"self":[{"href":"https:\/\/metalpie.com\/de\/wp-json\/wp\/v2\/product\/1080","targetHints":{"allow":["GET"]}}],"collection":[{"href":"https:\/\/metalpie.com\/de\/wp-json\/wp\/v2\/product"}],"about":[{"href":"https:\/\/metalpie.com\/de\/wp-json\/wp\/v2\/types\/product"}],"replies":[{"embeddable":true,"href":"https:\/\/metalpie.com\/de\/wp-json\/wp\/v2\/comments?post=1080"}],"wp:featuredmedia":[{"embeddable":true,"href":"https:\/\/metalpie.com\/de\/wp-json\/"}],"wp:attachment":[{"href":"https:\/\/metalpie.com\/de\/wp-json\/wp\/v2\/media?parent=1080"}],"wp:term":[{"taxonomy":"product_cat","embeddable":true,"href":"https:\/\/metalpie.com\/de\/wp-json\/wp\/v2\/product_cat?post=1080"}],"curies":[{"name":"wp","href":"https:\/\/api.w.org\/{rel}","templated":true}]}}