{"id":1076,"date":"2022-08-15T23:16:56","date_gmt":"2022-08-15T15:16:56","guid":{"rendered":"https:\/\/goodsheet.bbswaimao.com\/?post_type=product&amp;p=1076"},"modified":"2022-08-15T23:16:56","modified_gmt":"2022-08-15T15:16:56","slug":"lorem-ipsum-dolor-sit-amet-consectetuer-adipisci-%e5%a4%8d%e5%88%b6-duplicate-1","status":"publish","type":"product","link":"https:\/\/metalpie.com\/de\/metall-3d-drucker\/lorem-ipsum-dolor-sit-amet-consectetuer-adipisci-%e5%a4%8d%e5%88%b6-duplicate-1\/","title":{"rendered":"OEM kundenspezifische Blechfertigung 3D-Drucker-Geh\u00e4use"},"content":{"rendered":"<table class=\"has-title hight-light-first-column all magic-4\" style=\"height: 409px\" width=\"800\">\n<tbody>\n<tr>\n<td colspan=\"1\" rowspan=\"1\">\n<div class=\"magic-5\" data-spm-anchor-id=\"a2700.details.0.i30.64901cea8wrLjz\">Name<\/div>\n<\/td>\n<td colspan=\"1\" rowspan=\"1\">\n<div class=\"magic-6\">OEM kundenspezifische Blechfertigung 3D-Drucker-Geh\u00e4use Service<\/div>\n<\/td>\n<\/tr>\n<tr>\n<td colspan=\"1\" rowspan=\"1\">\n<div class=\"magic-5\">Material<\/div>\n<\/td>\n<td colspan=\"1\" rowspan=\"1\">\n<div class=\"magic-6\">Schollengewalzter Stahl<\/div>\n<\/td>\n<\/tr>\n<tr>\n<td colspan=\"1\" rowspan=\"1\">Oberfl\u00e4chenbehandlung<\/td>\n<td colspan=\"1\" rowspan=\"1\">Pulverbeschichtet<\/td>\n<\/tr>\n<tr>\n<td colspan=\"1\" rowspan=\"1\">Anmeldung<\/td>\n<td colspan=\"1\" rowspan=\"1\">3D-Drucker<\/td>\n<\/tr>\n<tr>\n<td colspan=\"1\" rowspan=\"1\">\n<div class=\"magic-5\">Verpackung<\/div>\n<\/td>\n<td colspan=\"1\" rowspan=\"1\">\n<div class=\"magic-6\">Innenverpackung: Schaumstoff\/Plastikbeutel\/Papier\/Blasenbeutel\/ Stretchfolie.<br \/>\n\u00c4u\u00dfere Verpackung: Kisten aus Hartkarton\/Holzkisten.<\/div>\n<\/td>\n<\/tr>\n<tr>\n<td colspan=\"1\" rowspan=\"1\">\n<div class=\"magic-5\">Ausr\u00fcstung f\u00fcr die Produktion<\/div>\n<\/td>\n<td colspan=\"1\" rowspan=\"1\">\n<div class=\"magic-6\">Laserschneiden Biegen Schwei\u00dfen<\/div>\n<\/td>\n<\/tr>\n<tr>\n<td colspan=\"1\" rowspan=\"1\">\n<div class=\"magic-5\">Pr\u00fcfger\u00e4te<\/div>\n<\/td>\n<td colspan=\"1\" rowspan=\"1\">\n<div class=\"magic-6\">Projektionsapparat, Salzspr\u00fchtest, Durometer und Schichtdickenmessger\u00e4t<\/div>\n<\/td>\n<\/tr>\n<tr>\n<td colspan=\"1\" rowspan=\"1\">\n<div class=\"magic-5\">\u00a0Toleranz<\/div>\n<\/td>\n<td colspan=\"1\" rowspan=\"1\">\n<div class=\"magic-6\">\u00b10,1~0,2mm<\/div>\n<\/td>\n<\/tr>\n<tr>\n<td colspan=\"1\" rowspan=\"1\">\n<div class=\"magic-5\">Zeichnung<\/div>\n<\/td>\n<td colspan=\"1\" rowspan=\"1\">\n<div class=\"magic-6\">JPG, PDF, CAD, DWG, STP, STEP<\/div>\n<\/td>\n<\/tr>\n<\/tbody>\n<\/table>\n<p>&nbsp;<\/p>","protected":false},"excerpt":{"rendered":"<p>Ein 3D-Drucker-Geh\u00e4use, das an einer gro\u00dfen Druckmaschine gedruckt und zusammengebaut werden kann. Drucken Sie eine unbegrenzte Anzahl von Geh\u00e4usen aus und skalieren Sie sie auf jede Gr\u00f6\u00dfe.<\/p>\n<p>Dieser Entwurf konzentriert sich auf die Verwendung von kaltgewalztem Stahl und die Pulverbeschichtung f\u00fcr den Au\u00dfenbereich. Hochwertiges industrielles Metall-Farbpulver und ein fester Schwei\u00dfprozess lassen die Produkte perfekt auf die Erwartungen aller Kunden abgestimmt werden.<\/p>","protected":false},"featured_media":1103,"comment_status":"closed","ping_status":"closed","template":"","meta":[],"product_cat":[111],"class_list":["post-1076","product","type-product","status-publish","has-post-thumbnail","hentry","product_cat-metal-3d-printer"],"yoast_head":"<!-- This site is optimized with the Yoast SEO plugin v21.5 - https:\/\/yoast.com\/wordpress\/plugins\/seo\/ -->\n<title>OEM Customized Sheet Metal Fabrication 3D Printer Enclosure - METALPIE<\/title>\n<meta name=\"robots\" content=\"index, follow, max-snippet:-1, max-image-preview:large, max-video-preview:-1\" \/>\n<link rel=\"canonical\" href=\"https:\/\/metalpie.com\/de\/metall-3d-drucker\/lorem-ipsum-dolor-sit-amet-consectetuer-adipisci-\u590d\u5236-duplicate-1\/\" \/>\n<meta property=\"og:locale\" content=\"de_DE\" \/>\n<meta property=\"og:type\" content=\"article\" \/>\n<meta property=\"og:title\" content=\"OEM Customized Sheet Metal Fabrication 3D Printer Enclosure - METALPIE\" \/>\n<meta property=\"og:description\" content=\"A 3d printer enclosure designed to be printed and assembled at big printer machine. Print out unlimited enclosures and scale them to any size. This design focuses on the use of cold rolled steel as well as and make the Outdoor grade powder coating. Up-market industrial metal color powder and a firm welding process will let the products perfectly matched all customer&#039;s expectations.\" \/>\n<meta property=\"og:url\" content=\"https:\/\/metalpie.com\/de\/metall-3d-drucker\/lorem-ipsum-dolor-sit-amet-consectetuer-adipisci-\u590d\u5236-duplicate-1\/\" \/>\n<meta property=\"og:site_name\" content=\"METALPIE\" \/>\n<meta name=\"twitter:card\" content=\"summary_large_image\" \/>\n<meta name=\"twitter:label1\" content=\"Gesch\u00e4tzte Lesezeit\" \/>\n\t<meta name=\"twitter:data1\" content=\"1\u00a0Minute\" \/>\n<script type=\"application\/ld+json\" class=\"yoast-schema-graph\">{\"@context\":\"https:\/\/schema.org\",\"@graph\":[{\"@type\":\"WebPage\",\"@id\":\"https:\/\/metalpie.com\/metal-3d-printer\/lorem-ipsum-dolor-sit-amet-consectetuer-adipisci-%e5%a4%8d%e5%88%b6-duplicate-1\/\",\"url\":\"https:\/\/metalpie.com\/metal-3d-printer\/lorem-ipsum-dolor-sit-amet-consectetuer-adipisci-%e5%a4%8d%e5%88%b6-duplicate-1\/\",\"name\":\"OEM Customized Sheet Metal Fabrication 3D Printer Enclosure - METALPIE\",\"isPartOf\":{\"@id\":\"https:\/\/metalpie.com\/#website\"},\"datePublished\":\"2022-08-15T15:16:56+00:00\",\"dateModified\":\"2022-08-15T15:16:56+00:00\",\"breadcrumb\":{\"@id\":\"https:\/\/metalpie.com\/metal-3d-printer\/lorem-ipsum-dolor-sit-amet-consectetuer-adipisci-%e5%a4%8d%e5%88%b6-duplicate-1\/#breadcrumb\"},\"inLanguage\":\"de\",\"potentialAction\":[{\"@type\":\"ReadAction\",\"target\":[\"https:\/\/metalpie.com\/metal-3d-printer\/lorem-ipsum-dolor-sit-amet-consectetuer-adipisci-%e5%a4%8d%e5%88%b6-duplicate-1\/\"]}]},{\"@type\":\"BreadcrumbList\",\"@id\":\"https:\/\/metalpie.com\/metal-3d-printer\/lorem-ipsum-dolor-sit-amet-consectetuer-adipisci-%e5%a4%8d%e5%88%b6-duplicate-1\/#breadcrumb\",\"itemListElement\":[{\"@type\":\"ListItem\",\"position\":1,\"name\":\"Home\",\"item\":\"https:\/\/metalpie.com\/\"},{\"@type\":\"ListItem\",\"position\":2,\"name\":\"Products\",\"item\":\"https:\/\/metalpie.com\/shop\/\"},{\"@type\":\"ListItem\",\"position\":3,\"name\":\"OEM Customized Sheet Metal Fabrication 3D Printer Enclosure\"}]},{\"@type\":\"WebSite\",\"@id\":\"https:\/\/metalpie.com\/#website\",\"url\":\"https:\/\/metalpie.com\/\",\"name\":\"METALPIE\",\"description\":\"Precision Metal Fabrication | Tools, Processes &amp; More\",\"potentialAction\":[{\"@type\":\"SearchAction\",\"target\":{\"@type\":\"EntryPoint\",\"urlTemplate\":\"https:\/\/metalpie.com\/?s={search_term_string}\"},\"query-input\":\"required name=search_term_string\"}],\"inLanguage\":\"de\"}]}<\/script>\n<!-- \/ Yoast SEO plugin. -->","yoast_head_json":{"title":"OEM kundenspezifische Blechfertigung 3D-Drucker-Geh\u00e4use - METALPIE","robots":{"index":"index","follow":"follow","max-snippet":"max-snippet:-1","max-image-preview":"max-image-preview:large","max-video-preview":"max-video-preview:-1"},"canonical":"https:\/\/metalpie.com\/de\/metall-3d-drucker\/lorem-ipsum-dolor-sit-amet-consectetuer-adipisci-\u590d\u5236-duplicate-1\/","og_locale":"de_DE","og_type":"article","og_title":"OEM Customized Sheet Metal Fabrication 3D Printer Enclosure - METALPIE","og_description":"A 3d printer enclosure designed to be printed and assembled at big printer machine. Print out unlimited enclosures and scale them to any size. This design focuses on the use of cold rolled steel as well as and make the Outdoor grade powder coating. Up-market industrial metal color powder and a firm welding process will let the products perfectly matched all customer's expectations.","og_url":"https:\/\/metalpie.com\/de\/metall-3d-drucker\/lorem-ipsum-dolor-sit-amet-consectetuer-adipisci-\u590d\u5236-duplicate-1\/","og_site_name":"METALPIE","twitter_card":"summary_large_image","twitter_misc":{"Gesch\u00e4tzte Lesezeit":"1\u00a0Minute"},"schema":{"@context":"https:\/\/schema.org","@graph":[{"@type":"WebPage","@id":"https:\/\/metalpie.com\/metal-3d-printer\/lorem-ipsum-dolor-sit-amet-consectetuer-adipisci-%e5%a4%8d%e5%88%b6-duplicate-1\/","url":"https:\/\/metalpie.com\/metal-3d-printer\/lorem-ipsum-dolor-sit-amet-consectetuer-adipisci-%e5%a4%8d%e5%88%b6-duplicate-1\/","name":"OEM kundenspezifische Blechfertigung 3D-Drucker-Geh\u00e4use - METALPIE","isPartOf":{"@id":"https:\/\/metalpie.com\/#website"},"datePublished":"2022-08-15T15:16:56+00:00","dateModified":"2022-08-15T15:16:56+00:00","breadcrumb":{"@id":"https:\/\/metalpie.com\/metal-3d-printer\/lorem-ipsum-dolor-sit-amet-consectetuer-adipisci-%e5%a4%8d%e5%88%b6-duplicate-1\/#breadcrumb"},"inLanguage":"de","potentialAction":[{"@type":"ReadAction","target":["https:\/\/metalpie.com\/metal-3d-printer\/lorem-ipsum-dolor-sit-amet-consectetuer-adipisci-%e5%a4%8d%e5%88%b6-duplicate-1\/"]}]},{"@type":"BreadcrumbList","@id":"https:\/\/metalpie.com\/metal-3d-printer\/lorem-ipsum-dolor-sit-amet-consectetuer-adipisci-%e5%a4%8d%e5%88%b6-duplicate-1\/#breadcrumb","itemListElement":[{"@type":"ListItem","position":1,"name":"Home","item":"https:\/\/metalpie.com\/"},{"@type":"ListItem","position":2,"name":"Products","item":"https:\/\/metalpie.com\/shop\/"},{"@type":"ListItem","position":3,"name":"OEM Customized Sheet Metal Fabrication 3D Printer Enclosure"}]},{"@type":"WebSite","@id":"https:\/\/metalpie.com\/#website","url":"https:\/\/metalpie.com\/","name":"METALPIE","description":"Pr\u00e4zisionsmetallverarbeitung | Werkzeuge, Verfahren &amp; mehr","potentialAction":[{"@type":"SearchAction","target":{"@type":"EntryPoint","urlTemplate":"https:\/\/metalpie.com\/?s={search_term_string}"},"query-input":"required name=search_term_string"}],"inLanguage":"de"}]}},"_links":{"self":[{"href":"https:\/\/metalpie.com\/de\/wp-json\/wp\/v2\/product\/1076","targetHints":{"allow":["GET"]}}],"collection":[{"href":"https:\/\/metalpie.com\/de\/wp-json\/wp\/v2\/product"}],"about":[{"href":"https:\/\/metalpie.com\/de\/wp-json\/wp\/v2\/types\/product"}],"replies":[{"embeddable":true,"href":"https:\/\/metalpie.com\/de\/wp-json\/wp\/v2\/comments?post=1076"}],"wp:featuredmedia":[{"embeddable":true,"href":"https:\/\/metalpie.com\/de\/wp-json\/"}],"wp:attachment":[{"href":"https:\/\/metalpie.com\/de\/wp-json\/wp\/v2\/media?parent=1076"}],"wp:term":[{"taxonomy":"product_cat","embeddable":true,"href":"https:\/\/metalpie.com\/de\/wp-json\/wp\/v2\/product_cat?post=1076"}],"curies":[{"name":"wp","href":"https:\/\/api.w.org\/{rel}","templated":true}]}}