{"id":2128,"date":"2022-09-23T10:45:32","date_gmt":"2022-09-23T02:45:32","guid":{"rendered":"https:\/\/metalpie.com\/?page_id=2128"},"modified":"2022-12-30T16:50:18","modified_gmt":"2022-12-30T08:50:18","slug":"uber-uns","status":"publish","type":"page","link":"https:\/\/metalpie.com\/de\/uber-uns\/","title":{"rendered":"\u00dcber uns"},"content":{"rendered":"<div class=\"banner has-hover\" id=\"banner-800353175\">\n          <div class=\"banner-inner fill\">\n        <div class=\"banner-bg fill\" >\n            <div class=\"bg fill bg-fill\"><\/div>\n                                    \n                    <\/div>\n\t\t\n        <div class=\"banner-layers container\">\n            <div class=\"fill banner-link\"><\/div>            \n\n   <div id=\"text-box-1652717161\" class=\"text-box banner-layer x50 md-x5 lg-x5 y50 md-y50 lg-y50 res-text\">\n                                <div class=\"text-box-content text dark\">\n              \n              <div class=\"text-inner text-center\">\n                  \n\n\t<div id=\"text-319998571\" class=\"text\">\n\t\t\n\n<h1>\u00dcber uns<\/h1>\n\t\t\n<style>\n#text-319998571 {\n  text-align: center;\n}\n@media (min-width:550px) {\n  #text-319998571 {\n    text-align: left;\n  }\n}\n<\/style>\n\t<\/div>\n\t\n\t<div id=\"text-3151657272\" class=\"text\">\n\t\t\n\nStartseite \/ \u00dcber uns\n\t\t\n<style>\n#text-3151657272 {\n  text-align: center;\n}\n@media (min-width:550px) {\n  #text-3151657272 {\n    text-align: left;\n  }\n}\n<\/style>\n\t<\/div>\n\t\n\n              <\/div>\n           <\/div>\n                            \n<style>\n#text-box-1652717161 {\n  width: 74%;\n}\n#text-box-1652717161 .text-box-content {\n  font-size: 100%;\n}\n@media (min-width:550px) {\n  #text-box-1652717161 {\n    width: 60%;\n  }\n}\n@media (min-width:850px) {\n  #text-box-1652717161 {\n    width: 18%;\n  }\n}\n<\/style>\n    <\/div>\n \n\n        <\/div>\n      <\/div>\n\n            \n<style>\n#banner-800353175 {\n  padding-top: 44%;\n}\n#banner-800353175 .bg.bg-loaded {\n  background-image: url(https:\/\/metalpie.com\/wp-content\/uploads\/2022\/09\/test_banner_all.webp);\n}\n#banner-800353175 .bg {\n  background-position: 0% 90%;\n}\n@media (min-width:550px) {\n  #banner-800353175 {\n    padding-top: 20%;\n  }\n}\n<\/style>\n  <\/div>\n\n\n\t<section class=\"section\" id=\"section_2073539200\">\n\t\t<div class=\"bg section-bg fill bg-fill  bg-loaded\" >\n\n\t\t\t\n\t\t\t\n\t\t\t\n\n\t\t<\/div>\n\n\t\t\n\n\t\t<div class=\"section-content relative\">\n\t\t\t\n\n<div class=\"row align-bottom align-center\"  id=\"row-1097923362\">\n\n\n\t<div id=\"col-1700432243\" class=\"col medium-12 small-12 large-6\"  >\n\t\t\t\t<div class=\"col-inner\"  >\n\t\t\t\n\t\t\t\n\n\t<div id=\"text-889333695\" class=\"text\">\n\t\t\n\n\u00dcber Huajian\n\t\t\n<style>\n#text-889333695 {\n  font-size: 1rem;\n  text-align: center;\n  color: rgb(240, 129, 1);\n}\n#text-889333695 > * {\n  color: rgb(240, 129, 1);\n}\n@media (min-width:550px) {\n  #text-889333695 {\n    font-size: 1.1rem;\n    text-align: left;\n  }\n}\n<\/style>\n\t<\/div>\n\t\n\t<div id=\"text-2659195437\" class=\"text\">\n\t\t\n\n<h2><span style=\"color: #f08101;\">Wer<\/span> Wir sind<\/h2>\n\t\t\n<style>\n#text-2659195437 {\n  font-size: 1rem;\n  text-align: center;\n}\n@media (min-width:550px) {\n  #text-2659195437 {\n    font-size: 1.2rem;\n    text-align: left;\n  }\n}\n<\/style>\n\t<\/div>\n\t\n\t<div id=\"gap-670513940\" class=\"gap-element clearfix\" style=\"display:block; height:auto;\">\n\t\t\n<style>\n#gap-670513940 {\n  padding-top: 28px;\n}\n<\/style>\n\t<\/div>\n\t\n\n<p>Im Jahr 2000 wurde das Unternehmen Huajian Aluminum in Linqu County, China, gegr\u00fcndet. Seit unserer Gr\u00fcndung haben wir uns auf die Herstellung von Aluminiumprofilen, T\u00fcren, Fenstern, Betonformen usw. konzentriert.<br \/>Huajian Aluminum hat sich nach 20 Jahren Entwicklung zu einem der gr\u00f6\u00dften Hersteller von Aluminiumprofilen in China entwickelt. Wir haben jetzt unsere eigene Marke f\u00fcr Aluminiumt\u00fcren und -fenster und f\u00fcnf Fabriken. Unsere Produkte, die nach ISO9001, ISO4001 und CE zertifiziert sind, werden nach Europa, Afrika und Amerika exportiert... und haben positives Kundenfeedback erhalten.<\/p>\n\n\t\t<\/div>\n\t\t\t\t\t<\/div>\n\n\t\n\n\t<div id=\"col-683659796\" class=\"col medium-12 small-12 large-6\"  >\n\t\t\t\t<div class=\"col-inner\"  >\n\t\t\t\n\t\t\t\n\n<div class=\"video video-fit mb\" style=\"padding-top:56.25%;\"><iframe loading=\"lazy\" title=\"Huajian Aluminium Gruppe Einf\u00fchrung\" width=\"1020\" height=\"574\" src=\"https:\/\/www.youtube.com\/embed\/fkq4gHRezv8?feature=oembed\" frameborder=\"0\" allow=\"accelerometer; autoplay; clipboard-write; encrypted-media; gyroscope; picture-in-picture\" allowfullscreen><\/iframe><\/div>\n\n\n\t\t<\/div>\n\t\t\t\t\t<\/div>\n\n\t\n\n<\/div>\n\n\t\t<\/div>\n\n\t\t\n<style>\n#section_2073539200 {\n  padding-top: 10px;\n  padding-bottom: 10px;\n}\n@media (min-width:550px) {\n  #section_2073539200 {\n    padding-top: 30px;\n    padding-bottom: 30px;\n  }\n}\n<\/style>\n\t<\/section>\n\t\n\t<section class=\"section\" id=\"section_1341571205\">\n\t\t<div class=\"bg section-bg fill bg-fill  bg-loaded\" >\n\n\t\t\t\n\t\t\t\n\t\t\t\n\n\t\t<\/div>\n\n\t\t\n\n\t\t<div class=\"section-content relative\">\n\t\t\t\n\n<div class=\"row align-middle align-center\"  id=\"row-944631341\">\n\n\n\t<div id=\"col-377489766\" class=\"col small-12 large-12\"  >\n\t\t\t\t<div class=\"col-inner\"  >\n\t\t\t\n\t\t\t\n\n\t<div id=\"gap-1179083058\" class=\"gap-element clearfix hide-for-small\" style=\"display:block; height:auto;\">\n\t\t\n<style>\n#gap-1179083058 {\n  padding-top: 0px;\n}\n@media (min-width:850px) {\n  #gap-1179083058 {\n    padding-top: 75px;\n  }\n}\n<\/style>\n\t<\/div>\n\t\n\n<div class=\"row align-center\"  id=\"row-1935012142\">\n\n\n\t<div id=\"col-722396069\" class=\"col medium-5 small-12 large-5\"  >\n\t\t\t\t<div class=\"col-inner\"  >\n\t\t\t\n\t\t\t\n\n\t<div class=\"box has-hover   has-hover box-text-bottom\" >\n\n\t\t<div class=\"box-image\" >\n\t\t\t\t\t\t<div class=\"\" >\n\t\t\t\t<img loading=\"lazy\" decoding=\"async\" width=\"1000\" height=\"750\" src=\"https:\/\/metalpie.com\/wp-content\/uploads\/2022\/09\/about_page_case_002image.jpg\" class=\"attachment- size-\" alt=\"\" srcset=\"https:\/\/metalpie.com\/wp-content\/uploads\/2022\/09\/about_page_case_002image.jpg 1000w, https:\/\/metalpie.com\/wp-content\/uploads\/2022\/09\/about_page_case_002image-300x225.jpg 300w, https:\/\/metalpie.com\/wp-content\/uploads\/2022\/09\/about_page_case_002image-768x576.jpg 768w\" sizes=\"auto, (max-width: 1000px) 100vw, 1000px\" \/>\t\t\t\t\t\t\t\t\t\t\t<\/div>\n\t\t\t\t\t<\/div>\n\n\t\t<div class=\"box-text text-center\" >\n\t\t\t<div class=\"box-text-inner\">\n\t\t\t\t\n\n\n\t\t\t<\/div>\n\t\t<\/div>\n\t<\/div>\n\t\n\n\t\t<\/div>\n\t\t\t\t\t<\/div>\n\n\t\n\n\t<div id=\"col-1766289205\" class=\"col medium-1 small-12 large-1\"  >\n\t\t\t\t<div class=\"col-inner\"  >\n\t\t\t\n\t\t\t\n\n\n\t\t<\/div>\n\t\t\t\t\t<\/div>\n\n\t\n\n\t<div id=\"col-1382889672\" class=\"col medium-5 small-12 large-5\"  >\n\t\t\t\t<div class=\"col-inner\"  >\n\t\t\t\n\t\t\t\n\n\t<div id=\"text-3651990014\" class=\"text\">\n\t\t\n\n<h2>Unser <span style=\"color: #f08101;\">Projekt<\/span><\/h2>\n\t\t\n<style>\n#text-3651990014 {\n  font-size: 1rem;\n  text-align: center;\n}\n@media (min-width:550px) {\n  #text-3651990014 {\n    font-size: 1.3rem;\n    text-align: left;\n  }\n}\n<\/style>\n\t<\/div>\n\t\n<p>Wir waren am Bau des CITIC-Turms beteiligt, der mit einer H\u00f6he von 528 m das h\u00f6chste Bauwerk Chinas ist. Seine Vorhangfassaden sind von Huajian Aluminum. Au\u00dferdem haben wir Aluminiumprofile f\u00fcr CCTV-Geb\u00e4ude, das China National Indoor Stadium und viele andere Projekte geliefert.<\/p>\n\t<div id=\"text-1392923840\" class=\"text\">\n\t\t\n\n<a class=\"button button_orange\" style=\"border-radius: 8px;\" data-fancybox=\"\" data-src=\"#hidden-CF7\">Angebot anfordern<\/a>\n\t\t\n<style>\n#text-1392923840 {\n  text-align: center;\n}\n@media (min-width:550px) {\n  #text-1392923840 {\n    text-align: left;\n  }\n}\n<\/style>\n\t<\/div>\n\t\n\n\t\t<\/div>\n\t\t\t\t\t<\/div>\n\n\t\n\n<\/div>\n\n\t\t<\/div>\n\t\t\t\t\t<\/div>\n\n\t\n\n<\/div>\n\n\t\t<\/div>\n\n\t\t\n<style>\n#section_1341571205 {\n  padding-top: 0px;\n  padding-bottom: 0px;\n}\n@media (min-width:550px) {\n  #section_1341571205 {\n    padding-top: 0px;\n    padding-bottom: 0px;\n  }\n}\n@media (min-width:850px) {\n  #section_1341571205 {\n    padding-top: 30px;\n    padding-bottom: 30px;\n  }\n}\n<\/style>\n\t<\/section>\n\t\n\t<section class=\"section dark has-parallax\" id=\"section_1242682059\">\n\t\t<div class=\"bg section-bg fill bg-fill\" data-parallax-container=\".section\" data-parallax-background data-parallax=\"-10\">\n\n\t\t\t\n\t\t\t\n\t\t\t\n\n\t\t<\/div>\n\n\t\t\n\n\t\t<div class=\"section-content relative\">\n\t\t\t\n\n<div class=\"row\"  id=\"row-286805167\">\n\n\n\t<div id=\"col-1043438078\" class=\"col medium-12 small-12 large-9\"  >\n\t\t\t\t<div class=\"col-inner\"  >\n\t\t\t\n\t\t\t\n\n\t<div id=\"text-3767764323\" class=\"text\">\n\t\t\n\n<h3>\"Kundenorientiert, vom Management angetrieben, innovationsgetriebene Entwicklung\" sind unsere Grundwerte.<\/h3>\n\t\t\n<style>\n#text-3767764323 {\n  font-size: 1rem;\n  text-align: center;\n}\n@media (min-width:550px) {\n  #text-3767764323 {\n    font-size: 1.3rem;\n  }\n}\n@media (min-width:850px) {\n  #text-3767764323 {\n    text-align: left;\n  }\n}\n<\/style>\n\t<\/div>\n\t\n\n\t\t<\/div>\n\t\t\t\t\t<\/div>\n\n\t\n\n<\/div>\n\n\t\t<\/div>\n\n\t\t\n<style>\n#section_1242682059 {\n  padding-top: 15px;\n  padding-bottom: 15px;\n}\n#section_1242682059 .section-bg.bg-loaded {\n  background-image: url(https:\/\/metalpie.com\/wp-content\/uploads\/2022\/09\/about_page_bg_002image.webp);\n}\n@media (min-width:550px) {\n  #section_1242682059 {\n    padding-top: 30px;\n    padding-bottom: 30px;\n  }\n}\n<\/style>\n\t<\/section>\n\t\n\t<section class=\"section\" id=\"section_2120908472\">\n\t\t<div class=\"bg section-bg fill bg-fill  bg-loaded\" >\n\n\t\t\t\n\t\t\t\n\t\t\t\n\n\t\t<\/div>\n\n\t\t\n\n\t\t<div class=\"section-content relative\">\n\t\t\t\n\n<div class=\"row\"  id=\"row-1640234247\">\n\n\n\t<div id=\"col-1037381304\" class=\"col small-12 large-12\"  >\n\t\t\t\t<div class=\"col-inner\"  >\n\t\t\t\n\t\t\t\n\n\t<div id=\"text-3690883699\" class=\"text\">\n\t\t\n\n<h2>Unser <span style=\"color: #f08101;\">Team<\/span><\/h2>\n\t\t\n<style>\n#text-3690883699 {\n  font-size: 1rem;\n  text-align: center;\n}\n@media (min-width:550px) {\n  #text-3690883699 {\n    font-size: 1.3rem;\n    text-align: left;\n  }\n}\n<\/style>\n\t<\/div>\n\t\n\t<div id=\"text-3304383066\" class=\"text\">\n\t\t\n\n<p>Wir verf\u00fcgen \u00fcber vier Wohnungen, die f\u00fcr die Herstellung von Aluminiumprofilen f\u00fcr das Baugewerbe, f\u00fcr die Industrie, f\u00fcr Betonschalungen aus Aluminium und f\u00fcr die Herstellung von Aluminiumprofilen f\u00fcr die Automobilindustrie zust\u00e4ndig sind. Unser Ziel ist es, ein f\u00fchrendes Unternehmen in der Herstellung von Aluminiumprofilen zu sein und Aluminiumprodukte mit ausgezeichneter Leistung zu produzieren.<\/p>\n\t\t\n<style>\n#text-3304383066 {\n  font-size: 1rem;\n}\n@media (min-width:550px) {\n  #text-3304383066 {\n    font-size: 1.1rem;\n  }\n}\n<\/style>\n\t<\/div>\n\t\n\t<div class=\"img has-hover x md-x lg-x y md-y lg-y\" id=\"image_577515500\">\n\t\t\t\t\t\t\t\t<div class=\"img-inner dark\" >\n\t\t\t<img loading=\"lazy\" decoding=\"async\" width=\"1000\" height=\"417\" src=\"https:\/\/metalpie.com\/wp-content\/uploads\/2022\/09\/about_page_team_005image.webp\" class=\"attachment-original size-original\" alt=\"\" srcset=\"https:\/\/metalpie.com\/wp-content\/uploads\/2022\/09\/about_page_team_005image.webp 1000w, https:\/\/metalpie.com\/wp-content\/uploads\/2022\/09\/about_page_team_005image-300x125.webp 300w, https:\/\/metalpie.com\/wp-content\/uploads\/2022\/09\/about_page_team_005image-768x320.webp 768w\" sizes=\"auto, (max-width: 1000px) 100vw, 1000px\" \/>\t\t\t\t\t\t\n\t\t\t\t\t<\/div>\n\t\t\t\t\t\t\t\t\n<style>\n#image_577515500 {\n  width: 100%;\n}\n<\/style>\n\t<\/div>\n\t\n\n\n\n\n\t\t<\/div>\n\t\t\t\t\t<\/div>\n\n\t\n\n<\/div>\n\n\t\t<\/div>\n\n\t\t\n<style>\n#section_2120908472 {\n  padding-top: 13px;\n  padding-bottom: 13px;\n}\n@media (min-width:550px) {\n  #section_2120908472 {\n    padding-top: 30px;\n    padding-bottom: 30px;\n  }\n}\n<\/style>\n\t<\/section>\n\t\n\t<section class=\"section\" id=\"section_1335665663\">\n\t\t<div class=\"bg section-bg fill bg-fill  bg-loaded\" >\n\n\t\t\t\n\t\t\t\n\t\t\t\n\n\t\t<\/div>\n\n\t\t\n\n\t\t<div class=\"section-content relative\">\n\t\t\t\n\n<div class=\"row align-center\"  id=\"row-1639160579\">\n\n\n\t<div id=\"col-205412307\" class=\"col small-12 large-12\"  >\n\t\t\t\t<div class=\"col-inner\"  >\n\t\t\t\n\t\t\t\n\n\t<div id=\"text-2084896888\" class=\"text\">\n\t\t\n\n<h2><span style=\"color: #f08101;\">Zertifikat<\/span><\/h2>\n\t\t\n<style>\n#text-2084896888 {\n  font-size: 1rem;\n  text-align: center;\n}\n@media (min-width:550px) {\n  #text-2084896888 {\n    font-size: 1.3rem;\n  }\n}\n<\/style>\n\t<\/div>\n\t\n\n\n\n\t\t<\/div>\n\t\t\t\t\t<\/div>\n\n\t\n\n<\/div>\n\n\t\t<\/div>\n\n\t\t\n<style>\n#section_1335665663 {\n  padding-top: 0px;\n  padding-bottom: 0px;\n}\n@media (min-width:550px) {\n  #section_1335665663 {\n    padding-top: 0px;\n    padding-bottom: 0px;\n  }\n}\n@media (min-width:850px) {\n  #section_1335665663 {\n    padding-top: 30px;\n    padding-bottom: 30px;\n  }\n}\n<\/style>\n\t<\/section>","protected":false},"excerpt":{"rendered":"","protected":false},"author":11,"featured_media":0,"parent":0,"menu_order":0,"comment_status":"closed","ping_status":"closed","template":"page-blank.php","meta":{"footnotes":""},"class_list":["post-2128","page","type-page","status-publish","hentry"],"yoast_head":"<!-- This site is optimized with the Yoast SEO plugin v21.5 - https:\/\/yoast.com\/wordpress\/plugins\/seo\/ -->\n<title>About Us - METALPIE<\/title>\n<meta name=\"description\" content=\"We are aluminum profiles, aluminum windows, and doors manufacturer from China. Aluminum windows are our most popular products with endless design options.\" \/>\n<meta name=\"robots\" content=\"index, follow, max-snippet:-1, max-image-preview:large, max-video-preview:-1\" \/>\n<link rel=\"canonical\" href=\"https:\/\/metalpie.com\/de\/uber-uns\/\" \/>\n<meta property=\"og:locale\" content=\"de_DE\" \/>\n<meta property=\"og:type\" content=\"article\" \/>\n<meta property=\"og:title\" content=\"About Us - METALPIE\" \/>\n<meta property=\"og:description\" content=\"We are aluminum profiles, aluminum windows, and doors manufacturer from China. Aluminum windows are our most popular products with endless design options.\" \/>\n<meta property=\"og:url\" content=\"https:\/\/metalpie.com\/de\/uber-uns\/\" \/>\n<meta property=\"og:site_name\" content=\"METALPIE\" \/>\n<meta property=\"article:modified_time\" content=\"2022-12-30T08:50:18+00:00\" \/>\n<meta name=\"twitter:card\" content=\"summary_large_image\" \/>\n<meta name=\"twitter:label1\" content=\"Gesch\u00e4tzte Lesezeit\" \/>\n\t<meta name=\"twitter:data1\" content=\"2\u00a0Minuten\" \/>\n<script type=\"application\/ld+json\" class=\"yoast-schema-graph\">{\"@context\":\"https:\/\/schema.org\",\"@graph\":[{\"@type\":\"WebPage\",\"@id\":\"https:\/\/metalpie.com\/about-us\/\",\"url\":\"https:\/\/metalpie.com\/about-us\/\",\"name\":\"About Us - METALPIE\",\"isPartOf\":{\"@id\":\"https:\/\/metalpie.com\/#website\"},\"datePublished\":\"2022-09-23T02:45:32+00:00\",\"dateModified\":\"2022-12-30T08:50:18+00:00\",\"description\":\"We are aluminum profiles, aluminum windows, and doors manufacturer from China. Aluminum windows are our most popular products with endless design options.\",\"breadcrumb\":{\"@id\":\"https:\/\/metalpie.com\/about-us\/#breadcrumb\"},\"inLanguage\":\"de\",\"potentialAction\":[{\"@type\":\"ReadAction\",\"target\":[\"https:\/\/metalpie.com\/about-us\/\"]}]},{\"@type\":\"BreadcrumbList\",\"@id\":\"https:\/\/metalpie.com\/about-us\/#breadcrumb\",\"itemListElement\":[{\"@type\":\"ListItem\",\"position\":1,\"name\":\"Home\",\"item\":\"https:\/\/metalpie.com\/\"},{\"@type\":\"ListItem\",\"position\":2,\"name\":\"About Us\"}]},{\"@type\":\"WebSite\",\"@id\":\"https:\/\/metalpie.com\/#website\",\"url\":\"https:\/\/metalpie.com\/\",\"name\":\"METALPIE\",\"description\":\"Precision Metal Fabrication | Tools, Processes &amp; More\",\"potentialAction\":[{\"@type\":\"SearchAction\",\"target\":{\"@type\":\"EntryPoint\",\"urlTemplate\":\"https:\/\/metalpie.com\/?s={search_term_string}\"},\"query-input\":\"required name=search_term_string\"}],\"inLanguage\":\"de\"}]}<\/script>\n<!-- \/ Yoast SEO plugin. -->","yoast_head_json":{"title":"\u00dcber uns - METALPIE","description":"Wir sind Hersteller von Aluminiumprofilen, Aluminiumfenstern und -t\u00fcren aus China. Aluminium-Fenster sind unsere beliebtesten Produkte mit endlosen Design-Optionen.","robots":{"index":"index","follow":"follow","max-snippet":"max-snippet:-1","max-image-preview":"max-image-preview:large","max-video-preview":"max-video-preview:-1"},"canonical":"https:\/\/metalpie.com\/de\/uber-uns\/","og_locale":"de_DE","og_type":"article","og_title":"About Us - METALPIE","og_description":"We are aluminum profiles, aluminum windows, and doors manufacturer from China. Aluminum windows are our most popular products with endless design options.","og_url":"https:\/\/metalpie.com\/de\/uber-uns\/","og_site_name":"METALPIE","article_modified_time":"2022-12-30T08:50:18+00:00","twitter_card":"summary_large_image","twitter_misc":{"Gesch\u00e4tzte Lesezeit":"2\u00a0Minuten"},"schema":{"@context":"https:\/\/schema.org","@graph":[{"@type":"WebPage","@id":"https:\/\/metalpie.com\/about-us\/","url":"https:\/\/metalpie.com\/about-us\/","name":"\u00dcber uns - METALPIE","isPartOf":{"@id":"https:\/\/metalpie.com\/#website"},"datePublished":"2022-09-23T02:45:32+00:00","dateModified":"2022-12-30T08:50:18+00:00","description":"Wir sind Hersteller von Aluminiumprofilen, Aluminiumfenstern und -t\u00fcren aus China. Aluminium-Fenster sind unsere beliebtesten Produkte mit endlosen Design-Optionen.","breadcrumb":{"@id":"https:\/\/metalpie.com\/about-us\/#breadcrumb"},"inLanguage":"de","potentialAction":[{"@type":"ReadAction","target":["https:\/\/metalpie.com\/about-us\/"]}]},{"@type":"BreadcrumbList","@id":"https:\/\/metalpie.com\/about-us\/#breadcrumb","itemListElement":[{"@type":"ListItem","position":1,"name":"Home","item":"https:\/\/metalpie.com\/"},{"@type":"ListItem","position":2,"name":"About Us"}]},{"@type":"WebSite","@id":"https:\/\/metalpie.com\/#website","url":"https:\/\/metalpie.com\/","name":"METALPIE","description":"Pr\u00e4zisionsmetallverarbeitung | Werkzeuge, Verfahren &amp; mehr","potentialAction":[{"@type":"SearchAction","target":{"@type":"EntryPoint","urlTemplate":"https:\/\/metalpie.com\/?s={search_term_string}"},"query-input":"required name=search_term_string"}],"inLanguage":"de"}]}},"_links":{"self":[{"href":"https:\/\/metalpie.com\/de\/wp-json\/wp\/v2\/pages\/2128","targetHints":{"allow":["GET"]}}],"collection":[{"href":"https:\/\/metalpie.com\/de\/wp-json\/wp\/v2\/pages"}],"about":[{"href":"https:\/\/metalpie.com\/de\/wp-json\/wp\/v2\/types\/page"}],"author":[{"embeddable":true,"href":"https:\/\/metalpie.com\/de\/wp-json\/wp\/v2\/users\/11"}],"replies":[{"embeddable":true,"href":"https:\/\/metalpie.com\/de\/wp-json\/wp\/v2\/comments?post=2128"}],"version-history":[{"count":0,"href":"https:\/\/metalpie.com\/de\/wp-json\/wp\/v2\/pages\/2128\/revisions"}],"wp:attachment":[{"href":"https:\/\/metalpie.com\/de\/wp-json\/wp\/v2\/media?parent=2128"}],"curies":[{"name":"wp","href":"https:\/\/api.w.org\/{rel}","templated":true}]}}